{"id":21334,"date":"2018-01-02T01:01:29","date_gmt":"2018-01-02T01:01:29","guid":{"rendered":"http:\/\/biblian.is\/videy\/salmarnir-7-kafli\/"},"modified":"2018-01-02T01:01:29","modified_gmt":"2018-01-02T01:01:29","slug":"salmarnir-7-kafli","status":"publish","type":"page","link":"https:\/\/biblian.is\/videy\/salmarnir-7-kafli\/","title":{"rendered":"S\u00e1lmarnir 7. kafli"},"content":{"rendered":"<div class=\"fyrirsognVidey\">B\u00e6n um Gu\u00f0s hj\u00e1lp.<\/div>\n<p><a name=\"1\"><span class=\"versanumer\">1<\/span><\/a>Kl\u00f6gun Dav\u00ed\u00f0s fyrir Drottni yfir Kusk Benjam\u00edn\u00edta.<a name=\"2\"><span class=\"versanumer\">2<\/span><\/a>Drottinn minn Gu\u00f0! eg fl\u00fd til \u00fe\u00edn, frelsa mig fr\u00e1 \u00f6llum m\u00ednum ofs\u00f3knurum og bjarga m\u00e9r,<a name=\"3\"><span class=\"versanumer\">3<\/span><\/a>a\u00f0 \u00feeir ekki sem lj\u00f3n sundurt\u00e6ti mig, <span class='VideyAth'>(mitt l\u00edf)<\/span> me\u00f0an \u00fear er enginn sem bjargar.<a name=\"4\"><span class=\"versanumer\">4<\/span><\/a>Drottinn minn Gu\u00f0! hafi eg til \u00feess unni\u00f0, s\u00e9u rangindi \u00ed minni hendi,<a name=\"5\"><span class=\"versanumer\">5<\/span><\/a>hafi eg illa launa\u00f0 \u00feeim sem haf\u00f0i fri\u00f0 vi\u00f0 mig, hafi eg r\u00e6nt \u00feann sem \u00e1n saka var minn \u00f3vinur,<a name=\"6\"><span class=\"versanumer\">6<\/span><\/a>\u00fe\u00e1 ofs\u00e6ki mig minn \u00f3vinur og n\u00e1i m\u00e9r, og ni\u00f0urtro\u00f0i mitt l\u00edf til jar\u00f0ar og leggi m\u00edna s\u00e1l \u00ed dufti\u00f0, <span class='VideyAth'>(m\u00e1lhv\u00edld)<\/span>.<a name=\"7\"><span class=\"versanumer\">7<\/span><\/a>Stattu upp, Drottinn! \u00ed \u00feinni rei\u00f0i, upphef \u00feig gegn \u00e6\u00f0i minna \u00f3vina, hra\u00f0a \u00fe\u00e9r, m\u00e9r til hj\u00e1lpar, vakna m\u00e9r <span class='VideyAth'>(til li\u00f0s)<\/span> og set r\u00e9tt.<a name=\"8\"><span class=\"versanumer\">8<\/span><\/a>F\u00f3lki\u00f0 safnist a\u00f0 \u00fe\u00e9r, kom til baka \u00e1 h\u00e6\u00f0ina sakir \u00feess,<a name=\"9\"><span class=\"versanumer\">9<\/span><\/a>Drottinn d\u00e6mir f\u00f3lki\u00f0, d\u00e6m \u00fe\u00fa mig, Drottinn! eftir minni r\u00e9ttv\u00edsi, og l\u00e1t m\u00e9r vegna eftir m\u00ednu sakleysi.<a name=\"10\"><span class=\"versanumer\">10<\/span><\/a>L\u00e1ttu \u00fe\u00f3 vonsku hinna \u00f3gu\u00f0legu f\u00e1 enda, og sta\u00f0festu \u00feann r\u00e9ttl\u00e1ta, \u00fe\u00fa r\u00e9ttl\u00e1ti Gu\u00f0, sem rannsakar hj\u00f6rtun og n\u00fdrun.<a name=\"11\"><span class=\"versanumer\">11<\/span><\/a>Minn skj\u00f6ldur er hj\u00e1 Gu\u00f0i, hann frelsar \u00fe\u00e1 sem eru hreinhjarta\u00f0ir.<a name=\"12\"><span class=\"versanumer\">12<\/span><\/a>Gu\u00f0 er r\u00e9ttl\u00e1tur d\u00f3mari, hann er s\u00e1 Gu\u00f0, sem rei\u00f0ist daglega,<a name=\"13\"><span class=\"versanumer\">13<\/span><\/a>ef ma\u00f0urinn ekki umvendir s\u00e9r, \u00fe\u00e1 hvetur hann sitt sver\u00f0, spennir sinn boga, og mi\u00f0ar til.<a name=\"14\"><span class=\"versanumer\">14<\/span><\/a>Hann hefur dr\u00e1ps vopn til rei\u00f0u honum \u00e1 m\u00f3ti. Hann gj\u00f6rir s\u00ednar p\u00edlur brennandi.<a name=\"15\"><span class=\"versanumer\">15<\/span><\/a>S\u00e1 <span class='VideyAth'>(\u00f3gu\u00f0legi)<\/span> gat rangl\u00e6ti\u00f0, gekk \u00feunga\u00f0ur me\u00f0 \u00f3b\u00f3taverk, og f\u00e6\u00f0ir lygi.<a name=\"16\"><span class=\"versanumer\">16<\/span><\/a>Hann hefir grafi\u00f0 gr\u00f6f og gj\u00f6rt hana dj\u00fapa, en hann mun falla \u00ed \u00fe\u00e1 gr\u00f6f sem hann gr\u00f3f;<a name=\"17\"><span class=\"versanumer\">17<\/span><\/a>honum mun koma \u00ed koll hans illska og hans rangl\u00e6ti yfir hans hvirfil.<a name=\"18\"><span class=\"versanumer\">18<\/span><\/a>Eg skal \u00feakka Drottni eins og hans r\u00e9ttl\u00e6ti \u00e1 skili\u00f0, <span class='VideyAth'>(eftir hans r\u00e9ttl\u00e6ti)<\/span>, og vegsama nafn Drottins hins \u00e6\u00f0sta.<\/p>\n<div class=\"footnoteVidey\"><\/div>\n","protected":false},"excerpt":{"rendered":"<p>B\u00e6n um Gu\u00f0s hj\u00e1lp. 1Kl\u00f6gun Dav\u00ed\u00f0s fyrir Drottni yfir Kusk Benjam\u00edn\u00edta.2Drottinn minn Gu\u00f0! eg fl\u00fd til \u00fe\u00edn, frelsa mig fr\u00e1 \u00f6llum m\u00ednum ofs\u00f3knurum og bjarga m\u00e9r,3a\u00f0 \u00feeir ekki sem lj\u00f3n sundurt\u00e6ti mig, (mitt l\u00edf) me\u00f0an \u00fear er enginn sem bjargar.4Drottinn minn Gu\u00f0! hafi eg til \u00feess unni\u00f0, s\u00e9u rangindi \u00ed minni hendi,5hafi eg illa launa\u00f0 \u00feeim sem haf\u00f0i fri\u00f0 vi\u00f0 mig, hafi eg r\u00e6nt \u00feann sem \u00e1n saka var minn \u00f3vinur,6\u00fe\u00e1 ofs\u00e6ki mig minn \u00f3vinur og n\u00e1i m\u00e9r, og ni\u00f0urtro\u00f0i mitt l\u00edf til jar\u00f0ar og leggi m\u00edna s\u00e1l \u00ed dufti\u00f0, (m\u00e1lhv\u00edld).7Stattu upp, Drottinn! \u00ed \u00feinni rei\u00f0i, upphef \u00feig gegn \u00e6\u00f0i <a href=\"https:\/\/biblian.is\/videy\/salmarnir-7-kafli\/\"> [&#8230;]<\/a><\/p>\n","protected":false},"author":1,"featured_media":0,"parent":0,"menu_order":0,"comment_status":"open","ping_status":"open","template":"bibliukaflar.php","meta":{"footnotes":""},"class_list":["post-21334","page","type-page","status-publish","hentry"],"_links":{"self":[{"href":"https:\/\/biblian.is\/videy\/wp-json\/wp\/v2\/pages\/21334","targetHints":{"allow":["GET"]}}],"collection":[{"href":"https:\/\/biblian.is\/videy\/wp-json\/wp\/v2\/pages"}],"about":[{"href":"https:\/\/biblian.is\/videy\/wp-json\/wp\/v2\/types\/page"}],"author":[{"embeddable":true,"href":"https:\/\/biblian.is\/videy\/wp-json\/wp\/v2\/users\/1"}],"replies":[{"embeddable":true,"href":"https:\/\/biblian.is\/videy\/wp-json\/wp\/v2\/comments?post=21334"}],"version-history":[{"count":0,"href":"https:\/\/biblian.is\/videy\/wp-json\/wp\/v2\/pages\/21334\/revisions"}],"wp:attachment":[{"href":"https:\/\/biblian.is\/videy\/wp-json\/wp\/v2\/media?parent=21334"}],"curies":[{"name":"wp","href":"https:\/\/api.w.org\/{rel}","templated":true}]}}