{"id":21333,"date":"2018-01-02T01:01:29","date_gmt":"2018-01-02T01:01:29","guid":{"rendered":"http:\/\/biblian.is\/videy\/salmarnir-6-kafli\/"},"modified":"2018-01-02T01:01:29","modified_gmt":"2018-01-02T01:01:29","slug":"salmarnir-6-kafli","status":"publish","type":"page","link":"https:\/\/biblian.is\/videy\/salmarnir-6-kafli\/","title":{"rendered":"S\u00e1lmarnir 6. kafli"},"content":{"rendered":"<div class=\"fyrirsognVidey\">B\u00e6n um heilbrig\u00f0i.<\/div>\n<p><a name=\"1\"><span class=\"versanumer\">1<\/span><\/a>Dav\u00ed\u00f0ss\u00e1lmur til hlj\u00f3\u00f0f\u00e6rameistarans a\u00f0 spila \u00e1 \u00e1ttstrengja\u00f0 hlj\u00f3\u00f0f\u00e6ri.<a name=\"2\"><span class=\"versanumer\">2<\/span><\/a>Drottinn! straffa mig ekki \u00ed \u00feinni rei\u00f0i og tyfta mig ekki \u00ed \u00feinni grimmd.<a name=\"3\"><span class=\"versanumer\">3<\/span><\/a>Drottinn! vertu m\u00e9r miskunnsamur, \u00fev\u00ed eg \u00f6rmagnast, l\u00e6kna mig, Drottinn! \u00fev\u00ed m\u00edn bein skj\u00e1lfa, og m\u00edn s\u00e1l er mj\u00f6g \u00f3r\u00f3leg.<a name=\"4\"><span class=\"versanumer\">4<\/span><\/a>\u00d3! Drottinn! hv\u00f6rsu lengi? <span class='VideyAth'>(skal eg p\u00ednast)<\/span>.<a name=\"5\"><span class=\"versanumer\">5<\/span><\/a>Sn\u00fa \u00fe\u00e9r til m\u00edn, Drottinn! frelsa m\u00edna s\u00e1lu, frelsa\u00f0u mig sakir \u00feinnar miskunnar.<a name=\"6\"><span class=\"versanumer\">6<\/span><\/a>\u00dev\u00ed \u00ed dau\u00f0anum man enginn til \u00fe\u00edn; hv\u00f6r vegsamar \u00feig \u00ed helju?<a name=\"7\"><span class=\"versanumer\">7<\/span><\/a>Eg em \u00fereyttur af andvarpan, eg v\u00e6ti alla n\u00f3ttina m\u00edna s\u00e6ng og bleyti me\u00f0 m\u00ednum t\u00e1rum mitt legur\u00fam.<a name=\"8\"><span class=\"versanumer\">8<\/span><\/a>Mitt andlit er f\u00f6lna\u00f0 af angist, \u00fea\u00f0 er or\u00f0i\u00f0 ellilegt, \u00fev\u00ed olla m\u00ednir m\u00f6rgu \u00f3vinir.<a name=\"9\"><span class=\"versanumer\">9<\/span><\/a>V\u00edki\u00f0 fr\u00e1 m\u00e9r allir illgj\u00f6r\u00f0amenn, \u00fev\u00ed Drottinn hefir heyrt minn kveinstaf.<a name=\"10\"><span class=\"versanumer\">10<\/span><\/a>Drottinn hefir heyrt m\u00edna au\u00f0mj\u00faka b\u00e6n. Drottinn b\u00e6nheyrir mig. Sneypast skulu og \u00e1kaflega skelfast allir m\u00ednir \u00f3vinir, \u00e1 fl\u00f3tta komast og sviplega sneypast.<\/p>\n<div class=\"footnoteVidey\"><\/div>\n","protected":false},"excerpt":{"rendered":"<p>B\u00e6n um heilbrig\u00f0i. 1Dav\u00ed\u00f0ss\u00e1lmur til hlj\u00f3\u00f0f\u00e6rameistarans a\u00f0 spila \u00e1 \u00e1ttstrengja\u00f0 hlj\u00f3\u00f0f\u00e6ri.2Drottinn! straffa mig ekki \u00ed \u00feinni rei\u00f0i og tyfta mig ekki \u00ed \u00feinni grimmd.3Drottinn! vertu m\u00e9r miskunnsamur, \u00fev\u00ed eg \u00f6rmagnast, l\u00e6kna mig, Drottinn! \u00fev\u00ed m\u00edn bein skj\u00e1lfa, og m\u00edn s\u00e1l er mj\u00f6g \u00f3r\u00f3leg.4\u00d3! Drottinn! hv\u00f6rsu lengi? (skal eg p\u00ednast).5Sn\u00fa \u00fe\u00e9r til m\u00edn, Drottinn! frelsa m\u00edna s\u00e1lu, frelsa\u00f0u mig sakir \u00feinnar miskunnar.6\u00dev\u00ed \u00ed dau\u00f0anum man enginn til \u00fe\u00edn; hv\u00f6r vegsamar \u00feig \u00ed helju?7Eg em \u00fereyttur af andvarpan, eg v\u00e6ti alla n\u00f3ttina m\u00edna s\u00e6ng og bleyti me\u00f0 m\u00ednum t\u00e1rum mitt legur\u00fam.8Mitt andlit er f\u00f6lna\u00f0 af angist, \u00fea\u00f0 er or\u00f0i\u00f0 ellilegt, \u00fev\u00ed olla <a href=\"https:\/\/biblian.is\/videy\/salmarnir-6-kafli\/\"> [&#8230;]<\/a><\/p>\n","protected":false},"author":1,"featured_media":0,"parent":0,"menu_order":0,"comment_status":"open","ping_status":"open","template":"bibliukaflar.php","meta":{"footnotes":""},"class_list":["post-21333","page","type-page","status-publish","hentry"],"_links":{"self":[{"href":"https:\/\/biblian.is\/videy\/wp-json\/wp\/v2\/pages\/21333","targetHints":{"allow":["GET"]}}],"collection":[{"href":"https:\/\/biblian.is\/videy\/wp-json\/wp\/v2\/pages"}],"about":[{"href":"https:\/\/biblian.is\/videy\/wp-json\/wp\/v2\/types\/page"}],"author":[{"embeddable":true,"href":"https:\/\/biblian.is\/videy\/wp-json\/wp\/v2\/users\/1"}],"replies":[{"embeddable":true,"href":"https:\/\/biblian.is\/videy\/wp-json\/wp\/v2\/comments?post=21333"}],"version-history":[{"count":0,"href":"https:\/\/biblian.is\/videy\/wp-json\/wp\/v2\/pages\/21333\/revisions"}],"wp:attachment":[{"href":"https:\/\/biblian.is\/videy\/wp-json\/wp\/v2\/media?parent=21333"}],"curies":[{"name":"wp","href":"https:\/\/api.w.org\/{rel}","templated":true}]}}