{"id":21331,"date":"2018-01-02T01:01:29","date_gmt":"2018-01-02T01:01:29","guid":{"rendered":"http:\/\/biblian.is\/videy\/salmarnir-4-kafli\/"},"modified":"2018-01-02T01:01:29","modified_gmt":"2018-01-02T01:01:29","slug":"salmarnir-4-kafli","status":"publish","type":"page","link":"https:\/\/biblian.is\/videy\/salmarnir-4-kafli\/","title":{"rendered":"S\u00e1lmarnir 4. kafli"},"content":{"rendered":"<div class=\"fyrirsognVidey\">B\u00e6n. \u00c1minning. Tr\u00fana\u00f0artraust.<\/div>\n<p><a name=\"1\"><span class=\"versanumer\">1<\/span><\/a>Til hlj\u00f3\u00f0f\u00e6rameistarans <span class='VideyAth'>(a\u00f0 syngja)<\/span> \u00e1 hlj\u00f3\u00f0f\u00e6ri. S\u00e1lmur Dav\u00ed\u00f0s.<a name=\"2\"><span class=\"versanumer\">2<\/span><\/a>B\u00e6nheyr \u00fe\u00fa mig \u00fe\u00e1 eg kalla, Gu\u00f0 m\u00edns r\u00e9ttar! \u00cd \u00ferengingunni r\u00fdmka \u00fe\u00fa um mig! miskunna m\u00e9r og heyr m\u00edna b\u00e6n!<a name=\"3\"><span class=\"versanumer\">3<\/span><\/a>\u00de\u00e9r mannanna b\u00f6rn! hv\u00f6rsu lengi vilji\u00f0 \u00fe\u00e9r hni\u00f0ra minni s\u00e6md! hv\u00f6rsu lengi vilji\u00f0 \u00fe\u00e9r elska h\u00e9g\u00f3mann og lygi? <span class='VideyAth'>(m\u00e1lhv\u00edld)<\/span>.<a name=\"4\"><span class=\"versanumer\">4<\/span><\/a>Vi\u00f0urkenni\u00f0 \u00fe\u00f3 a\u00f0 Drottinn hefir \u00fatvali\u00f0 sinn gu\u00f0hr\u00e6dda <span class='VideyAth'>(d\u00fdrkara)<\/span>. Drottinn heyrir, \u00fe\u00e1 eg \u00e1kalla hann.<a name=\"5\"><span class=\"versanumer\">5<\/span><\/a>\u00d3ttist og varist synd, athugi\u00f0 \u00fea\u00f0 \u00ed y\u00f0ar r\u00fami, og veri\u00f0 kyrrl\u00e1tir <span class='VideyAth'>(m\u00e1lhv\u00edld)<\/span>,<a name=\"6\"><span class=\"versanumer\">6<\/span><\/a>offri\u00f0 r\u00e9ttl\u00e6tisf\u00f3rn og treysti\u00f0 Drottni.<a name=\"7\"><span class=\"versanumer\">7<\/span><\/a>Margir segja: hv\u00f6r mun au\u00f0s\u00fdna oss gott? Drottinn! lyftu lj\u00f3si \u00fe\u00edns andlitis yfir oss.<a name=\"8\"><span class=\"versanumer\">8<\/span><\/a>\u00de\u00fa gefur m\u00ednu hjarta meiri gle\u00f0i en \u00fe\u00e1 sem menn hafa, \u00fe\u00e1 korn \u00feeirra og v\u00edn er r\u00edkuglegt.<a name=\"9\"><span class=\"versanumer\">9<\/span><\/a>\u00cd fri\u00f0i leggst eg fyrir, \u00ed fri\u00f0i sef eg, \u00fev\u00ed \u00fe\u00fa einn Drottinn! ert \u00fea\u00f0, sem l\u00e6tur mig b\u00faa \u00f3hultan.<\/p>\n<div class=\"footnoteVidey\"><\/div>\n","protected":false},"excerpt":{"rendered":"<p>B\u00e6n. \u00c1minning. Tr\u00fana\u00f0artraust. 1Til hlj\u00f3\u00f0f\u00e6rameistarans (a\u00f0 syngja) \u00e1 hlj\u00f3\u00f0f\u00e6ri. S\u00e1lmur Dav\u00ed\u00f0s.2B\u00e6nheyr \u00fe\u00fa mig \u00fe\u00e1 eg kalla, Gu\u00f0 m\u00edns r\u00e9ttar! \u00cd \u00ferengingunni r\u00fdmka \u00fe\u00fa um mig! miskunna m\u00e9r og heyr m\u00edna b\u00e6n!3\u00de\u00e9r mannanna b\u00f6rn! hv\u00f6rsu lengi vilji\u00f0 \u00fe\u00e9r hni\u00f0ra minni s\u00e6md! hv\u00f6rsu lengi vilji\u00f0 \u00fe\u00e9r elska h\u00e9g\u00f3mann og lygi? (m\u00e1lhv\u00edld).4Vi\u00f0urkenni\u00f0 \u00fe\u00f3 a\u00f0 Drottinn hefir \u00fatvali\u00f0 sinn gu\u00f0hr\u00e6dda (d\u00fdrkara). Drottinn heyrir, \u00fe\u00e1 eg \u00e1kalla hann.5\u00d3ttist og varist synd, athugi\u00f0 \u00fea\u00f0 \u00ed y\u00f0ar r\u00fami, og veri\u00f0 kyrrl\u00e1tir (m\u00e1lhv\u00edld),6offri\u00f0 r\u00e9ttl\u00e6tisf\u00f3rn og treysti\u00f0 Drottni.7Margir segja: hv\u00f6r mun au\u00f0s\u00fdna oss gott? Drottinn! lyftu lj\u00f3si \u00fe\u00edns andlitis yfir oss.8\u00de\u00fa gefur m\u00ednu hjarta meiri gle\u00f0i en \u00fe\u00e1 sem <a href=\"https:\/\/biblian.is\/videy\/salmarnir-4-kafli\/\"> [&#8230;]<\/a><\/p>\n","protected":false},"author":1,"featured_media":0,"parent":0,"menu_order":0,"comment_status":"open","ping_status":"open","template":"bibliukaflar.php","meta":{"footnotes":""},"class_list":["post-21331","page","type-page","status-publish","hentry"],"_links":{"self":[{"href":"https:\/\/biblian.is\/videy\/wp-json\/wp\/v2\/pages\/21331","targetHints":{"allow":["GET"]}}],"collection":[{"href":"https:\/\/biblian.is\/videy\/wp-json\/wp\/v2\/pages"}],"about":[{"href":"https:\/\/biblian.is\/videy\/wp-json\/wp\/v2\/types\/page"}],"author":[{"embeddable":true,"href":"https:\/\/biblian.is\/videy\/wp-json\/wp\/v2\/users\/1"}],"replies":[{"embeddable":true,"href":"https:\/\/biblian.is\/videy\/wp-json\/wp\/v2\/comments?post=21331"}],"version-history":[{"count":0,"href":"https:\/\/biblian.is\/videy\/wp-json\/wp\/v2\/pages\/21331\/revisions"}],"wp:attachment":[{"href":"https:\/\/biblian.is\/videy\/wp-json\/wp\/v2\/media?parent=21331"}],"curies":[{"name":"wp","href":"https:\/\/api.w.org\/{rel}","templated":true}]}}