{"id":21329,"date":"2018-01-02T01:01:23","date_gmt":"2018-01-02T01:01:23","guid":{"rendered":"http:\/\/biblian.is\/videy\/salmarnir-2-kafli\/"},"modified":"2018-01-02T01:01:23","modified_gmt":"2018-01-02T01:01:23","slug":"salmarnir-2-kafli","status":"publish","type":"page","link":"https:\/\/biblian.is\/videy\/salmarnir-2-kafli\/","title":{"rendered":"S\u00e1lmarnir 2. kafli"},"content":{"rendered":"<div class=\"fyrirsognVidey\">Uppreisn gegn Drottins smur\u00f0a til einkis, heilr\u00e6\u00f0i.<\/div>\n<p><a name=\"1\"><span class=\"versanumer\">1<\/span><\/a>Hv\u00ed \u00e6\u00f0a \u00fej\u00f3\u00f0irnar? hv\u00ed \u00edgrundar f\u00f3lk f\u00e1n\u00fdtar r\u00e1\u00f0agj\u00f6r\u00f0ir <span class='VideyAth'>a)<\/span>?<a name=\"2\"><span class=\"versanumer\">2<\/span><\/a>K\u00f3ngar jar\u00f0arinnar r\u00edsa upp, og h\u00f6f\u00f0ingjarnir bera s\u00edn r\u00e1\u00f0 saman m\u00f3ti Drottni og hans smur\u00f0a,<a name=\"3\"><span class=\"versanumer\">3<\/span><\/a>og segja: \u201ev\u00e9r skulum sl\u00edta \u00ed sundur \u00feeirra b\u00f6nd og burtsnara \u00feeirra fj\u00f6trum\u201c.<a name=\"4\"><span class=\"versanumer\">4<\/span><\/a>S\u00e1 sem b\u00fdr \u00ed himninum hl\u00e6r, Drottinn gj\u00f6rir a\u00f0 \u00feeim gys.<a name=\"5\"><span class=\"versanumer\">5<\/span><\/a>Hann talar \u00feeim \u00fe\u00e1 til \u00ed br\u00e6\u00f0i, skelfir \u00fe\u00e1 \u00ed sinni heift, og segir:<a name=\"6\"><span class=\"versanumer\">6<\/span><\/a>eg hefi sj\u00e1lfur smurt minn k\u00f3ng yfir mitt heilaga fjall S\u00edon.<a name=\"7\"><span class=\"versanumer\">7<\/span><\/a>Eg vil kunngj\u00f6ra Herrans \u00e1lyktun; hann sag\u00f0i vi\u00f0 mig: \u00fe\u00fa ert minn sonur, \u00ed dag \u00f3l eg \u00feig.<a name=\"8\"><span class=\"versanumer\">8<\/span><\/a>Bi\u00f0 \u00fe\u00fa mig, og eg skal gefa \u00fe\u00e9r \u00fej\u00f3\u00f0irnar a\u00f0 erf\u00f0, og jar\u00f0arinnar enda til eignar.<a name=\"9\"><span class=\"versanumer\">9<\/span><\/a>\u00de\u00fa skalt sundur sl\u00e1 \u00fe\u00e1 me\u00f0 j\u00e1rnsp\u00edru, eins og leirker skaltu \u00fe\u00e1 sundurmola.<a name=\"10\"><span class=\"versanumer\">10<\/span><\/a>Og ver\u00f0i\u00f0 n\u00fa hyggnir, \u00fe\u00e9r k\u00f3ngar! l\u00e1ti\u00f0 y\u00f0ur segjast, \u00fe\u00e9r jar\u00f0arinnar d\u00f3mendur!<a name=\"11\"><span class=\"versanumer\">11<\/span><\/a>\u00fej\u00f3ni\u00f0 Drottni me\u00f0 \u00f3tta, og fagni\u00f0 me\u00f0 lotningu.<a name=\"12\"><span class=\"versanumer\">12<\/span><\/a>Mynnist vi\u00f0 Soninn, a\u00f0 hann ekki rei\u00f0ist og \u00fe\u00e9r tort\u00ednist \u00e1 y\u00f0ar lei\u00f0, \u00fev\u00ed flj\u00f3tt upptendrast rei\u00f0i hans. S\u00e6lir eru \u00feeir allir sem honum treysta.<\/p>\n<div class=\"footnoteVidey\">V. 1. a. Postg. 4,52.  V. 7. Postgb. 13,33. Ebr. 1,5.<\/div>\n","protected":false},"excerpt":{"rendered":"<p>Uppreisn gegn Drottins smur\u00f0a til einkis, heilr\u00e6\u00f0i. 1Hv\u00ed \u00e6\u00f0a \u00fej\u00f3\u00f0irnar? hv\u00ed \u00edgrundar f\u00f3lk f\u00e1n\u00fdtar r\u00e1\u00f0agj\u00f6r\u00f0ir a)?2K\u00f3ngar jar\u00f0arinnar r\u00edsa upp, og h\u00f6f\u00f0ingjarnir bera s\u00edn r\u00e1\u00f0 saman m\u00f3ti Drottni og hans smur\u00f0a,3og segja: \u201ev\u00e9r skulum sl\u00edta \u00ed sundur \u00feeirra b\u00f6nd og burtsnara \u00feeirra fj\u00f6trum\u201c.4S\u00e1 sem b\u00fdr \u00ed himninum hl\u00e6r, Drottinn gj\u00f6rir a\u00f0 \u00feeim gys.5Hann talar \u00feeim \u00fe\u00e1 til \u00ed br\u00e6\u00f0i, skelfir \u00fe\u00e1 \u00ed sinni heift, og segir:6eg hefi sj\u00e1lfur smurt minn k\u00f3ng yfir mitt heilaga fjall S\u00edon.7Eg vil kunngj\u00f6ra Herrans \u00e1lyktun; hann sag\u00f0i vi\u00f0 mig: \u00fe\u00fa ert minn sonur, \u00ed dag \u00f3l eg \u00feig.8Bi\u00f0 \u00fe\u00fa mig, og eg skal gefa \u00fe\u00e9r \u00fej\u00f3\u00f0irnar <a href=\"https:\/\/biblian.is\/videy\/salmarnir-2-kafli\/\"> [&#8230;]<\/a><\/p>\n","protected":false},"author":1,"featured_media":0,"parent":0,"menu_order":0,"comment_status":"open","ping_status":"open","template":"bibliukaflar.php","meta":{"footnotes":""},"class_list":["post-21329","page","type-page","status-publish","hentry"],"_links":{"self":[{"href":"https:\/\/biblian.is\/videy\/wp-json\/wp\/v2\/pages\/21329","targetHints":{"allow":["GET"]}}],"collection":[{"href":"https:\/\/biblian.is\/videy\/wp-json\/wp\/v2\/pages"}],"about":[{"href":"https:\/\/biblian.is\/videy\/wp-json\/wp\/v2\/types\/page"}],"author":[{"embeddable":true,"href":"https:\/\/biblian.is\/videy\/wp-json\/wp\/v2\/users\/1"}],"replies":[{"embeddable":true,"href":"https:\/\/biblian.is\/videy\/wp-json\/wp\/v2\/comments?post=21329"}],"version-history":[{"count":0,"href":"https:\/\/biblian.is\/videy\/wp-json\/wp\/v2\/pages\/21329\/revisions"}],"wp:attachment":[{"href":"https:\/\/biblian.is\/videy\/wp-json\/wp\/v2\/media?parent=21329"}],"curies":[{"name":"wp","href":"https:\/\/api.w.org\/{rel}","templated":true}]}}