{"id":21328,"date":"2018-01-02T01:01:23","date_gmt":"2018-01-02T01:01:23","guid":{"rendered":"http:\/\/biblian.is\/videy\/salmarnir-1-kafli\/"},"modified":"2018-01-02T01:01:23","modified_gmt":"2018-01-02T01:01:23","slug":"salmarnir-1-kafli","status":"publish","type":"page","link":"https:\/\/biblian.is\/videy\/salmarnir-1-kafli\/","title":{"rendered":"S\u00e1lmarnir 1. kafli"},"content":{"rendered":"<div class=\"fyrirsognVidey\">S\u00e6la hinna gu\u00f0hr\u00e6ddu. \u00d3farir hinna vondu.<\/div>\n<p><a name=\"1\"><span class=\"versanumer\">1<\/span><\/a>S\u00e6ll er s\u00e1 ma\u00f0ur, sem ekki gengur \u00ed r\u00e1\u00f0 hinna \u00f3gu\u00f0legu, og ekki sta\u00f0n\u00e6mist \u00e1 vegi hinna vondu, og ekki situr \u00ed samfundi hinna h\u00e1\u00f0gj\u00f6rnu,<a name=\"2\"><span class=\"versanumer\">2<\/span><\/a>heldur hefir m\u00e6tur \u00e1 Drottins l\u00f6gum og \u00edgrundar hans l\u00f6gm\u00e1l dag og n\u00f3tt. L\u00fak. 2,28.<a name=\"3\"><span class=\"versanumer\">3<\/span><\/a>Hann er sem tr\u00e9 r\u00f3tsett \u00e1 vatnsb\u00f6kkum, sem ber \u00e1v\u00f6xt \u00e1 r\u00e9ttum t\u00edma, hv\u00f6rs bl\u00f6\u00f0 ekki visna, allt hva\u00f0 hann gj\u00f6rir \u00fea\u00f0 lukkast honum.<a name=\"4\"><span class=\"versanumer\">4<\/span><\/a>\u00d6\u00f0ruv\u00edsi er \u00feeim \u00f3gu\u00f0legu fari\u00f0, \u00feeir eru sem fis, hv\u00f6rju vindurinn feykir.<a name=\"5\"><span class=\"versanumer\">5<\/span><\/a>\u00dev\u00ed standast \u00feeir \u00f3gu\u00f0legu ei \u00ed d\u00f3minum, og ei hinir vondu \u00ed safna\u00f0i hinna r\u00e9ttl\u00e1tu, \u00fev\u00ed Drottinn \u00feekkir veg hinna r\u00e9ttl\u00e1tu,<a name=\"6\"><span class=\"versanumer\">6<\/span><\/a>en vegur \u00f3gu\u00f0legra er slys.<\/p>\n<div class=\"footnoteVidey\"><\/div>\n","protected":false},"excerpt":{"rendered":"<p>S\u00e6la hinna gu\u00f0hr\u00e6ddu. \u00d3farir hinna vondu. 1S\u00e6ll er s\u00e1 ma\u00f0ur, sem ekki gengur \u00ed r\u00e1\u00f0 hinna \u00f3gu\u00f0legu, og ekki sta\u00f0n\u00e6mist \u00e1 vegi hinna vondu, og ekki situr \u00ed samfundi hinna h\u00e1\u00f0gj\u00f6rnu,2heldur hefir m\u00e6tur \u00e1 Drottins l\u00f6gum og \u00edgrundar hans l\u00f6gm\u00e1l dag og n\u00f3tt. L\u00fak. 2,28.3Hann er sem tr\u00e9 r\u00f3tsett \u00e1 vatnsb\u00f6kkum, sem ber \u00e1v\u00f6xt \u00e1 r\u00e9ttum t\u00edma, hv\u00f6rs bl\u00f6\u00f0 ekki visna, allt hva\u00f0 hann gj\u00f6rir \u00fea\u00f0 lukkast honum.4\u00d6\u00f0ruv\u00edsi er \u00feeim \u00f3gu\u00f0legu fari\u00f0, \u00feeir eru sem fis, hv\u00f6rju vindurinn feykir.5\u00dev\u00ed standast \u00feeir \u00f3gu\u00f0legu ei \u00ed d\u00f3minum, og ei hinir vondu \u00ed safna\u00f0i hinna r\u00e9ttl\u00e1tu, \u00fev\u00ed Drottinn \u00feekkir veg hinna r\u00e9ttl\u00e1tu,6en vegur <a href=\"https:\/\/biblian.is\/videy\/salmarnir-1-kafli\/\"> [&#8230;]<\/a><\/p>\n","protected":false},"author":1,"featured_media":0,"parent":0,"menu_order":0,"comment_status":"open","ping_status":"open","template":"bibliukaflar.php","meta":{"footnotes":""},"class_list":["post-21328","page","type-page","status-publish","hentry"],"_links":{"self":[{"href":"https:\/\/biblian.is\/videy\/wp-json\/wp\/v2\/pages\/21328","targetHints":{"allow":["GET"]}}],"collection":[{"href":"https:\/\/biblian.is\/videy\/wp-json\/wp\/v2\/pages"}],"about":[{"href":"https:\/\/biblian.is\/videy\/wp-json\/wp\/v2\/types\/page"}],"author":[{"embeddable":true,"href":"https:\/\/biblian.is\/videy\/wp-json\/wp\/v2\/users\/1"}],"replies":[{"embeddable":true,"href":"https:\/\/biblian.is\/videy\/wp-json\/wp\/v2\/comments?post=21328"}],"version-history":[{"count":0,"href":"https:\/\/biblian.is\/videy\/wp-json\/wp\/v2\/pages\/21328\/revisions"}],"wp:attachment":[{"href":"https:\/\/biblian.is\/videy\/wp-json\/wp\/v2\/media?parent=21328"}],"curies":[{"name":"wp","href":"https:\/\/api.w.org\/{rel}","templated":true}]}}