{"id":21327,"date":"2018-01-02T01:01:23","date_gmt":"2018-01-02T01:01:23","guid":{"rendered":"http:\/\/biblian.is\/videy\/jobsbok-42-kafli\/"},"modified":"2018-01-02T01:01:23","modified_gmt":"2018-01-02T01:01:23","slug":"jobsbok-42-kafli","status":"publish","type":"page","link":"https:\/\/biblian.is\/videy\/jobsbok-42-kafli\/","title":{"rendered":"Jobsb\u00f3k 42. kafli"},"content":{"rendered":"<div class=\"fyrirsognVidey\">Job au\u00f0m\u00fdkir sig algj\u00f6rlega. F\u00e6r umbun, og hans vinir \u00e1t\u00f6lur.<\/div>\n<p><a name=\"1\"><span class=\"versanumer\">1<\/span><\/a>\u00de\u00e1 ansa\u00f0i Job Drottni og sag\u00f0i:<a name=\"2\"><span class=\"versanumer\">2<\/span><\/a>eg kannast vi\u00f0 a\u00f0 \u00fe\u00fa megnar allt og a\u00f0 \u00fe\u00e9r er einkis varna\u00f0.<a name=\"3\"><span class=\"versanumer\">3<\/span><\/a>Hv\u00f6r er s\u00e1 sem f\u00e1v\u00edslega <span class='VideyAth'>(gj\u00f6rir l\u00edti\u00f0 \u00far)<\/span> \u00fe\u00ednu r\u00e1\u00f0i? svo hefi eg \u00fe\u00e1 tala\u00f0 \u00fea\u00f0 sem eg ekki skildi; \u00fea\u00f0 sem var m\u00e9r undarlegt, sem eg ekki \u00feekkti.<a name=\"4\"><span class=\"versanumer\">4<\/span><\/a>Hlusta \u00fe\u00fa samt \u00e1, eg vil tala! eg vil spyrja \u00feig, uppfr\u00e6\u00f0 \u00fe\u00fa mig!<a name=\"5\"><span class=\"versanumer\">5<\/span><\/a>Me\u00f0 heyrandi eyra heyr\u00f0i eg \u00feig, en n\u00fa s\u00e9r mitt auga \u00feig.<a name=\"6\"><span class=\"versanumer\">6<\/span><\/a>\u00dev\u00ed hefi eg vi\u00f0bj\u00f3\u00f0 \u00e1 sj\u00e1lfum m\u00e9r, og i\u00f0rast \u00ed dufti og \u00f6sku. <br \/><a name=\"7\"><span class=\"versanumer\">7<\/span><\/a>Og \u00fea\u00f0 ske\u00f0i eftir a\u00f0 Drottinn haf\u00f0i tala\u00f0 \u00feessi or\u00f0 vi\u00f0 Job, a\u00f0 Drottinn m\u00e6lti vi\u00f0 El\u00edfas af Teman: m\u00edn rei\u00f0i er upptendru\u00f0 gegn \u00fe\u00e9r og \u00fe\u00ednum tveimur vinum, \u00fev\u00ed \u00fe\u00e9r hafi\u00f0 ekki tala\u00f0 svo r\u00e9tt um mig, sem minn \u00fe\u00e9nari Job.<a name=\"8\"><span class=\"versanumer\">8<\/span><\/a>Svo taki\u00f0 n\u00fa 7 unga bola og 7 hr\u00fata, og fari\u00f0 til m\u00edns \u00fe\u00e9nara Jobs, og offri\u00f0 brennif\u00f3rnum fyrir y\u00f0ur; og Job, minn \u00fe\u00e9nari, skal bi\u00f0ja fyrir y\u00f0ur, \u00fev\u00ed hans b\u00e6n vil eg mikils meta, og ekki fara me\u00f0 y\u00f0ur eftir y\u00f0ar f\u00e1visku; \u00fev\u00ed \u00fe\u00e9r hafi\u00f0 ekki tala\u00f0 r\u00e9tt um mig, sem minn \u00fe\u00e9nari Job. <br \/><a name=\"9\"><span class=\"versanumer\">9<\/span><\/a>\u00de\u00e1 f\u00f3ru \u00feeir El\u00edfas af Teman og Bildad af Sua og Sofar af Naema, og \u00feeir gj\u00f6r\u00f0u sem Drottinn haf\u00f0i sagt \u00feeim, og Drottinn mat Jobs till\u00f6gur mikils.<a name=\"10\"><span class=\"versanumer\">10<\/span><\/a>Og Drottinn b\u00e6tti Job hans missir, eftir a\u00f0 hann haf\u00f0i be\u00f0i\u00f0 fyrir s\u00ednum vinum, og Drottinn j\u00f3k allt \u00fea\u00f0 sem Job haf\u00f0i \u00e1tt, til helminga.<a name=\"11\"><span class=\"versanumer\">11<\/span><\/a>Og allir hans br\u00e6\u00f0ur, og allar hans systur, og allir sem \u00feekktu hann \u00e1\u00f0ur, komu til hans og \u00e1tu brau\u00f0 \u00ed hans h\u00fasi, og vorkenntu honum og huggu\u00f0u hann, vi\u00f0v\u00edkjandi \u00f6llu \u00fev\u00ed illa sem Drottinn haf\u00f0i l\u00e1ti\u00f0 koma yfir hann; og hv\u00f6r gaf honum einn pening, <span class='VideyAth'>(kesita)<\/span> og hv\u00f6r og einn grip af gulli.<a name=\"12\"><span class=\"versanumer\">12<\/span><\/a>Og Drottinn blessa\u00f0i Job, svo a\u00f0 \u00fea\u00f0 sem hann \u00e1tti seinna, var meir en \u00fea\u00f0 sem hann haf\u00f0i \u00e1tt fyrri; \u00fev\u00ed hann eigna\u00f0ist fj\u00f3rt\u00e1n \u00fe\u00fasund fj\u00e1r, og sex \u00fe\u00fasund \u00falfalda og \u00fe\u00fasund p\u00f6r akneyta og \u00fe\u00fasund \u00f6snur,<a name=\"13\"><span class=\"versanumer\">13<\/span><\/a>og hann eigna\u00f0ist sj\u00f6 syni og \u00ferj\u00e1r d\u00e6tur,<a name=\"14\"><span class=\"versanumer\">14<\/span><\/a>og hann kalla\u00f0i nafn \u00feeirrar fyrstu Jemima, og \u00feeirrar annarrar Kesia, og \u00feeirrar \u00feri\u00f0ju nafn Keren Happuk,<a name=\"15\"><span class=\"versanumer\">15<\/span><\/a>og \u00fear fundust ekki svo fr\u00ed\u00f0ar konur \u00ed \u00f6llu landinu sem Jobs d\u00e6tur, og fa\u00f0irinn gaf \u00feeim arf me\u00f0 \u00feeirra br\u00e6\u00f0rum.<a name=\"16\"><span class=\"versanumer\">16<\/span><\/a>Og Job lif\u00f0i eftir \u00feetta hundra\u00f0 og fj\u00f6rut\u00edu \u00e1r, og s\u00e1 s\u00edn b\u00f6rn og \u00feeirra b\u00f6rn \u00ed 4\u00f0a li\u00f0.<a name=\"17\"><span class=\"versanumer\">17<\/span><\/a>Og Job d\u00f3 gamall og saddur l\u00edfdaga.<\/p>\n<div class=\"footnoteVidey\"><\/div>\n","protected":false},"excerpt":{"rendered":"<p>Job au\u00f0m\u00fdkir sig algj\u00f6rlega. F\u00e6r umbun, og hans vinir \u00e1t\u00f6lur. 1\u00de\u00e1 ansa\u00f0i Job Drottni og sag\u00f0i:2eg kannast vi\u00f0 a\u00f0 \u00fe\u00fa megnar allt og a\u00f0 \u00fe\u00e9r er einkis varna\u00f0.3Hv\u00f6r er s\u00e1 sem f\u00e1v\u00edslega (gj\u00f6rir l\u00edti\u00f0 \u00far) \u00fe\u00ednu r\u00e1\u00f0i? svo hefi eg \u00fe\u00e1 tala\u00f0 \u00fea\u00f0 sem eg ekki skildi; \u00fea\u00f0 sem var m\u00e9r undarlegt, sem eg ekki \u00feekkti.4Hlusta \u00fe\u00fa samt \u00e1, eg vil tala! eg vil spyrja \u00feig, uppfr\u00e6\u00f0 \u00fe\u00fa mig!5Me\u00f0 heyrandi eyra heyr\u00f0i eg \u00feig, en n\u00fa s\u00e9r mitt auga \u00feig.6\u00dev\u00ed hefi eg vi\u00f0bj\u00f3\u00f0 \u00e1 sj\u00e1lfum m\u00e9r, og i\u00f0rast \u00ed dufti og \u00f6sku. 7Og \u00fea\u00f0 ske\u00f0i eftir a\u00f0 Drottinn haf\u00f0i tala\u00f0 <a href=\"https:\/\/biblian.is\/videy\/jobsbok-42-kafli\/\"> [&#8230;]<\/a><\/p>\n","protected":false},"author":1,"featured_media":0,"parent":0,"menu_order":0,"comment_status":"open","ping_status":"open","template":"bibliukaflar.php","meta":{"footnotes":""},"class_list":["post-21327","page","type-page","status-publish","hentry"],"_links":{"self":[{"href":"https:\/\/biblian.is\/videy\/wp-json\/wp\/v2\/pages\/21327","targetHints":{"allow":["GET"]}}],"collection":[{"href":"https:\/\/biblian.is\/videy\/wp-json\/wp\/v2\/pages"}],"about":[{"href":"https:\/\/biblian.is\/videy\/wp-json\/wp\/v2\/types\/page"}],"author":[{"embeddable":true,"href":"https:\/\/biblian.is\/videy\/wp-json\/wp\/v2\/users\/1"}],"replies":[{"embeddable":true,"href":"https:\/\/biblian.is\/videy\/wp-json\/wp\/v2\/comments?post=21327"}],"version-history":[{"count":0,"href":"https:\/\/biblian.is\/videy\/wp-json\/wp\/v2\/pages\/21327\/revisions"}],"wp:attachment":[{"href":"https:\/\/biblian.is\/videy\/wp-json\/wp\/v2\/media?parent=21327"}],"curies":[{"name":"wp","href":"https:\/\/api.w.org\/{rel}","templated":true}]}}