{"id":21326,"date":"2018-01-02T01:01:23","date_gmt":"2018-01-02T01:01:23","guid":{"rendered":"http:\/\/biblian.is\/videy\/jobsbok-41-kafli\/"},"modified":"2018-01-02T01:01:23","modified_gmt":"2018-01-02T01:01:23","slug":"jobsbok-41-kafli","status":"publish","type":"page","link":"https:\/\/biblian.is\/videy\/jobsbok-41-kafli\/","title":{"rendered":"Jobsb\u00f3k 41. kafli"},"content":{"rendered":"<div class=\"fyrirsognVidey\">Sama efni.<\/div>\n<p><a name=\"1\"><span class=\"versanumer\">1<\/span><\/a>Enginn er svo djarfur a\u00f0 hann \u00feori a\u00f0 \u00e6sa hann til. Hv\u00f6r er s\u00e1 sem \u00fe\u00e1 geti sta\u00f0ist fyrir minni augs\u00fdn?<a name=\"2\"><span class=\"versanumer\">2<\/span><\/a>Hv\u00f6r hefir m\u00e9r fyrri gefi\u00f0, a\u00f0 eg skyldi honum endurgjalda? Hva\u00f0 sem undir \u00f6llum himninum er, \u00fea\u00f0 er mitt. <br \/><a name=\"3\"><span class=\"versanumer\">3<\/span><\/a>Ei vil eg \u00feegja um hans limi, ei um hans m\u00e1tt og hans fallega sk\u00f6pulag.<a name=\"4\"><span class=\"versanumer\">4<\/span><\/a>Hv\u00f6r hefir lyft upp efra parti hans k\u00e1pu? Hv\u00f6r \u00feorir a\u00f0 koma undir hans tv\u00f6falda tanngar\u00f0?<a name=\"5\"><span class=\"versanumer\">5<\/span><\/a>Hv\u00f6r hefir opna\u00f0 dyrnar a\u00f0 hans gini? <span class='VideyAth'>(dyrum hans andlitis)<\/span>? tannar\u00f6\u00f0 hans er \u00f3ttaleg.<a name=\"6\"><span class=\"versanumer\">6<\/span><\/a>Hann st\u00e6rir sig af sterkum skj\u00f6ldum <span class='VideyAth'>(t\u00f6nnum)<\/span>, sem standa \u00fe\u00e9tt saman, eins og \u00feeir v\u00e6ru samanfestir me\u00f0 f\u00f6stu lakki.<a name=\"7\"><span class=\"versanumer\">7<\/span><\/a>\u00deeir eru svo n\u00e1nir hv\u00f6r \u00f6\u00f0rum, a\u00f0 lofti\u00f0 kemst ekki \u00e1 milli.<a name=\"8\"><span class=\"versanumer\">8<\/span><\/a>\u00deeir tolla fast hv\u00f6r vi\u00f0 annan, lo\u00f0a saman og a\u00f0skiljast ekki.<a name=\"9\"><span class=\"versanumer\">9<\/span><\/a>Eldur brennur \u00far n\u00f6sum hans og hans augu eru sem morgunro\u00f0ans glampi.<a name=\"10\"><span class=\"versanumer\">10<\/span><\/a>\u00dat af hans gini ganga logandi blys, eldneistar fara \u00fat.<a name=\"11\"><span class=\"versanumer\">11<\/span><\/a>\u00dar n\u00f6sum hans \u00fatgengur reykur, eins og upp \u00far sj\u00f3\u00f0andi potti og katli.<a name=\"12\"><span class=\"versanumer\">12<\/span><\/a>Hans andardr\u00e1ttur kveikir \u00ed kolum, og logi stendur \u00far hans munni.<a name=\"13\"><span class=\"versanumer\">13<\/span><\/a>\u00cd hans h\u00e1lsi b\u00fdr krafturinn, og angistin st\u00f6kkur \u00e1 undan honum.<a name=\"14\"><span class=\"versanumer\">14<\/span><\/a>V\u00f6\u00f0var hans holds hanga saman, fastir \u00e1 honum og \u00f3bifanlegir.<a name=\"15\"><span class=\"versanumer\">15<\/span><\/a>Hans hjarta er eins fast fyrir og tinnusteinn, j\u00e1, eins og s\u00e1 ne\u00f0ri kvarnarsteinn.<a name=\"16\"><span class=\"versanumer\">16<\/span><\/a>\u00deegar hann hefur sig upp, \u00fe\u00e1 skelfast hinir \u00f6flugu, \u00feegar hann br\u00fdst \u00e1fram, <span class='VideyAth'>a)<\/span> \u00fe\u00e1 hreinsa \u00feeir sig fr\u00e1 synd.<a name=\"17\"><span class=\"versanumer\">17<\/span><\/a>R\u00e1\u00f0ist einhv\u00f6r a\u00f0 honum me\u00f0 sver\u00f0i, dugir ekki, n\u00e9 spj\u00f3ti n\u00e9 lensu n\u00e9 heldur \u00f6rvum.<a name=\"18\"><span class=\"versanumer\">18<\/span><\/a>Hann metur j\u00e1rni\u00f0 sem str\u00e1, eiri\u00f0 sem f\u00faastaur.<a name=\"19\"><span class=\"versanumer\">19<\/span><\/a>Bogans son <span class='VideyAth'>b)<\/span> mun ei sn\u00faa honum \u00e1 fl\u00f3tta. Sl\u00f6ngusteinar ver\u00f0a honum a\u00f0 \u00f6gnum.<a name=\"20\"><span class=\"versanumer\">20<\/span><\/a>Kylfan er fis, og hann hl\u00e6r a\u00f0 spj\u00f3tsins hvin.<a name=\"21\"><span class=\"versanumer\">21<\/span><\/a>Hvassir steinar eru undir honum, og hann kastar \u00ed for\u00e6\u00f0i\u00f0 \u00fev\u00ed sem hefur egg.<a name=\"22\"><span class=\"versanumer\">22<\/span><\/a>Hann l\u00e6tur hylinn \u00f3lga eins og \u00fe\u00e1 \u00f3lgar \u00ed potti. Hann gj\u00f6rir hafi\u00f0 l\u00edkt sj\u00f3\u00f0andi vi\u00f0smj\u00f6ri <span class='VideyAth'>(ol\u00edu)<\/span>.<a name=\"23\"><span class=\"versanumer\">23<\/span><\/a>Hans braut leiftrar eftir hann, menn halda hafi\u00f0 s\u00e9 gr\u00e1h\u00e6rt.<a name=\"24\"><span class=\"versanumer\">24<\/span><\/a>Engin <span class='VideyAth'>(skepna)<\/span> \u00e1 j\u00f6r\u00f0unni er honum l\u00edk. Hann er skapa\u00f0ur \u00e1n hr\u00e6\u00f0slu.<a name=\"25\"><span class=\"versanumer\">25<\/span><\/a>Ni\u00f0ur \u00e1 allt \u00fea\u00f0 h\u00e1a horfir hann. Hann er k\u00f3ngur yfir \u00f6llum <span class='VideyAth'>(ey\u00f0imerkurinnar b\u00f6rnum)<\/span>,\u2014villud\u00fdrum.<\/p>\n<div class=\"footnoteVidey\">V. 13. Angistin etc. allir fl\u00fdja af hr\u00e6\u00f0slu fyrir \u00feessu d\u00fdri Lev\u00edat.  V. 16. a. B\u00faa sig undir dau\u00f0ann.  V. 19. b. Bogma\u00f0urinn e\u00f0a \u00f6rvarnar.<\/div>\n","protected":false},"excerpt":{"rendered":"<p>Sama efni. 1Enginn er svo djarfur a\u00f0 hann \u00feori a\u00f0 \u00e6sa hann til. Hv\u00f6r er s\u00e1 sem \u00fe\u00e1 geti sta\u00f0ist fyrir minni augs\u00fdn?2Hv\u00f6r hefir m\u00e9r fyrri gefi\u00f0, a\u00f0 eg skyldi honum endurgjalda? Hva\u00f0 sem undir \u00f6llum himninum er, \u00fea\u00f0 er mitt. 3Ei vil eg \u00feegja um hans limi, ei um hans m\u00e1tt og hans fallega sk\u00f6pulag.4Hv\u00f6r hefir lyft upp efra parti hans k\u00e1pu? Hv\u00f6r \u00feorir a\u00f0 koma undir hans tv\u00f6falda tanngar\u00f0?5Hv\u00f6r hefir opna\u00f0 dyrnar a\u00f0 hans gini? (dyrum hans andlitis)? tannar\u00f6\u00f0 hans er \u00f3ttaleg.6Hann st\u00e6rir sig af sterkum skj\u00f6ldum (t\u00f6nnum), sem standa \u00fe\u00e9tt saman, eins og \u00feeir v\u00e6ru samanfestir me\u00f0 <a href=\"https:\/\/biblian.is\/videy\/jobsbok-41-kafli\/\"> [&#8230;]<\/a><\/p>\n","protected":false},"author":1,"featured_media":0,"parent":0,"menu_order":0,"comment_status":"open","ping_status":"open","template":"bibliukaflar.php","meta":{"footnotes":""},"class_list":["post-21326","page","type-page","status-publish","hentry"],"_links":{"self":[{"href":"https:\/\/biblian.is\/videy\/wp-json\/wp\/v2\/pages\/21326","targetHints":{"allow":["GET"]}}],"collection":[{"href":"https:\/\/biblian.is\/videy\/wp-json\/wp\/v2\/pages"}],"about":[{"href":"https:\/\/biblian.is\/videy\/wp-json\/wp\/v2\/types\/page"}],"author":[{"embeddable":true,"href":"https:\/\/biblian.is\/videy\/wp-json\/wp\/v2\/users\/1"}],"replies":[{"embeddable":true,"href":"https:\/\/biblian.is\/videy\/wp-json\/wp\/v2\/comments?post=21326"}],"version-history":[{"count":0,"href":"https:\/\/biblian.is\/videy\/wp-json\/wp\/v2\/pages\/21326\/revisions"}],"wp:attachment":[{"href":"https:\/\/biblian.is\/videy\/wp-json\/wp\/v2\/media?parent=21326"}],"curies":[{"name":"wp","href":"https:\/\/api.w.org\/{rel}","templated":true}]}}