{"id":21325,"date":"2018-01-02T01:01:23","date_gmt":"2018-01-02T01:01:23","guid":{"rendered":"http:\/\/biblian.is\/videy\/jobsbok-40-kafli\/"},"modified":"2018-01-02T01:01:23","modified_gmt":"2018-01-02T01:01:23","slug":"jobsbok-40-kafli","status":"publish","type":"page","link":"https:\/\/biblian.is\/videy\/jobsbok-40-kafli\/","title":{"rendered":"Jobsb\u00f3k 40. kafli"},"content":{"rendered":"<div class=\"fyrirsognVidey\">Sama efni.<\/div>\n<p><a name=\"1\"><span class=\"versanumer\">1<\/span><\/a>Og Drottinn ansa\u00f0i Job <span class='VideyAth'>(\u00far)<\/span> stormvi\u00f0rinu og sag\u00f0i:<a name=\"2\"><span class=\"versanumer\">2<\/span><\/a>vel og gott! umgir\u00f0 sem ma\u00f0ur \u00fe\u00ednar lendar! <span class='VideyAth'>a)<\/span> eg vil spyrja \u00feig og \u00fe\u00fa skalt fr\u00e6\u00f0a mig.<a name=\"3\"><span class=\"versanumer\">3<\/span><\/a>Viltu gj\u00f6ra minn r\u00e9tt a\u00f0 engu? Viltu ford\u00e6ma mig svo a\u00f0 \u00fe\u00fa ver\u00f0ir r\u00e9ttl\u00e1tur?<a name=\"4\"><span class=\"versanumer\">4<\/span><\/a>\u00c6tla \u00fe\u00fa hafir arm sem Gu\u00f0? Getur \u00fe\u00fa \u00feruma\u00f0 me\u00f0 rei\u00f0arslagi sem hann?<a name=\"5\"><span class=\"versanumer\">5<\/span><\/a>Pr\u00fd\u00f0 \u00fe\u00fa \u00feig, k\u00e6ri! me\u00f0 h\u00e1tign og ypparlegleika; \u00edkl\u00e6\u00f0 \u00feig hei\u00f0ri og lj\u00f3ma;<a name=\"6\"><span class=\"versanumer\">6<\/span><\/a>\u00fataus \u00e1kafa \u00feinnar rei\u00f0i, au\u00f0m\u00fdktu s\u00e9rhv\u00f6rn drambl\u00e1tan me\u00f0 \u00fev\u00ed a\u00f0 renna til hans auga.<a name=\"7\"><span class=\"versanumer\">7<\/span><\/a>L\u00edttu til hv\u00f6rs og eins drambl\u00e1ts, og fell \u00fe\u00fa hann, og sundurmer\u00f0u \u00fe\u00e1 \u00f3gu\u00f0legu hvar sem \u00feeir hittast.<a name=\"8\"><span class=\"versanumer\">8<\/span><\/a>Fell \u00fe\u00fa \u00fe\u00e1 alla saman \u00ed dufti\u00f0! byrg \u00fe\u00fa \u00feeirra \u00e1s\u00fdnd \u00ed myrkri!<a name=\"9\"><span class=\"versanumer\">9<\/span><\/a>\u00fe\u00e1 skal eg l\u00edka pr\u00edsa \u00feig, \u00fev\u00ed eg s\u00e9 \u00fe\u00e1, a\u00f0 \u00fe\u00edn h\u00e6gri h\u00f6nd frelsar \u00feig.<a name=\"10\"><span class=\"versanumer\">10<\/span><\/a>Sj\u00e1, k\u00e6ri! Behemot <span class='VideyAth'>b)<\/span>, sem eg skapa\u00f0i eins og \u00feig, \u00fea\u00f0 etur gras sem uxi.<br \/><a name=\"11\"><span class=\"versanumer\">11<\/span><\/a>Sj\u00e1, k\u00e6ri! hv\u00edl\u00edkur kraftur er \u00ed \u00feess lendum! hv\u00edl\u00edkur styrkleiki \u00ed v\u00f6\u00f0vum \u00feess b\u00faks.<a name=\"12\"><span class=\"versanumer\">12<\/span><\/a>\u00dea\u00f0 beygir <span class='VideyAth'>c)<\/span> sv\u00edrann eins og sedrustr\u00e9, sinarnar \u00ed \u00feess limum eru samanfl\u00e9tta\u00f0ar:<a name=\"13\"><span class=\"versanumer\">13<\/span><\/a>\u00feess leggir eru sem eirp\u00edpur, \u00feess bein eins og j\u00e1rnstengur.<a name=\"14\"><span class=\"versanumer\">14<\/span><\/a>\u00dea\u00f0 er hin fyrsta <span class='VideyAth'>(skepna)<\/span> af Gu\u00f0s verkum, s\u00e1 sem \u00fea\u00f0 skapa\u00f0i, r\u00e9tti \u00fev\u00ed sitt sver\u00f0.<a name=\"15\"><span class=\"versanumer\">15<\/span><\/a>Fj\u00f6llin bera \u00fev\u00ed f\u00f3\u00f0ur, \u00e1 hv\u00f6rjum \u00f6ll villud\u00fdrin leika s\u00e9r.<a name=\"16\"><span class=\"versanumer\">16<\/span><\/a>\u00dea\u00f0 liggur undir laufgu\u00f0um trj\u00e1m, felur sig \u00ed reyrnum \u00ed for\u00e6\u00f0inu.<a name=\"17\"><span class=\"versanumer\">17<\/span><\/a>\u00deau laufgu\u00f0u tr\u00e9 fela \u00fea\u00f0 me\u00f0 s\u00ednum skugga. V\u00ed\u00f0irrunnarnir, hj\u00e1 l\u00e6knum, sk\u00fdla \u00fev\u00ed. <br \/><a name=\"18\"><span class=\"versanumer\">18<\/span><\/a>Sj\u00e1! \u00e1in \u00f3lgar fram; \u00fea\u00f0 hr\u00e6\u00f0ist ekki, \u00fea\u00f0 er r\u00f3legt, \u00fe\u00f3 a\u00f0 J\u00f3rdan belgdi upp a\u00f0 \u00feess gini.<a name=\"19\"><span class=\"versanumer\">19<\/span><\/a>Getur nokkur veitt \u00fea\u00f0, \u00feegar \u00fea\u00f0 varar sig? ellegar sett taug \u00ed \u00feess nef?<a name=\"20\"><span class=\"versanumer\">20<\/span><\/a>Kap. 41. Getur \u00fe\u00fa veitt Lev\u00edathan, <span class='VideyAth'>(kr\u00f3kod\u00edlinn)<\/span> me\u00f0 \u00f6ngli? e\u00f0a dregi\u00f0 f\u00e6ri \u00ed gegnum hans tungu?<a name=\"21\"><span class=\"versanumer\">21<\/span><\/a>Getur \u00fe\u00fa sett hlekk \u00ed hans skolt? e\u00f0a hring \u00ed hans kj\u00e1lka?<a name=\"22\"><span class=\"versanumer\">22<\/span><\/a>\u00c6tla hann muni frambera fyrir \u00feig margar au\u00f0mj\u00fakar b\u00e6nir? e\u00f0ur tala vi\u00f0 \u00feig vinsamleg or\u00f0?<a name=\"23\"><span class=\"versanumer\">23<\/span><\/a>E\u00f0a gj\u00f6ra vi\u00f0 \u00feig s\u00e1ttm\u00e1la, a\u00f0 \u00fe\u00fa gj\u00f6rir hann a\u00f0 \u00e1nau\u00f0ugum \u00fer\u00e6l?<a name=\"24\"><span class=\"versanumer\">24<\/span><\/a>Getur \u00fe\u00fa leiki\u00f0 vi\u00f0 hann sem fugl? e\u00f0a tj\u00f3\u00f0ra\u00f0 hann vi\u00f0 \u00fe\u00ednar \u00feernur?<a name=\"25\"><span class=\"versanumer\">25<\/span><\/a>Halda f\u00e9lagarnir veislu sakir \u00feessa d\u00fdrs, og \u00fatb\u00fdta \u00fev\u00ed me\u00f0al kaupmanna?<a name=\"26\"><span class=\"versanumer\">26<\/span><\/a>Getur \u00fe\u00fa fyllt hans h\u00fa\u00f0 me\u00f0 p\u00edlum, e\u00f0a hans h\u00f6fu\u00f0 me\u00f0 skeytum?<a name=\"27\"><span class=\"versanumer\">27<\/span><\/a>Legg \u00fe\u00edna h\u00f6nd \u00e1 hann! \u00fe\u00fa munt \u00fe\u00e1 muna til \u00feess bardaga, og ekki gj\u00f6ra \u00fea\u00f0 oftar.<a name=\"28\"><span class=\"versanumer\">28<\/span><\/a>Sj\u00e1! hans hugur bilar, <span class='VideyAth'>(\u00feess sem vill vei\u00f0a hann)<\/span>, hann dettur <span class='VideyAth'>(af hr\u00e6\u00f0slu)<\/span> ni\u00f0ur, \u00feegar hann s\u00e9r hann.<\/p>\n<div class=\"footnoteVidey\">V. 2. a. Umgir\u00f0 etc: b\u00fa \u00feig \u00fat \u00ed einv\u00edg m\u00f3ti m\u00e9r.  V. 10. b. Behem: st\u00e6\u00f0sta d\u00fdr, fillinn, \u00e6tla nokkrir, a\u00f0rir, n\u00edlhesturinn.  V. 12. c. Halann segja a\u00f0rir.<\/div>\n","protected":false},"excerpt":{"rendered":"<p>Sama efni. 1Og Drottinn ansa\u00f0i Job (\u00far) stormvi\u00f0rinu og sag\u00f0i:2vel og gott! umgir\u00f0 sem ma\u00f0ur \u00fe\u00ednar lendar! a) eg vil spyrja \u00feig og \u00fe\u00fa skalt fr\u00e6\u00f0a mig.3Viltu gj\u00f6ra minn r\u00e9tt a\u00f0 engu? Viltu ford\u00e6ma mig svo a\u00f0 \u00fe\u00fa ver\u00f0ir r\u00e9ttl\u00e1tur?4\u00c6tla \u00fe\u00fa hafir arm sem Gu\u00f0? Getur \u00fe\u00fa \u00feruma\u00f0 me\u00f0 rei\u00f0arslagi sem hann?5Pr\u00fd\u00f0 \u00fe\u00fa \u00feig, k\u00e6ri! me\u00f0 h\u00e1tign og ypparlegleika; \u00edkl\u00e6\u00f0 \u00feig hei\u00f0ri og lj\u00f3ma;6\u00fataus \u00e1kafa \u00feinnar rei\u00f0i, au\u00f0m\u00fdktu s\u00e9rhv\u00f6rn drambl\u00e1tan me\u00f0 \u00fev\u00ed a\u00f0 renna til hans auga.7L\u00edttu til hv\u00f6rs og eins drambl\u00e1ts, og fell \u00fe\u00fa hann, og sundurmer\u00f0u \u00fe\u00e1 \u00f3gu\u00f0legu hvar sem \u00feeir hittast.8Fell \u00fe\u00fa \u00fe\u00e1 alla saman \u00ed dufti\u00f0! <a href=\"https:\/\/biblian.is\/videy\/jobsbok-40-kafli\/\"> [&#8230;]<\/a><\/p>\n","protected":false},"author":1,"featured_media":0,"parent":0,"menu_order":0,"comment_status":"open","ping_status":"open","template":"bibliukaflar.php","meta":{"footnotes":""},"class_list":["post-21325","page","type-page","status-publish","hentry"],"_links":{"self":[{"href":"https:\/\/biblian.is\/videy\/wp-json\/wp\/v2\/pages\/21325","targetHints":{"allow":["GET"]}}],"collection":[{"href":"https:\/\/biblian.is\/videy\/wp-json\/wp\/v2\/pages"}],"about":[{"href":"https:\/\/biblian.is\/videy\/wp-json\/wp\/v2\/types\/page"}],"author":[{"embeddable":true,"href":"https:\/\/biblian.is\/videy\/wp-json\/wp\/v2\/users\/1"}],"replies":[{"embeddable":true,"href":"https:\/\/biblian.is\/videy\/wp-json\/wp\/v2\/comments?post=21325"}],"version-history":[{"count":0,"href":"https:\/\/biblian.is\/videy\/wp-json\/wp\/v2\/pages\/21325\/revisions"}],"wp:attachment":[{"href":"https:\/\/biblian.is\/videy\/wp-json\/wp\/v2\/media?parent=21325"}],"curies":[{"name":"wp","href":"https:\/\/api.w.org\/{rel}","templated":true}]}}