{"id":21324,"date":"2018-01-02T01:01:23","date_gmt":"2018-01-02T01:01:23","guid":{"rendered":"http:\/\/biblian.is\/videy\/jobsbok-39-kafli\/"},"modified":"2018-01-02T01:01:23","modified_gmt":"2018-01-02T01:01:23","slug":"jobsbok-39-kafli","status":"publish","type":"page","link":"https:\/\/biblian.is\/videy\/jobsbok-39-kafli\/","title":{"rendered":"Jobsb\u00f3k 39. kafli"},"content":{"rendered":"<div class=\"fyrirsognVidey\">Sama umtalsefni.<\/div>\n<p><a name=\"1\"><span class=\"versanumer\">1<\/span><\/a>Finnur \u00fe\u00fa br\u00e1\u00f0ina fyrir lj\u00f3nsinnuna? mettar \u00fe\u00fa gr\u00e6\u00f0gi lj\u00f3nshvolpanna?<a name=\"2\"><span class=\"versanumer\">2<\/span><\/a>\u00feegar \u00feeir liggja \u00ed s\u00ednu b\u00e6li og vaka yfir vei\u00f0i \u00ed sinni holu?<a name=\"3\"><span class=\"versanumer\">3<\/span><\/a>Hv\u00f6r b\u00fdr til f\u00e6\u00f0u hrafninum, \u00feegar hans ungar kalla til Gu\u00f0s og fl\u00f6gra til og fr\u00e1 af \u00fev\u00ed \u00fe\u00e1 vantar \u00e6ti?<a name=\"4\"><span class=\"versanumer\">4<\/span><\/a>Veist\u00fa t\u00edmann n\u00e6r steingeiturnar bera? e\u00f0a gefur \u00fe\u00fa gaum a\u00f0 hindanna f\u00e6\u00f0ingarhr\u00ed\u00f0um?<a name=\"5\"><span class=\"versanumer\">5<\/span><\/a>Hefir \u00fe\u00fa tali\u00f0 m\u00e1nu\u00f0ina sem \u00fe\u00e6r ganga me\u00f0? e\u00f0a veistu t\u00edmann n\u00e6r \u00fe\u00e6r f\u00e6\u00f0a?<a name=\"6\"><span class=\"versanumer\">6<\/span><\/a>\u00feegar \u00fe\u00e6r beygja sig, \u00feegar \u00fe\u00e6r f\u00e6\u00f0a s\u00edna k\u00e1lfa, og sleppa \u00fev\u00ed \u00fat sem \u00fe\u00e6r hafa \u00fej\u00e1ning af.<a name=\"7\"><span class=\"versanumer\">7<\/span><\/a>\u00deeirra k\u00e1lfar ver\u00f0a sterkir, \u00feeir vaxa \u00e1 m\u00f6rkinni, \u00feeir fara burt og koma ei aftur til \u00feeirra \u0254: m\u00e6\u00f0ranna.<a name=\"8\"><span class=\"versanumer\">8<\/span><\/a>Hv\u00f6r hefir l\u00e1ti\u00f0 villiasnan ganga lausan? hv\u00f6r leysti b\u00f6nd sk\u00f3garasnans?<a name=\"9\"><span class=\"versanumer\">9<\/span><\/a>hv\u00f6rjum eg gaf ey\u00f0ivelli fyrir b\u00fasta\u00f0, og ey\u00f0im\u00f6rk fyrir heimkynni.<a name=\"10\"><span class=\"versanumer\">10<\/span><\/a>Hann hl\u00e6r a\u00f0 sta\u00f0arins h\u00e1va\u00f0a, og heyrir ekki a\u00f0kall rekstrarmannsins,<a name=\"11\"><span class=\"versanumer\">11<\/span><\/a>fjallahringurinn er hans beitiland, a\u00f0 allri gr\u00e6nku leitar hann.<a name=\"12\"><span class=\"versanumer\">12<\/span><\/a>Mun villinauti\u00f0 vilja \u00fer\u00e6lka fyrir \u00feig? \u00e6tla \u00fea\u00f0 ver\u00f0i n\u00f3ttina \u00fat, vi\u00f0 \u00fe\u00edna j\u00f6tu?<a name=\"13\"><span class=\"versanumer\">13<\/span><\/a>getur \u00fe\u00fa fest \u00fea\u00f0 me\u00f0 reipi vi\u00f0 pl\u00f3gtr\u00e9\u00f0? \u00e6tla \u00fea\u00f0 pl\u00e6gi dalina \u00e1 eftir \u00fe\u00e9r?<a name=\"14\"><span class=\"versanumer\">14<\/span><\/a>Getur \u00fe\u00fa reitt \u00feig \u00e1 \u00fea\u00f0, af \u00fev\u00ed \u00feess kraftur er mikill, getur \u00fe\u00fa fengi\u00f0 \u00fev\u00ed \u00fe\u00edna vinnu?<a name=\"15\"><span class=\"versanumer\">15<\/span><\/a>getur \u00fe\u00fa tr\u00faa\u00f0 \u00fev\u00ed fyrir a\u00f0 flytja \u00feitt s\u00e1ld heim, og safna \u00fev\u00ed \u00ed \u00fe\u00edna hl\u00f6\u00f0u?<a name=\"16\"><span class=\"versanumer\">16<\/span><\/a>Str\u00fatsfuglsins v\u00e6ngir sem honum \u00feykir v\u00e6nt um, eru \u00feeir storksins v\u00e6ngir og fja\u00f0rir?<a name=\"17\"><span class=\"versanumer\">17<\/span><\/a>\u00dev\u00ed hann f\u00e6r j\u00f6r\u00f0inni s\u00edn egg og l\u00e6tur \u00feau hitna \u00ed sandinum,<a name=\"18\"><span class=\"versanumer\">18<\/span><\/a>og gleymir a\u00f0 f\u00f3turinn getur broti\u00f0 \u00feau og villid\u00fdr sundurtro\u00f0i\u00f0 \u00feau.<a name=\"19\"><span class=\"versanumer\">19<\/span><\/a>Hann er har\u00f0ur vi\u00f0 s\u00edna unga, eins og \u00feeir v\u00e6ru ekki hans.<a name=\"20\"><span class=\"versanumer\">20<\/span><\/a>\u00dev\u00ed Gu\u00f0 synja\u00f0i honum um v\u00edsd\u00f3m og gaf honum ekki hyggindi.<a name=\"21\"><span class=\"versanumer\">21<\/span><\/a>En \u00feegar hann sveiflar s\u00e9r \u00ed lofti\u00f0, \u00fe\u00e1 gj\u00f6rir hann gys a\u00f0 hestinum og \u00feeim sem \u00e1 honum situr.<a name=\"22\"><span class=\"versanumer\">22<\/span><\/a>Gefur \u00fe\u00fa hestinum kraft? e\u00f0a pr\u00fd\u00f0ir \u00fe\u00fa hans h\u00e1ls me\u00f0 hneggi?<a name=\"23\"><span class=\"versanumer\">23<\/span><\/a>Kennir \u00fe\u00fa honum a\u00f0 st\u00f6kkva eins og grashoppa st\u00f6kkur? <span class='VideyAth'>(fallega og \u00f3ttalega fr\u00fdsar hann)<\/span>.<a name=\"24\"><span class=\"versanumer\">24<\/span><\/a>Hann stappar ni\u00f0ur \u00ed j\u00f6r\u00f0ina, og gle\u00f0ur sig vi\u00f0 sinn styrkleika. Hann fer \u00fat m\u00f3t \u00feeim hertygja\u00f0a.<a name=\"25\"><span class=\"versanumer\">25<\/span><\/a>Hann hl\u00e6r a\u00f0 hr\u00e6\u00f0slunni og \u00f3ttast ekki, og hopar ekki fyrir sver\u00f0inu,<a name=\"26\"><span class=\"versanumer\">26<\/span><\/a>\u00e1 baki hans glamrar \u00ed p\u00edlnakoffrinu; \u00fea\u00f0 glampandi spj\u00f3t og lensa.<a name=\"27\"><span class=\"versanumer\">27<\/span><\/a>F\u00edrugur og fr\u00fdsandi r\u00edfur hann upp j\u00f6r\u00f0ina og skeytir ei um herl\u00fa\u00f0ursins \u00feyt.<a name=\"28\"><span class=\"versanumer\">28<\/span><\/a>\u00deegar herl\u00fa\u00f0urinn gellur h\u00e1tt, segir hann: hv\u00ed! langt fr\u00e1 finnur hann lykt bardagans og h\u00f6f\u00f0ingjanna buldur og hr\u00f3p.<a name=\"29\"><span class=\"versanumer\">29<\/span><\/a>Fl\u00fdgur haukurinn eftir \u00fe\u00ednu viti, brei\u00f0ir \u00fat s\u00edna v\u00e6ngi m\u00f3t su\u00f0ri?<a name=\"30\"><span class=\"versanumer\">30<\/span><\/a>fl\u00fdgur \u00f6rnin h\u00e1tt eftir \u00fe\u00ednu bo\u00f0i, og byggir \u00e1 h\u00e6\u00f0unum sitt hrei\u00f0ur?<a name=\"31\"><span class=\"versanumer\">31<\/span><\/a>\u00e1 klettunum b\u00fdr og byggir h\u00fan \u00e1 n\u00f3ttunni; \u00e1 hv\u00f6ssum klettum og fjalltindum.<a name=\"32\"><span class=\"versanumer\">32<\/span><\/a>\u00dev\u00ed finnur h\u00fan \u00e6ti? langt fr\u00e1 sj\u00e1 hennar augu allt um kring.<a name=\"33\"><span class=\"versanumer\">33<\/span><\/a>Og hennar ungar drekka bl\u00f3\u00f0. Hvar sem vakur er, \u00fear er h\u00fan.<br \/><a name=\"34\"><span class=\"versanumer\">34<\/span><\/a>Og Drottinn sneri s\u00e9r til Jobs og sag\u00f0i:<a name=\"35\"><span class=\"versanumer\">35<\/span><\/a>vill n\u00fa s\u00e1 lastm\u00e1lgi \u00fer\u00e1tta vi\u00f0 hinn alm\u00e1ttuga? S\u00e1 sem \u00e1taldi Gu\u00f0, hann svari upp \u00e1 \u00feetta! <br \/><a name=\"36\"><span class=\"versanumer\">36<\/span><\/a>\u00de\u00e1 ansa\u00f0i Job Drottni og sag\u00f0i:<a name=\"37\"><span class=\"versanumer\">37<\/span><\/a>Sj\u00e1! eg em allt of l\u00edtilm\u00f3tlegur; hv\u00f6rju skal eg svara \u00fe\u00e9r. Eg legg \u00e1 munninn m\u00edna h\u00f6nd.<a name=\"38\"><span class=\"versanumer\">38<\/span><\/a>Einu sinni tala\u00f0i eg, en skal ei svara tvisvar sinnum, en eg gj\u00f6ri \u00fea\u00f0 ei meir.<\/p>\n<div class=\"footnoteVidey\">V. 23. D\u00fdr\u00f0 hans nafns er \u00f3ttaleg.<\/div>\n","protected":false},"excerpt":{"rendered":"<p>Sama umtalsefni. 1Finnur \u00fe\u00fa br\u00e1\u00f0ina fyrir lj\u00f3nsinnuna? mettar \u00fe\u00fa gr\u00e6\u00f0gi lj\u00f3nshvolpanna?2\u00feegar \u00feeir liggja \u00ed s\u00ednu b\u00e6li og vaka yfir vei\u00f0i \u00ed sinni holu?3Hv\u00f6r b\u00fdr til f\u00e6\u00f0u hrafninum, \u00feegar hans ungar kalla til Gu\u00f0s og fl\u00f6gra til og fr\u00e1 af \u00fev\u00ed \u00fe\u00e1 vantar \u00e6ti?4Veist\u00fa t\u00edmann n\u00e6r steingeiturnar bera? e\u00f0a gefur \u00fe\u00fa gaum a\u00f0 hindanna f\u00e6\u00f0ingarhr\u00ed\u00f0um?5Hefir \u00fe\u00fa tali\u00f0 m\u00e1nu\u00f0ina sem \u00fe\u00e6r ganga me\u00f0? e\u00f0a veistu t\u00edmann n\u00e6r \u00fe\u00e6r f\u00e6\u00f0a?6\u00feegar \u00fe\u00e6r beygja sig, \u00feegar \u00fe\u00e6r f\u00e6\u00f0a s\u00edna k\u00e1lfa, og sleppa \u00fev\u00ed \u00fat sem \u00fe\u00e6r hafa \u00fej\u00e1ning af.7\u00deeirra k\u00e1lfar ver\u00f0a sterkir, \u00feeir vaxa \u00e1 m\u00f6rkinni, \u00feeir fara burt og koma ei aftur til \u00feeirra <a href=\"https:\/\/biblian.is\/videy\/jobsbok-39-kafli\/\"> [&#8230;]<\/a><\/p>\n","protected":false},"author":1,"featured_media":0,"parent":0,"menu_order":0,"comment_status":"open","ping_status":"open","template":"bibliukaflar.php","meta":{"footnotes":""},"class_list":["post-21324","page","type-page","status-publish","hentry"],"_links":{"self":[{"href":"https:\/\/biblian.is\/videy\/wp-json\/wp\/v2\/pages\/21324","targetHints":{"allow":["GET"]}}],"collection":[{"href":"https:\/\/biblian.is\/videy\/wp-json\/wp\/v2\/pages"}],"about":[{"href":"https:\/\/biblian.is\/videy\/wp-json\/wp\/v2\/types\/page"}],"author":[{"embeddable":true,"href":"https:\/\/biblian.is\/videy\/wp-json\/wp\/v2\/users\/1"}],"replies":[{"embeddable":true,"href":"https:\/\/biblian.is\/videy\/wp-json\/wp\/v2\/comments?post=21324"}],"version-history":[{"count":0,"href":"https:\/\/biblian.is\/videy\/wp-json\/wp\/v2\/pages\/21324\/revisions"}],"wp:attachment":[{"href":"https:\/\/biblian.is\/videy\/wp-json\/wp\/v2\/media?parent=21324"}],"curies":[{"name":"wp","href":"https:\/\/api.w.org\/{rel}","templated":true}]}}