{"id":21323,"date":"2018-01-02T01:01:23","date_gmt":"2018-01-02T01:01:23","guid":{"rendered":"http:\/\/biblian.is\/videy\/jobsbok-38-kafli\/"},"modified":"2018-01-02T01:01:23","modified_gmt":"2018-01-02T01:01:23","slug":"jobsbok-38-kafli","status":"publish","type":"page","link":"https:\/\/biblian.is\/videy\/jobsbok-38-kafli\/","title":{"rendered":"Jobsb\u00f3k 38. kafli"},"content":{"rendered":"<div class=\"fyrirsognVidey\">Drottinn \u00e1v\u00edtar Job fyrir d\u00e6lsku.<\/div>\n<p><a name=\"1\"><span class=\"versanumer\">1<\/span><\/a>Eftir \u00fea\u00f0 svara\u00f0i Drottinn Job af vindbil og sag\u00f0i:<a name=\"2\"><span class=\"versanumer\">2<\/span><\/a>hv\u00f6r er \u00feessi sem formyrkvar Gu\u00f0s r\u00e1\u00f0 me\u00f0 \u00f3skyns\u00f6mum t\u00f6lum?<a name=\"3\"><span class=\"versanumer\">3<\/span><\/a>Vel og gott! umgir\u00f0 \u00fe\u00ednar lendar, sem ma\u00f0ur, svo skal eg spyrja \u00feig, og \u00fe\u00fa skalt fr\u00e6\u00f0a mig.<a name=\"4\"><span class=\"versanumer\">4<\/span><\/a>Hvar varstu \u00feegar eg grundvalla\u00f0i j\u00f6r\u00f0ina? seg\u00f0u fr\u00e1, ef \u00fe\u00fa hefir skilning og vit!<a name=\"5\"><span class=\"versanumer\">5<\/span><\/a>Hv\u00f6r hefir sett henni m\u00e1l, a\u00f0 \u00fe\u00fa vissir \u00fea\u00f0, e\u00f0a hv\u00f6r \u00fat\u00feandi sn\u00faruna yfir hana?<a name=\"6\"><span class=\"versanumer\">6<\/span><\/a>Hvar \u00e1 er hennar grundv\u00f6llur settur? hv\u00f6r lag\u00f0i hennar hornstein,<a name=\"7\"><span class=\"versanumer\">7<\/span><\/a>\u00feegar morgunstj\u00f6rnurnar sungu gle\u00f0is\u00f6ng, og \u00f6ll Gu\u00f0s b\u00f6rn f\u00f6gnu\u00f0u?<a name=\"8\"><span class=\"versanumer\">8<\/span><\/a>Og hv\u00f6r inniloka\u00f0i hafi\u00f0 me\u00f0 hur\u00f0um \u00feegar \u00fea\u00f0 frambraust og gekk \u00fat af m\u00f3\u00f0url\u00edfi?<a name=\"9\"><span class=\"versanumer\">9<\/span><\/a>\u00deegar eg gaf \u00fev\u00ed sk\u00fdin fyrir fatna\u00f0 og \u00feokuna fyrir reifa,<a name=\"10\"><span class=\"versanumer\">10<\/span><\/a>\u00feegar eg setti f\u00f6st m\u00edn takm\u00f6rk \u00ed kringum \u00fea\u00f0, og sl\u00e1r og hur\u00f0ir,<a name=\"11\"><span class=\"versanumer\">11<\/span><\/a>og sag\u00f0i: \u201ehinga\u00f0 skaltu koma og ekki lengra; h\u00e9r skulu \u00fe\u00ednar stoltu bylgjur brotna.\u201c<a name=\"12\"><span class=\"versanumer\">12<\/span><\/a>Hefir \u00fe\u00fa \u00e1 \u00fe\u00ednum d\u00f6gum r\u00e1\u00f0i\u00f0 yfir morgninum? hefir \u00fe\u00fa v\u00edsa\u00f0 morgunro\u00f0anum \u00e1 sinn sta\u00f0?<a name=\"13\"><span class=\"versanumer\">13<\/span><\/a>svo a\u00f0 hann n\u00e6r \u00fat yfir jar\u00f0arinnar ja\u00f0ar, og \u00feeir <span class='VideyAth'>a)<\/span> \u00f3gu\u00f0legu skelfast fyrir honum?<a name=\"14\"><span class=\"versanumer\">14<\/span><\/a>\u00de\u00e1 j\u00f6r\u00f0in umbreytist eins og lakki\u00f0 <span class='VideyAth'>(af innsiglinu)<\/span> og <span class='VideyAth'>(allt)<\/span> eins og f\u00e6rist \u00ed kl\u00e6\u00f0na\u00f0.<a name=\"15\"><span class=\"versanumer\">15<\/span><\/a>Og \u00feeir \u00f3gu\u00f0legu sviptast s\u00ednu lj\u00f3si <span class='VideyAth'>b)<\/span>, og s\u00e1 upplyfti armur ver\u00f0ur sundurbrotinn.<a name=\"16\"><span class=\"versanumer\">16<\/span><\/a>Hefir \u00fe\u00fa komi\u00f0 til hafsins uppsprettu? og hefir \u00fe\u00fa gegnumfari\u00f0 hi\u00f0 innsta afgrunn?<a name=\"17\"><span class=\"versanumer\">17<\/span><\/a>Hafa dau\u00f0ans port opna\u00f0 sig fyrir \u00fe\u00e9r? Ellegar hefir \u00fe\u00fa s\u00e9\u00f0 port dau\u00f0ans skugga?<a name=\"18\"><span class=\"versanumer\">18<\/span><\/a>\u00deekkir \u00fe\u00fa allt, svo brei\u00f0 sem j\u00f6r\u00f0in er? seg\u00f0u til ef \u00fe\u00fa veist \u00fea\u00f0 allt saman!<a name=\"19\"><span class=\"versanumer\">19<\/span><\/a>Hvar er vegurinn til lj\u00f3ssins b\u00fasta\u00f0a? og myrkri\u00f0, hvar er \u00feess a\u00f0setur?<a name=\"20\"><span class=\"versanumer\">20<\/span><\/a>a\u00f0 \u00fe\u00fa g\u00e6tir komi\u00f0 \u00fev\u00ed inn fyrir s\u00edn landamerki, og \u00feekkt g\u00f6tuna a\u00f0 \u00feess h\u00fasi.<a name=\"21\"><span class=\"versanumer\">21<\/span><\/a>\u00de\u00fa veist \u00fea\u00f0, \u00fev\u00ed \u00fe\u00e1 varstu f\u00e6ddur og \u00feinna daga tal er miki\u00f0!<a name=\"22\"><span class=\"versanumer\">22<\/span><\/a>Hefir \u00fe\u00fa komi\u00f0 til for\u00f0ab\u00fars snj\u00e1varins? e\u00f0a hefir \u00fe\u00fa s\u00e9\u00f0 for\u00f0ab\u00far haglsins?<a name=\"23\"><span class=\"versanumer\">23<\/span><\/a>sem eg spara til h\u00f6rmungart\u00edmans, til str\u00ed\u00f0sins og bardagans daga.<a name=\"24\"><span class=\"versanumer\">24<\/span><\/a>Hvar er s\u00e1 vegur \u00e1 hv\u00f6rjum lj\u00f3si\u00f0 \u00fatbrei\u00f0ist og austanvindurinn dreifist yfir j\u00f6r\u00f0ina?<a name=\"25\"><span class=\"versanumer\">25<\/span><\/a>Hv\u00f6r bj\u00f3 til rennur fyrir steypiregni\u00f0? hv\u00f6r veginn fyrir eldinguna?<a name=\"26\"><span class=\"versanumer\">26<\/span><\/a>svo a\u00f0 rignir \u00ed \u00fea\u00f0 land, hvar enginn er, \u00ed ey\u00f0im\u00f6rkina, hvar enginn ma\u00f0ur b\u00fdr,<a name=\"27\"><span class=\"versanumer\">27<\/span><\/a>svo a\u00f0 \u00feeir au\u00f0u og \u00f3bygg\u00f0u sta\u00f0ir mettast, og grasi\u00f0 kemur upp.<a name=\"28\"><span class=\"versanumer\">28<\/span><\/a>Hefir og regni\u00f0 f\u00f6\u00f0ur? e\u00f0a hv\u00f6r hefir geti\u00f0 daggarinnar dropa?<a name=\"29\"><span class=\"versanumer\">29<\/span><\/a>af hv\u00f6rs kvi\u00f0i er \u00edsinn \u00fatgenginn? og himinsins hr\u00edm, hv\u00f6r f\u00e6ddi \u00fea\u00f0?<a name=\"30\"><span class=\"versanumer\">30<\/span><\/a>Vatni\u00f0 ver\u00f0ur hart sem steinn, og dj\u00fapsins yfirbor\u00f0 tollir saman.<a name=\"31\"><span class=\"versanumer\">31<\/span><\/a>Hn\u00fdttir \u00fe\u00fa sj\u00f6stirnisins band? e\u00f0a getur \u00fe\u00fa leist Orions <span class='VideyAth'>(fj\u00f3sakonanna)<\/span> belti,<a name=\"32\"><span class=\"versanumer\">32<\/span><\/a>l\u00e6tur \u00fe\u00fa planeturnar koma \u00e1 s\u00ednum t\u00edma? ellegar framlei\u00f0ir \u00fe\u00fa birnuna <span class='VideyAth'>a)<\/span> me\u00f0 hennar b\u00f6rnum.<a name=\"33\"><span class=\"versanumer\">33<\/span><\/a>\u00deekkir \u00fe\u00fa himinsins l\u00f6g? e\u00f0a getur \u00fe\u00fa \u00e1kvar\u00f0a\u00f0 hans herrad\u00e6mi yfir j\u00f6r\u00f0unni?<a name=\"34\"><span class=\"versanumer\">34<\/span><\/a>Getur \u00fe\u00fa lyft \u00feinni raust upp til sk\u00fdjanna, svo a\u00f0 vatnsins margfj\u00f6ldi hylji \u00feig.<a name=\"35\"><span class=\"versanumer\">35<\/span><\/a>Getur \u00fe\u00fa sent eldingarnar svo \u00fe\u00e6r fari og segi: h\u00e9r erum v\u00e9r!<a name=\"36\"><span class=\"versanumer\">36<\/span><\/a>Hv\u00f6r lag\u00f0i v\u00edsd\u00f3m \u00ed \u00feeirra sveiflur? og hv\u00f6r gaf loftsj\u00f3nunum vit?<a name=\"37\"><span class=\"versanumer\">37<\/span><\/a>Hv\u00f6r telur sk\u00fdin me\u00f0 visku? og hv\u00f6r t\u00e6mir himinsins vatns\u00edl\u00e1t?<a name=\"38\"><span class=\"versanumer\">38<\/span><\/a>svo a\u00f0 ryki\u00f0 samanl\u00edmist fast, og jar\u00f0hnausarnir tolli hv\u00f6r vi\u00f0 annan?<\/p>\n<div class=\"footnoteVidey\">V. 13. a. \u00de. e. \u00fej\u00f3far og mor\u00f0ingjar og h\u00f3rkarlar etc.  V. 15. b. Nl. myrkrinu.  V. 21. \u00de\u00fa veist \u00fea\u00f0, l\u00edklega: Gu\u00f0.  V. 32. a. Birna: stj\u00f6rnuflokkur, vagninn.<\/div>\n","protected":false},"excerpt":{"rendered":"<p>Drottinn \u00e1v\u00edtar Job fyrir d\u00e6lsku. 1Eftir \u00fea\u00f0 svara\u00f0i Drottinn Job af vindbil og sag\u00f0i:2hv\u00f6r er \u00feessi sem formyrkvar Gu\u00f0s r\u00e1\u00f0 me\u00f0 \u00f3skyns\u00f6mum t\u00f6lum?3Vel og gott! umgir\u00f0 \u00fe\u00ednar lendar, sem ma\u00f0ur, svo skal eg spyrja \u00feig, og \u00fe\u00fa skalt fr\u00e6\u00f0a mig.4Hvar varstu \u00feegar eg grundvalla\u00f0i j\u00f6r\u00f0ina? seg\u00f0u fr\u00e1, ef \u00fe\u00fa hefir skilning og vit!5Hv\u00f6r hefir sett henni m\u00e1l, a\u00f0 \u00fe\u00fa vissir \u00fea\u00f0, e\u00f0a hv\u00f6r \u00fat\u00feandi sn\u00faruna yfir hana?6Hvar \u00e1 er hennar grundv\u00f6llur settur? hv\u00f6r lag\u00f0i hennar hornstein,7\u00feegar morgunstj\u00f6rnurnar sungu gle\u00f0is\u00f6ng, og \u00f6ll Gu\u00f0s b\u00f6rn f\u00f6gnu\u00f0u?8Og hv\u00f6r inniloka\u00f0i hafi\u00f0 me\u00f0 hur\u00f0um \u00feegar \u00fea\u00f0 frambraust og gekk \u00fat af m\u00f3\u00f0url\u00edfi?9\u00deegar eg gaf \u00fev\u00ed <a href=\"https:\/\/biblian.is\/videy\/jobsbok-38-kafli\/\"> [&#8230;]<\/a><\/p>\n","protected":false},"author":1,"featured_media":0,"parent":0,"menu_order":0,"comment_status":"open","ping_status":"open","template":"bibliukaflar.php","meta":{"footnotes":""},"class_list":["post-21323","page","type-page","status-publish","hentry"],"_links":{"self":[{"href":"https:\/\/biblian.is\/videy\/wp-json\/wp\/v2\/pages\/21323","targetHints":{"allow":["GET"]}}],"collection":[{"href":"https:\/\/biblian.is\/videy\/wp-json\/wp\/v2\/pages"}],"about":[{"href":"https:\/\/biblian.is\/videy\/wp-json\/wp\/v2\/types\/page"}],"author":[{"embeddable":true,"href":"https:\/\/biblian.is\/videy\/wp-json\/wp\/v2\/users\/1"}],"replies":[{"embeddable":true,"href":"https:\/\/biblian.is\/videy\/wp-json\/wp\/v2\/comments?post=21323"}],"version-history":[{"count":0,"href":"https:\/\/biblian.is\/videy\/wp-json\/wp\/v2\/pages\/21323\/revisions"}],"wp:attachment":[{"href":"https:\/\/biblian.is\/videy\/wp-json\/wp\/v2\/media?parent=21323"}],"curies":[{"name":"wp","href":"https:\/\/api.w.org\/{rel}","templated":true}]}}