{"id":21322,"date":"2018-01-02T01:01:23","date_gmt":"2018-01-02T01:01:23","guid":{"rendered":"http:\/\/biblian.is\/videy\/jobsbok-37-kafli\/"},"modified":"2018-01-02T01:01:23","modified_gmt":"2018-01-02T01:01:23","slug":"jobsbok-37-kafli","status":"publish","type":"page","link":"https:\/\/biblian.is\/videy\/jobsbok-37-kafli\/","title":{"rendered":"Jobsb\u00f3k 37. kafli"},"content":{"rendered":"<div class=\"fyrirsognVidey\">Sama tala.<\/div>\n<p><a name=\"1\"><span class=\"versanumer\">1<\/span><\/a>J\u00e1! fyrir \u00feessum skelfist mitt hjarta og st\u00f6kkur upp \u00far s\u00ednum sta\u00f0.<a name=\"2\"><span class=\"versanumer\">2<\/span><\/a>Heyri\u00f0! heyri\u00f0! dun hans raddar, og hv\u00f6rt buldur \u00fatgengur af hans munni!<a name=\"3\"><span class=\"versanumer\">3<\/span><\/a>Undir \u00f6llum himninum l\u00e6tur hann hana fara \u00e1fram, og hennar eld <span class='VideyAth'>(lj\u00f3s)<\/span> til jar\u00f0arinnar enda.<a name=\"4\"><span class=\"versanumer\">4<\/span><\/a>Strax \u00fear eftir \u00f6skrar hans raust, hann \u00ferumar me\u00f0 h\u00e1um r\u00f3m, og hann dregur ekki af honum; l\u00e6tur s\u00edna raust heyrast.<a name=\"5\"><span class=\"versanumer\">5<\/span><\/a>Gu\u00f0 \u00ferumar undrunarlega me\u00f0 sinni raust, hann gj\u00f6rir mikla hluti og v\u00e9r skynjum \u00fe\u00e1 ekki.<a name=\"6\"><span class=\"versanumer\">6<\/span><\/a>\u00dev\u00ed hann b\u00fd\u00f0ur snj\u00f3num, og segir: \u00fe\u00fa skalt falla \u00e1 j\u00f6r\u00f0ina! og steypisk\u00farum og hry\u00f0jum, a\u00f0 \u00fathellast af \u00f6llum m\u00e6tti.<a name=\"7\"><span class=\"versanumer\">7<\/span><\/a>Hann innsiglar <span class='VideyAth'>a)<\/span> hv\u00f6rs manns h\u00f6nd, a\u00f0 allir menn sem hann gj\u00f6r\u00f0i, skuli \u00feekkja hann.<a name=\"8\"><span class=\"versanumer\">8<\/span><\/a>Og villud\u00fdrin ver\u00f0a a\u00f0 fara \u00ed s\u00ednar holur, og vera \u00ed s\u00ednum b\u00e6lum.<a name=\"9\"><span class=\"versanumer\">9<\/span><\/a>Fr\u00e1 su\u00f0ri kemur stormvi\u00f0ri\u00f0, og nor\u00f0an a\u00f0 kuldinn.<a name=\"10\"><span class=\"versanumer\">10<\/span><\/a>Af Gu\u00f0s Anda kemur \u00edsinn, svo \u00ferengir a\u00f0 vatnsins breidd.<a name=\"11\"><span class=\"versanumer\">11<\/span><\/a>Aftur burtrekur hreinvi\u00f0ri\u00f0 \u00feokuna, hann tv\u00edstrar sk\u00fdjunum me\u00f0 s\u00ednum eldi.<a name=\"12\"><span class=\"versanumer\">12<\/span><\/a>Og hann sn\u00fdr s\u00e9r \u00ed allar \u00e1ttir, til a\u00f0 fullgj\u00f6ra allt hva\u00f0 hann <span class='VideyAth'>(Gu\u00f0)<\/span> b\u00fd\u00f0ur \u00e1 jar\u00f0arkringlunni.<a name=\"13\"><span class=\"versanumer\">13<\/span><\/a>Hv\u00f6rt sem \u00fea\u00f0 ske\u00f0ur til hegningar, e\u00f0a landinu til g\u00f3\u00f0s, ellegar af n\u00e1\u00f0, l\u00e6tur hann <span class='VideyAth'>(eldinguna)<\/span> ni\u00f0ur sl\u00e1.<a name=\"14\"><span class=\"versanumer\">14<\/span><\/a>Taktu eftir \u00feessu, Job! stansa\u00f0u \u00feig, og gef \u00fe\u00fa gaum a\u00f0 Gu\u00f0s d\u00e1semdum.<a name=\"15\"><span class=\"versanumer\">15<\/span><\/a>Veistu n\u00e6r Gu\u00f0 sn\u00fdr sinni hugsan til \u00feeirra, n\u00e6r hann l\u00e6tur eldinguna sk\u00edna fr\u00e1 s\u00ednu sk\u00fdi?<a name=\"16\"><span class=\"versanumer\">16<\/span><\/a>Hefir \u00fe\u00fa vit \u00e1 sk\u00fdjanna vigt, \u00feessum d\u00e1semdum hans, sem er fullkominn \u00ed v\u00edsd\u00f3mi?<a name=\"17\"><span class=\"versanumer\">17<\/span><\/a>E\u00f0a hv\u00f6rnig \u00fe\u00edn kl\u00e6\u00f0i ver\u00f0a heit, \u00feegar hann gj\u00f6rir lygnt su\u00f0ur \u00ed landinu?<a name=\"18\"><span class=\"versanumer\">18<\/span><\/a>Hefir \u00fe\u00fa \u00fat\u00feani\u00f0 sk\u00fdin me\u00f0 honum, f\u00f6st, eins og steyptan spegil?<a name=\"19\"><span class=\"versanumer\">19<\/span><\/a>Kenndu oss hva\u00f0 v\u00e9r eigum a\u00f0 segja vi\u00f0 hann, \u00fev\u00ed v\u00e9r getum ei reglulega \u00edmynda\u00f0 oss neitt vegna dimmu.<a name=\"20\"><span class=\"versanumer\">20<\/span><\/a>Mun honum ver\u00f0a sagt fr\u00e1 a\u00f0 eg tali? \u00e6tla nokkur geti tala\u00f0 vi\u00f0 hann? nei! s\u00e1 m\u00e6tti ver\u00f0a uppsvelgdur.<a name=\"21\"><span class=\"versanumer\">21<\/span><\/a>N\u00fa s\u00e9r ma\u00f0urinn ekki \u00fea\u00f0 lj\u00f3s sem sk\u00edn \u00ed sk\u00fdjunum; en \u00feegar ve\u00f0ri\u00f0 fer \u00e1fram, svo hreinsar \u00fea\u00f0 \u00feau.<a name=\"22\"><span class=\"versanumer\">22<\/span><\/a>Nor\u00f0an a\u00f0 kemur gullglampinn, <span class='VideyAth'>(nor\u00f0urlj\u00f3si\u00f0)<\/span> \u00f3ttaleg er Gu\u00f0s h\u00e1tign.<a name=\"23\"><span class=\"versanumer\">23<\/span><\/a>Hann er s\u00e1 alm\u00e1ttugi; v\u00e9r finnum hann ekki, hann er mj\u00f6g sterkur, r\u00e9ttl\u00e1tur og sanns\u00fdnn; hann undir\u00ferykkir ekki.<a name=\"24\"><span class=\"versanumer\">24<\/span><\/a>\u00dear fyrir skulu menn \u00f3ttast hann, en jafnvel hinir v\u00edsustu ekki sj\u00e1 hann.<\/p>\n<div class=\"footnoteVidey\">V. 7. Innsiglar, \u00fe. e. hindrar fr\u00e1 vinnu, me\u00f0 \u00f3ve\u00f0ri.<\/div>\n","protected":false},"excerpt":{"rendered":"<p>Sama tala. 1J\u00e1! fyrir \u00feessum skelfist mitt hjarta og st\u00f6kkur upp \u00far s\u00ednum sta\u00f0.2Heyri\u00f0! heyri\u00f0! dun hans raddar, og hv\u00f6rt buldur \u00fatgengur af hans munni!3Undir \u00f6llum himninum l\u00e6tur hann hana fara \u00e1fram, og hennar eld (lj\u00f3s) til jar\u00f0arinnar enda.4Strax \u00fear eftir \u00f6skrar hans raust, hann \u00ferumar me\u00f0 h\u00e1um r\u00f3m, og hann dregur ekki af honum; l\u00e6tur s\u00edna raust heyrast.5Gu\u00f0 \u00ferumar undrunarlega me\u00f0 sinni raust, hann gj\u00f6rir mikla hluti og v\u00e9r skynjum \u00fe\u00e1 ekki.6\u00dev\u00ed hann b\u00fd\u00f0ur snj\u00f3num, og segir: \u00fe\u00fa skalt falla \u00e1 j\u00f6r\u00f0ina! og steypisk\u00farum og hry\u00f0jum, a\u00f0 \u00fathellast af \u00f6llum m\u00e6tti.7Hann innsiglar a) hv\u00f6rs manns h\u00f6nd, a\u00f0 allir menn <a href=\"https:\/\/biblian.is\/videy\/jobsbok-37-kafli\/\"> [&#8230;]<\/a><\/p>\n","protected":false},"author":1,"featured_media":0,"parent":0,"menu_order":0,"comment_status":"open","ping_status":"open","template":"bibliukaflar.php","meta":{"footnotes":""},"class_list":["post-21322","page","type-page","status-publish","hentry"],"_links":{"self":[{"href":"https:\/\/biblian.is\/videy\/wp-json\/wp\/v2\/pages\/21322","targetHints":{"allow":["GET"]}}],"collection":[{"href":"https:\/\/biblian.is\/videy\/wp-json\/wp\/v2\/pages"}],"about":[{"href":"https:\/\/biblian.is\/videy\/wp-json\/wp\/v2\/types\/page"}],"author":[{"embeddable":true,"href":"https:\/\/biblian.is\/videy\/wp-json\/wp\/v2\/users\/1"}],"replies":[{"embeddable":true,"href":"https:\/\/biblian.is\/videy\/wp-json\/wp\/v2\/comments?post=21322"}],"version-history":[{"count":0,"href":"https:\/\/biblian.is\/videy\/wp-json\/wp\/v2\/pages\/21322\/revisions"}],"wp:attachment":[{"href":"https:\/\/biblian.is\/videy\/wp-json\/wp\/v2\/media?parent=21322"}],"curies":[{"name":"wp","href":"https:\/\/api.w.org\/{rel}","templated":true}]}}