{"id":21321,"date":"2018-01-02T01:01:23","date_gmt":"2018-01-02T01:01:23","guid":{"rendered":"http:\/\/biblian.is\/videy\/jobsbok-36-kafli\/"},"modified":"2018-01-02T01:01:23","modified_gmt":"2018-01-02T01:01:23","slug":"jobsbok-36-kafli","status":"publish","type":"page","link":"https:\/\/biblian.is\/videy\/jobsbok-36-kafli\/","title":{"rendered":"Jobsb\u00f3k 36. kafli"},"content":{"rendered":"<div class=\"fyrirsognVidey\">Sama tala.<\/div>\n<p><a name=\"1\"><span class=\"versanumer\">1<\/span><\/a>Og El\u00edh\u00fa h\u00e9lt \u00e1fram og m\u00e6lti:<a name=\"2\"><span class=\"versanumer\">2<\/span><\/a>gefi\u00f0 m\u00e9r enn n\u00fa l\u00edtinn frest, og eg skal uppfr\u00e6\u00f0a \u00feig, \u00fev\u00ed eg hefi enn n\u00fa miki\u00f0 a\u00f0 tala af Gu\u00f0s h\u00e1lfu.<a name=\"3\"><span class=\"versanumer\">3<\/span><\/a>Eg vil s\u00e6kja m\u00edna \u00feekkingu langt a\u00f0, og \u00feeim sem skapa\u00f0i mig vil eg \u00fatvega r\u00e9tt.<a name=\"4\"><span class=\"versanumer\">4<\/span><\/a>Sannarlega skal mitt tal ekki vera lygi. Hreinskilinn ma\u00f0ur stendur frammi fyrir \u00fe\u00e9r.<a name=\"5\"><span class=\"versanumer\">5<\/span><\/a>Sj\u00e1! Gu\u00f0 er voldugur, \u00fe\u00f3 fyrirl\u00edtur hann engan, hann er voldugur af hjartans krafti.<a name=\"6\"><span class=\"versanumer\">6<\/span><\/a>Hann l\u00e6tur ekki hinn \u00f3gu\u00f0lega lifa, en \u00fatvegar \u00feeim a\u00f0\u00ferengda r\u00e9tt.<a name=\"7\"><span class=\"versanumer\">7<\/span><\/a>Hann sn\u00fdr ekki s\u00ednum augum fr\u00e1 \u00feeim r\u00e9ttl\u00e1tu, heldur setur \u00fe\u00e1 eil\u00edflega me\u00f0 k\u00f3ngum \u00e1 h\u00e1s\u00e6ti\u00f0, og upphefur \u00fe\u00e1,<a name=\"8\"><span class=\"versanumer\">8<\/span><\/a>og \u00fe\u00f3 \u00feeir ver\u00f0i bundnir \u00ed hlekki, og fanga\u00f0ir \u00ed eymdanna sn\u00f6ru;<a name=\"9\"><span class=\"versanumer\">9<\/span><\/a>\u00fe\u00e1 s\u00fdnir hann \u00feeim a\u00f0eins \u00feeirra verk, og \u00feeirra yfirtro\u00f0slur, hv\u00f6rsu \u00fe\u00e6r hafa fari\u00f0 \u00ed v\u00f6xt;<a name=\"10\"><span class=\"versanumer\">10<\/span><\/a>\u00fe\u00e1 opnar hann \u00feeirra eyru fyrir umv\u00f6ndun, og segir, a\u00f0 \u00feeir skuli umvenda s\u00e9r fr\u00e1 rangl\u00e6tinu;<a name=\"11\"><span class=\"versanumer\">11<\/span><\/a>ef \u00fea\u00f0 \u00feeir gegna og \u00fej\u00f3na honum, \u00fe\u00e1 enda \u00feeir s\u00edna daga \u00ed lukku, og s\u00edn \u00e1r \u00ed miklum f\u00f6gnu\u00f0i.<a name=\"12\"><span class=\"versanumer\">12<\/span><\/a>En ef \u00feeir gegna honum ekki, \u00fe\u00e1 farast \u00feeir fyrir sver\u00f0i, og uppgefa andann sakir heimsku.<a name=\"13\"><span class=\"versanumer\">13<\/span><\/a>Vonskufullir auka rei\u00f0ina; \u00feeir bi\u00f0ja ekki \u00feegar hann bindur \u00fe\u00e1.<a name=\"14\"><span class=\"versanumer\">14<\/span><\/a>\u00deeirra s\u00e1l deyr \u00ed \u00e6skunni, og \u00feeirra l\u00edf endar me\u00f0al lausl\u00e1tra.<a name=\"15\"><span class=\"versanumer\">15<\/span><\/a>En hann frelsar \u00fe\u00e1 aumu \u00ed \u00feeirra eymd, og opnar \u00ed \u00ferengingu \u00feeirra eyru.<a name=\"16\"><span class=\"versanumer\">16<\/span><\/a>Einnig \u00feig mun hann \u00fatlei\u00f0a \u00far angistarinnar gini \u00feanga\u00f0, hvar ekki er \u00fer\u00f6ngt um \u00feig, \u00feitt bor\u00f0 skal vera r\u00f3legt og fullt af feiti.<a name=\"17\"><span class=\"versanumer\">17<\/span><\/a>En ef \u00fe\u00fa vinnur til d\u00f3ms hins \u00f3gu\u00f0lega, \u00fe\u00e1 mun d\u00f3murinn og straffi\u00f0 reka hva\u00f0 anna\u00f0.<a name=\"18\"><span class=\"versanumer\">18<\/span><\/a>Vara\u00f0u \u00feig \u00fev\u00ed \u00e1 <span class='VideyAth'>(hans)<\/span> rei\u00f0i, a\u00f0 hann ekki hrindi \u00fe\u00e9r \u00ed fordj\u00f6rfun, fr\u00e1 hv\u00f6rri \u00fe\u00fa ekki me\u00f0 miklu lausnargjaldi getur sloppi\u00f0.<a name=\"19\"><span class=\"versanumer\">19<\/span><\/a>\u00c6tla hann meti \u00feinn au\u00f0 mikils? nei! hv\u00f6rki gulli\u00f0, n\u00e9 nokkurrar au\u00f0leg\u00f0ar kraft.<a name=\"20\"><span class=\"versanumer\">20<\/span><\/a>S\u00e6ktu ei eftir \u00feeirri n\u00f3tt <span class='VideyAth'>(dau\u00f0anum)<\/span>, \u00fe\u00e1 f\u00f3lki er burtu kippt \u00far s\u00ednum sta\u00f0.<a name=\"21\"><span class=\"versanumer\">21<\/span><\/a>G\u00e6ttu \u00fe\u00edn, a\u00f0 \u00fe\u00fa ekki sn\u00fair \u00fe\u00ednu andliti til ranginda, \u00fev\u00ed \u00fe\u00fa k\u00fds \u00feau heldur en eymd.<a name=\"22\"><span class=\"versanumer\">22<\/span><\/a>Sj\u00e1\u00f0u! Gu\u00f0 er upphafinn \u00ed s\u00ednum krafti; hv\u00f6r er kennari sem hann?<a name=\"23\"><span class=\"versanumer\">23<\/span><\/a>Hv\u00f6r vill v\u00edsa honum lei\u00f0? og hv\u00f6r \u00feorir a\u00f0 segja: \u00fe\u00fa hefir gj\u00f6rt rangt?<a name=\"24\"><span class=\"versanumer\">24<\/span><\/a>Minnstu \u00feess a\u00f0 \u00fe\u00fa hr\u00f3sir hans verkum, sem mennirnir d\u00e1st a\u00f0 .<a name=\"25\"><span class=\"versanumer\">25<\/span><\/a>Alla ver\u00f6ldina sko\u00f0ar hann; manninn s\u00e9r hann langt fr\u00e1.<a name=\"26\"><span class=\"versanumer\">26<\/span><\/a>Sj\u00e1! Gu\u00f0 er mikill og v\u00e9r \u00feekkjum \u00fea\u00f0 ekki. Hans \u00e1rat\u00f6lu, getur ma\u00f0urinn ekki rannsaka\u00f0.<a name=\"27\"><span class=\"versanumer\">27<\/span><\/a>\u00deegar hann dregur vatnsdropana til s\u00edn, \u00fe\u00e1 \u00fathellist regn af d\u00f6mpunum,<a name=\"28\"><span class=\"versanumer\">28<\/span><\/a>sem sk\u00fdin l\u00e1ta ni\u00f0urflj\u00f3ta, \u00feau ni\u00f0urdrj\u00fapa drj\u00fagum yfir mennina.<a name=\"29\"><span class=\"versanumer\">29<\/span><\/a>Og hv\u00f6r skilur sk\u00fdjanna \u00fatbrei\u00f0slu, og dunur hans tjaldb\u00fa\u00f0ar?<a name=\"30\"><span class=\"versanumer\">30<\/span><\/a>Sj\u00e1! hann \u00fatbrei\u00f0ir sitt lj\u00f3s \u00ed kringum sig, og felur hafsins r\u00e6tur,<a name=\"31\"><span class=\"versanumer\">31<\/span><\/a>\u00fev\u00ed me\u00f0 \u00feessum heims\u00e6kir hann \u00fej\u00f3\u00f0irnar, me\u00f0 \u00feessum gefur hann r\u00edkuglega f\u00e6\u00f0slu.<a name=\"32\"><span class=\"versanumer\">32<\/span><\/a>\u00cd b\u00e1\u00f0um h\u00f6ndum heldur hann eldingunni og st\u00fdrir henni gegn \u00feeim sem gj\u00f6ra uppreisn.<a name=\"33\"><span class=\"versanumer\">33<\/span><\/a>Hann l\u00e6tur \u00fe\u00e1 heyra s\u00edna \u00ferumu raust, upp yfir f\u00e9na\u00f0inum og yfir \u00fev\u00ed sem sprettur af j\u00f6r\u00f0unni.<\/p>\n<div class=\"footnoteVidey\"><\/div>\n","protected":false},"excerpt":{"rendered":"<p>Sama tala. 1Og El\u00edh\u00fa h\u00e9lt \u00e1fram og m\u00e6lti:2gefi\u00f0 m\u00e9r enn n\u00fa l\u00edtinn frest, og eg skal uppfr\u00e6\u00f0a \u00feig, \u00fev\u00ed eg hefi enn n\u00fa miki\u00f0 a\u00f0 tala af Gu\u00f0s h\u00e1lfu.3Eg vil s\u00e6kja m\u00edna \u00feekkingu langt a\u00f0, og \u00feeim sem skapa\u00f0i mig vil eg \u00fatvega r\u00e9tt.4Sannarlega skal mitt tal ekki vera lygi. Hreinskilinn ma\u00f0ur stendur frammi fyrir \u00fe\u00e9r.5Sj\u00e1! Gu\u00f0 er voldugur, \u00fe\u00f3 fyrirl\u00edtur hann engan, hann er voldugur af hjartans krafti.6Hann l\u00e6tur ekki hinn \u00f3gu\u00f0lega lifa, en \u00fatvegar \u00feeim a\u00f0\u00ferengda r\u00e9tt.7Hann sn\u00fdr ekki s\u00ednum augum fr\u00e1 \u00feeim r\u00e9ttl\u00e1tu, heldur setur \u00fe\u00e1 eil\u00edflega me\u00f0 k\u00f3ngum \u00e1 h\u00e1s\u00e6ti\u00f0, og upphefur \u00fe\u00e1,8og \u00fe\u00f3 \u00feeir ver\u00f0i <a href=\"https:\/\/biblian.is\/videy\/jobsbok-36-kafli\/\"> [&#8230;]<\/a><\/p>\n","protected":false},"author":1,"featured_media":0,"parent":0,"menu_order":0,"comment_status":"open","ping_status":"open","template":"bibliukaflar.php","meta":{"footnotes":""},"class_list":["post-21321","page","type-page","status-publish","hentry"],"_links":{"self":[{"href":"https:\/\/biblian.is\/videy\/wp-json\/wp\/v2\/pages\/21321","targetHints":{"allow":["GET"]}}],"collection":[{"href":"https:\/\/biblian.is\/videy\/wp-json\/wp\/v2\/pages"}],"about":[{"href":"https:\/\/biblian.is\/videy\/wp-json\/wp\/v2\/types\/page"}],"author":[{"embeddable":true,"href":"https:\/\/biblian.is\/videy\/wp-json\/wp\/v2\/users\/1"}],"replies":[{"embeddable":true,"href":"https:\/\/biblian.is\/videy\/wp-json\/wp\/v2\/comments?post=21321"}],"version-history":[{"count":0,"href":"https:\/\/biblian.is\/videy\/wp-json\/wp\/v2\/pages\/21321\/revisions"}],"wp:attachment":[{"href":"https:\/\/biblian.is\/videy\/wp-json\/wp\/v2\/media?parent=21321"}],"curies":[{"name":"wp","href":"https:\/\/api.w.org\/{rel}","templated":true}]}}