{"id":21320,"date":"2018-01-02T01:01:23","date_gmt":"2018-01-02T01:01:23","guid":{"rendered":"http:\/\/biblian.is\/videy\/jobsbok-35-kafli\/"},"modified":"2018-01-02T01:01:23","modified_gmt":"2018-01-02T01:01:23","slug":"jobsbok-35-kafli","status":"publish","type":"page","link":"https:\/\/biblian.is\/videy\/jobsbok-35-kafli\/","title":{"rendered":"Jobsb\u00f3k 35. kafli"},"content":{"rendered":"<div class=\"fyrirsognVidey\">Sama tala.<\/div>\n<p><a name=\"1\"><span class=\"versanumer\">1<\/span><\/a>Og El\u00edh\u00fa t\u00f3k enn n\u00fa til or\u00f0a og m\u00e6lti:<a name=\"2\"><span class=\"versanumer\">2<\/span><\/a>heldur \u00fe\u00fa \u00fea\u00f0 r\u00e9tt sem \u00fe\u00fa sag\u00f0ir: eg hefi betri m\u00e1lsta\u00f0 en Gu\u00f0?<a name=\"3\"><span class=\"versanumer\">3<\/span><\/a>\u00deegar \u00fe\u00fa segir: hva\u00f0 sto\u00f0ar \u00fea\u00f0 mig? Hva\u00f0a gagn hefi eg af \u00fev\u00ed, a\u00f0 v\u00edkja fr\u00e1 minni synd?<a name=\"4\"><span class=\"versanumer\">4<\/span><\/a>Eg vil svara \u00fe\u00e9r og \u00fe\u00ednum vinum l\u00edka.<a name=\"5\"><span class=\"versanumer\">5<\/span><\/a>Sko\u00f0a\u00f0u himininn og sj\u00e1\u00f0u! virtu fyrir \u00fe\u00e9r sk\u00fdin, hva\u00f0 h\u00e1tt \u00feau eru yfir \u00fe\u00e9r!<a name=\"6\"><span class=\"versanumer\">6<\/span><\/a>Efa\u00f0 \u00fe\u00fa syndgar, hva\u00f0 ska\u00f0ar \u00fe\u00fa hann? Og \u00fe\u00f3 \u00fe\u00ednar yfirtro\u00f0slur s\u00e9u margar, hva\u00f0 getur \u00fe\u00fa gj\u00f6rt honum?<a name=\"7\"><span class=\"versanumer\">7<\/span><\/a>\u00de\u00f3 \u00fe\u00fa s\u00e9rt r\u00e9ttv\u00eds, hva\u00f0 getur \u00fe\u00fa gefi\u00f0 honum? E\u00f0a hva\u00f0 skal hann \u00feiggja af \u00feinni hendi?<a name=\"8\"><span class=\"versanumer\">8<\/span><\/a>Vi\u00f0 mann eins og \u00fe\u00fa ert, <span class='VideyAth'>(\u00e1 r\u00e9tt)<\/span> \u00feinn \u00f3gu\u00f0leiki, og \u00fe\u00edn r\u00e9ttv\u00edsi vi\u00f0 mannsins barn.<a name=\"9\"><span class=\"versanumer\">9<\/span><\/a>Me\u00f0 margf\u00f6ldu ofbeldi kemur ma\u00f0ur \u00feeim undir\u00ferykktu til a\u00f0 hr\u00f3pa; \u00feeir kveina undan armi hins st\u00f3ra manns;<a name=\"10\"><span class=\"versanumer\">10<\/span><\/a>en enginn \u00feeirra segir: \u201ehvar er Gu\u00f0 sem sk\u00f3p mig, sem gefur s\u00e1lma <span class='VideyAth'>(f\u00f6gnu\u00f0)<\/span> \u00e1 n\u00f3ttinni? <span class='VideyAth'>(S\u00e1lm. 42)<\/span>.<a name=\"11\"><span class=\"versanumer\">11<\/span><\/a>Sem gaf oss meira vit en d\u00fdrunum \u00e1 m\u00f6rkinni, og meiri v\u00edsd\u00f3m, en fuglunum undir himninum.<a name=\"12\"><span class=\"versanumer\">12<\/span><\/a>Svona hr\u00f3pa \u00feeir, en hann ansar ekki, vegna drambsemi hinna vondu.<a name=\"13\"><span class=\"versanumer\">13<\/span><\/a>Vissulega heyrir Gu\u00f0 ekki h\u00e9g\u00f3mlega bei\u00f0ni. Og s\u00e1 alm\u00e1ttugi gefur henni ekki gaum.<a name=\"14\"><span class=\"versanumer\">14<\/span><\/a>Miklu s\u00ed\u00f0ur \u00fe\u00e1 \u00fe\u00fa segir: \u00fe\u00fa sj\u00e1ir hann ekki! samt er d\u00f3mur fyrir hans augliti; b\u00ed\u00f0 \u00fe\u00fa hans \u00fev\u00ed a\u00f0eins!<a name=\"15\"><span class=\"versanumer\">15<\/span><\/a>En n\u00fa, \u00feegar hans rei\u00f0i ekki straffar, og gefur ekki gaum syndanna gn\u00e6gt,<a name=\"16\"><span class=\"versanumer\">16<\/span><\/a>svo l\u00edkur Job upp s\u00ednum munni og framm\u00e6lir m\u00f6rg or\u00f0 f\u00e1v\u00edslega.<\/p>\n<div class=\"footnoteVidey\"><\/div>\n","protected":false},"excerpt":{"rendered":"<p>Sama tala. 1Og El\u00edh\u00fa t\u00f3k enn n\u00fa til or\u00f0a og m\u00e6lti:2heldur \u00fe\u00fa \u00fea\u00f0 r\u00e9tt sem \u00fe\u00fa sag\u00f0ir: eg hefi betri m\u00e1lsta\u00f0 en Gu\u00f0?3\u00deegar \u00fe\u00fa segir: hva\u00f0 sto\u00f0ar \u00fea\u00f0 mig? Hva\u00f0a gagn hefi eg af \u00fev\u00ed, a\u00f0 v\u00edkja fr\u00e1 minni synd?4Eg vil svara \u00fe\u00e9r og \u00fe\u00ednum vinum l\u00edka.5Sko\u00f0a\u00f0u himininn og sj\u00e1\u00f0u! virtu fyrir \u00fe\u00e9r sk\u00fdin, hva\u00f0 h\u00e1tt \u00feau eru yfir \u00fe\u00e9r!6Efa\u00f0 \u00fe\u00fa syndgar, hva\u00f0 ska\u00f0ar \u00fe\u00fa hann? Og \u00fe\u00f3 \u00fe\u00ednar yfirtro\u00f0slur s\u00e9u margar, hva\u00f0 getur \u00fe\u00fa gj\u00f6rt honum?7\u00de\u00f3 \u00fe\u00fa s\u00e9rt r\u00e9ttv\u00eds, hva\u00f0 getur \u00fe\u00fa gefi\u00f0 honum? E\u00f0a hva\u00f0 skal hann \u00feiggja af \u00feinni hendi?8Vi\u00f0 mann eins og \u00fe\u00fa ert, (\u00e1 r\u00e9tt) <a href=\"https:\/\/biblian.is\/videy\/jobsbok-35-kafli\/\"> [&#8230;]<\/a><\/p>\n","protected":false},"author":1,"featured_media":0,"parent":0,"menu_order":0,"comment_status":"open","ping_status":"open","template":"bibliukaflar.php","meta":{"footnotes":""},"class_list":["post-21320","page","type-page","status-publish","hentry"],"_links":{"self":[{"href":"https:\/\/biblian.is\/videy\/wp-json\/wp\/v2\/pages\/21320","targetHints":{"allow":["GET"]}}],"collection":[{"href":"https:\/\/biblian.is\/videy\/wp-json\/wp\/v2\/pages"}],"about":[{"href":"https:\/\/biblian.is\/videy\/wp-json\/wp\/v2\/types\/page"}],"author":[{"embeddable":true,"href":"https:\/\/biblian.is\/videy\/wp-json\/wp\/v2\/users\/1"}],"replies":[{"embeddable":true,"href":"https:\/\/biblian.is\/videy\/wp-json\/wp\/v2\/comments?post=21320"}],"version-history":[{"count":0,"href":"https:\/\/biblian.is\/videy\/wp-json\/wp\/v2\/pages\/21320\/revisions"}],"wp:attachment":[{"href":"https:\/\/biblian.is\/videy\/wp-json\/wp\/v2\/media?parent=21320"}],"curies":[{"name":"wp","href":"https:\/\/api.w.org\/{rel}","templated":true}]}}