{"id":21319,"date":"2018-01-02T01:01:23","date_gmt":"2018-01-02T01:01:23","guid":{"rendered":"http:\/\/biblian.is\/videy\/jobsbok-34-kafli\/"},"modified":"2018-01-02T01:01:23","modified_gmt":"2018-01-02T01:01:23","slug":"jobsbok-34-kafli","status":"publish","type":"page","link":"https:\/\/biblian.is\/videy\/jobsbok-34-kafli\/","title":{"rendered":"Jobsb\u00f3k 34. kafli"},"content":{"rendered":"<div class=\"fyrirsognVidey\">Sama tala.<\/div>\n<p><a name=\"1\"><span class=\"versanumer\">1<\/span><\/a>Framvegis t\u00f3k El\u00edh\u00fa til or\u00f0a, og m\u00e6lti:<a name=\"2\"><span class=\"versanumer\">2<\/span><\/a>heyri\u00f0, \u00fe\u00e9r v\u00edsu, mitt tal, og \u00fe\u00e9r hyggnu!<a name=\"3\"><span class=\"versanumer\">3<\/span><\/a>leggi\u00f0 vi\u00f0 eyrun, \u00fev\u00ed eyra\u00f0 pr\u00f3far tali\u00f0, eins og g\u00f3murinn smakkar til a\u00f0 eta <span class='VideyAth'>(f\u00e6\u00f0una)<\/span>,<a name=\"4\"><span class=\"versanumer\">4<\/span><\/a>l\u00e1tum oss rannsaka r\u00e9ttinn, l\u00e1tum oss koma oss saman um hva\u00f0 gott er.<a name=\"5\"><span class=\"versanumer\">5<\/span><\/a>Job hefir sagt: \u201eeg er r\u00e9ttl\u00e1tur, og Gu\u00f0 hefir r\u00e6nt mig m\u00ednum r\u00e9tti,<a name=\"6\"><span class=\"versanumer\">6<\/span><\/a>eg straffast sem lygari \u00fe\u00f3 eg hafi r\u00e9tt, eg s\u00e6rist af drepandi skeytum, \u00fe\u00f3 engin yfirtro\u00f0sla s\u00e9 hj\u00e1 m\u00e9r\u201c.<a name=\"7\"><span class=\"versanumer\">7<\/span><\/a>Hv\u00f6r ma\u00f0ur er l\u00edkur Job, sem drekkur \u00ed sig gu\u00f0lasti\u00f0 eins og vatn?<a name=\"8\"><span class=\"versanumer\">8<\/span><\/a>Og gengur \u00ed f\u00e9lag me\u00f0 \u00feeim sem gj\u00f6ra rangt, og fer me\u00f0 \u00feeim \u00f3gu\u00f0legu?<a name=\"9\"><span class=\"versanumer\">9<\/span><\/a>\u00dev\u00ed hann sag\u00f0i: \u201e\u00fea\u00f0 sto\u00f0ar ekkert manninn, \u00fe\u00f3 hann langi til a\u00f0 ganga me\u00f0 Gu\u00f0i\u201c.<a name=\"10\"><span class=\"versanumer\">10<\/span><\/a>Heyri\u00f0 mig \u00fev\u00ed \u00fe\u00e9r menn me\u00f0 viti! langt fr\u00e1 Gu\u00f0i s\u00e9 rangl\u00e6ti, og fr\u00e1 \u00feeim Alm\u00e1ttuga \u00f3sanns\u00fdni!<a name=\"11\"><span class=\"versanumer\">11<\/span><\/a>Hann endurgeldur manninum eftir hans verkum, og l\u00e6tur s\u00e9rhv\u00f6rn finna, eftir sinni breytni.<a name=\"12\"><span class=\"versanumer\">12<\/span><\/a>J\u00e1, vissulega breytir Gu\u00f0 ekki rangl\u00e1tlega, og s\u00e1 alm\u00e1ttugi rangf\u00e6rir <span class='VideyAth'>(h\u00e1rtogar)<\/span> ekki r\u00e9ttinn.<a name=\"13\"><span class=\"versanumer\">13<\/span><\/a>Hv\u00f6r hefir sett hann yfir j\u00f6r\u00f0ina, og hv\u00f6r hefir mynda\u00f0 allan heiminn?<a name=\"14\"><span class=\"versanumer\">14<\/span><\/a>Ef a\u00f0 hann vildi annast sig einan, og draga sinn anda og sinn andardr\u00e1tt til s\u00edn,<a name=\"15\"><span class=\"versanumer\">15<\/span><\/a>\u00fe\u00e1 hlyti allt hold a\u00f0 uppgefa andann, og ma\u00f0urinn yr\u00f0i aftur a\u00f0 dufti.<a name=\"16\"><span class=\"versanumer\">16<\/span><\/a>Hafir \u00fe\u00fa vit, \u00fe\u00e1 taktu eftir \u00feessu! sn\u00fa \u00fe\u00ednu eyra a\u00f0 raust minnar or\u00f0r\u00e6\u00f0u!<a name=\"17\"><span class=\"versanumer\">17<\/span><\/a>getur s\u00e1 sem hatar r\u00e9ttinn st\u00fdrt sinni rei\u00f0i? viltu d\u00e6ma \u00feann sem er r\u00e9ttl\u00e1tur og voldugur?<a name=\"18\"><span class=\"versanumer\">18<\/span><\/a>\u00deorir nokkur a\u00f0 segja vi\u00f0 k\u00f3nginn: \u00fe\u00fa afhrak! e\u00f0a vi\u00f0 h\u00f6f\u00f0ingjann: \u00fe\u00fa gu\u00f0leysingur!<a name=\"19\"><span class=\"versanumer\">19<\/span><\/a>Enn s\u00ed\u00f0ur vi\u00f0 \u00feann sem ekki gj\u00f6rir s\u00e9r mannamun, \u00fe\u00f3 furstar eigi \u00ed hlut, og metur ei meir \u00feann r\u00edka en \u00feann snau\u00f0a. \u00dev\u00ed allir eru \u00feeir hans handaverk.<a name=\"20\"><span class=\"versanumer\">20<\/span><\/a>\u00c1 augnabliki deyja \u00feeir; mitt n\u00e1 n\u00f3ttinni skelkast \u00fej\u00f3\u00f0irnar og tort\u00ednast og \u00feeir voldugu burthr\u00edfast \u00e1n manna handa.<a name=\"21\"><span class=\"versanumer\">21<\/span><\/a>\u00dev\u00ed hans augu eru yfir mannanna vegum, og \u00f6ll \u00feeirra spor s\u00e9r hann.<a name=\"22\"><span class=\"versanumer\">22<\/span><\/a>\u00dear er engin dimma, og enginn dau\u00f0ans skuggi, hvar \u00ed \u00feeir sem rangt a\u00f0hafast, geti fali\u00f0 sig fyrir honum.<a name=\"23\"><span class=\"versanumer\">23<\/span><\/a>Hann \u00fearf ekki a\u00f0 g\u00e1 lengi \u00e1 \u00feeim, sem vill ganga \u00ed r\u00e9tt vi\u00f0 Gu\u00f0.<a name=\"24\"><span class=\"versanumer\">24<\/span><\/a>Hann sundursl\u00e6r \u00fe\u00e1 voldugu \u00e1n ranns\u00f3knar, og setur a\u00f0ra \u00ed \u00feeirra sta\u00f0;<a name=\"25\"><span class=\"versanumer\">25<\/span><\/a>\u00fev\u00ed hann \u00feekkir \u00feeirra verk; hann fleygir \u00feeim um koll \u00e1 n\u00f3ttunni, og \u00feeir ver\u00f0a sundurmar\u00f0ir.<a name=\"26\"><span class=\"versanumer\">26<\/span><\/a>Af \u00fev\u00ed \u00feeir eru \u00f3gu\u00f0legir, sl\u00e6r hann \u00fe\u00e1 \u00e1 bers\u00fdnilegum sta\u00f0.<a name=\"27\"><span class=\"versanumer\">27<\/span><\/a>af \u00fev\u00ed \u00feeir h\u00e6ttu a\u00f0 fylgja honum, og hirtu ei um neitt af hans vegum,<a name=\"28\"><span class=\"versanumer\">28<\/span><\/a>\u00deannig l\u00e6tur hann hr\u00f3p hinna snau\u00f0u, \u00feeim \u00ed koll koma, \u00fev\u00ed hann heyrir kall hinna volu\u00f0u.<a name=\"29\"><span class=\"versanumer\">29<\/span><\/a><span class='VideyAth'>(\u00deegar hann gj\u00f6rir kyrr\u00f0, hv\u00f6r \u00feorir \u00fe\u00e1 a\u00f0 \u00e6sa \u00f3r\u00f3a? \u00feegar hann felur sitt auglit, hv\u00f6r getur \u00fe\u00e1 s\u00e9\u00f0 hann, hv\u00f6rt sem \u00fea\u00f0 v\u00e6ri fyrir heilli \u00fej\u00f3\u00f0 e\u00f0a a\u00f0eins einum manni)<\/span>?<a name=\"30\"><span class=\"versanumer\">30<\/span><\/a>Til \u00feess a\u00f0 hr\u00e6snarinn ekki skuli drottna, og ekki vera snara fyrir f\u00f3lki\u00f0. <br \/><a name=\"31\"><span class=\"versanumer\">31<\/span><\/a>M\u00e1 ma\u00f0ur segja vi\u00f0 Gu\u00f0: \u201eeg straffast, og hefi ekki syndga\u00f0\u201c;<a name=\"32\"><span class=\"versanumer\">32<\/span><\/a>hafi m\u00e9r \u00f3viljandi yfirs\u00e9st, \u00fe\u00e1 vil eg ekki gj\u00f6ra \u00fea\u00f0 aftur.<a name=\"33\"><span class=\"versanumer\">33<\/span><\/a>\u00c1 Gu\u00f0 a\u00f0 endurgjalda eins og \u00fe\u00e9r l\u00edkar, \u00fear e\u00f0 \u00fe\u00fa hafnar \u00feessu, en velur hitt, er eg hefi ekki vel\u00fe\u00f3knan \u00e1 <span class='VideyAth'>(segir Drottinn)<\/span>? Hv\u00f6rju getur \u00fe\u00fa svara\u00f0 h\u00e9r til? tala\u00f0u!<a name=\"34\"><span class=\"versanumer\">34<\/span><\/a>Menn me\u00f0 viti og hyggnir menn sem heyra mig <span class='VideyAth'>(tala)<\/span> munu segja:<a name=\"35\"><span class=\"versanumer\">35<\/span><\/a>\u201eJob talar ekki hyggilega, hans or\u00f0 eru \u00e1n v\u00edsd\u00f3ms\u201c.<a name=\"36\"><span class=\"versanumer\">36<\/span><\/a>\u00c6! l\u00e1t Job reynast enn meir! \u00fev\u00ed hann svarar eins og \u00feeir rangl\u00e1tu.<a name=\"37\"><span class=\"versanumer\">37<\/span><\/a>Hann b\u00e6tir gu\u00f0leysi ofan \u00e1 s\u00edna synd. Hann s\u00fdnir vir\u00f0ingarleysi vor \u00e1 me\u00f0al, og st\u00edlar s\u00edn m\u00f6rgu or\u00f0 gegn Gu\u00f0i.<\/p>\n<div class=\"footnoteVidey\"><\/div>\n","protected":false},"excerpt":{"rendered":"<p>Sama tala. 1Framvegis t\u00f3k El\u00edh\u00fa til or\u00f0a, og m\u00e6lti:2heyri\u00f0, \u00fe\u00e9r v\u00edsu, mitt tal, og \u00fe\u00e9r hyggnu!3leggi\u00f0 vi\u00f0 eyrun, \u00fev\u00ed eyra\u00f0 pr\u00f3far tali\u00f0, eins og g\u00f3murinn smakkar til a\u00f0 eta (f\u00e6\u00f0una),4l\u00e1tum oss rannsaka r\u00e9ttinn, l\u00e1tum oss koma oss saman um hva\u00f0 gott er.5Job hefir sagt: \u201eeg er r\u00e9ttl\u00e1tur, og Gu\u00f0 hefir r\u00e6nt mig m\u00ednum r\u00e9tti,6eg straffast sem lygari \u00fe\u00f3 eg hafi r\u00e9tt, eg s\u00e6rist af drepandi skeytum, \u00fe\u00f3 engin yfirtro\u00f0sla s\u00e9 hj\u00e1 m\u00e9r\u201c.7Hv\u00f6r ma\u00f0ur er l\u00edkur Job, sem drekkur \u00ed sig gu\u00f0lasti\u00f0 eins og vatn?8Og gengur \u00ed f\u00e9lag me\u00f0 \u00feeim sem gj\u00f6ra rangt, og fer me\u00f0 \u00feeim \u00f3gu\u00f0legu?9\u00dev\u00ed hann sag\u00f0i: \u201e\u00fea\u00f0 <a href=\"https:\/\/biblian.is\/videy\/jobsbok-34-kafli\/\"> [&#8230;]<\/a><\/p>\n","protected":false},"author":1,"featured_media":0,"parent":0,"menu_order":0,"comment_status":"open","ping_status":"open","template":"bibliukaflar.php","meta":{"footnotes":""},"class_list":["post-21319","page","type-page","status-publish","hentry"],"_links":{"self":[{"href":"https:\/\/biblian.is\/videy\/wp-json\/wp\/v2\/pages\/21319","targetHints":{"allow":["GET"]}}],"collection":[{"href":"https:\/\/biblian.is\/videy\/wp-json\/wp\/v2\/pages"}],"about":[{"href":"https:\/\/biblian.is\/videy\/wp-json\/wp\/v2\/types\/page"}],"author":[{"embeddable":true,"href":"https:\/\/biblian.is\/videy\/wp-json\/wp\/v2\/users\/1"}],"replies":[{"embeddable":true,"href":"https:\/\/biblian.is\/videy\/wp-json\/wp\/v2\/comments?post=21319"}],"version-history":[{"count":0,"href":"https:\/\/biblian.is\/videy\/wp-json\/wp\/v2\/pages\/21319\/revisions"}],"wp:attachment":[{"href":"https:\/\/biblian.is\/videy\/wp-json\/wp\/v2\/media?parent=21319"}],"curies":[{"name":"wp","href":"https:\/\/api.w.org\/{rel}","templated":true}]}}