{"id":21318,"date":"2018-01-02T01:01:23","date_gmt":"2018-01-02T01:01:23","guid":{"rendered":"http:\/\/biblian.is\/videy\/jobsbok-33-kafli\/"},"modified":"2018-01-02T01:01:23","modified_gmt":"2018-01-02T01:01:23","slug":"jobsbok-33-kafli","status":"publish","type":"page","link":"https:\/\/biblian.is\/videy\/jobsbok-33-kafli\/","title":{"rendered":"Jobsb\u00f3k 33. kafli"},"content":{"rendered":"<div class=\"fyrirsognVidey\">Um Gu\u00f0s r\u00e9ttl\u00e6ti.<\/div>\n<p><a name=\"1\"><span class=\"versanumer\">1<\/span><\/a>En \u00fe\u00fa Job! heyr \u00fe\u00fa mitt tal! og sn\u00fa \u00fe\u00ednum eyrum til minna or\u00f0a!<a name=\"2\"><span class=\"versanumer\">2<\/span><\/a>sj\u00e1, k\u00e6ri! eg opna minn munn, m\u00edn tunga talar \u00ed m\u00ednum munni.<a name=\"3\"><span class=\"versanumer\">3<\/span><\/a>M\u00ednar r\u00e6\u00f0ur skulu framsegja hva\u00f0 mitt hjarta skynjar r\u00e9tt, og m\u00ednar varir skulu tala hreinan sannleika.<a name=\"4\"><span class=\"versanumer\">4<\/span><\/a>Gu\u00f0s Andi hefir skapa\u00f0 mig, og Andi hins Alm\u00e1ttuga l\u00edfga\u00f0 mig.<a name=\"5\"><span class=\"versanumer\">5<\/span><\/a>Svara\u00f0u m\u00e9r ef \u00fe\u00fa getur, hertygjastu m\u00f3ti m\u00e9r, og kom \u00fe\u00fa!<a name=\"6\"><span class=\"versanumer\">6<\/span><\/a>Sj\u00e1! eg em sem \u00fe\u00fa af Gu\u00f0i. L\u00edka er eg mynda\u00f0ur af leir.<a name=\"7\"><span class=\"versanumer\">7<\/span><\/a>\u00de\u00fa \u00fearft ekki a\u00f0 hr\u00e6\u00f0ast mig. M\u00edn h\u00f6nd skal ekki vera \u00feung \u00e1 \u00fe\u00e9r. <br \/><a name=\"8\"><span class=\"versanumer\">8<\/span><\/a>Vissulega sag\u00f0ir \u00fe\u00fa, svo eg heyr\u00f0i; j\u00e1, eg heyr\u00f0i raustina \u00fev\u00edl\u00edks tals:<a name=\"9\"><span class=\"versanumer\">9<\/span><\/a>\u201eeg em hreinn, \u00e1n yfirtro\u00f0slu? eg em saklaus, og \u00e1 m\u00e9r hv\u00edlir engin misgj\u00f6r\u00f0.<a name=\"10\"><span class=\"versanumer\">10<\/span><\/a>Sj\u00e1! hann hefir fundi\u00f0 m\u00e9r s\u00f6k, hann \u00e1l\u00edtur mig sinn \u00f3vin.<a name=\"11\"><span class=\"versanumer\">11<\/span><\/a>Hann hefir sett m\u00ednar f\u00e6tur \u00ed stokk, hann gefur gaum a\u00f0 \u00f6llum m\u00ednum stigum.\u201c<a name=\"12\"><span class=\"versanumer\">12<\/span><\/a>Sj\u00e1! \u00fe\u00fa hefir ekki r\u00e9tt fyrir \u00fe\u00e9r; eg skal reka \u00feig til baka, \u00fev\u00ed Gu\u00f0 er meiri en ma\u00f0urinn.<a name=\"13\"><span class=\"versanumer\">13<\/span><\/a>\u00dev\u00ed gengur \u00fe\u00fa \u00ed r\u00e9tt vi\u00f0 hann, \u00fe\u00f3 hann gj\u00f6ri \u00fe\u00e9r engin skil fyrir nokkru af s\u00ednum verkum?<a name=\"14\"><span class=\"versanumer\">14<\/span><\/a>\u00dev\u00ed einu sinni talar Gu\u00f0 og tvisvar, ma\u00f0urinn gefur \u00fev\u00ed ei gaum;<a name=\"15\"><span class=\"versanumer\">15<\/span><\/a>\u00ed draumum, \u00ed s\u00fdnum \u00e1 n\u00f3ttum, \u00feegar dj\u00fapur svefn fellur yfir mennina, \u00feegar \u00feeir blunda \u00ed sinni s\u00e6ng,<a name=\"16\"><span class=\"versanumer\">16<\/span><\/a>\u00fe\u00e1 opnar hann mannanna eyru, og innprentar \u00feeim uppfr\u00e6\u00f0ingu,<a name=\"17\"><span class=\"versanumer\">17<\/span><\/a>til a\u00f0 draga menn fr\u00e1 \u00f3d\u00e1\u00f0um, og var\u00f0veita manninn fr\u00e1 drambsemi,<a name=\"18\"><span class=\"versanumer\">18<\/span><\/a>til a\u00f0 hl\u00edfa hans s\u00e1l vi\u00f0 fordj\u00f6rfun og hans l\u00edfi, a\u00f0 \u00fea\u00f0 ekki tort\u00fdnist fyrir sver\u00f0i.<a name=\"19\"><span class=\"versanumer\">19<\/span><\/a>Hann straffast og me\u00f0 verkjum \u00e1 sinni s\u00e6ng og me\u00f0 st\u00f6\u00f0ugu str\u00ed\u00f0i \u00ed s\u00ednum beinum,<a name=\"20\"><span class=\"versanumer\">20<\/span><\/a>svo hann f\u00e6r \u00f3beit \u00e1 brau\u00f0i, og hans s\u00e1l vill ei lj\u00faffengan mat.<a name=\"21\"><span class=\"versanumer\">21<\/span><\/a>Hans hold t\u00e6rist, svo \u00fea\u00f0 s\u00e9st ekki, og hans bein, sem ekki s\u00e1ust <span class='VideyAth'>(\u00e1\u00f0ur)<\/span>, skaga \u00fat.<a name=\"22\"><span class=\"versanumer\">22<\/span><\/a>Hans s\u00e1l f\u00e6rist n\u00e6r gr\u00f6finni, og hans l\u00edf, r\u00edki hinna dau\u00f0u.<a name=\"23\"><span class=\"versanumer\">23<\/span><\/a>S\u00e9 \u00fe\u00e1 hj\u00e1 honum engill, talsma\u00f0ur, einn af \u00feeim \u00fe\u00fasund m\u00f6rgu, til a\u00f0 segja manninum hans skyldu,<a name=\"24\"><span class=\"versanumer\">24<\/span><\/a>\u00fe\u00e1 miskunnar Gu\u00f0 sig yfir hann, og segir: <span class='VideyAth'>a)<\/span> frelsa hann fr\u00e1 a\u00f0 ni\u00f0urst\u00edga \u00ed gr\u00f6fina, eg hefi fengi\u00f0 forl\u00edkunarf\u00f3rn.<a name=\"25\"><span class=\"versanumer\">25<\/span><\/a>\u00de\u00e1 mun hans l\u00edkami bl\u00f3mgast meir en \u00e6skumannsins, hann mun hverfa til baka til sinna ungd\u00f3ms daga.<a name=\"26\"><span class=\"versanumer\">26<\/span><\/a>Hann mun bi\u00f0ja Gu\u00f0, og Gu\u00f0 mun hafa vel\u00fe\u00f3knun \u00e1 honum, svo a\u00f0 hann mun gefa manninum aftur hans r\u00e9ttl\u00e6ti.<a name=\"27\"><span class=\"versanumer\">27<\/span><\/a>Hann mun fagna me\u00f0al manna og segja: \u201eeg hefi syndga\u00f0, og a\u00f0hafst rangindi, en \u00fea\u00f0 er m\u00e9r ekki endurgoldi\u00f0.<a name=\"28\"><span class=\"versanumer\">28<\/span><\/a>Hann hefir frelsa\u00f0 m\u00edna s\u00e1lu fr\u00e1 \u00fev\u00ed a\u00f0 ni\u00f0urst\u00edga \u00ed gr\u00f6fina, og mitt l\u00edf gle\u00f0ur sig vi\u00f0 lj\u00f3si\u00f0\u201c.<a name=\"29\"><span class=\"versanumer\">29<\/span><\/a>Sj\u00e1! allt \u00feetta gj\u00f6rir Gu\u00f0 tvisvar, \u00ferisvar vi\u00f0 manninn,<a name=\"30\"><span class=\"versanumer\">30<\/span><\/a>til a\u00f0 lei\u00f0a hans s\u00e1l til baka fr\u00e1 gr\u00f6finni, til \u00feess \u00e1 hann sk\u00edni l\u00edfsins lj\u00f3s. <br \/><a name=\"31\"><span class=\"versanumer\">31<\/span><\/a>Taktu eftir \u00feessu, Job! heyr \u00fe\u00fa mig! \u00feegi \u00fe\u00fa! eg vil tala!<a name=\"32\"><span class=\"versanumer\">32<\/span><\/a>En hafir \u00fe\u00fa nokku\u00f0 a\u00f0 segja, \u00fe\u00e1 svara\u00f0u m\u00e9r! tala\u00f0u! \u00fev\u00ed eg vildi \u00fe\u00fa hef\u00f0ir \u00e1 r\u00e9ttu a\u00f0 standa.<a name=\"33\"><span class=\"versanumer\">33<\/span><\/a>Ef ekki, \u00fe\u00e1 hl\u00fd\u00f0 \u00fe\u00fa \u00e1, og \u00feegi \u00fe\u00fa! og eg skal kenna \u00fe\u00e9r v\u00edsd\u00f3m.<\/p>\n<div class=\"footnoteVidey\">V. 24. a. Nl: vi\u00f0 engilinn sem hj\u00e1 manninum stendur.  V. 27. A\u00f0hafst rangindi: eftir or\u00f0inu: gj\u00f6rt hlykkj\u00f3tt \u00fea\u00f0 beina.<\/div>\n","protected":false},"excerpt":{"rendered":"<p>Um Gu\u00f0s r\u00e9ttl\u00e6ti. 1En \u00fe\u00fa Job! heyr \u00fe\u00fa mitt tal! og sn\u00fa \u00fe\u00ednum eyrum til minna or\u00f0a!2sj\u00e1, k\u00e6ri! eg opna minn munn, m\u00edn tunga talar \u00ed m\u00ednum munni.3M\u00ednar r\u00e6\u00f0ur skulu framsegja hva\u00f0 mitt hjarta skynjar r\u00e9tt, og m\u00ednar varir skulu tala hreinan sannleika.4Gu\u00f0s Andi hefir skapa\u00f0 mig, og Andi hins Alm\u00e1ttuga l\u00edfga\u00f0 mig.5Svara\u00f0u m\u00e9r ef \u00fe\u00fa getur, hertygjastu m\u00f3ti m\u00e9r, og kom \u00fe\u00fa!6Sj\u00e1! eg em sem \u00fe\u00fa af Gu\u00f0i. L\u00edka er eg mynda\u00f0ur af leir.7\u00de\u00fa \u00fearft ekki a\u00f0 hr\u00e6\u00f0ast mig. M\u00edn h\u00f6nd skal ekki vera \u00feung \u00e1 \u00fe\u00e9r. 8Vissulega sag\u00f0ir \u00fe\u00fa, svo eg heyr\u00f0i; j\u00e1, eg heyr\u00f0i raustina \u00fev\u00edl\u00edks tals:9\u201eeg <a href=\"https:\/\/biblian.is\/videy\/jobsbok-33-kafli\/\"> [&#8230;]<\/a><\/p>\n","protected":false},"author":1,"featured_media":0,"parent":0,"menu_order":0,"comment_status":"open","ping_status":"open","template":"bibliukaflar.php","meta":{"footnotes":""},"class_list":["post-21318","page","type-page","status-publish","hentry"],"_links":{"self":[{"href":"https:\/\/biblian.is\/videy\/wp-json\/wp\/v2\/pages\/21318","targetHints":{"allow":["GET"]}}],"collection":[{"href":"https:\/\/biblian.is\/videy\/wp-json\/wp\/v2\/pages"}],"about":[{"href":"https:\/\/biblian.is\/videy\/wp-json\/wp\/v2\/types\/page"}],"author":[{"embeddable":true,"href":"https:\/\/biblian.is\/videy\/wp-json\/wp\/v2\/users\/1"}],"replies":[{"embeddable":true,"href":"https:\/\/biblian.is\/videy\/wp-json\/wp\/v2\/comments?post=21318"}],"version-history":[{"count":0,"href":"https:\/\/biblian.is\/videy\/wp-json\/wp\/v2\/pages\/21318\/revisions"}],"wp:attachment":[{"href":"https:\/\/biblian.is\/videy\/wp-json\/wp\/v2\/media?parent=21318"}],"curies":[{"name":"wp","href":"https:\/\/api.w.org\/{rel}","templated":true}]}}