{"id":21316,"date":"2018-01-02T01:01:23","date_gmt":"2018-01-02T01:01:23","guid":{"rendered":"http:\/\/biblian.is\/videy\/jobsbok-31-kafli\/"},"modified":"2018-01-02T01:01:23","modified_gmt":"2018-01-02T01:01:23","slug":"jobsbok-31-kafli","status":"publish","type":"page","link":"https:\/\/biblian.is\/videy\/jobsbok-31-kafli\/","title":{"rendered":"Jobsb\u00f3k 31. kafli"},"content":{"rendered":"<div class=\"fyrirsognVidey\">Job talar um s\u00edna gu\u00f0r\u00e6kni.<\/div>\n<p><a name=\"1\"><span class=\"versanumer\">1<\/span><\/a>Eg gj\u00f6r\u00f0i s\u00e1ttm\u00e1la vi\u00f0 m\u00edn augu; \u00fev\u00ed skyldi eg l\u00edta til meyjanna?<a name=\"2\"><span class=\"versanumer\">2<\/span><\/a>Hv\u00edl\u00edku hlutfalli \u00fatb\u00fdtti Gu\u00f0 m\u00e9r \u00fe\u00e1 ofan a\u00f0? og hv\u00f6rn arf s\u00e1 Alm\u00e1ttugi fr\u00e1 h\u00e6\u00f0inni?<a name=\"3\"><span class=\"versanumer\">3<\/span><\/a>Er ekki \u00f3g\u00e6fan rei\u00f0ub\u00fain \u00feeim \u00f3gu\u00f0lega? og hegning \u00feeim sem i\u00f0kar rangl\u00e6ti?<a name=\"4\"><span class=\"versanumer\">4<\/span><\/a>\u00c6tla hann sj\u00e1i ekki m\u00edna vegu og telji \u00f6ll m\u00edn spor?<a name=\"5\"><span class=\"versanumer\">5<\/span><\/a>Hafi eg fari\u00f0 me\u00f0 h\u00e9g\u00f3ma <span class='VideyAth'>(lygi)<\/span>, og hafi minn f\u00f3tur hra\u00f0a\u00f0 s\u00e9r til svika,<a name=\"6\"><span class=\"versanumer\">6<\/span><\/a>\u00fe\u00e1 vegi hann mig \u00ed r\u00e9ttv\u00edsinnar meta sk\u00e1l, og Gu\u00f0 kannist vi\u00f0 mitt sakleysi!<a name=\"7\"><span class=\"versanumer\">7<\/span><\/a>hafi m\u00edn spor beygt af lei\u00f0, hafi mitt hjarta fylgt lyst minna augna, og hafi nokku\u00f0 lo\u00f0a\u00f0 vi\u00f0 m\u00ednar hendur;<a name=\"8\"><span class=\"versanumer\">8<\/span><\/a>\u00fe\u00e1 eti einn annar \u00fea\u00f0 sem eg s\u00e1\u00f0i, og mitt afkv\u00e6mi rykkist upp me\u00f0 r\u00f3tum.<a name=\"9\"><span class=\"versanumer\">9<\/span><\/a>Hafi mitt hjarta lokkast af nokkurri kvinnu, e\u00f0a hafi eg falist vi\u00f0 dyr m\u00edns n\u00e1unga,<a name=\"10\"><span class=\"versanumer\">10<\/span><\/a>\u00fe\u00e1 \u00fe\u00e9ni m\u00edn kona \u00f6\u00f0rum, og a\u00f0rir leggist me\u00f0 henni.<a name=\"11\"><span class=\"versanumer\">11<\/span><\/a>\u00dev\u00ed \u00fea\u00f0 v\u00e6ri sk\u00f6mm, og illvirki sem ynni til straffs af d\u00f3murunum;<a name=\"12\"><span class=\"versanumer\">12<\/span><\/a>j\u00e1, eldur sem t\u00e6r\u00f0i og fordjarfa\u00f0i, og sem upprykkti me\u00f0 r\u00f3tum \u00f6llum m\u00ednum gr\u00f3\u00f0ri.<a name=\"13\"><span class=\"versanumer\">13<\/span><\/a>Ef a\u00f0 eg hef\u00f0i forakta\u00f0 r\u00e9tt m\u00edns \u00fe\u00e9nara og \u00fej\u00f3nustukvinnu, \u00feegar \u00feau h\u00f6f\u00f0u m\u00e1l vi\u00f0 mig,<a name=\"14\"><span class=\"versanumer\">14<\/span><\/a>hva\u00f0 mundi eg \u00fe\u00e1 gj\u00f6ra \u00feegar Gu\u00f0 t\u00e6ki sig upp? og \u00feegar hann vildi vitja m\u00edn, hv\u00f6rju mundi eg \u00fe\u00e1 svara?<a name=\"15\"><span class=\"versanumer\">15<\/span><\/a>Hefir ei s\u00e1 sem skapa\u00f0i mig \u00ed m\u00f3\u00f0url\u00edfi, l\u00edka skapa\u00f0 hann? og einn og hinn sami mynda\u00f0 oss \u00ed barnsleginu?<a name=\"16\"><span class=\"versanumer\">16<\/span><\/a>Hefi eg synja\u00f0 \u00feeim snau\u00f0a um \u00fea\u00f0 sem hann beiddist eftir, og l\u00e1ti\u00f0 ekkjunni breg\u00f0ast hennar von;<a name=\"17\"><span class=\"versanumer\">17<\/span><\/a>og hefi eg eti\u00f0 einn minn mat, svo s\u00e1 f\u00f6\u00f0urlausi ekki \u00e1t \u00fear af;<a name=\"18\"><span class=\"versanumer\">18<\/span><\/a><span class='VideyAth'>(\u00fea\u00f0 er \u00f6\u00f0ru n\u00e6r, hann hefir fr\u00e1 barn\u00e6sku uppalist hj\u00e1 m\u00e9r sem hj\u00e1 f\u00f6\u00f0ur; og fr\u00e1 m\u00f3\u00f0url\u00edfi \u00f3l eg \u00f6nn fyrir ekkjunni)<\/span>;<a name=\"19\"><span class=\"versanumer\">19<\/span><\/a>hafi eg s\u00e9\u00f0 nokkurn deyja af kl\u00e6\u00f0leysi, og \u00feann f\u00e1t\u00e6ka af nekt;<a name=\"20\"><span class=\"versanumer\">20<\/span><\/a>hafi hans lendar ekki blessa\u00f0 mig, \u00feegar honum hitna\u00f0i af minni sau\u00f0arull;<a name=\"21\"><span class=\"versanumer\">21<\/span><\/a>hafi eg \u00fatr\u00e9tt m\u00edna h\u00f6nd m\u00f3ti \u00feeim f\u00f6\u00f0urlausa, \u00feegar eg s\u00e1 a\u00f0 m\u00e9r veitti betur \u00ed m\u00e1linu;<a name=\"22\"><span class=\"versanumer\">22<\/span><\/a>s\u00e9 svo, \u00fe\u00e1 detti m\u00edn her\u00f0abl\u00f6\u00f0 fr\u00e1 m\u00ednum her\u00f0um, og minn armur ver\u00f0i sundurbrotinn fr\u00e1 sperruleggnum.<a name=\"23\"><span class=\"versanumer\">23<\/span><\/a>\u00dev\u00ed s\u00fa fordj\u00f6rfun sem kemur fr\u00e1 Gu\u00f0i, v\u00e6ri m\u00e9r skelfing, og gegn hans h\u00e1tign megna\u00f0i eg ekkert. <br \/><a name=\"24\"><span class=\"versanumer\">24<\/span><\/a>Hefi eg sett m\u00edna von til gullsins, e\u00f0a sagt vi\u00f0 \u00feann d\u00fdra m\u00e1lm: \u00fe\u00fa ert mitt athvarf;<a name=\"25\"><span class=\"versanumer\">25<\/span><\/a>hafi eg gla\u00f0st af \u00fev\u00ed a\u00f0 minn au\u00f0ur var mikill, og a\u00f0 m\u00edn h\u00f6nd haf\u00f0i \u00fatvega\u00f0 s\u00e9r n\u00e6gtir;<a name=\"26\"><span class=\"versanumer\">26<\/span><\/a>leit eg upp til himinsins lj\u00f3ss, \u00feegar \u00fea\u00f0 skein, e\u00f0a til tunglsins, \u00fe\u00e1 \u00fea\u00f0 gekk d\u00fdr\u00f0lega fram,<a name=\"27\"><span class=\"versanumer\">27<\/span><\/a>og l\u00e9t mitt hjarta sig lokka \u00ed kyrr\u00feey a\u00f0 kasta til \u00feess kossi;<a name=\"28\"><span class=\"versanumer\">28<\/span><\/a>l\u00edka \u00feetta hef\u00f0i veri\u00f0 straffver\u00f0 synd; \u00fev\u00ed \u00fear me\u00f0 hef\u00f0i eg afneita\u00f0 Gu\u00f0i \u00e1 h\u00e6\u00f0um.<a name=\"29\"><span class=\"versanumer\">29<\/span><\/a>Hefi eg gla\u00f0st af slysum m\u00edns \u00f3vinar, og fagna\u00f0 \u00feegar \u00f3lukkan hitti hann; <br \/><a name=\"30\"><span class=\"versanumer\">30<\/span><\/a>Nei! eg leyf\u00f0i ei minni tungu svo a\u00f0 syndga a\u00f0 eg \u00f3ska\u00f0i b\u00f6lvunar hans s\u00e1lu.<a name=\"31\"><span class=\"versanumer\">31<\/span><\/a>S\u00f6g\u00f0u ekki mennirnir \u00ed m\u00ednu tjaldi: hvar finnur ma\u00f0ur nokkurn sem ei hafi mettast af hans kj\u00f6ti? <span class='VideyAth'>(fengi\u00f0 hj\u00e1 honum mat)<\/span>.<a name=\"32\"><span class=\"versanumer\">32<\/span><\/a>S\u00e1 framandi m\u00e1tti ei liggja \u00e1 g\u00f6tunni um n\u00f3ttina; m\u00ednar dyr opna\u00f0i eg fyrir fer\u00f0amanninum.<a name=\"33\"><span class=\"versanumer\">33<\/span><\/a>Faldi eg eins og menn fela, m\u00ednar yfirtro\u00f0slur og huldi eg minn misgj\u00f6rning \u00ed m\u00ednu brj\u00f3sti?<a name=\"34\"><span class=\"versanumer\">34<\/span><\/a>\u00de\u00e1 skelki mig s\u00e1 st\u00f3ri h\u00f3pur, og \u00e6ttanna fyrirlitning komi inn hj\u00e1 m\u00e9r hr\u00e6\u00f0slu, svo eg ver\u00f0i a\u00f0 \u00feegja og vogi m\u00e9r ekki \u00fat af dyrunum! <br \/><a name=\"35\"><span class=\"versanumer\">35<\/span><\/a>\u00d3! a\u00f0 einhv\u00f6r vildi heyra mig! sj\u00e1 h\u00e9r mitt varnarrit; s\u00e1 alm\u00e1ttugi svari m\u00e9r! og s\u00e1 sem \u00fer\u00e1ttar vi\u00f0 mig, skrifi kl\u00f6gunina!<a name=\"36\"><span class=\"versanumer\">36<\/span><\/a>Hva\u00f0 gildir \u00fea\u00f0? Eg skyldi taka \u00fea\u00f0 upp \u00e1 m\u00ednar axlir, binda \u00fea\u00f0 um mig sem h\u00f6fu\u00f0pr\u00fd\u00f0i.<a name=\"37\"><span class=\"versanumer\">37<\/span><\/a>Eg skyldi segja honum fr\u00e1 hv\u00f6rju m\u00ednu spori, og ganga fram fyrir hann sem h\u00f6f\u00f0ingi.<a name=\"38\"><span class=\"versanumer\">38<\/span><\/a>Ef a\u00f0 mitt land hr\u00f3par \u00e1 m\u00f3ti m\u00e9r, og \u00feess akurreinar kvarta l\u00edka,<a name=\"39\"><span class=\"versanumer\">39<\/span><\/a>hafi eg eti\u00f0 \u00feess gr\u00f3\u00f0a kauplaust, og pressa\u00f0 andv\u00f6rp af eigendum \u00feess;<a name=\"40\"><span class=\"versanumer\">40<\/span><\/a>\u00fe\u00e1 spretti m\u00e9r \u00feyrnar \u00ed sta\u00f0 hveitis og illgresi fyrir bygg. <span class='VideyAth'>(H\u00e9r endar Jobs tala)<\/span>.<\/p>\n<div class=\"footnoteVidey\"><\/div>\n","protected":false},"excerpt":{"rendered":"<p>Job talar um s\u00edna gu\u00f0r\u00e6kni. 1Eg gj\u00f6r\u00f0i s\u00e1ttm\u00e1la vi\u00f0 m\u00edn augu; \u00fev\u00ed skyldi eg l\u00edta til meyjanna?2Hv\u00edl\u00edku hlutfalli \u00fatb\u00fdtti Gu\u00f0 m\u00e9r \u00fe\u00e1 ofan a\u00f0? og hv\u00f6rn arf s\u00e1 Alm\u00e1ttugi fr\u00e1 h\u00e6\u00f0inni?3Er ekki \u00f3g\u00e6fan rei\u00f0ub\u00fain \u00feeim \u00f3gu\u00f0lega? og hegning \u00feeim sem i\u00f0kar rangl\u00e6ti?4\u00c6tla hann sj\u00e1i ekki m\u00edna vegu og telji \u00f6ll m\u00edn spor?5Hafi eg fari\u00f0 me\u00f0 h\u00e9g\u00f3ma (lygi), og hafi minn f\u00f3tur hra\u00f0a\u00f0 s\u00e9r til svika,6\u00fe\u00e1 vegi hann mig \u00ed r\u00e9ttv\u00edsinnar meta sk\u00e1l, og Gu\u00f0 kannist vi\u00f0 mitt sakleysi!7hafi m\u00edn spor beygt af lei\u00f0, hafi mitt hjarta fylgt lyst minna augna, og hafi nokku\u00f0 lo\u00f0a\u00f0 vi\u00f0 m\u00ednar hendur;8\u00fe\u00e1 eti einn annar <a href=\"https:\/\/biblian.is\/videy\/jobsbok-31-kafli\/\"> [&#8230;]<\/a><\/p>\n","protected":false},"author":1,"featured_media":0,"parent":0,"menu_order":0,"comment_status":"open","ping_status":"open","template":"bibliukaflar.php","meta":{"footnotes":""},"class_list":["post-21316","page","type-page","status-publish","hentry"],"_links":{"self":[{"href":"https:\/\/biblian.is\/videy\/wp-json\/wp\/v2\/pages\/21316","targetHints":{"allow":["GET"]}}],"collection":[{"href":"https:\/\/biblian.is\/videy\/wp-json\/wp\/v2\/pages"}],"about":[{"href":"https:\/\/biblian.is\/videy\/wp-json\/wp\/v2\/types\/page"}],"author":[{"embeddable":true,"href":"https:\/\/biblian.is\/videy\/wp-json\/wp\/v2\/users\/1"}],"replies":[{"embeddable":true,"href":"https:\/\/biblian.is\/videy\/wp-json\/wp\/v2\/comments?post=21316"}],"version-history":[{"count":0,"href":"https:\/\/biblian.is\/videy\/wp-json\/wp\/v2\/pages\/21316\/revisions"}],"wp:attachment":[{"href":"https:\/\/biblian.is\/videy\/wp-json\/wp\/v2\/media?parent=21316"}],"curies":[{"name":"wp","href":"https:\/\/api.w.org\/{rel}","templated":true}]}}