{"id":21315,"date":"2018-01-02T01:01:23","date_gmt":"2018-01-02T01:01:23","guid":{"rendered":"http:\/\/biblian.is\/videy\/jobsbok-30-kafli\/"},"modified":"2018-01-02T01:01:23","modified_gmt":"2018-01-02T01:01:23","slug":"jobsbok-30-kafli","status":"publish","type":"page","link":"https:\/\/biblian.is\/videy\/jobsbok-30-kafli\/","title":{"rendered":"Jobsb\u00f3k 30. kafli"},"content":{"rendered":"<div class=\"fyrirsognVidey\">Sama efni.<\/div>\n<p><a name=\"1\"><span class=\"versanumer\">1<\/span><\/a>En, n\u00fa hl\u00e6ja \u00feeir a\u00f0 m\u00e9r, sem eru yngri en eg, hv\u00f6rra fe\u00f0ur, eg \u00e1leit ekki ver\u00f0uga til a\u00f0 setja \u00fe\u00e1 yfir m\u00edna fj\u00e1rhunda.<a name=\"2\"><span class=\"versanumer\">2<\/span><\/a>J\u00e1! hvar til mundi kraftur \u00feeirra handa gagna m\u00e9r? hann var af elli hj\u00e1 \u00feeim farinn.<a name=\"3\"><span class=\"versanumer\">3<\/span><\/a>\u00d6rmagna af hungri og skorti fl\u00fdja \u00feeir \u00e1 \u00feurra sta\u00f0i til \u00feeirrar dimmu og \u00f3bygg\u00f0u ey\u00f0imerkur.<a name=\"4\"><span class=\"versanumer\">4<\/span><\/a>\u00deeir uppklippa <span class='VideyAth'>a)<\/span> m\u00f6lvu hj\u00e1 runnunum, og einirberjavi\u00f0arins r\u00e6tur eru \u00feeirra f\u00e6\u00f0a.<a name=\"5\"><span class=\"versanumer\">5<\/span><\/a>\u00deeir eru \u00fatfl\u00e6mdir \u00far mannasamb\u00fa\u00f0, menn hr\u00f3pa eftir \u00feeim eins og eftir \u00fej\u00f3f.<a name=\"6\"><span class=\"versanumer\">6<\/span><\/a>\u00deeir b\u00faa \u00ed giljum \u00ed d\u00f6lunum, \u00ed hellrum jar\u00f0ar og klettaskorum.<a name=\"7\"><span class=\"versanumer\">7<\/span><\/a>Mitt \u00ed runnunum rymja \u00feeir, me\u00f0al \u00feistlanna samansafnast \u00feeir.<a name=\"8\"><span class=\"versanumer\">8<\/span><\/a>Gu\u00f0lausra, j\u00e1 \u00e6rulausra synir eru \u00feeir, \u00fatreknir \u00far landinu<a name=\"9\"><span class=\"versanumer\">9<\/span><\/a>og \u00feessara h\u00e1\u00f0v\u00edsa er eg or\u00f0inn, eg em or\u00f0inn \u00feeirra umtalsefni.<a name=\"10\"><span class=\"versanumer\">10<\/span><\/a>\u00de\u00e1 stuggar vi\u00f0 m\u00e9r, \u00feeir koma ekki n\u00e6rri m\u00e9r; \u00feeir hika ekki vi\u00f0 a\u00f0 hr\u00e6kja \u00e1 mig.<a name=\"11\"><span class=\"versanumer\">11<\/span><\/a>\u00deeir hafa kasta\u00f0 taumnum, og au\u00f0m\u00fdkja mig; \u00feeir hafa sleppt beislinu, \u00fe\u00f3 eg horfi \u00e1 \u00fe\u00e1.<a name=\"12\"><span class=\"versanumer\">12<\/span><\/a>M\u00e9r til h\u00e6gri handar vex upp \u00fea\u00f0 unga hyski. \u00dea\u00f0 hrindir m\u00ednum f\u00f3tum \u00e1fram og leggur fordj\u00f6rfunarinnar braut a\u00f0 m\u00e9r.<a name=\"13\"><span class=\"versanumer\">13<\/span><\/a>\u00deeir uppr\u00edfa m\u00edna st\u00e9tt; \u00feeir sty\u00f0ja a\u00f0 minni byltu. Enginn a\u00f0sto\u00f0ar mig.<a name=\"14\"><span class=\"versanumer\">14<\/span><\/a>\u00deeir brj\u00f3tast inn a\u00f0 m\u00e9r eins og gegnum v\u00edtt skar\u00f0, me\u00f0 ey\u00f0ilegging veltast \u00feeir \u00e1fram.<a name=\"15\"><span class=\"versanumer\">15<\/span><\/a>Skelfingar sn\u00faast m\u00f3ti m\u00e9r; \u00fe\u00e6r \u00e1s\u00e6kja minn ver\u00f0ugleika sem stormvi\u00f0ri, eins og sk\u00fd er m\u00edn g\u00e6fa horfin.<a name=\"16\"><span class=\"versanumer\">16<\/span><\/a>\u00dev\u00ed \u00fathellist n\u00fa m\u00edn s\u00e1l \u00ed t\u00e1rum. Eymdanna dagar hitta mig.<a name=\"17\"><span class=\"versanumer\">17<\/span><\/a>N\u00f3ttin gagnborar m\u00edn bein, og \u00feeir sem pl\u00e1ga mig, hv\u00edlast ekki.<a name=\"18\"><span class=\"versanumer\">18<\/span><\/a>Sj\u00fakd\u00f3murinn er, vegna s\u00edns \u00e1kafa, or\u00f0inn minn <span class='VideyAth'>b)<\/span> kl\u00e6\u00f0na\u00f0ur, hann umgir\u00f0ir mig sem h\u00e1lsm\u00e1l m\u00edns kyrtils. <br \/><a name=\"19\"><span class=\"versanumer\">19<\/span><\/a>Hann hefir kasta\u00f0 m\u00e9r ni\u00f0ur \u00ed saurinn, og eg l\u00edkist dufti og \u00f6sku.<a name=\"20\"><span class=\"versanumer\">20<\/span><\/a>Eg kalla til \u00fe\u00edn, en \u00fe\u00fa svarar ekki; eg stend frammi fyrir \u00fe\u00e9r, en \u00fe\u00fa gefur m\u00e9r engan gaum.<a name=\"21\"><span class=\"versanumer\">21<\/span><\/a>\u00de\u00fa ert or\u00f0inn grimmur vi\u00f0 mig, me\u00f0 styrk \u00feinnar handar \u00e1s\u00e6kir \u00fe\u00fa mig.<a name=\"22\"><span class=\"versanumer\">22<\/span><\/a>\u00de\u00fa lyftir m\u00e9r upp, rykkir m\u00e9r burt me\u00f0 stormi, og br\u00e6\u00f0ir allan minn kraft;<a name=\"23\"><span class=\"versanumer\">23<\/span><\/a>\u00fev\u00ed eg veit \u00fe\u00fa lei\u00f0ir mig til dau\u00f0ans, til samkomusta\u00f0ar allra \u00feeirra sem lifa.<a name=\"24\"><span class=\"versanumer\">24<\/span><\/a>\u00c6tla b\u00e6nin \u00e1orki engu, \u00fe\u00e1 hann \u00fatr\u00e9ttir s\u00edna h\u00f6nd? \u00e6tla \u00fea\u00f0 s\u00e9 til einkis a\u00f0 kalla til hans, \u00fe\u00e1 hann fordjarfar?<a name=\"25\"><span class=\"versanumer\">25<\/span><\/a>Gr\u00e9t eg ekki me\u00f0 \u00feeim sem ur\u00f0u \u00e1 h\u00f6r\u00f0u a\u00f0 kenna? aumka\u00f0i m\u00edn s\u00e1l ekki f\u00e1t\u00e6klinginn?<a name=\"26\"><span class=\"versanumer\">26<\/span><\/a>Og samt, \u00feegar eg bj\u00f3st vi\u00f0 g\u00f3\u00f0u, kom hi\u00f0 illa, og \u00feegar eg v\u00e6nti lj\u00f3ssins, \u00fe\u00e1 kom myrkri\u00f0.<a name=\"27\"><span class=\"versanumer\">27<\/span><\/a>M\u00edn innyfli sj\u00f3\u00f0a \u00e1n afl\u00e1ts. Eymdanna dagar hafa komi\u00f0 yfir mig sviplega.<a name=\"28\"><span class=\"versanumer\">28<\/span><\/a>Svartur geng eg um kring, \u00fe\u00f3 ekki af s\u00f3linni. Standandi \u00e1 samkomunni ver\u00f0 eg a\u00f0 kvarta og kveina.<a name=\"29\"><span class=\"versanumer\">29<\/span><\/a>Eg em or\u00f0inn h\u00f6ggorma br\u00f3\u00f0ir og str\u00fatsfuglanna f\u00e9lagi <span class='VideyAth'>(sem helst lifa afs\u00ed\u00f0is)<\/span>.<a name=\"30\"><span class=\"versanumer\">30<\/span><\/a>M\u00edn gj\u00f6rv\u00f6ll h\u00fa\u00f0 er or\u00f0in sv\u00f6rt, og m\u00edn bein ey\u00f0ast af hita.<a name=\"31\"><span class=\"versanumer\">31<\/span><\/a>M\u00edn harpa er or\u00f0in harmakl\u00f6gun og mitt hlj\u00f3\u00f0f\u00e6ri hrygg\u00f0art\u00f3n.<\/p>\n<div class=\"footnoteVidey\">V. 4. a. Jurt e\u00f0a jurtarr\u00f3t.  V. 18. b. Holdsveiki hefir gj\u00f6rt allan minn l\u00edkama a\u00f0 flats\u00e6ri.<\/div>\n","protected":false},"excerpt":{"rendered":"<p>Sama efni. 1En, n\u00fa hl\u00e6ja \u00feeir a\u00f0 m\u00e9r, sem eru yngri en eg, hv\u00f6rra fe\u00f0ur, eg \u00e1leit ekki ver\u00f0uga til a\u00f0 setja \u00fe\u00e1 yfir m\u00edna fj\u00e1rhunda.2J\u00e1! hvar til mundi kraftur \u00feeirra handa gagna m\u00e9r? hann var af elli hj\u00e1 \u00feeim farinn.3\u00d6rmagna af hungri og skorti fl\u00fdja \u00feeir \u00e1 \u00feurra sta\u00f0i til \u00feeirrar dimmu og \u00f3bygg\u00f0u ey\u00f0imerkur.4\u00deeir uppklippa a) m\u00f6lvu hj\u00e1 runnunum, og einirberjavi\u00f0arins r\u00e6tur eru \u00feeirra f\u00e6\u00f0a.5\u00deeir eru \u00fatfl\u00e6mdir \u00far mannasamb\u00fa\u00f0, menn hr\u00f3pa eftir \u00feeim eins og eftir \u00fej\u00f3f.6\u00deeir b\u00faa \u00ed giljum \u00ed d\u00f6lunum, \u00ed hellrum jar\u00f0ar og klettaskorum.7Mitt \u00ed runnunum rymja \u00feeir, me\u00f0al \u00feistlanna samansafnast \u00feeir.8Gu\u00f0lausra, j\u00e1 \u00e6rulausra synir <a href=\"https:\/\/biblian.is\/videy\/jobsbok-30-kafli\/\"> [&#8230;]<\/a><\/p>\n","protected":false},"author":1,"featured_media":0,"parent":0,"menu_order":0,"comment_status":"open","ping_status":"open","template":"bibliukaflar.php","meta":{"footnotes":""},"class_list":["post-21315","page","type-page","status-publish","hentry"],"_links":{"self":[{"href":"https:\/\/biblian.is\/videy\/wp-json\/wp\/v2\/pages\/21315","targetHints":{"allow":["GET"]}}],"collection":[{"href":"https:\/\/biblian.is\/videy\/wp-json\/wp\/v2\/pages"}],"about":[{"href":"https:\/\/biblian.is\/videy\/wp-json\/wp\/v2\/types\/page"}],"author":[{"embeddable":true,"href":"https:\/\/biblian.is\/videy\/wp-json\/wp\/v2\/users\/1"}],"replies":[{"embeddable":true,"href":"https:\/\/biblian.is\/videy\/wp-json\/wp\/v2\/comments?post=21315"}],"version-history":[{"count":0,"href":"https:\/\/biblian.is\/videy\/wp-json\/wp\/v2\/pages\/21315\/revisions"}],"wp:attachment":[{"href":"https:\/\/biblian.is\/videy\/wp-json\/wp\/v2\/media?parent=21315"}],"curies":[{"name":"wp","href":"https:\/\/api.w.org\/{rel}","templated":true}]}}