{"id":21314,"date":"2018-01-02T01:01:23","date_gmt":"2018-01-02T01:01:23","guid":{"rendered":"http:\/\/biblian.is\/videy\/jobsbok-29-kafli\/"},"modified":"2018-01-02T01:01:23","modified_gmt":"2018-01-02T01:01:23","slug":"jobsbok-29-kafli","status":"publish","type":"page","link":"https:\/\/biblian.is\/videy\/jobsbok-29-kafli\/","title":{"rendered":"Jobsb\u00f3k 29. kafli"},"content":{"rendered":"<div class=\"fyrirsognVidey\">Job talar um s\u00edna li\u00f0nu \u00e6vi.<\/div>\n<p><a name=\"1\"><span class=\"versanumer\">1<\/span><\/a>Job h\u00e9lt \u00e1fram a\u00f0 tala og sag\u00f0i:<a name=\"2\"><span class=\"versanumer\">2<\/span><\/a>\u00f3! a\u00f0 eg v\u00e6ri sem \u00e1 \u00feeim li\u00f0nu m\u00e1nu\u00f0um, eins og \u00e1 \u00feeim d\u00f6gum, \u00fe\u00e1 Gu\u00f0 var\u00f0veitti mig,<a name=\"3\"><span class=\"versanumer\">3<\/span><\/a>\u00feegar hans lj\u00f3s skein yfir m\u00ednu h\u00f6f\u00f0i, \u00fe\u00e1 eg gekk vi\u00f0 hans lj\u00f3s \u00ed myrkrinu.<a name=\"4\"><span class=\"versanumer\">4<\/span><\/a>Eins og \u00fe\u00e1 eg var \u00e1 d\u00f6gum m\u00edns kraftar, \u00feegar Gu\u00f0s vinskapur var yfir minni tjaldb\u00fa\u00f0;<a name=\"5\"><span class=\"versanumer\">5<\/span><\/a>\u00feegar s\u00e1 alm\u00e1ttugi enn n\u00fa var me\u00f0 m\u00e9r; \u00feegar m\u00ednir \u00fe\u00e9narar umkringdu mig.<a name=\"6\"><span class=\"versanumer\">6<\/span><\/a>\u00deegar eg \u00fevo\u00f0i m\u00ednar f\u00e6tur \u00ed mj\u00f3lk, og kletturinn, vi\u00f0 m\u00edna hli\u00f0, \u00fathellti ol\u00edu.<a name=\"7\"><span class=\"versanumer\">7<\/span><\/a>Gengi eg gegnum sta\u00f0inn \u00fat af portunum, e\u00f0a l\u00e9ti eg b\u00faa m\u00e9r s\u00e6ti \u00e1 torginu,<a name=\"8\"><span class=\"versanumer\">8<\/span><\/a>\u00fe\u00e1 f\u00f6ldu unglingarnir sig sem s\u00e1u mig; og \u00f6ldungarnir risu upp og st\u00f3\u00f0u.<a name=\"9\"><span class=\"versanumer\">9<\/span><\/a>H\u00f6f\u00f0ingjarnir h\u00e6ttu a\u00f0 tala og l\u00f6g\u00f0u h\u00f6nd s\u00e9r \u00e1 munn.<a name=\"10\"><span class=\"versanumer\">10<\/span><\/a>Furstanna raust faldi sig og \u00feeirra tunga h\u00e9kk fast vi\u00f0 \u00feeirra g\u00f3m.<a name=\"11\"><span class=\"versanumer\">11<\/span><\/a>\u00dea\u00f0 eyra sem heyr\u00f0i mig pr\u00edsa\u00f0i mig s\u00e6lan, og \u00fea\u00f0 auga sem s\u00e1 mig, gaf m\u00e9r <span class='VideyAth'>(hei\u00f0urlegan)<\/span> vitnisbur\u00f0.<a name=\"12\"><span class=\"versanumer\">12<\/span><\/a>\u00dev\u00ed eg hj\u00e1lpa\u00f0i \u00feeim f\u00e1t\u00e6ka sem kveina\u00f0i og \u00feeim f\u00f6\u00f0urlausa sem engan a\u00f0sto\u00f0armann haf\u00f0i.<a name=\"13\"><span class=\"versanumer\">13<\/span><\/a>Blessan hins f\u00f6\u00f0urlausa kom yfir mig, og ekkjunnar hjarta fyllti eg me\u00f0 f\u00f6gnu\u00f0i.<a name=\"14\"><span class=\"versanumer\">14<\/span><\/a>Eg \u00edkl\u00e6ddi mig r\u00e9ttl\u00e6tinu, \u00fea\u00f0 var minn fatna\u00f0ur, r\u00e9tturinn var m\u00edn k\u00e1pa og h\u00f6fu\u00f0pr\u00fd\u00f0i.<a name=\"15\"><span class=\"versanumer\">15<\/span><\/a>Eg var auga \u00feess blinda og f\u00f3tur hins halta.<a name=\"16\"><span class=\"versanumer\">16<\/span><\/a>Eg var fa\u00f0ir hinna f\u00e1t\u00e6ku og m\u00e1lefni hins \u00f3kennda rannsaka\u00f0i eg.<a name=\"17\"><span class=\"versanumer\">17<\/span><\/a>Kj\u00e1lkat\u00f6nnur hins rangl\u00e1ta braut eg, og reif br\u00e1\u00f0ina \u00far hans gini.<a name=\"18\"><span class=\"versanumer\">18<\/span><\/a>\u00de\u00e1 sag\u00f0i eg: \u00ed m\u00ednu hrei\u00f0ri vil eg uppgefa andann, og m\u00edna daga vil eg margfalda sem sand.<a name=\"19\"><span class=\"versanumer\">19<\/span><\/a>M\u00edn r\u00f3t s\u00fdgur \u00ed sig vatni\u00f0, og d\u00f6ggin fellur \u00e1 n\u00f3ttunni yfir m\u00ednar greinar.<a name=\"20\"><span class=\"versanumer\">20<\/span><\/a>Minn hei\u00f0ur er allt\u00ed\u00f0 n\u00fdr, og minn bogi f\u00e6r n\u00fdjan kraft \u00ed minni hendi.<a name=\"21\"><span class=\"versanumer\">21<\/span><\/a>\u00deeir hl\u00fdddu \u00e1 mig og bi\u00f0u, \u00feeir \u00fe\u00f6g\u00f0u vi\u00f0 m\u00ednar till\u00f6gur.<a name=\"22\"><span class=\"versanumer\">22<\/span><\/a>Upp \u00e1 m\u00edn or\u00f0 sv\u00f6ru\u00f0u \u00feeir ekki, \u00fev\u00ed yfir \u00fe\u00e1 \u00fathellti eg m\u00ednu tali.<a name=\"23\"><span class=\"versanumer\">23<\/span><\/a>\u00deeir bi\u00f0u m\u00edn eins og regns, og opnu\u00f0u sinn munn eins og eftir \u00feeim seinustu dropum.<a name=\"24\"><span class=\"versanumer\">24<\/span><\/a>Eg brosti upp \u00e1 \u00feegar \u00feeir voru huglausir; og gla\u00f0leiki m\u00edns andlitis hrygg\u00f0i \u00fe\u00e1 ekki.<a name=\"25\"><span class=\"versanumer\">25<\/span><\/a>V\u00e6ri eg \u00ed f\u00e9lagi me\u00f0 \u00feeim, var\u00f0 eg a\u00f0 sitja efst, og eg var \u00fear eins og k\u00f3ngur me\u00f0al hans str\u00ed\u00f0smanna, sem huggari me\u00f0al \u00feeirra sem syrgja.<\/p>\n<div class=\"footnoteVidey\"><\/div>\n","protected":false},"excerpt":{"rendered":"<p>Job talar um s\u00edna li\u00f0nu \u00e6vi. 1Job h\u00e9lt \u00e1fram a\u00f0 tala og sag\u00f0i:2\u00f3! a\u00f0 eg v\u00e6ri sem \u00e1 \u00feeim li\u00f0nu m\u00e1nu\u00f0um, eins og \u00e1 \u00feeim d\u00f6gum, \u00fe\u00e1 Gu\u00f0 var\u00f0veitti mig,3\u00feegar hans lj\u00f3s skein yfir m\u00ednu h\u00f6f\u00f0i, \u00fe\u00e1 eg gekk vi\u00f0 hans lj\u00f3s \u00ed myrkrinu.4Eins og \u00fe\u00e1 eg var \u00e1 d\u00f6gum m\u00edns kraftar, \u00feegar Gu\u00f0s vinskapur var yfir minni tjaldb\u00fa\u00f0;5\u00feegar s\u00e1 alm\u00e1ttugi enn n\u00fa var me\u00f0 m\u00e9r; \u00feegar m\u00ednir \u00fe\u00e9narar umkringdu mig.6\u00deegar eg \u00fevo\u00f0i m\u00ednar f\u00e6tur \u00ed mj\u00f3lk, og kletturinn, vi\u00f0 m\u00edna hli\u00f0, \u00fathellti ol\u00edu.7Gengi eg gegnum sta\u00f0inn \u00fat af portunum, e\u00f0a l\u00e9ti eg b\u00faa m\u00e9r s\u00e6ti \u00e1 torginu,8\u00fe\u00e1 f\u00f6ldu unglingarnir <a href=\"https:\/\/biblian.is\/videy\/jobsbok-29-kafli\/\"> [&#8230;]<\/a><\/p>\n","protected":false},"author":1,"featured_media":0,"parent":0,"menu_order":0,"comment_status":"open","ping_status":"open","template":"bibliukaflar.php","meta":{"footnotes":""},"class_list":["post-21314","page","type-page","status-publish","hentry"],"_links":{"self":[{"href":"https:\/\/biblian.is\/videy\/wp-json\/wp\/v2\/pages\/21314","targetHints":{"allow":["GET"]}}],"collection":[{"href":"https:\/\/biblian.is\/videy\/wp-json\/wp\/v2\/pages"}],"about":[{"href":"https:\/\/biblian.is\/videy\/wp-json\/wp\/v2\/types\/page"}],"author":[{"embeddable":true,"href":"https:\/\/biblian.is\/videy\/wp-json\/wp\/v2\/users\/1"}],"replies":[{"embeddable":true,"href":"https:\/\/biblian.is\/videy\/wp-json\/wp\/v2\/comments?post=21314"}],"version-history":[{"count":0,"href":"https:\/\/biblian.is\/videy\/wp-json\/wp\/v2\/pages\/21314\/revisions"}],"wp:attachment":[{"href":"https:\/\/biblian.is\/videy\/wp-json\/wp\/v2\/media?parent=21314"}],"curies":[{"name":"wp","href":"https:\/\/api.w.org\/{rel}","templated":true}]}}