{"id":21313,"date":"2018-01-02T01:01:23","date_gmt":"2018-01-02T01:01:23","guid":{"rendered":"http:\/\/biblian.is\/videy\/jobsbok-28-kafli\/"},"modified":"2018-01-02T01:01:23","modified_gmt":"2018-01-02T01:01:23","slug":"jobsbok-28-kafli","status":"publish","type":"page","link":"https:\/\/biblian.is\/videy\/jobsbok-28-kafli\/","title":{"rendered":"Jobsb\u00f3k 28. kafli"},"content":{"rendered":"<div class=\"fyrirsognVidey\">Um Gu\u00f0s speki.<\/div>\n<p><a name=\"1\"><span class=\"versanumer\">1<\/span><\/a>A\u00f0 s\u00f6nnu hefir silfri\u00f0 sinn uppruna og gulli\u00f0, sem ma\u00f0ur hreinsar, hefir sinn sta\u00f0.<a name=\"2\"><span class=\"versanumer\">2<\/span><\/a>J\u00e1rni\u00f0 er teki\u00f0 \u00far j\u00f6r\u00f0u, og steinar br\u00e6\u00f0ast \u00ed eir.<a name=\"3\"><span class=\"versanumer\">3<\/span><\/a>Hann <span class='VideyAth'>(ma\u00f0urinn)<\/span> gj\u00f6rir enda \u00e1 myrkrinu, og hann rannsakar allt n\u00e1kv\u00e6mlega, j\u00e1 jafnvel steinana, hvar dimman og dau\u00f0ans skuggar eru.<a name=\"4\"><span class=\"versanumer\">4<\/span><\/a>L\u00e6kur sprettur upp \u00fear sem \u00feeir b\u00faa, \u00feeir missa f\u00f3tanna, og \u00e1n mannhj\u00e1lpar berast \u00feeir til og fr\u00e1.<a name=\"5\"><span class=\"versanumer\">5<\/span><\/a>J\u00f6r\u00f0in, hvar af brau\u00f0i\u00f0 sprettur, raskast a\u00f0 innan sem af eldi.<a name=\"6\"><span class=\"versanumer\">6<\/span><\/a>Saf\u00edrsins sta\u00f0ur er \u00ed hennar steinum, og \u00ed henni eru gulln\u00e1mur.<a name=\"7\"><span class=\"versanumer\">7<\/span><\/a>Veginn \u00feanga\u00f0 \u00feekkir enginn fugl, einkis gamms auga hefir hann s\u00e9\u00f0.<a name=\"8\"><span class=\"versanumer\">8<\/span><\/a>Villud\u00fdrin gengu ei \u00fe\u00e1 lei\u00f0, og ekkert lj\u00f3n f\u00f3r hana.<a name=\"9\"><span class=\"versanumer\">9<\/span><\/a>\u00c1 klettana leggur hann s\u00edna h\u00f6nd; hann umturnar fj\u00f6llunum fr\u00e1 r\u00f3tum;<a name=\"10\"><span class=\"versanumer\">10<\/span><\/a>hann sundurgrefur klettana og allt d\u00fdrm\u00e6tt s\u00e9r \u00fe\u00e1 hans auga.<a name=\"11\"><span class=\"versanumer\">11<\/span><\/a>Rennsli vatnanna st\u00edflar hann, og framlei\u00f0ir \u00fea\u00f0 hulda fyrir lj\u00f3si\u00f0.<a name=\"12\"><span class=\"versanumer\">12<\/span><\/a>En v\u00edsd\u00f3m, hvar finnur ma\u00f0ur hann? og hvar er geymslusta\u00f0ur hyggindanna?<a name=\"13\"><span class=\"versanumer\">13<\/span><\/a>Ma\u00f0urinn \u00feekkir ekki <span class='VideyAth'>(hans)<\/span> ver\u00f0, og hann finnst ekki \u00ed landi \u00feeirra sem lifa.<a name=\"14\"><span class=\"versanumer\">14<\/span><\/a>Afgrunni\u00f0 segir: \u00ed m\u00e9r <span class='VideyAth'>(er hann)<\/span> ekki, og hafi\u00f0 segir: hj\u00e1 m\u00e9r er hann ekki.<a name=\"15\"><span class=\"versanumer\">15<\/span><\/a>Ma\u00f0ur getur ekki gefi\u00f0 gull fyrir hann, ekki heldur \u00fatvegi\u00f0 silfur til a\u00f0 betala hann me\u00f0.<a name=\"16\"><span class=\"versanumer\">16<\/span><\/a>Hann ver\u00f0ur ei betala\u00f0ur me\u00f0 Of\u00edrs gulli, ei me\u00f0 \u00feeim d\u00fdra onyx og saf\u00edr.<a name=\"17\"><span class=\"versanumer\">17<\/span><\/a>Gull og kristallur geta ei metist jafnt honum, menn geta ei fengi\u00f0 hann fyrir gullker.<a name=\"18\"><span class=\"versanumer\">18<\/span><\/a>K\u00f3rhalla og e\u00f0alsteina er ekki h\u00e9r a\u00f0 nefna, \u00fev\u00ed v\u00edsd\u00f3murinn er d\u00fdrm\u00e6tari en perlur.<a name=\"19\"><span class=\"versanumer\">19<\/span><\/a>Bl\u00e1lands smarag\u00f0ar geta ei vi\u00f0 hann jafnast, \u00fea\u00f0 sk\u00edrasta gull vegur ekki vi\u00f0 hann.<a name=\"20\"><span class=\"versanumer\">20<\/span><\/a>Hva\u00f0an skal \u00fe\u00e1 v\u00edsd\u00f3murinn koma? og hvar er hyggindanna geymslub\u00far?<a name=\"21\"><span class=\"versanumer\">21<\/span><\/a>Hann er f\u00f3lginn augum allra \u00feeirra sem lifa, hann er hulinn himinsins fuglum.<a name=\"22\"><span class=\"versanumer\">22<\/span><\/a>Afgrunni\u00f0 og dau\u00f0inn segja: me\u00f0 vorum eyrum h\u00f6fum v\u00e9r heyrt hans rikti.<a name=\"23\"><span class=\"versanumer\">23<\/span><\/a>Gu\u00f0 \u00feekkir hans vegu, hann veit af hans b\u00fasta\u00f0,<a name=\"24\"><span class=\"versanumer\">24<\/span><\/a>\u00fev\u00ed hann s\u00e9r til jar\u00f0arinnar enda; hva\u00f0 sem er undir \u00f6llum himninum, \u00fea\u00f0 s\u00e9r hann.<a name=\"25\"><span class=\"versanumer\">25<\/span><\/a>\u00de\u00e1 hann gaf ve\u00f0rinu s\u00edna \u00feyngd, og tilt\u00f3k vatnsins m\u00e6lir.<a name=\"26\"><span class=\"versanumer\">26<\/span><\/a>\u00de\u00e1 hann gaf regninu s\u00edn l\u00f6g, og eldingunni, sem fer undan \u00ferumunni s\u00edna lei\u00f0,<a name=\"27\"><span class=\"versanumer\">27<\/span><\/a>\u00fe\u00e1 s\u00e1 hann hann og kunngj\u00f6r\u00f0i hann; hann afm\u00e6ldi hann, og rannsaka\u00f0i hann l\u00edka.<a name=\"28\"><span class=\"versanumer\">28<\/span><\/a>Og hann sag\u00f0i vi\u00f0 manninn: sj\u00e1! Drottins \u00f3tti er v\u00edsd\u00f3mur og a\u00f0 v\u00edkja fr\u00e1 hinu illa, \u00fea\u00f0 eru hyggindi.<\/p>\n<div class=\"footnoteVidey\"><\/div>\n","protected":false},"excerpt":{"rendered":"<p>Um Gu\u00f0s speki. 1A\u00f0 s\u00f6nnu hefir silfri\u00f0 sinn uppruna og gulli\u00f0, sem ma\u00f0ur hreinsar, hefir sinn sta\u00f0.2J\u00e1rni\u00f0 er teki\u00f0 \u00far j\u00f6r\u00f0u, og steinar br\u00e6\u00f0ast \u00ed eir.3Hann (ma\u00f0urinn) gj\u00f6rir enda \u00e1 myrkrinu, og hann rannsakar allt n\u00e1kv\u00e6mlega, j\u00e1 jafnvel steinana, hvar dimman og dau\u00f0ans skuggar eru.4L\u00e6kur sprettur upp \u00fear sem \u00feeir b\u00faa, \u00feeir missa f\u00f3tanna, og \u00e1n mannhj\u00e1lpar berast \u00feeir til og fr\u00e1.5J\u00f6r\u00f0in, hvar af brau\u00f0i\u00f0 sprettur, raskast a\u00f0 innan sem af eldi.6Saf\u00edrsins sta\u00f0ur er \u00ed hennar steinum, og \u00ed henni eru gulln\u00e1mur.7Veginn \u00feanga\u00f0 \u00feekkir enginn fugl, einkis gamms auga hefir hann s\u00e9\u00f0.8Villud\u00fdrin gengu ei \u00fe\u00e1 lei\u00f0, og ekkert lj\u00f3n f\u00f3r <a href=\"https:\/\/biblian.is\/videy\/jobsbok-28-kafli\/\"> [&#8230;]<\/a><\/p>\n","protected":false},"author":1,"featured_media":0,"parent":0,"menu_order":0,"comment_status":"open","ping_status":"open","template":"bibliukaflar.php","meta":{"footnotes":""},"class_list":["post-21313","page","type-page","status-publish","hentry"],"_links":{"self":[{"href":"https:\/\/biblian.is\/videy\/wp-json\/wp\/v2\/pages\/21313","targetHints":{"allow":["GET"]}}],"collection":[{"href":"https:\/\/biblian.is\/videy\/wp-json\/wp\/v2\/pages"}],"about":[{"href":"https:\/\/biblian.is\/videy\/wp-json\/wp\/v2\/types\/page"}],"author":[{"embeddable":true,"href":"https:\/\/biblian.is\/videy\/wp-json\/wp\/v2\/users\/1"}],"replies":[{"embeddable":true,"href":"https:\/\/biblian.is\/videy\/wp-json\/wp\/v2\/comments?post=21313"}],"version-history":[{"count":0,"href":"https:\/\/biblian.is\/videy\/wp-json\/wp\/v2\/pages\/21313\/revisions"}],"wp:attachment":[{"href":"https:\/\/biblian.is\/videy\/wp-json\/wp\/v2\/media?parent=21313"}],"curies":[{"name":"wp","href":"https:\/\/api.w.org\/{rel}","templated":true}]}}