{"id":21311,"date":"2018-01-02T01:01:23","date_gmt":"2018-01-02T01:01:23","guid":{"rendered":"http:\/\/biblian.is\/videy\/jobsbok-26-kafli\/"},"modified":"2018-01-02T01:01:23","modified_gmt":"2018-01-02T01:01:23","slug":"jobsbok-26-kafli","status":"publish","type":"page","link":"https:\/\/biblian.is\/videy\/jobsbok-26-kafli\/","title":{"rendered":"Jobsb\u00f3k 26. kafli"},"content":{"rendered":"<div class=\"fyrirsognVidey\">Job talar um Gu\u00f0s h\u00e1tign.<\/div>\n<p><a name=\"1\"><span class=\"versanumer\">1<\/span><\/a>\u00de\u00e1 svara\u00f0i Job og sag\u00f0i:<a name=\"2\"><span class=\"versanumer\">2<\/span><\/a>hv\u00f6rnig hefir \u00fe\u00fa hj\u00e1lpa\u00f0 \u00feeim m\u00e1ttlausa? styrktir \u00fe\u00fa \u00feann arm sem haf\u00f0i engan kraft?<a name=\"3\"><span class=\"versanumer\">3<\/span><\/a>Hva\u00f0a r\u00e1\u00f0 gafstu \u00feeim f\u00e1v\u00edsa? \u00fatb\u00fdttir \u00fe\u00fa speki r\u00edkuglega.<a name=\"4\"><span class=\"versanumer\">4<\/span><\/a>Hv\u00f6rjum hefir \u00fe\u00fa kunngj\u00f6rt \u00feitt tal? og af hv\u00f6rjum anda tala\u00f0ir \u00fe\u00fa?<a name=\"5\"><span class=\"versanumer\">5<\/span><\/a>Andarnir \u00ed undirheimum skelfast, sj\u00f3rinn og hans innb\u00faar.<a name=\"6\"><span class=\"versanumer\">6<\/span><\/a>Undirheimar eru honum \u00f6ndver\u00f0ir <span class='VideyAth'>(opnir)<\/span>, og afgrunni\u00f0 hefir engin fylgsni.<a name=\"7\"><span class=\"versanumer\">7<\/span><\/a>Hann \u00fatbrei\u00f0ir nor\u00f0ri\u00f0 yfir \u00f6r\u00e6fin; hann hengir j\u00f6r\u00f0ina \u00e1 ekki neitt.<a name=\"8\"><span class=\"versanumer\">8<\/span><\/a>Hann bindur saman vatni\u00f0 \u00ed s\u00ednum sk\u00fdjum, \u00fe\u00f3 bresta ei regnsk\u00fdin undir \u00fev\u00ed.<a name=\"9\"><span class=\"versanumer\">9<\/span><\/a>Hann birgir sitt h\u00e1s\u00e6ti og brei\u00f0ir sk\u00fdin yfir \u00fea\u00f0.<a name=\"10\"><span class=\"versanumer\">10<\/span><\/a>Hann sirkla\u00f0i vandlega takm\u00f6rk \u00e1 vatninu, lj\u00f3si\u00f0 hj\u00e1 myrkrinu.<a name=\"11\"><span class=\"versanumer\">11<\/span><\/a>Himinsins st\u00f3lpar n\u00f6tra og hr\u00e6\u00f0ast hans h\u00f3tan.<a name=\"12\"><span class=\"versanumer\">12<\/span><\/a>Me\u00f0 s\u00ednum krafti upp\u00e6sir hann hafi\u00f0, og me\u00f0 s\u00ednum v\u00edsd\u00f3mi br\u00fdtur hann \u00e1 bak aftur sj\u00e1varins dramb.<a name=\"13\"><span class=\"versanumer\">13<\/span><\/a>Af hans anda er himinninn fagur; hans h\u00f6nd hefir mynda\u00f0 h\u00f6ggorminn \u00ed nor\u00f0rinu <span class='VideyAth'>(himinmerki)<\/span>.<a name=\"14\"><span class=\"versanumer\">14<\/span><\/a>Sj\u00e1! \u00feetta er ystu partar af hans vegum, og hv\u00f6rsu l\u00edti\u00f0 er \u00fea\u00f0 tal, sem v\u00e9r h\u00f6fum um hann heyrt! En \u00ferumu hins alm\u00e1ttuga\u2014hv\u00f6r skilur hana?<\/p>\n<div class=\"footnoteVidey\"><\/div>\n","protected":false},"excerpt":{"rendered":"<p>Job talar um Gu\u00f0s h\u00e1tign. 1\u00de\u00e1 svara\u00f0i Job og sag\u00f0i:2hv\u00f6rnig hefir \u00fe\u00fa hj\u00e1lpa\u00f0 \u00feeim m\u00e1ttlausa? styrktir \u00fe\u00fa \u00feann arm sem haf\u00f0i engan kraft?3Hva\u00f0a r\u00e1\u00f0 gafstu \u00feeim f\u00e1v\u00edsa? \u00fatb\u00fdttir \u00fe\u00fa speki r\u00edkuglega.4Hv\u00f6rjum hefir \u00fe\u00fa kunngj\u00f6rt \u00feitt tal? og af hv\u00f6rjum anda tala\u00f0ir \u00fe\u00fa?5Andarnir \u00ed undirheimum skelfast, sj\u00f3rinn og hans innb\u00faar.6Undirheimar eru honum \u00f6ndver\u00f0ir (opnir), og afgrunni\u00f0 hefir engin fylgsni.7Hann \u00fatbrei\u00f0ir nor\u00f0ri\u00f0 yfir \u00f6r\u00e6fin; hann hengir j\u00f6r\u00f0ina \u00e1 ekki neitt.8Hann bindur saman vatni\u00f0 \u00ed s\u00ednum sk\u00fdjum, \u00fe\u00f3 bresta ei regnsk\u00fdin undir \u00fev\u00ed.9Hann birgir sitt h\u00e1s\u00e6ti og brei\u00f0ir sk\u00fdin yfir \u00fea\u00f0.10Hann sirkla\u00f0i vandlega takm\u00f6rk \u00e1 vatninu, lj\u00f3si\u00f0 hj\u00e1 myrkrinu.11Himinsins st\u00f3lpar n\u00f6tra og hr\u00e6\u00f0ast <a href=\"https:\/\/biblian.is\/videy\/jobsbok-26-kafli\/\"> [&#8230;]<\/a><\/p>\n","protected":false},"author":1,"featured_media":0,"parent":0,"menu_order":0,"comment_status":"open","ping_status":"open","template":"bibliukaflar.php","meta":{"footnotes":""},"class_list":["post-21311","page","type-page","status-publish","hentry"],"_links":{"self":[{"href":"https:\/\/biblian.is\/videy\/wp-json\/wp\/v2\/pages\/21311","targetHints":{"allow":["GET"]}}],"collection":[{"href":"https:\/\/biblian.is\/videy\/wp-json\/wp\/v2\/pages"}],"about":[{"href":"https:\/\/biblian.is\/videy\/wp-json\/wp\/v2\/types\/page"}],"author":[{"embeddable":true,"href":"https:\/\/biblian.is\/videy\/wp-json\/wp\/v2\/users\/1"}],"replies":[{"embeddable":true,"href":"https:\/\/biblian.is\/videy\/wp-json\/wp\/v2\/comments?post=21311"}],"version-history":[{"count":0,"href":"https:\/\/biblian.is\/videy\/wp-json\/wp\/v2\/pages\/21311\/revisions"}],"wp:attachment":[{"href":"https:\/\/biblian.is\/videy\/wp-json\/wp\/v2\/media?parent=21311"}],"curies":[{"name":"wp","href":"https:\/\/api.w.org\/{rel}","templated":true}]}}