{"id":21310,"date":"2018-01-02T01:01:23","date_gmt":"2018-01-02T01:01:23","guid":{"rendered":"http:\/\/biblian.is\/videy\/jobsbok-25-kafli\/"},"modified":"2018-01-02T01:01:23","modified_gmt":"2018-01-02T01:01:23","slug":"jobsbok-25-kafli","status":"publish","type":"page","link":"https:\/\/biblian.is\/videy\/jobsbok-25-kafli\/","title":{"rendered":"Jobsb\u00f3k 25. kafli"},"content":{"rendered":"<div class=\"fyrirsognVidey\">Bildad svarar.<\/div>\n<p><a name=\"1\"><span class=\"versanumer\">1<\/span><\/a>En Bildad af S\u00faa svara\u00f0i og sag\u00f0i:<a name=\"2\"><span class=\"versanumer\">2<\/span><\/a>herrad\u00e6mi og \u00f3tti er hj\u00e1 honum, sem b\u00fd\u00f0ur fri\u00f0 fr\u00e1 h\u00e6\u00f0um!<a name=\"3\"><span class=\"versanumer\">3<\/span><\/a>Mun hans her ver\u00f0a talinn? yfir hv\u00f6rjum upprennur ekki hans lj\u00f3s?<a name=\"4\"><span class=\"versanumer\">4<\/span><\/a>Hv\u00f6rnig getur ma\u00f0urinn veri\u00f0 r\u00e9ttl\u00e1tur fyrir Gu\u00f0i? og hv\u00f6rnig s\u00e1 hreinn sem er f\u00e6ddur af kvinnu?<a name=\"5\"><span class=\"versanumer\">5<\/span><\/a>L\u00edttu til tunglsins, jafnvel ei \u00fear setur hann s\u00edna tjaldb\u00fa\u00f0; og stj\u00f6rnurnar eru ekki hreinar fyrir hans augum.<a name=\"6\"><span class=\"versanumer\">6<\/span><\/a>Hv\u00f6rsu miklu s\u00ed\u00f0ur ma\u00f0urinn, s\u00e1 ormur, og mannsins barn, s\u00e1 ma\u00f0kur.<\/p>\n<div class=\"footnoteVidey\"><\/div>\n","protected":false},"excerpt":{"rendered":"<p>Bildad svarar. 1En Bildad af S\u00faa svara\u00f0i og sag\u00f0i:2herrad\u00e6mi og \u00f3tti er hj\u00e1 honum, sem b\u00fd\u00f0ur fri\u00f0 fr\u00e1 h\u00e6\u00f0um!3Mun hans her ver\u00f0a talinn? yfir hv\u00f6rjum upprennur ekki hans lj\u00f3s?4Hv\u00f6rnig getur ma\u00f0urinn veri\u00f0 r\u00e9ttl\u00e1tur fyrir Gu\u00f0i? og hv\u00f6rnig s\u00e1 hreinn sem er f\u00e6ddur af kvinnu?5L\u00edttu til tunglsins, jafnvel ei \u00fear setur hann s\u00edna tjaldb\u00fa\u00f0; og stj\u00f6rnurnar eru ekki hreinar fyrir hans augum.6Hv\u00f6rsu miklu s\u00ed\u00f0ur ma\u00f0urinn, s\u00e1 ormur, og mannsins barn, s\u00e1 ma\u00f0kur.<\/p>\n","protected":false},"author":1,"featured_media":0,"parent":0,"menu_order":0,"comment_status":"open","ping_status":"open","template":"bibliukaflar.php","meta":{"footnotes":""},"class_list":["post-21310","page","type-page","status-publish","hentry"],"_links":{"self":[{"href":"https:\/\/biblian.is\/videy\/wp-json\/wp\/v2\/pages\/21310","targetHints":{"allow":["GET"]}}],"collection":[{"href":"https:\/\/biblian.is\/videy\/wp-json\/wp\/v2\/pages"}],"about":[{"href":"https:\/\/biblian.is\/videy\/wp-json\/wp\/v2\/types\/page"}],"author":[{"embeddable":true,"href":"https:\/\/biblian.is\/videy\/wp-json\/wp\/v2\/users\/1"}],"replies":[{"embeddable":true,"href":"https:\/\/biblian.is\/videy\/wp-json\/wp\/v2\/comments?post=21310"}],"version-history":[{"count":0,"href":"https:\/\/biblian.is\/videy\/wp-json\/wp\/v2\/pages\/21310\/revisions"}],"wp:attachment":[{"href":"https:\/\/biblian.is\/videy\/wp-json\/wp\/v2\/media?parent=21310"}],"curies":[{"name":"wp","href":"https:\/\/api.w.org\/{rel}","templated":true}]}}