{"id":21309,"date":"2018-01-02T01:01:17","date_gmt":"2018-01-02T01:01:17","guid":{"rendered":"http:\/\/biblian.is\/videy\/jobsbok-24-kafli\/"},"modified":"2018-01-02T01:01:17","modified_gmt":"2018-01-02T01:01:17","slug":"jobsbok-24-kafli","status":"publish","type":"page","link":"https:\/\/biblian.is\/videy\/jobsbok-24-kafli\/","title":{"rendered":"Jobsb\u00f3k 24. kafli"},"content":{"rendered":"<div class=\"fyrirsognVidey\">Job talar um ath\u00e6fi \u00f3gu\u00f0legra.<\/div>\n<p><a name=\"1\"><span class=\"versanumer\">1<\/span><\/a>Hvar fyrir munu t\u00edmarnir ei huldir vera \u00feeim alm\u00e1ttuga, og hvar fyrir sj\u00e1 ekki \u00feeir hans daga sem \u00feekkja hann?<a name=\"2\"><span class=\"versanumer\">2<\/span><\/a>Landamerkin flytja menn; hj\u00f6r\u00f0unum r\u00e6na menn og halda \u00e1 beit.<a name=\"3\"><span class=\"versanumer\">3<\/span><\/a>\u00deeir reka burt asna hinna f\u00f6\u00f0urlausu, og taka uxa ekkjunnar \u00ed pant.<a name=\"4\"><span class=\"versanumer\">4<\/span><\/a>\u00deeim f\u00e1t\u00e6ku er hrundi\u00f0 af g\u00f6tu; og \u00feeir aumu \u00ed landinu ver\u00f0a allir a\u00f0 fela sig.<a name=\"5\"><span class=\"versanumer\">5<\/span><\/a>Sj\u00e1! eins og villiasnar \u00ed \u00f6r\u00e6funum ganga \u00feeir aumu \u00fat til sinna starfa; \u00feeir fara snemma \u00e1 f\u00e6tur til a\u00f0 f\u00e1 s\u00e9r f\u00f3\u00f0ur, ey\u00f0im\u00f6rkin gefur \u00feeim brau\u00f0, handa \u00feeirra b\u00f6rnum.<a name=\"6\"><span class=\"versanumer\">6<\/span><\/a>\u00c1 akrinum uppskera \u00feeir sitt f\u00f3\u00f0ur, og safna \u00feeirra seinni uppskeru \u00ed v\u00edngar\u00f0i hins \u00f3gu\u00f0lega.<a name=\"7\"><span class=\"versanumer\">7<\/span><\/a>Naktir liggja \u00feeir \u00e1 n\u00f3ttum, fatalausir, \u00e1n \u00e1brei\u00f0u, \u00ed kuldanum.<a name=\"8\"><span class=\"versanumer\">8<\/span><\/a>\u00deeir ver\u00f0a votir af fjallhr\u00ed\u00f0um; og fa\u00f0ma klettinn af \u00fev\u00ed \u00fe\u00e1 vantar h\u00e6li.<a name=\"9\"><span class=\"versanumer\">9<\/span><\/a>\u00deeir r\u00edfa \u00feann f\u00f6\u00f0urlausa af brj\u00f3stinu, og f\u00f6t hins snau\u00f0a taka \u00feeir \u00ed pant.<a name=\"10\"><span class=\"versanumer\">10<\/span><\/a>\u00deeir l\u00e1ta \u00fe\u00e1 n\u00f6ktu fara kl\u00e6\u00f0lausa, og hinir hungru\u00f0u bera kornbindini.<a name=\"11\"><span class=\"versanumer\">11<\/span><\/a>Innan \u00feeirra veggja pressa \u00feeir ol\u00edu, \u00feeir tro\u00f0a \u00fer\u00faguna og eru \u00feyrstir.<a name=\"12\"><span class=\"versanumer\">12<\/span><\/a>Sta\u00f0armennirnir andvarpa deyjandi; og s\u00e1lir hinna drepnu hlj\u00f3\u00f0a, \u00fe\u00f3 gj\u00f6rir Gu\u00f0 ekkert undur!<a name=\"13\"><span class=\"versanumer\">13<\/span><\/a>Nokkrir eru me\u00f0al \u00feeirra sem hata lj\u00f3si\u00f0; \u00feeir \u00feekkja ekki hans vegu og \u00feeir eru ekki \u00e1 hans g\u00f6tu.<a name=\"14\"><span class=\"versanumer\">14<\/span><\/a>\u00deegar dagar, fer mor\u00f0inginn \u00e1 f\u00e6tur og drepur \u00feann f\u00e1t\u00e6ka og \u00feurfamanninn, og \u00e1 n\u00f3ttunni er hann sem \u00fej\u00f3fur.<a name=\"15\"><span class=\"versanumer\">15<\/span><\/a>Og h\u00f3rkarlsins auga b\u00ed\u00f0ur eftir r\u00f6kkrinu, og hann segir: mig skal ekkert auga sj\u00e1! og hann hefir sk\u00fdlu fyrir andlitinu.<a name=\"16\"><span class=\"versanumer\">16<\/span><\/a>\u00cd myrkrinu brj\u00f3tast \u00feeir inn \u00ed h\u00fasi\u00f0; \u00e1 daginn loka \u00feeir sig inni; \u00feeir for\u00f0ast lj\u00f3si\u00f0.<a name=\"17\"><span class=\"versanumer\">17<\/span><\/a>Morguninn er \u00feeim sem dau\u00f0ans skuggi; \u00fev\u00ed \u00feeir eru handgengnir myrkursins skelfingum.<a name=\"18\"><span class=\"versanumer\">18<\/span><\/a>\u00d3st\u00f6\u00f0ugir eins og hafsins fro\u00f0a <span class='VideyAth'>(b\u00f6lvu\u00f0 er \u00feeirra hlutdeild \u00ed landinu)<\/span>! sn\u00faa \u00feeir s\u00e9r ekki a\u00f0 vegum v\u00edngar\u00f0anna.<a name=\"19\"><span class=\"versanumer\">19<\/span><\/a>\u00deurrkur og hiti uppsvelgir snj\u00f3vatni\u00f0, en gr\u00f6fin \u00fe\u00e1, sem hafa syndga\u00f0.<a name=\"20\"><span class=\"versanumer\">20<\/span><\/a>\u00deessh\u00e1ttar ma\u00f0ur mun geymast s\u00ednum n\u00e1nustu; ormunum mun hann vel smakkast, menn skulu ekki framar til hans muna; rangl\u00e6ti\u00f0 mun brotna sem feyski\u00f0 tr\u00e9.<a name=\"21\"><span class=\"versanumer\">21<\/span><\/a>S\u00e1 sem undir\u00ferykkti \u00fe\u00e1 barnlausu, er ekki f\u00e6ddi, sem ekki gj\u00f6r\u00f0i ekkjunni gott;<a name=\"22\"><span class=\"versanumer\">22<\/span><\/a>sem ni\u00f0urdr\u00f3 \u00feann volduga me\u00f0 sinni makt; ef hann st\u00f3\u00f0 upp var l\u00edf manna ekki \u00f3hult.<a name=\"23\"><span class=\"versanumer\">23<\/span><\/a>Gefi Gu\u00f0 \u00feeim a\u00f0 lifa \u00f3hultur, rei\u00f0a \u00feeir sig \u00e1 \u00fea\u00f0; \u00fe\u00f3 tekur hans auga eftir \u00feeirra vegum.<a name=\"24\"><span class=\"versanumer\">24<\/span><\/a>\u00deeir eru \u00ed h\u00e1vegum um stund, og \u00feeir eru ei framar til; \u00feeir ni\u00f0ur\u00ferykkjast, og innilokast, eins og allir \u00ed gr\u00f6finni; og eins og fullvaxi\u00f0 ax, ver\u00f0a \u00feeir afsni\u00f0nir.<a name=\"25\"><span class=\"versanumer\">25<\/span><\/a>Er \u00fea\u00f0 ekki svo? Hv\u00f6r straffar mig fyrir \u00f3sanns\u00f6gli og gj\u00f6rir mitt tal a\u00f0 engu?<\/p>\n<div class=\"footnoteVidey\"><\/div>\n","protected":false},"excerpt":{"rendered":"<p>Job talar um ath\u00e6fi \u00f3gu\u00f0legra. 1Hvar fyrir munu t\u00edmarnir ei huldir vera \u00feeim alm\u00e1ttuga, og hvar fyrir sj\u00e1 ekki \u00feeir hans daga sem \u00feekkja hann?2Landamerkin flytja menn; hj\u00f6r\u00f0unum r\u00e6na menn og halda \u00e1 beit.3\u00deeir reka burt asna hinna f\u00f6\u00f0urlausu, og taka uxa ekkjunnar \u00ed pant.4\u00deeim f\u00e1t\u00e6ku er hrundi\u00f0 af g\u00f6tu; og \u00feeir aumu \u00ed landinu ver\u00f0a allir a\u00f0 fela sig.5Sj\u00e1! eins og villiasnar \u00ed \u00f6r\u00e6funum ganga \u00feeir aumu \u00fat til sinna starfa; \u00feeir fara snemma \u00e1 f\u00e6tur til a\u00f0 f\u00e1 s\u00e9r f\u00f3\u00f0ur, ey\u00f0im\u00f6rkin gefur \u00feeim brau\u00f0, handa \u00feeirra b\u00f6rnum.6\u00c1 akrinum uppskera \u00feeir sitt f\u00f3\u00f0ur, og safna \u00feeirra seinni uppskeru \u00ed <a href=\"https:\/\/biblian.is\/videy\/jobsbok-24-kafli\/\"> [&#8230;]<\/a><\/p>\n","protected":false},"author":1,"featured_media":0,"parent":0,"menu_order":0,"comment_status":"open","ping_status":"open","template":"bibliukaflar.php","meta":{"footnotes":""},"class_list":["post-21309","page","type-page","status-publish","hentry"],"_links":{"self":[{"href":"https:\/\/biblian.is\/videy\/wp-json\/wp\/v2\/pages\/21309","targetHints":{"allow":["GET"]}}],"collection":[{"href":"https:\/\/biblian.is\/videy\/wp-json\/wp\/v2\/pages"}],"about":[{"href":"https:\/\/biblian.is\/videy\/wp-json\/wp\/v2\/types\/page"}],"author":[{"embeddable":true,"href":"https:\/\/biblian.is\/videy\/wp-json\/wp\/v2\/users\/1"}],"replies":[{"embeddable":true,"href":"https:\/\/biblian.is\/videy\/wp-json\/wp\/v2\/comments?post=21309"}],"version-history":[{"count":0,"href":"https:\/\/biblian.is\/videy\/wp-json\/wp\/v2\/pages\/21309\/revisions"}],"wp:attachment":[{"href":"https:\/\/biblian.is\/videy\/wp-json\/wp\/v2\/media?parent=21309"}],"curies":[{"name":"wp","href":"https:\/\/api.w.org\/{rel}","templated":true}]}}