{"id":21308,"date":"2018-01-02T01:01:17","date_gmt":"2018-01-02T01:01:17","guid":{"rendered":"http:\/\/biblian.is\/videy\/jobsbok-23-kafli\/"},"modified":"2018-01-02T01:01:17","modified_gmt":"2018-01-02T01:01:17","slug":"jobsbok-23-kafli","status":"publish","type":"page","link":"https:\/\/biblian.is\/videy\/jobsbok-23-kafli\/","title":{"rendered":"Jobsb\u00f3k 23. kafli"},"content":{"rendered":"<div class=\"fyrirsognVidey\">Job afhendir Drottni sitt m\u00e1lefni.<\/div>\n<p><a name=\"1\"><span class=\"versanumer\">1<\/span><\/a>\u00de\u00e1 svara\u00f0i Job og sag\u00f0i:<a name=\"2\"><span class=\"versanumer\">2<\/span><\/a>s\u00e1 ver\u00f0ur enn m\u00edn umkv\u00f6rtun; m\u00edn h\u00f6nd gj\u00f6rir mitt andvarp \u00feungt.<a name=\"3\"><span class=\"versanumer\">3<\/span><\/a>\u00d3! a\u00f0 eg vissi a\u00f0 finna hann og g\u00e6ti komi\u00f0 fram fyrir hans h\u00e1s\u00e6ti.<a name=\"4\"><span class=\"versanumer\">4<\/span><\/a>Eg skyldi reglulega framleggja \u00ed r\u00e9tt fyrir hann m\u00edna s\u00f6k, og fylla minn munn me\u00f0 afs\u00f6kunum <span class='VideyAth'>(\u00e1st\u00e6\u00f0um)<\/span>.<a name=\"5\"><span class=\"versanumer\">5<\/span><\/a>Eg g\u00e6ti vita\u00f0 me\u00f0 hv\u00f6rjum or\u00f0um hann mundi svara m\u00e9r; og reynt hva\u00f0 hann vildi segja m\u00e9r.<a name=\"6\"><span class=\"versanumer\">6<\/span><\/a>\u00c6tla hann mundi \u00fereyta mig me\u00f0 s\u00ednum mikla krafti? nei! hann mundi a\u00f0eins s\u00fdna m\u00e9r athygli.<a name=\"7\"><span class=\"versanumer\">7<\/span><\/a>\u00de\u00e1 mundi einn hreinskilinn ganga \u00ed r\u00e9tt vi\u00f0 hann; og eg mundi a\u00f0 eil\u00edfu fr\u00edkennast af m\u00ednum d\u00f3mara.<a name=\"8\"><span class=\"versanumer\">8<\/span><\/a>En sj\u00e1! gangi eg \u00e1fram svo er hann ekki \u00fear, e\u00f0a til baka, ver\u00f0 eg ekki var vi\u00f0 hann.<a name=\"9\"><span class=\"versanumer\">9<\/span><\/a>\u00de\u00f3 hann gj\u00f6ri eitthva\u00f0 \u00e1 vinstri hli\u00f0, s\u00e9 eg hann ekki, feli hann sig h\u00e6gramegin, finn eg hann ekki.<a name=\"10\"><span class=\"versanumer\">10<\/span><\/a>En hann \u00feekkir \u00feann veg sem eg geng; hann reynir mig, og eg pr\u00f3fast sem gulli\u00f0.<a name=\"11\"><span class=\"versanumer\">11<\/span><\/a>Minn f\u00f3tur fylgdi fastlega hans sporum; hans veg f\u00f3r eg, og beyg\u00f0i ekki af lei\u00f0.<a name=\"12\"><span class=\"versanumer\">12<\/span><\/a>Bo\u00f0or\u00f0 hans vara hefi eg ekki yfirgefi\u00f0; betur geymdi eg tali\u00f0 hans munns, heldur en m\u00edn eigin \u00e1form.<a name=\"13\"><span class=\"versanumer\">13<\/span><\/a>En hann er vi\u00f0 \u00fea\u00f0 sama <span class='VideyAth'>(\u00f3umbreytanlegur)<\/span>, hv\u00f6r getur komi\u00f0 honum af \u00fev\u00ed? Hann gj\u00f6rir \u00fea\u00f0 sem hans s\u00e1l girnist.<a name=\"14\"><span class=\"versanumer\">14<\/span><\/a>Hann fullgj\u00f6rir \u00fea\u00f0 sem m\u00e9r er \u00e6tla\u00f0; og margt \u00feessh\u00e1ttar hefir hann \u00ed huga.<a name=\"15\"><span class=\"versanumer\">15<\/span><\/a>\u00dev\u00ed skelfist eg fyrir hans augliti; eg vir\u00f0i \u00fea\u00f0 fyrir m\u00e9r, og hr\u00e6\u00f0ist hann.<a name=\"16\"><span class=\"versanumer\">16<\/span><\/a>\u00dev\u00ed Gu\u00f0 hefir teki\u00f0 kjarkinn \u00far m\u00ednu hjarta; og s\u00e1 Alm\u00e1ttugi hefir skelka\u00f0 mig.<a name=\"17\"><span class=\"versanumer\">17<\/span><\/a>Af \u00fev\u00ed eg \u00feagna\u00f0i <span class='VideyAth'>(d\u00f3)<\/span> ekki \u00e1\u00f0ur en myrkri\u00f0 kom, og hann t\u00f3k ekki dimmuna fr\u00e1 minni augs\u00fdn.<\/p>\n<div class=\"footnoteVidey\"><\/div>\n","protected":false},"excerpt":{"rendered":"<p>Job afhendir Drottni sitt m\u00e1lefni. 1\u00de\u00e1 svara\u00f0i Job og sag\u00f0i:2s\u00e1 ver\u00f0ur enn m\u00edn umkv\u00f6rtun; m\u00edn h\u00f6nd gj\u00f6rir mitt andvarp \u00feungt.3\u00d3! a\u00f0 eg vissi a\u00f0 finna hann og g\u00e6ti komi\u00f0 fram fyrir hans h\u00e1s\u00e6ti.4Eg skyldi reglulega framleggja \u00ed r\u00e9tt fyrir hann m\u00edna s\u00f6k, og fylla minn munn me\u00f0 afs\u00f6kunum (\u00e1st\u00e6\u00f0um).5Eg g\u00e6ti vita\u00f0 me\u00f0 hv\u00f6rjum or\u00f0um hann mundi svara m\u00e9r; og reynt hva\u00f0 hann vildi segja m\u00e9r.6\u00c6tla hann mundi \u00fereyta mig me\u00f0 s\u00ednum mikla krafti? nei! hann mundi a\u00f0eins s\u00fdna m\u00e9r athygli.7\u00de\u00e1 mundi einn hreinskilinn ganga \u00ed r\u00e9tt vi\u00f0 hann; og eg mundi a\u00f0 eil\u00edfu fr\u00edkennast af m\u00ednum d\u00f3mara.8En sj\u00e1! gangi eg <a href=\"https:\/\/biblian.is\/videy\/jobsbok-23-kafli\/\"> [&#8230;]<\/a><\/p>\n","protected":false},"author":1,"featured_media":0,"parent":0,"menu_order":0,"comment_status":"open","ping_status":"open","template":"bibliukaflar.php","meta":{"footnotes":""},"class_list":["post-21308","page","type-page","status-publish","hentry"],"_links":{"self":[{"href":"https:\/\/biblian.is\/videy\/wp-json\/wp\/v2\/pages\/21308","targetHints":{"allow":["GET"]}}],"collection":[{"href":"https:\/\/biblian.is\/videy\/wp-json\/wp\/v2\/pages"}],"about":[{"href":"https:\/\/biblian.is\/videy\/wp-json\/wp\/v2\/types\/page"}],"author":[{"embeddable":true,"href":"https:\/\/biblian.is\/videy\/wp-json\/wp\/v2\/users\/1"}],"replies":[{"embeddable":true,"href":"https:\/\/biblian.is\/videy\/wp-json\/wp\/v2\/comments?post=21308"}],"version-history":[{"count":0,"href":"https:\/\/biblian.is\/videy\/wp-json\/wp\/v2\/pages\/21308\/revisions"}],"wp:attachment":[{"href":"https:\/\/biblian.is\/videy\/wp-json\/wp\/v2\/media?parent=21308"}],"curies":[{"name":"wp","href":"https:\/\/api.w.org\/{rel}","templated":true}]}}