{"id":21307,"date":"2018-01-02T01:01:17","date_gmt":"2018-01-02T01:01:17","guid":{"rendered":"http:\/\/biblian.is\/videy\/jobsbok-22-kafli\/"},"modified":"2018-01-02T01:01:17","modified_gmt":"2018-01-02T01:01:17","slug":"jobsbok-22-kafli","status":"publish","type":"page","link":"https:\/\/biblian.is\/videy\/jobsbok-22-kafli\/","title":{"rendered":"Jobsb\u00f3k 22. kafli"},"content":{"rendered":"<div class=\"fyrirsognVidey\">El\u00edfas svarar.<\/div>\n<p><a name=\"1\"><span class=\"versanumer\">1<\/span><\/a>\u00de\u00e1 svara\u00f0i El\u00edfas af Teman og sag\u00f0i:<a name=\"2\"><span class=\"versanumer\">2<\/span><\/a>getur ma\u00f0urinn or\u00f0i\u00f0 Gu\u00f0i a\u00f0 gagni? nei! s\u00e1 hyggni getur gagnast sj\u00e1lfum s\u00e9r.<a name=\"3\"><span class=\"versanumer\">3<\/span><\/a>Er \u00fea\u00f0 nokku\u00f0 hagr\u00e6\u00f0i fyrir hinn Alm\u00e1ttuga a\u00f0 \u00fe\u00fa ert r\u00e9ttl\u00e1tur? er \u00fea\u00f0 \u00e1bati fyrir hann a\u00f0 \u00fe\u00fa vandar \u00feitt framfer\u00f0i?<a name=\"4\"><span class=\"versanumer\">4<\/span><\/a>Mun hann af hr\u00e6\u00f0slu fyrir \u00fe\u00e9r ganga \u00ed r\u00e9tt vi\u00f0 \u00feig? og koma me\u00f0 \u00fe\u00e9r fyrir d\u00f3minn?<a name=\"5\"><span class=\"versanumer\">5<\/span><\/a>Er ekki \u00fe\u00edn vonska mikil? og enginn endi \u00e1 \u00fe\u00ednum misgj\u00f6r\u00f0um?<a name=\"6\"><span class=\"versanumer\">6<\/span><\/a>\u00de\u00fa hefir teki\u00f0 pant af \u00fe\u00ednum br\u00e6\u00f0rum \u00e1n orsaka; og afkl\u00e6tt hina n\u00f6ktu.<a name=\"7\"><span class=\"versanumer\">7<\/span><\/a>\u00de\u00fa svala\u00f0ir ekki me\u00f0 vatni \u00feeim \u00fereytta; og \u00fe\u00fa synja\u00f0ir hinum hungra\u00f0a um brau\u00f0.<a name=\"8\"><span class=\"versanumer\">8<\/span><\/a>Fyrir \u00feeim volduga manni st\u00f3\u00f0 landi\u00f0 opi\u00f0; og s\u00e1 g\u00f6fugi bj\u00f3 \u00ed \u00fev\u00ed.<a name=\"9\"><span class=\"versanumer\">9<\/span><\/a>Ekkjur l\u00e9stu fara t\u00f3mhentar, og sto\u00f0ir hinna f\u00f6\u00f0urlausu sundurm\u00f6r\u00f0ust;<a name=\"10\"><span class=\"versanumer\">10<\/span><\/a>\u00fev\u00ed ertu umvafinn af sn\u00f6rum, og skelfingin hefir sn\u00f6gglega hr\u00e6tt \u00feig,<a name=\"11\"><span class=\"versanumer\">11<\/span><\/a>og myrkri\u00f0, svo \u00fe\u00fa getur ekki s\u00e9\u00f0, og vatns megni\u00f0 hylur \u00feig.<a name=\"12\"><span class=\"versanumer\">12<\/span><\/a>Er ekki Gu\u00f0 \u00ed \u00feeim h\u00e1a himni? l\u00edttu upp til \u00feeirra efstu stjarna, hv\u00f6rsu <span class='VideyAth'>(h\u00e1tt)<\/span> eru \u00fe\u00e6r?<a name=\"13\"><span class=\"versanumer\">13<\/span><\/a>Hv\u00ed segir \u00fe\u00fa: hva\u00f0 veit Gu\u00f0? mun hann geta d\u00e6mt \u00ed myrkrinu?<a name=\"14\"><span class=\"versanumer\">14<\/span><\/a>Sk\u00fdin skyggja \u00e1 hann, svo a\u00f0 hann s\u00e9r ekki, og hann gengur \u00ed himinsins hring.<a name=\"15\"><span class=\"versanumer\">15<\/span><\/a>\u00de\u00fa fer\u00f0 \u00fe\u00e1 g\u00f6mlu lei\u00f0 sem \u00feeir rangl\u00e1tu hafa fari\u00f0,<a name=\"16\"><span class=\"versanumer\">16<\/span><\/a>sem eltust fyrir t\u00edmann, <span class='VideyAth'>(vatnsfall burtskola\u00f0i \u00feeirra grundvelli)<\/span> sem s\u00f6g\u00f0u vi\u00f0 Gu\u00f0:<a name=\"17\"><span class=\"versanumer\">17<\/span><\/a>v\u00edk fr\u00e1 oss! og hva\u00f0 haf\u00f0i s\u00e1 Alm\u00e1ttugi gj\u00f6rt \u00feeim?<a name=\"18\"><span class=\"versanumer\">18<\/span><\/a>Hann haf\u00f0i \u00fe\u00f3 fyllt \u00feeirra h\u00fas me\u00f0 g\u00e6\u00f0um! fj\u00e6rl\u00e6g s\u00e9u m\u00e9r r\u00e1\u00f0 hinna \u00f3gu\u00f0legu!<a name=\"19\"><span class=\"versanumer\">19<\/span><\/a>\u00feeir r\u00e9ttl\u00e1tu sj\u00e1 \u00fea\u00f0 straff hinna vondu og gle\u00f0jast, og hinir saklausu h\u00e6last um vi\u00f0 \u00fe\u00e1 og segja:<a name=\"20\"><span class=\"versanumer\">20<\/span><\/a>eru ekki vorir m\u00f3tst\u00f6\u00f0umenn afm\u00e1\u00f0ir? og eldurinn ey\u00f0ilag\u00f0i \u00feeirra d\u00fdr\u00f0!<a name=\"21\"><span class=\"versanumer\">21<\/span><\/a>k\u00e6ri! haltu \u00feig til hans <span class='VideyAth'>(Gu\u00f0s)<\/span>, svo muntu hafa fri\u00f0, \u00fear af mun miki\u00f0 gott til \u00fe\u00edn streyma!<a name=\"22\"><span class=\"versanumer\">22<\/span><\/a>K\u00e6ri! me\u00f0taktu l\u00e6rd\u00f3minn af hans munni, og legg \u00fe\u00fa hans tal upp \u00e1 hjarta\u00f0.<a name=\"23\"><span class=\"versanumer\">23<\/span><\/a>Ef \u00fe\u00fa sn\u00fdr \u00fe\u00e9r til hins Alm\u00e1ttuga, \u00fe\u00e1 ver\u00f0ur \u00fe\u00fa aftur \u00e1 f\u00e6tur reistur, l\u00e1ttu rangl\u00e6ti vera langt fr\u00e1 \u00fe\u00ednum tjaldb\u00fa\u00f0um.<a name=\"24\"><span class=\"versanumer\">24<\/span><\/a>Kasta\u00f0u m\u00e1lminum \u00ed dufti\u00f0, og Ofirs gulli \u00ed dalsins ur\u00f0,<a name=\"25\"><span class=\"versanumer\">25<\/span><\/a>svo mun s\u00e1 Alm\u00e1ttugi vera \u00feitt gull, vera \u00fe\u00e9r hi\u00f0 kostulegasta silfur.<a name=\"26\"><span class=\"versanumer\">26<\/span><\/a>\u00dev\u00ed \u00fe\u00e1 skaltu hafa yndi af \u00feeim Alm\u00e1ttuga, og upplyfta \u00fe\u00ednu augliti til Gu\u00f0s.<a name=\"27\"><span class=\"versanumer\">27<\/span><\/a>\u00de\u00fa munt bi\u00f0ja hann og hann mun heyra \u00feig, og \u00fe\u00fa skalt grei\u00f0a \u00fe\u00edn heit.<a name=\"28\"><span class=\"versanumer\">28<\/span><\/a>Hva\u00f0 sem \u00fe\u00fa \u00e1formar mun \u00fe\u00e9r lukkast, og \u00e1 \u00feinn veg mun lj\u00f3si\u00f0 sk\u00edna.<a name=\"29\"><span class=\"versanumer\">29<\/span><\/a>\u00deegar menn beygja \u00feig ni\u00f0ur skaltu segja: upphef\u00f0! og hann <span class='VideyAth'>(Gu\u00f0)<\/span> mun frelsa \u00feann sem er au\u00f0mj\u00fakur, <span class='VideyAth'>(l\u00edtur ni\u00f0ur augunum)<\/span>.<a name=\"30\"><span class=\"versanumer\">30<\/span><\/a>J\u00e1! hann mun frelsa jafnvel \u00feann sem ekki er saklaus, hann skal frelsast fyrir sakir \u00feinna hreinu handa. <span class='VideyAth'>(Af \u00fev\u00ed \u00fe\u00fa bi\u00f0ur fyrir honum)<\/span>.<\/p>\n<div class=\"footnoteVidey\"><\/div>\n","protected":false},"excerpt":{"rendered":"<p>El\u00edfas svarar. 1\u00de\u00e1 svara\u00f0i El\u00edfas af Teman og sag\u00f0i:2getur ma\u00f0urinn or\u00f0i\u00f0 Gu\u00f0i a\u00f0 gagni? nei! s\u00e1 hyggni getur gagnast sj\u00e1lfum s\u00e9r.3Er \u00fea\u00f0 nokku\u00f0 hagr\u00e6\u00f0i fyrir hinn Alm\u00e1ttuga a\u00f0 \u00fe\u00fa ert r\u00e9ttl\u00e1tur? er \u00fea\u00f0 \u00e1bati fyrir hann a\u00f0 \u00fe\u00fa vandar \u00feitt framfer\u00f0i?4Mun hann af hr\u00e6\u00f0slu fyrir \u00fe\u00e9r ganga \u00ed r\u00e9tt vi\u00f0 \u00feig? og koma me\u00f0 \u00fe\u00e9r fyrir d\u00f3minn?5Er ekki \u00fe\u00edn vonska mikil? og enginn endi \u00e1 \u00fe\u00ednum misgj\u00f6r\u00f0um?6\u00de\u00fa hefir teki\u00f0 pant af \u00fe\u00ednum br\u00e6\u00f0rum \u00e1n orsaka; og afkl\u00e6tt hina n\u00f6ktu.7\u00de\u00fa svala\u00f0ir ekki me\u00f0 vatni \u00feeim \u00fereytta; og \u00fe\u00fa synja\u00f0ir hinum hungra\u00f0a um brau\u00f0.8Fyrir \u00feeim volduga manni st\u00f3\u00f0 landi\u00f0 opi\u00f0; og s\u00e1 <a href=\"https:\/\/biblian.is\/videy\/jobsbok-22-kafli\/\"> [&#8230;]<\/a><\/p>\n","protected":false},"author":1,"featured_media":0,"parent":0,"menu_order":0,"comment_status":"open","ping_status":"open","template":"bibliukaflar.php","meta":{"footnotes":""},"class_list":["post-21307","page","type-page","status-publish","hentry"],"_links":{"self":[{"href":"https:\/\/biblian.is\/videy\/wp-json\/wp\/v2\/pages\/21307","targetHints":{"allow":["GET"]}}],"collection":[{"href":"https:\/\/biblian.is\/videy\/wp-json\/wp\/v2\/pages"}],"about":[{"href":"https:\/\/biblian.is\/videy\/wp-json\/wp\/v2\/types\/page"}],"author":[{"embeddable":true,"href":"https:\/\/biblian.is\/videy\/wp-json\/wp\/v2\/users\/1"}],"replies":[{"embeddable":true,"href":"https:\/\/biblian.is\/videy\/wp-json\/wp\/v2\/comments?post=21307"}],"version-history":[{"count":0,"href":"https:\/\/biblian.is\/videy\/wp-json\/wp\/v2\/pages\/21307\/revisions"}],"wp:attachment":[{"href":"https:\/\/biblian.is\/videy\/wp-json\/wp\/v2\/media?parent=21307"}],"curies":[{"name":"wp","href":"https:\/\/api.w.org\/{rel}","templated":true}]}}