{"id":21306,"date":"2018-01-02T01:01:17","date_gmt":"2018-01-02T01:01:17","guid":{"rendered":"http:\/\/biblian.is\/videy\/jobsbok-21-kafli\/"},"modified":"2018-01-02T01:01:17","modified_gmt":"2018-01-02T01:01:17","slug":"jobsbok-21-kafli","status":"publish","type":"page","link":"https:\/\/biblian.is\/videy\/jobsbok-21-kafli\/","title":{"rendered":"Jobsb\u00f3k 21. kafli"},"content":{"rendered":"<div class=\"fyrirsognVidey\">Job svarar.<\/div>\n<p><a name=\"1\"><span class=\"versanumer\">1<\/span><\/a>Job svara\u00f0i og sag\u00f0i:<a name=\"2\"><span class=\"versanumer\">2<\/span><\/a>heyri\u00f0 vendilega mitt tal! og l\u00e1ti\u00f0 \u00fea\u00f0 vera huggun af y\u00f0ar hendi!<a name=\"3\"><span class=\"versanumer\">3<\/span><\/a>hafi\u00f0 umbur\u00f0arlyndi vi\u00f0 mig me\u00f0an eg er a\u00f0 tala, og \u00feegar eg er b\u00fainn a\u00f0 tala \u00fat, megi\u00f0 \u00fe\u00e9r gj\u00f6ra a\u00f0 m\u00e9r gys.<a name=\"4\"><span class=\"versanumer\">4<\/span><\/a>Hefi eg <span class='VideyAth'>(a\u00f0eins)<\/span> kl\u00f6gum\u00e1l fyrir m\u00f6nnum, s\u00e9 svo, hv\u00ed skyldi \u00fe\u00e1 ei minn andi ver\u00f0a \u00f3\u00feolinm\u00f3\u00f0ur.<a name=\"5\"><span class=\"versanumer\">5<\/span><\/a>Sn\u00fai\u00f0 y\u00f0ar andliti til m\u00edn og skelfist! og leggi\u00f0 y\u00f0ur h\u00f6nd \u00e1 munn!<a name=\"6\"><span class=\"versanumer\">6<\/span><\/a>\u00dev\u00ed \u00feegar eg hugsa til \u00feess, \u00fe\u00e1 hr\u00e6\u00f0ist eg, og skj\u00e1lfti kemur \u00ed mitt hold.<a name=\"7\"><span class=\"versanumer\">7<\/span><\/a>Hv\u00ed lifa hinir \u00f3gu\u00f0legu, ver\u00f0a gamlir, j\u00e1, ver\u00f0a \u00e1kaflega r\u00edkir?<a name=\"8\"><span class=\"versanumer\">8<\/span><\/a>\u00deeirra s\u00e6\u00f0i sta\u00f0festist fyrir \u00feeirra augs\u00fdn vi\u00f0 \u00feeirra hli\u00f0; og \u00feeirra ni\u00f0jar eru \u00e1vallt fyrir \u00feeirra augum.<a name=\"9\"><span class=\"versanumer\">9<\/span><\/a>\u00deeirra h\u00fas eru \u00f3hult, \u00e1n hr\u00e6\u00f0slu, og Gu\u00f0s hirtingarv\u00f6ndur er ekki \u00e1 lofti yfir \u00feeim.<a name=\"10\"><span class=\"versanumer\">10<\/span><\/a>\u00deeirra naut eru frj\u00f3vs\u00f6m og breg\u00f0ast ekki; \u00feeirra k\u00fdr bera, og l\u00e1ta ekki k\u00e1lfi.<a name=\"11\"><span class=\"versanumer\">11<\/span><\/a>\u00deeir senda \u00fat eins og hj\u00f6r\u00f0 s\u00edna ni\u00f0ja; og b\u00f6rn \u00feeirra st\u00f6kkva og leika s\u00e9r.<a name=\"12\"><span class=\"versanumer\">12<\/span><\/a>\u00deeir taka undir me\u00f0 trumbum og h\u00f6rpum og gle\u00f0ja sig vi\u00f0 sitarsins hlj\u00f3m!<a name=\"13\"><span class=\"versanumer\">13<\/span><\/a>\u00feeir ey\u00f0a s\u00ednum d\u00f6gum \u00ed f\u00f6gnu\u00f0i; og \u00e1 einu augnabliki ni\u00f0urst\u00edga \u00feeir \u00ed gr\u00f6fina.<a name=\"14\"><span class=\"versanumer\">14<\/span><\/a>\u00de\u00f3 segja \u00feeir vi\u00f0 Gu\u00f0: \u201ev\u00edk \u00fe\u00fa fr\u00e1 oss! v\u00e9r viljum ekki vita af \u00fe\u00ednum vegum.<a name=\"15\"><span class=\"versanumer\">15<\/span><\/a>Hv\u00f6r er s\u00e1 Alm\u00e1ttugi, a\u00f0 v\u00e9r skyldum \u00fej\u00f3na honum? e\u00f0a hva\u00f0 sto\u00f0ar oss \u00fea\u00f0 a\u00f0 bi\u00f0ja hann?\u201c<a name=\"16\"><span class=\"versanumer\">16<\/span><\/a>Sj\u00e1! er \u00feeirra lukka ekki \u00feeim \u00ed hendi? <span class='VideyAth'>(r\u00e1\u00f0 \u00feeirra \u00f3gu\u00f0legu s\u00e9 langt fr\u00e1 m\u00e9r)<\/span>.<a name=\"17\"><span class=\"versanumer\">17<\/span><\/a>Hv\u00f6rsu oft slokknar lj\u00f3s hinna \u00f3gu\u00f0legu! og hv\u00f6rsu oft kemur \u00f3lukkan yfir \u00fe\u00e1, \u00feegar Gu\u00f0 \u00fatb\u00fdtir \u00feeim sorg \u00ed sinni rei\u00f0i.<a name=\"18\"><span class=\"versanumer\">18<\/span><\/a>Hv\u00f6rsu oft ver\u00f0a \u00feeir sem str\u00e1 fyrir vindi, sem fis \u00fea\u00f0 er stormurinn burtfeykir?<a name=\"19\"><span class=\"versanumer\">19<\/span><\/a>Gu\u00f0 geymir b\u00f6rnunum f\u00f6\u00f0ursins rangindi, honum skyldi hann endurgjalda sj\u00e1lfum, a\u00f0 hann fyndi til \u00feess.<a name=\"20\"><span class=\"versanumer\">20<\/span><\/a>Hans augu skyldu sj\u00e1 hans eigin fordj\u00f6rfun! og hann skyldi drekka sj\u00e1lfur af rei\u00f0i hins Alm\u00e1ttuga.<a name=\"21\"><span class=\"versanumer\">21<\/span><\/a>\u00dev\u00ed hva\u00f0 gefur hann um sitt h\u00fas eftir sinn dau\u00f0a, \u00feegar tala hans m\u00e1na\u00f0a er fullkomnu\u00f0.<a name=\"22\"><span class=\"versanumer\">22<\/span><\/a>Hv\u00f6r getur kennt Gu\u00f0i v\u00edsd\u00f3m? honum, sem d\u00e6mir \u00fe\u00e1 h\u00e6stu.<a name=\"23\"><span class=\"versanumer\">23<\/span><\/a>\u00deessi deyr \u00ed sinni mestu velgengni, r\u00f3legur og \u00f3hultur.<a name=\"24\"><span class=\"versanumer\">24<\/span><\/a>Hans \u00edl\u00e1t eru full af mj\u00f3lk, og \u00ed hans beinum er n\u00fdr mergur.<a name=\"25\"><span class=\"versanumer\">25<\/span><\/a>En annar deyr \u00ed s\u00e1lar angist og hefir ekki smakka\u00f0 hi\u00f0 g\u00f3\u00f0a.<a name=\"26\"><span class=\"versanumer\">26<\/span><\/a>\u00deeir liggja hv\u00f6r hj\u00e1 \u00f6\u00f0rum \u00ed duftinu, og ma\u00f0karnir hylja \u00fe\u00e1.<a name=\"27\"><span class=\"versanumer\">27<\/span><\/a>Sj\u00e1! eg \u00feekki y\u00f0ar hugsanir, og hva\u00f0 \u00fe\u00e9r \u00fatstundi\u00f0 til a\u00f0 gj\u00f6ra m\u00e9r \u00f3r\u00e9tt. <br \/><a name=\"28\"><span class=\"versanumer\">28<\/span><\/a>\u00de\u00e9r munu\u00f0 segja: hvar er h\u00fas hins volduga? og hvar er tjaldb\u00fa\u00f0 hinna \u00f3gu\u00f0legu?<a name=\"29\"><span class=\"versanumer\">29<\/span><\/a>Hafi\u00f0 \u00fe\u00e9r ekki spurt fer\u00f0amennina? \u00fe\u00e9r ver\u00f0i\u00f0 a\u00f0 \u00feekkja \u00feeirra mark.<a name=\"30\"><span class=\"versanumer\">30<\/span><\/a>S\u00e1 vondi geymist til \u00f3lukkunnar dags; \u00e1 hefndarinnar degi ver\u00f0ur hann fluttur til jar\u00f0arinnar.<a name=\"31\"><span class=\"versanumer\">31<\/span><\/a>Hv\u00f6r setur honum fyrir sj\u00f3nir hans breytni? og hv\u00f6r betalar honum fyrir \u00fea\u00f0 sem hann hefir gj\u00f6rt.<a name=\"32\"><span class=\"versanumer\">32<\/span><\/a>Hann ver\u00f0ur fluttur til grafarinnar, og hans minning var\u00f0veitist vi\u00f0 lei\u00f0i\u00f0.<a name=\"33\"><span class=\"versanumer\">33<\/span><\/a>Dalsins mold hv\u00edlir h\u00e6gt yfir honum, og hv\u00f6r ma\u00f0ur fer eftir honum, og \u00f3teljandi eru \u00e1 undan farnir.<a name=\"34\"><span class=\"versanumer\">34<\/span><\/a>Hv\u00ed huggi\u00f0 \u00fe\u00e9r mig \u00fe\u00e1 me\u00f0 f\u00e1n\u00fdtri von? y\u00f0ar sv\u00f6r eru vonska.<\/p>\n<div class=\"footnoteVidey\"><\/div>\n","protected":false},"excerpt":{"rendered":"<p>Job svarar. 1Job svara\u00f0i og sag\u00f0i:2heyri\u00f0 vendilega mitt tal! og l\u00e1ti\u00f0 \u00fea\u00f0 vera huggun af y\u00f0ar hendi!3hafi\u00f0 umbur\u00f0arlyndi vi\u00f0 mig me\u00f0an eg er a\u00f0 tala, og \u00feegar eg er b\u00fainn a\u00f0 tala \u00fat, megi\u00f0 \u00fe\u00e9r gj\u00f6ra a\u00f0 m\u00e9r gys.4Hefi eg (a\u00f0eins) kl\u00f6gum\u00e1l fyrir m\u00f6nnum, s\u00e9 svo, hv\u00ed skyldi \u00fe\u00e1 ei minn andi ver\u00f0a \u00f3\u00feolinm\u00f3\u00f0ur.5Sn\u00fai\u00f0 y\u00f0ar andliti til m\u00edn og skelfist! og leggi\u00f0 y\u00f0ur h\u00f6nd \u00e1 munn!6\u00dev\u00ed \u00feegar eg hugsa til \u00feess, \u00fe\u00e1 hr\u00e6\u00f0ist eg, og skj\u00e1lfti kemur \u00ed mitt hold.7Hv\u00ed lifa hinir \u00f3gu\u00f0legu, ver\u00f0a gamlir, j\u00e1, ver\u00f0a \u00e1kaflega r\u00edkir?8\u00deeirra s\u00e6\u00f0i sta\u00f0festist fyrir \u00feeirra augs\u00fdn vi\u00f0 \u00feeirra hli\u00f0; og \u00feeirra ni\u00f0jar <a href=\"https:\/\/biblian.is\/videy\/jobsbok-21-kafli\/\"> [&#8230;]<\/a><\/p>\n","protected":false},"author":1,"featured_media":0,"parent":0,"menu_order":0,"comment_status":"open","ping_status":"open","template":"bibliukaflar.php","meta":{"footnotes":""},"class_list":["post-21306","page","type-page","status-publish","hentry"],"_links":{"self":[{"href":"https:\/\/biblian.is\/videy\/wp-json\/wp\/v2\/pages\/21306","targetHints":{"allow":["GET"]}}],"collection":[{"href":"https:\/\/biblian.is\/videy\/wp-json\/wp\/v2\/pages"}],"about":[{"href":"https:\/\/biblian.is\/videy\/wp-json\/wp\/v2\/types\/page"}],"author":[{"embeddable":true,"href":"https:\/\/biblian.is\/videy\/wp-json\/wp\/v2\/users\/1"}],"replies":[{"embeddable":true,"href":"https:\/\/biblian.is\/videy\/wp-json\/wp\/v2\/comments?post=21306"}],"version-history":[{"count":0,"href":"https:\/\/biblian.is\/videy\/wp-json\/wp\/v2\/pages\/21306\/revisions"}],"wp:attachment":[{"href":"https:\/\/biblian.is\/videy\/wp-json\/wp\/v2\/media?parent=21306"}],"curies":[{"name":"wp","href":"https:\/\/api.w.org\/{rel}","templated":true}]}}