{"id":21305,"date":"2018-01-02T01:01:17","date_gmt":"2018-01-02T01:01:17","guid":{"rendered":"http:\/\/biblian.is\/videy\/jobsbok-20-kafli\/"},"modified":"2018-01-02T01:01:17","modified_gmt":"2018-01-02T01:01:17","slug":"jobsbok-20-kafli","status":"publish","type":"page","link":"https:\/\/biblian.is\/videy\/jobsbok-20-kafli\/","title":{"rendered":"Jobsb\u00f3k 20. kafli"},"content":{"rendered":"<div class=\"fyrirsognVidey\">Sofar talar aftur.<\/div>\n<p><a name=\"1\"><span class=\"versanumer\">1<\/span><\/a>\u00de\u00e1 svara\u00f0i Sofar af Naema og sag\u00f0i:<a name=\"2\"><span class=\"versanumer\">2<\/span><\/a>Svo ney\u00f0a \u00fe\u00e1 hugsanir m\u00ednar mig til a\u00f0 svara, og innvortis \u00f3lga.<a name=\"3\"><span class=\"versanumer\">3<\/span><\/a>Skammarlegar \u00e1v\u00edtur hl\u00fdt eg a\u00f0 heyra, en minn andi skal svara fyrir mig me\u00f0 viti.<a name=\"4\"><span class=\"versanumer\">4<\/span><\/a>Veistu ekki \u00fea\u00f0, fr\u00e1 eil\u00edf\u00f0, s\u00ed\u00f0an Gu\u00f0 setti manninn \u00e1 j\u00f6r\u00f0ina,<a name=\"5\"><span class=\"versanumer\">5<\/span><\/a>a\u00f0 gle\u00f0i \u00f3p hinna \u00f3gu\u00f0legu er stutt; og a\u00f0 hr\u00e6snarans f\u00f6gnu\u00f0ur varir a\u00f0eins eitt augnablik?<a name=\"6\"><span class=\"versanumer\">6<\/span><\/a>\u00de\u00f3 a\u00f0 hans h\u00e6\u00f0 n\u00e6\u00f0i til himins og hans h\u00f6fu\u00f0 snerti sk\u00fdin,<a name=\"7\"><span class=\"versanumer\">7<\/span><\/a>sem saur hans skal hann \u00fe\u00f3 tort\u00ednast eil\u00edflega, \u00feeir sem s\u00e1u hann, munu segja: hvar er hann?<a name=\"8\"><span class=\"versanumer\">8<\/span><\/a>Eins og draumur mun hann burtfl\u00fdja, og menn geta ei fundi\u00f0 hann; hann hverfur sem s\u00fdn \u00e1 n\u00f3ttu.<a name=\"9\"><span class=\"versanumer\">9<\/span><\/a>\u00dea\u00f0 auga sem s\u00e1 hann \u00e1\u00f0ur, mun ei sj\u00e1 hann framar; og hans b\u00fasta\u00f0ur skal ei sj\u00e1 hann.<a name=\"10\"><span class=\"versanumer\">10<\/span><\/a>Hans b\u00f6rn leitast vi\u00f0 a\u00f0 ge\u00f0jast \u00feeim f\u00e1t\u00e6ku, og \u00feeirra hendur skila aftur hans eigum.<a name=\"11\"><span class=\"versanumer\">11<\/span><\/a>Hans bein eru \u00fer\u00fatin af hans heimuglegu syndum, me\u00f0 honum munu \u00fe\u00e6r leggjast \u00ed dufti\u00f0.<a name=\"12\"><span class=\"versanumer\">12<\/span><\/a>\u00de\u00f3 vonskan s\u00e9 honum s\u00e6t \u00ed munni, og hann vilji fela hana undir sinni tungu, \u00fe\u00f3 hann vilji treina hana, og ekki sleppa henni,<a name=\"13\"><span class=\"versanumer\">13<\/span><\/a>heldur geyma fyrir sinn g\u00f3m,<a name=\"14\"><span class=\"versanumer\">14<\/span><\/a>skal samt \u00feessi f\u00e6\u00f0a breytast \u00ed hans b\u00fak, h\u00fan skal honum ver\u00f0a a\u00f0 n\u00f6\u00f0rugalli.<a name=\"15\"><span class=\"versanumer\">15<\/span><\/a>Au\u00f0 gleypti hann, hann \u00e6lir honum upp aftur, Gu\u00f0 mun keyra hann \u00far hans b\u00fak.<a name=\"16\"><span class=\"versanumer\">16<\/span><\/a>N\u00f6\u00f0rueitur sogar hann \u00ed sig, \u00fev\u00ed h\u00f6ggormstungan mun drepa hann.<a name=\"17\"><span class=\"versanumer\">17<\/span><\/a>Hann s\u00e9r ei s\u00e9r til yndis vatnsf\u00f6ll, ei \u00e1r n\u00e9 l\u00e6ki, sem flj\u00f3ta fram me\u00f0 mj\u00f3lk og hunangi.<a name=\"18\"><span class=\"versanumer\">18<\/span><\/a>Hann l\u00e6tur aftur af hendi \u00fea\u00f0 afla\u00f0a, og gleypir ekkert framar. Eins og r\u00e1ni\u00f0 skal endurgjaldi\u00f0 vera, og hann mun ei af \u00fev\u00ed f\u00f6gnu\u00f0 hafa;<a name=\"19\"><span class=\"versanumer\">19<\/span><\/a>af \u00fev\u00ed hann mis\u00feyrmdi \u00feeim l\u00edtilm\u00f3tlega og yfirgaf hann; r\u00e6ndi h\u00fasum sem hann haf\u00f0i ekki byggt.<a name=\"20\"><span class=\"versanumer\">20<\/span><\/a>Af \u00fev\u00ed hann aldrei gat saddur or\u00f0i\u00f0, mun hann ekki koma undan s\u00ednum d\u00fdra au\u00f0.<a name=\"21\"><span class=\"versanumer\">21<\/span><\/a>Vegna \u00feess a\u00f0 ekkert komst undan hans gr\u00e6\u00f0gi, skal hann ei geta v\u00e6nt a\u00f0 s\u00edn g\u00e6\u00f0i ver\u00f0i varanleg.<a name=\"22\"><span class=\"versanumer\">22<\/span><\/a>\u00de\u00f3 a\u00f0 hann hafi allsn\u00e6gtir, l\u00ed\u00f0ur hann skort, s\u00e9rhv\u00f6rs undir\u00ferykkjara h\u00f6nd mun yfir hann koma.<a name=\"23\"><span class=\"versanumer\">23<\/span><\/a>Hann f\u00e6r samt n\u00f3g til a\u00f0 fylla sinn b\u00fak me\u00f0; \u00fev\u00ed Gu\u00f0 mun senda s\u00edna grimmdarrei\u00f0i yfir hann, og l\u00e1ta yfir hann rigna \u00fea\u00f0 sem hann \u00ed sig svelgdi.<a name=\"24\"><span class=\"versanumer\">24<\/span><\/a>Fl\u00fdi hann fyrir j\u00e1rnvopnum; eirboginn gegnumborar hann.<a name=\"25\"><span class=\"versanumer\">25<\/span><\/a>Hann rykkti s\u00ednu sver\u00f0i, \u00fea\u00f0 gekk \u00ed gegnum hans kvi\u00f0, og \u00feess leiftran f\u00f3r um hans gall. Dau\u00f0ans skelfingar yfirf\u00e9llu hann.<a name=\"26\"><span class=\"versanumer\">26<\/span><\/a>Allt \u00f3l\u00e1n er geymt hans au\u00f0; eldur sem ei er tendra\u00f0ur <span class='VideyAth'>(af m\u00f6nnum)<\/span> mun fort\u00e6ra honum; illa mun \u00feeim rei\u00f0a af, sem eftir eru or\u00f0nir \u00ed hans tjaldb\u00fa\u00f0.<a name=\"27\"><span class=\"versanumer\">27<\/span><\/a>Himinninn mun opinbera hans misgj\u00f6r\u00f0ir, og j\u00f6r\u00f0in mun r\u00edsa m\u00f3ti honum.<a name=\"28\"><span class=\"versanumer\">28<\/span><\/a>\u00c1g\u00f3\u00f0i hans heimilis mun burt flytjast\u2014allt mun burt flj\u00f3ta \u00e1 hefndarinnar degi.<a name=\"29\"><span class=\"versanumer\">29<\/span><\/a>\u00deetta er hlutdeild hins \u00f3gu\u00f0lega manns hj\u00e1 Gu\u00f0i, og \u00feetta s\u00fa arfleif\u00f0 sem honum er af Drottni \u00e6tlu\u00f0.<\/p>\n<div class=\"footnoteVidey\"><\/div>\n","protected":false},"excerpt":{"rendered":"<p>Sofar talar aftur. 1\u00de\u00e1 svara\u00f0i Sofar af Naema og sag\u00f0i:2Svo ney\u00f0a \u00fe\u00e1 hugsanir m\u00ednar mig til a\u00f0 svara, og innvortis \u00f3lga.3Skammarlegar \u00e1v\u00edtur hl\u00fdt eg a\u00f0 heyra, en minn andi skal svara fyrir mig me\u00f0 viti.4Veistu ekki \u00fea\u00f0, fr\u00e1 eil\u00edf\u00f0, s\u00ed\u00f0an Gu\u00f0 setti manninn \u00e1 j\u00f6r\u00f0ina,5a\u00f0 gle\u00f0i \u00f3p hinna \u00f3gu\u00f0legu er stutt; og a\u00f0 hr\u00e6snarans f\u00f6gnu\u00f0ur varir a\u00f0eins eitt augnablik?6\u00de\u00f3 a\u00f0 hans h\u00e6\u00f0 n\u00e6\u00f0i til himins og hans h\u00f6fu\u00f0 snerti sk\u00fdin,7sem saur hans skal hann \u00fe\u00f3 tort\u00ednast eil\u00edflega, \u00feeir sem s\u00e1u hann, munu segja: hvar er hann?8Eins og draumur mun hann burtfl\u00fdja, og menn geta ei fundi\u00f0 hann; hann hverfur sem <a href=\"https:\/\/biblian.is\/videy\/jobsbok-20-kafli\/\"> [&#8230;]<\/a><\/p>\n","protected":false},"author":1,"featured_media":0,"parent":0,"menu_order":0,"comment_status":"open","ping_status":"open","template":"bibliukaflar.php","meta":{"footnotes":""},"class_list":["post-21305","page","type-page","status-publish","hentry"],"_links":{"self":[{"href":"https:\/\/biblian.is\/videy\/wp-json\/wp\/v2\/pages\/21305","targetHints":{"allow":["GET"]}}],"collection":[{"href":"https:\/\/biblian.is\/videy\/wp-json\/wp\/v2\/pages"}],"about":[{"href":"https:\/\/biblian.is\/videy\/wp-json\/wp\/v2\/types\/page"}],"author":[{"embeddable":true,"href":"https:\/\/biblian.is\/videy\/wp-json\/wp\/v2\/users\/1"}],"replies":[{"embeddable":true,"href":"https:\/\/biblian.is\/videy\/wp-json\/wp\/v2\/comments?post=21305"}],"version-history":[{"count":0,"href":"https:\/\/biblian.is\/videy\/wp-json\/wp\/v2\/pages\/21305\/revisions"}],"wp:attachment":[{"href":"https:\/\/biblian.is\/videy\/wp-json\/wp\/v2\/media?parent=21305"}],"curies":[{"name":"wp","href":"https:\/\/api.w.org\/{rel}","templated":true}]}}