{"id":21304,"date":"2018-01-02T01:01:17","date_gmt":"2018-01-02T01:01:17","guid":{"rendered":"http:\/\/biblian.is\/videy\/jobsbok-19-kafli\/"},"modified":"2018-01-02T01:01:17","modified_gmt":"2018-01-02T01:01:17","slug":"jobsbok-19-kafli","status":"publish","type":"page","link":"https:\/\/biblian.is\/videy\/jobsbok-19-kafli\/","title":{"rendered":"Jobsb\u00f3k 19. kafli"},"content":{"rendered":"<div class=\"fyrirsognVidey\">Job svarar.<\/div>\n<p><a name=\"1\"><span class=\"versanumer\">1<\/span><\/a>En Job svara\u00f0i og sag\u00f0i:<a name=\"2\"><span class=\"versanumer\">2<\/span><\/a>hv\u00f6rsu lengi vilji\u00f0 \u00fe\u00e9r angra m\u00edna s\u00e1l og mylja mig me\u00f0 or\u00f0um?<a name=\"3\"><span class=\"versanumer\">3<\/span><\/a>T\u00edu sinnum hafi\u00f0 \u00fe\u00e9r n\u00fa svivirt mig. \u00de\u00e9r skammist y\u00f0ar ekki, a\u00f0 fara svona hart a\u00f0 m\u00e9r;<a name=\"4\"><span class=\"versanumer\">4<\/span><\/a>og \u00fe\u00f3 m\u00e9r hafi sannarlega skj\u00e1tla\u00f0, \u00fe\u00e1 fer s\u00fa villa me\u00f0 m\u00e9r.<a name=\"5\"><span class=\"versanumer\">5<\/span><\/a>Vissulega \u00e6ttu\u00f0 \u00fe\u00e9r a\u00f0 sannf\u00e6ra mig um m\u00edna sv\u00edvir\u00f0u, \u00fe\u00f3 \u00fe\u00e9r vildu\u00f0 hrokast upp yfir mig.<a name=\"6\"><span class=\"versanumer\">6<\/span><\/a>Viti\u00f0 samt, a\u00f0 \u00fea\u00f0 er Gu\u00f0 sem hefir ni\u00f0urbeygt mig, og umkringt mig me\u00f0 s\u00ednu neti.<a name=\"7\"><span class=\"versanumer\">7<\/span><\/a>Sj\u00e1! eg hr\u00f3pa, a\u00f0 m\u00e9r s\u00e9 s\u00fdnt ofbeldi, og enginn heyrir; eg kalla, og f\u00e6 ekki r\u00e9tt.<a name=\"8\"><span class=\"versanumer\">8<\/span><\/a>Hann hefir girt fyrir minn veg, svo eg kemst ekki yfir, og m\u00edna stigu hefir hann huli\u00f0 me\u00f0 myrkri.<a name=\"9\"><span class=\"versanumer\">9<\/span><\/a>Hann hefir afkl\u00e6tt mig m\u00ednum hei\u00f0ri, hann t\u00f3k af m\u00e9r m\u00edna h\u00f6fu\u00f0pr\u00fd\u00f0i.<a name=\"10\"><span class=\"versanumer\">10<\/span><\/a>Hann ey\u00f0ilag\u00f0i mig \u00e1 allar hli\u00f0ar, svo eg er farinn, og hann upprykkti minni von eins og \u00f6\u00f0ru tr\u00e9.<a name=\"11\"><span class=\"versanumer\">11<\/span><\/a>Hann tendra\u00f0i s\u00edna rei\u00f0i gegn m\u00e9r og \u00e1leit mig sem sinn \u00f3vin.<a name=\"12\"><span class=\"versanumer\">12<\/span><\/a>Hans her kom samansafna\u00f0ur og braust a\u00f0 m\u00e9r, og setti s\u00ednar herb\u00fa\u00f0ir \u00ed kringum m\u00edna tjaldb\u00fa\u00f0.<a name=\"13\"><span class=\"versanumer\">13<\/span><\/a>M\u00edna br\u00e6\u00f0ur fj\u00e6rl\u00e6g\u00f0i hann langt fr\u00e1 m\u00e9r. M\u00ednir kunningjar eru or\u00f0nir m\u00e9r \u00f3kunnugir.<a name=\"14\"><span class=\"versanumer\">14<\/span><\/a>M\u00ednir \u00e6ttingjar yfirg\u00e1fu mig og m\u00ednir vinir hafa gleymt m\u00e9r.<a name=\"15\"><span class=\"versanumer\">15<\/span><\/a>M\u00ednir \u00fe\u00e9narar og \u00feernur \u00e1l\u00edta mig sem framandi; eg em sem \u00fatlendingur \u00ed \u00feeirra augum.<a name=\"16\"><span class=\"versanumer\">16<\/span><\/a>Kalli eg til m\u00edns \u00fe\u00e9nara, ansar hann ekki; me\u00f0 allri al\u00fa\u00f0 ver\u00f0 eg a\u00f0 bi\u00f0ja hann.<a name=\"17\"><span class=\"versanumer\">17<\/span><\/a>Minn andardr\u00e1ttur er konu minni vi\u00f0bj\u00f3\u00f0slegur, og eg er andstygg\u00f0 m\u00ednum eigin sonum.<a name=\"18\"><span class=\"versanumer\">18<\/span><\/a>Sj\u00e1lf b\u00f6rnin fyrirl\u00edta mig; standi eg upp, tala \u00feau \u00e1 m\u00f3ti m\u00e9r,<a name=\"19\"><span class=\"versanumer\">19<\/span><\/a>alla m\u00edna innilegustu vini stuggar vi\u00f0 m\u00e9r, og \u00feeir sem eg elska\u00f0i hafa sn\u00faist \u00e1 m\u00f3ti m\u00e9r.<a name=\"20\"><span class=\"versanumer\">20<\/span><\/a>M\u00edn bein l\u00edmast vi\u00f0 mitt hold og skinn, og varla hefi eg sloppi\u00f0 me\u00f0 mitt tannhold.<a name=\"21\"><span class=\"versanumer\">21<\/span><\/a>Aumkist yfir mig! miskunni\u00f0 m\u00e9r, \u00fe\u00e9r m\u00ednir vinir! \u00fev\u00ed h\u00f6nd Gu\u00f0s hefir snorti\u00f0 mig.<a name=\"22\"><span class=\"versanumer\">22<\/span><\/a>Hv\u00ed ofs\u00e6ki\u00f0 \u00fe\u00e9r mig eins og Gu\u00f0, og geti\u00f0 ei mettast af m\u00ednu holdi?<a name=\"23\"><span class=\"versanumer\">23<\/span><\/a>\u00d3! a\u00f0 m\u00edn or\u00f0 yr\u00f0u uppskrifu\u00f0, \u00f3! a\u00f0 \u00feau m\u00e6ttu ritu\u00f0 ver\u00f0a \u00ed b\u00f3k.<a name=\"24\"><span class=\"versanumer\">24<\/span><\/a>\u00d3! a\u00f0 \u00feau v\u00e6ru grafin me\u00f0 j\u00e1rnst\u00edl og me\u00f0 bl\u00fdi \u00e1 einhv\u00f6rn klettinn a\u00f0 eil\u00edfu.<a name=\"25\"><span class=\"versanumer\">25<\/span><\/a>\u00dev\u00ed eg veit a\u00f0 minn frelsari lifir, a\u00f0 hann mun lengst \u00e1 j\u00f6r\u00f0unni standa,<a name=\"26\"><span class=\"versanumer\">26<\/span><\/a>og \u00feegar seinna meir mitt skinn, \u00feetta <span class='VideyAth'>(hold)<\/span> er fari\u00f0, mun eg sj\u00e1 Gu\u00f0 \u00e1n holds.<a name=\"27\"><span class=\"versanumer\">27<\/span><\/a>J\u00e1! hann einmitt mun eg sj\u00e1, m\u00edn augu munu sko\u00f0a hann og ekki einn annar. M\u00edn n\u00fdru ey\u00f0ast \u00ed m\u00e9r <span class='VideyAth'>(af l\u00f6ngun)<\/span>.<a name=\"28\"><span class=\"versanumer\">28<\/span><\/a>Sannarlega munu\u00f0 \u00fe\u00e9r segja: hv\u00ed ofs\u00f3ttum v\u00e9r hann? \u00fear e\u00f0 r\u00f3tin til vorrar \u00fer\u00e6tu er fundin hj\u00e1 oss?<a name=\"29\"><span class=\"versanumer\">29<\/span><\/a>\u00d3ttist sver\u00f0i\u00f0, \u00fev\u00ed \u00e6\u00f0i ver\u00f0skuldar sver\u00f0, a\u00f0 \u00fe\u00e9r vi\u00f0urkenni\u00f0 a\u00f0 r\u00e9ttur er til.<\/p>\n<div class=\"footnoteVidey\"><\/div>\n","protected":false},"excerpt":{"rendered":"<p>Job svarar. 1En Job svara\u00f0i og sag\u00f0i:2hv\u00f6rsu lengi vilji\u00f0 \u00fe\u00e9r angra m\u00edna s\u00e1l og mylja mig me\u00f0 or\u00f0um?3T\u00edu sinnum hafi\u00f0 \u00fe\u00e9r n\u00fa svivirt mig. \u00de\u00e9r skammist y\u00f0ar ekki, a\u00f0 fara svona hart a\u00f0 m\u00e9r;4og \u00fe\u00f3 m\u00e9r hafi sannarlega skj\u00e1tla\u00f0, \u00fe\u00e1 fer s\u00fa villa me\u00f0 m\u00e9r.5Vissulega \u00e6ttu\u00f0 \u00fe\u00e9r a\u00f0 sannf\u00e6ra mig um m\u00edna sv\u00edvir\u00f0u, \u00fe\u00f3 \u00fe\u00e9r vildu\u00f0 hrokast upp yfir mig.6Viti\u00f0 samt, a\u00f0 \u00fea\u00f0 er Gu\u00f0 sem hefir ni\u00f0urbeygt mig, og umkringt mig me\u00f0 s\u00ednu neti.7Sj\u00e1! eg hr\u00f3pa, a\u00f0 m\u00e9r s\u00e9 s\u00fdnt ofbeldi, og enginn heyrir; eg kalla, og f\u00e6 ekki r\u00e9tt.8Hann hefir girt fyrir minn veg, svo eg kemst ekki <a href=\"https:\/\/biblian.is\/videy\/jobsbok-19-kafli\/\"> [&#8230;]<\/a><\/p>\n","protected":false},"author":1,"featured_media":0,"parent":0,"menu_order":0,"comment_status":"open","ping_status":"open","template":"bibliukaflar.php","meta":{"footnotes":""},"class_list":["post-21304","page","type-page","status-publish","hentry"],"_links":{"self":[{"href":"https:\/\/biblian.is\/videy\/wp-json\/wp\/v2\/pages\/21304","targetHints":{"allow":["GET"]}}],"collection":[{"href":"https:\/\/biblian.is\/videy\/wp-json\/wp\/v2\/pages"}],"about":[{"href":"https:\/\/biblian.is\/videy\/wp-json\/wp\/v2\/types\/page"}],"author":[{"embeddable":true,"href":"https:\/\/biblian.is\/videy\/wp-json\/wp\/v2\/users\/1"}],"replies":[{"embeddable":true,"href":"https:\/\/biblian.is\/videy\/wp-json\/wp\/v2\/comments?post=21304"}],"version-history":[{"count":0,"href":"https:\/\/biblian.is\/videy\/wp-json\/wp\/v2\/pages\/21304\/revisions"}],"wp:attachment":[{"href":"https:\/\/biblian.is\/videy\/wp-json\/wp\/v2\/media?parent=21304"}],"curies":[{"name":"wp","href":"https:\/\/api.w.org\/{rel}","templated":true}]}}