{"id":21303,"date":"2018-01-02T01:01:17","date_gmt":"2018-01-02T01:01:17","guid":{"rendered":"http:\/\/biblian.is\/videy\/jobsbok-18-kafli\/"},"modified":"2018-01-02T01:01:17","modified_gmt":"2018-01-02T01:01:17","slug":"jobsbok-18-kafli","status":"publish","type":"page","link":"https:\/\/biblian.is\/videy\/jobsbok-18-kafli\/","title":{"rendered":"Jobsb\u00f3k 18. kafli"},"content":{"rendered":"<div class=\"fyrirsognVidey\">Bildads \u00f6nnur tala.<\/div>\n<p><a name=\"1\"><span class=\"versanumer\">1<\/span><\/a>\u00de\u00e1 svara\u00f0i Bildad af S\u00faa og sag\u00f0i:<a name=\"2\"><span class=\"versanumer\">2<\/span><\/a>n\u00e6r vilji\u00f0 \u00fe\u00e9r gj\u00f6ra enda \u00e1 talinu? gaumg\u00e6fi\u00f0: eftir \u00e1 skulum v\u00e9r tala.<a name=\"3\"><span class=\"versanumer\">3<\/span><\/a>Hvar fyrir erum v\u00e9r reikna\u00f0ir sem f\u00e9, sem \u00f3hreinir \u00ed y\u00f0ar augum.<a name=\"4\"><span class=\"versanumer\">4<\/span><\/a>\u00de\u00fa springur \u00ed \u00feinni br\u00e6\u00f0i; \u00e1 j\u00f6r\u00f0in a\u00f0 yfirgefast s\u00f6kum \u00fe\u00edn;<a name=\"5\"><span class=\"versanumer\">5<\/span><\/a>og bjargi\u00f0 a\u00f0 f\u00e6rast \u00far sta\u00f0? lj\u00f3s hins \u00f3gu\u00f0lega skal sl\u00f6kkt ver\u00f0a, og hans eldneisti skal ekki tindra.<a name=\"6\"><span class=\"versanumer\">6<\/span><\/a>Lj\u00f3si\u00f0 skal ver\u00f0a a\u00f0 myrkri \u00ed hans tjaldb\u00fa\u00f0, og hans lampi skal slokkna yfir honum.<a name=\"7\"><span class=\"versanumer\">7<\/span><\/a>A\u00f0 hans \u00f6flugu sporum skal kreppast, og hans r\u00e1\u00f0 skulu honum steypa.<a name=\"8\"><span class=\"versanumer\">8<\/span><\/a>Hann flyst \u00ed sn\u00f6runa af s\u00ednum eigin f\u00f3tum, og hann gengur \u00ed neti\u00f0.<a name=\"9\"><span class=\"versanumer\">9<\/span><\/a>M\u00f6skvinn festist um hans h\u00e6l, og snaran her\u00f0ist utan um hann.<a name=\"10\"><span class=\"versanumer\">10<\/span><\/a>H\u00fan l\u00e1 falin \u00ed j\u00f6r\u00f0u, og gildra l\u00e1 \u00e1 hans vegi.<a name=\"11\"><span class=\"versanumer\">11<\/span><\/a>Skelfingar hr\u00e6\u00f0a hann allt um kring, og keyra hann \u00e1fram vi\u00f0 hv\u00f6rt f\u00f3tm\u00e1l.<a name=\"12\"><span class=\"versanumer\">12<\/span><\/a>Hans kraftur r\u00e9nar af hungri, og \u00f3lukkan stendur rei\u00f0ub\u00fain vi\u00f0 hans hli\u00f0.<a name=\"13\"><span class=\"versanumer\">13<\/span><\/a>Hann etur limi s\u00edns l\u00edkama, og dau\u00f0ans frumbur\u00f0ur fort\u00e6rir hans limum.<a name=\"14\"><span class=\"versanumer\">14<\/span><\/a>Honum ver\u00f0ur \u00fatrutt \u00far hans tjaldb\u00fa\u00f0 sem var hans athvarf, og hann ver\u00f0ur leiddur fram fyrir skelfingarinnar konung.<a name=\"15\"><span class=\"versanumer\">15<\/span><\/a>\u00deeir b\u00faa \u00ed tjaldb\u00fa\u00f0inni sem ekki framar er hans. Brennisteini ver\u00f0ur s\u00e1\u00f0 yfir hans b\u00fasta\u00f0.<a name=\"16\"><span class=\"versanumer\">16<\/span><\/a>Ne\u00f0an til upp\u00feorna hans r\u00e6tur; ofan til visna hans greinir.<a name=\"17\"><span class=\"versanumer\">17<\/span><\/a>Hans minning afm\u00e1ist \u00far landinu, og hans nafn nefnist ei framar \u00e1 str\u00e6tunum <span class='VideyAth'>(v\u00f6llunum)<\/span>.<a name=\"18\"><span class=\"versanumer\">18<\/span><\/a>\u00deeir munu \u00fathrinda honum fr\u00e1 lj\u00f3sinu \u00ed myrkri\u00f0, og burtreka hann af jar\u00f0r\u00edki.<a name=\"19\"><span class=\"versanumer\">19<\/span><\/a>Engan son og engan sonarson mun hann hafa me\u00f0al s\u00edns f\u00f3lks, og enginn mun eftir ver\u00f0a \u00ed hans b\u00fast\u00f6\u00f0um.<a name=\"20\"><span class=\"versanumer\">20<\/span><\/a>Hans afdrif munu skelfa eftirkomendurnar, og hinir g\u00f6mlu ver\u00f0a gagnteknir af ofbo\u00f0i,<a name=\"21\"><span class=\"versanumer\">21<\/span><\/a>j\u00e1! svona eru b\u00fasta\u00f0ir hinna rangl\u00e1tu, \u00fev\u00edl\u00edkur sta\u00f0ur \u00feess <span class='VideyAth'>(manns)<\/span> sem gleymir Gu\u00f0i.<\/p>\n<div class=\"footnoteVidey\"><\/div>\n","protected":false},"excerpt":{"rendered":"<p>Bildads \u00f6nnur tala. 1\u00de\u00e1 svara\u00f0i Bildad af S\u00faa og sag\u00f0i:2n\u00e6r vilji\u00f0 \u00fe\u00e9r gj\u00f6ra enda \u00e1 talinu? gaumg\u00e6fi\u00f0: eftir \u00e1 skulum v\u00e9r tala.3Hvar fyrir erum v\u00e9r reikna\u00f0ir sem f\u00e9, sem \u00f3hreinir \u00ed y\u00f0ar augum.4\u00de\u00fa springur \u00ed \u00feinni br\u00e6\u00f0i; \u00e1 j\u00f6r\u00f0in a\u00f0 yfirgefast s\u00f6kum \u00fe\u00edn;5og bjargi\u00f0 a\u00f0 f\u00e6rast \u00far sta\u00f0? lj\u00f3s hins \u00f3gu\u00f0lega skal sl\u00f6kkt ver\u00f0a, og hans eldneisti skal ekki tindra.6Lj\u00f3si\u00f0 skal ver\u00f0a a\u00f0 myrkri \u00ed hans tjaldb\u00fa\u00f0, og hans lampi skal slokkna yfir honum.7A\u00f0 hans \u00f6flugu sporum skal kreppast, og hans r\u00e1\u00f0 skulu honum steypa.8Hann flyst \u00ed sn\u00f6runa af s\u00ednum eigin f\u00f3tum, og hann gengur \u00ed neti\u00f0.9M\u00f6skvinn festist um hans <a href=\"https:\/\/biblian.is\/videy\/jobsbok-18-kafli\/\"> [&#8230;]<\/a><\/p>\n","protected":false},"author":1,"featured_media":0,"parent":0,"menu_order":0,"comment_status":"open","ping_status":"open","template":"bibliukaflar.php","meta":{"footnotes":""},"class_list":["post-21303","page","type-page","status-publish","hentry"],"_links":{"self":[{"href":"https:\/\/biblian.is\/videy\/wp-json\/wp\/v2\/pages\/21303","targetHints":{"allow":["GET"]}}],"collection":[{"href":"https:\/\/biblian.is\/videy\/wp-json\/wp\/v2\/pages"}],"about":[{"href":"https:\/\/biblian.is\/videy\/wp-json\/wp\/v2\/types\/page"}],"author":[{"embeddable":true,"href":"https:\/\/biblian.is\/videy\/wp-json\/wp\/v2\/users\/1"}],"replies":[{"embeddable":true,"href":"https:\/\/biblian.is\/videy\/wp-json\/wp\/v2\/comments?post=21303"}],"version-history":[{"count":0,"href":"https:\/\/biblian.is\/videy\/wp-json\/wp\/v2\/pages\/21303\/revisions"}],"wp:attachment":[{"href":"https:\/\/biblian.is\/videy\/wp-json\/wp\/v2\/media?parent=21303"}],"curies":[{"name":"wp","href":"https:\/\/api.w.org\/{rel}","templated":true}]}}