{"id":21302,"date":"2018-01-02T01:01:17","date_gmt":"2018-01-02T01:01:17","guid":{"rendered":"http:\/\/biblian.is\/videy\/jobsbok-17-kafli\/"},"modified":"2018-01-02T01:01:17","modified_gmt":"2018-01-02T01:01:17","slug":"jobsbok-17-kafli","status":"publish","type":"page","link":"https:\/\/biblian.is\/videy\/jobsbok-17-kafli\/","title":{"rendered":"Jobsb\u00f3k 17. kafli"},"content":{"rendered":"<div class=\"fyrirsognVidey\">Sama tala.<\/div>\n<p><a name=\"1\"><span class=\"versanumer\">1<\/span><\/a>Minn andardr\u00e1ttur er \u00far lagi, m\u00ednir dagar eru \u00ferotnir, grafirnar eru framundan m\u00e9r.<a name=\"2\"><span class=\"versanumer\">2<\/span><\/a>Enginn nema spottarar eru hj\u00e1 m\u00e9r, og mitt auga dvelur vi\u00f0 \u00feeirra m\u00f3\u00f0ganir.<a name=\"3\"><span class=\"versanumer\">3<\/span><\/a>Heyr\u00f0u! \u00fe\u00f3 einhv\u00f6r vildi m\u00e6ta hj\u00e1 \u00fe\u00e9r fyrir mig, hv\u00f6r er sem vill gefa m\u00e9r hendina upp \u00e1 \u00fea\u00f0.<a name=\"4\"><span class=\"versanumer\">4<\/span><\/a>\u00dev\u00ed \u00feessara hj\u00f6rtum hefir \u00fe\u00fa l\u00e6st fyrir v\u00edsd\u00f3mi; \u00fear fyrir viltu ekki upphefja \u00fe\u00e1.<a name=\"5\"><span class=\"versanumer\">5<\/span><\/a>Hv\u00f6r sem sv\u00edkur s\u00edna vini \u00ed hendur \u00f3vinanna, augu hans barna skulu \u00f6rmagnast.<a name=\"6\"><span class=\"versanumer\">6<\/span><\/a>Hann <span class='VideyAth'>(El\u00edfas)<\/span> hefir gj\u00f6rt mig a\u00f0 or\u00f0skvi\u00f0 me\u00f0al f\u00f3lksins, og m\u00e9r er sp\u00fdtt \u00ed andlit.<a name=\"7\"><span class=\"versanumer\">7<\/span><\/a>\u00dev\u00ed er mitt auga dapurt af gr\u00e1ti, og m\u00ednir limir eru allir or\u00f0nir sem skuggi.<a name=\"8\"><span class=\"versanumer\">8<\/span><\/a>Af \u00feessu skelfast hinir r\u00e1\u00f0v\u00f6ndu og s\u00e1 saklausi egnist til \u00e1 m\u00f3ti hr\u00e6snaranum.<a name=\"9\"><span class=\"versanumer\">9<\/span><\/a>Hinn r\u00e9ttl\u00e1ti skal \u00fe\u00f3 halda s\u00edna lei\u00f0, og s\u00e1 sem hefir hreinar hendur skal ver\u00f0a enn fastari.<a name=\"10\"><span class=\"versanumer\">10<\/span><\/a>En \u00fe\u00e9r allir megi\u00f0 fara og koma aftur, k\u00e6ru! aldrei finn eg einn hygginn me\u00f0al y\u00f0ar.<a name=\"11\"><span class=\"versanumer\">11<\/span><\/a>M\u00ednir dagar eru li\u00f0nir, m\u00ednar hugsanir sundurt\u00e6ttar, sem h\u00f6f\u00f0u vald yfir m\u00ednu hjarta.<a name=\"12\"><span class=\"versanumer\">12<\/span><\/a>\u00deeir gj\u00f6ra n\u00f3ttina a\u00f0 degi, og segja: lj\u00f3si\u00f0 er ekki langt fr\u00e1 myrkrinu.<a name=\"13\"><span class=\"versanumer\">13<\/span><\/a>En eg b\u00ed\u00f0 grafarinnar, m\u00edns h\u00fass; \u00ed myrkrinu b\u00fd eg um mig.<a name=\"14\"><span class=\"versanumer\">14<\/span><\/a>Vi\u00f0 rotnunina segi eg: \u00fe\u00fa ert minn fa\u00f0ir og minn br\u00f3\u00f0ir.<a name=\"15\"><span class=\"versanumer\">15<\/span><\/a>Hvar er \u00fe\u00e1 m\u00edn huggun?<a name=\"16\"><span class=\"versanumer\">16<\/span><\/a>Hva\u00f0 m\u00edna von \u00e1hr\u00e6rir, hv\u00f6r s\u00e9r hana? \u00cd grafarinnar einveru mun h\u00fan ni\u00f0urst\u00edga, \u00feegar v\u00e9r allir hv\u00edlumst \u00fear \u00ed duftinu.<\/p>\n<div class=\"footnoteVidey\"><\/div>\n","protected":false},"excerpt":{"rendered":"<p>Sama tala. 1Minn andardr\u00e1ttur er \u00far lagi, m\u00ednir dagar eru \u00ferotnir, grafirnar eru framundan m\u00e9r.2Enginn nema spottarar eru hj\u00e1 m\u00e9r, og mitt auga dvelur vi\u00f0 \u00feeirra m\u00f3\u00f0ganir.3Heyr\u00f0u! \u00fe\u00f3 einhv\u00f6r vildi m\u00e6ta hj\u00e1 \u00fe\u00e9r fyrir mig, hv\u00f6r er sem vill gefa m\u00e9r hendina upp \u00e1 \u00fea\u00f0.4\u00dev\u00ed \u00feessara hj\u00f6rtum hefir \u00fe\u00fa l\u00e6st fyrir v\u00edsd\u00f3mi; \u00fear fyrir viltu ekki upphefja \u00fe\u00e1.5Hv\u00f6r sem sv\u00edkur s\u00edna vini \u00ed hendur \u00f3vinanna, augu hans barna skulu \u00f6rmagnast.6Hann (El\u00edfas) hefir gj\u00f6rt mig a\u00f0 or\u00f0skvi\u00f0 me\u00f0al f\u00f3lksins, og m\u00e9r er sp\u00fdtt \u00ed andlit.7\u00dev\u00ed er mitt auga dapurt af gr\u00e1ti, og m\u00ednir limir eru allir or\u00f0nir sem skuggi.8Af \u00feessu skelfast <a href=\"https:\/\/biblian.is\/videy\/jobsbok-17-kafli\/\"> [&#8230;]<\/a><\/p>\n","protected":false},"author":1,"featured_media":0,"parent":0,"menu_order":0,"comment_status":"open","ping_status":"open","template":"bibliukaflar.php","meta":{"footnotes":""},"class_list":["post-21302","page","type-page","status-publish","hentry"],"_links":{"self":[{"href":"https:\/\/biblian.is\/videy\/wp-json\/wp\/v2\/pages\/21302","targetHints":{"allow":["GET"]}}],"collection":[{"href":"https:\/\/biblian.is\/videy\/wp-json\/wp\/v2\/pages"}],"about":[{"href":"https:\/\/biblian.is\/videy\/wp-json\/wp\/v2\/types\/page"}],"author":[{"embeddable":true,"href":"https:\/\/biblian.is\/videy\/wp-json\/wp\/v2\/users\/1"}],"replies":[{"embeddable":true,"href":"https:\/\/biblian.is\/videy\/wp-json\/wp\/v2\/comments?post=21302"}],"version-history":[{"count":0,"href":"https:\/\/biblian.is\/videy\/wp-json\/wp\/v2\/pages\/21302\/revisions"}],"wp:attachment":[{"href":"https:\/\/biblian.is\/videy\/wp-json\/wp\/v2\/media?parent=21302"}],"curies":[{"name":"wp","href":"https:\/\/api.w.org\/{rel}","templated":true}]}}