{"id":21301,"date":"2018-01-02T01:01:17","date_gmt":"2018-01-02T01:01:17","guid":{"rendered":"http:\/\/biblian.is\/videy\/jobsbok-16-kafli\/"},"modified":"2018-01-02T01:01:17","modified_gmt":"2018-01-02T01:01:17","slug":"jobsbok-16-kafli","status":"publish","type":"page","link":"https:\/\/biblian.is\/videy\/jobsbok-16-kafli\/","title":{"rendered":"Jobsb\u00f3k 16. kafli"},"content":{"rendered":"<div class=\"fyrirsognVidey\">Job svarar.<\/div>\n<p><a name=\"1\"><span class=\"versanumer\">1<\/span><\/a>\u00de\u00e1 svara\u00f0i Job og sag\u00f0i:<a name=\"2\"><span class=\"versanumer\">2<\/span><\/a>margt \u00feessh\u00e1ttar hefi eg heyrt; lei\u00f0inlegir huggarar eru\u00f0 \u00fe\u00e9r allir saman.<a name=\"3\"><span class=\"versanumer\">3<\/span><\/a>Skulu \u00f3nytjuor\u00f0 engan enda hafa? e\u00f0a hva\u00f0 dirf\u00f0i \u00feig til a\u00f0 tala svona?<a name=\"4\"><span class=\"versanumer\">4<\/span><\/a>Eg g\u00e6ti l\u00edka tala\u00f0 eins og \u00fe\u00e9r; eg vildi \u00fe\u00e9r v\u00e6ru\u00f0 \u00ed m\u00ednum sporum! Eg g\u00e6ti og samanhr\u00faga\u00f0 or\u00f0um \u00e1 m\u00f3ti y\u00f0ur og hrist yfir y\u00f0ur h\u00f6fu\u00f0i\u00f0;<a name=\"5\"><span class=\"versanumer\">5<\/span><\/a>eg mundi styrkja y\u00f0ur me\u00f0 munni m\u00ednum, og minna vara me\u00f0aumkun mundi lina y\u00f0ar \u00fej\u00e1ningu. <br \/><a name=\"6\"><span class=\"versanumer\">6<\/span><\/a>\u00de\u00f3 eg tali, sv\u00edar ekki m\u00edn p\u00edna; og \u00fe\u00f3 eg \u00feegi\u2014\u00e6tla h\u00fan yfirgefi mig?<a name=\"7\"><span class=\"versanumer\">7<\/span><\/a>Vissulega \u00f6r\u00fereytti hann mig; \u00fe\u00fa ey\u00f0ilag\u00f0ir allt mitt h\u00fas.<a name=\"8\"><span class=\"versanumer\">8<\/span><\/a>\u00de\u00fa hefir gj\u00f6rt mig hrukk\u00f3ttan, og \u00fea\u00f0 vitnar m\u00f3ti m\u00e9r; og m\u00edn megur\u00f0 r\u00eds gegn m\u00e9r og veitir m\u00e9r m\u00f3tm\u00e6li.<a name=\"9\"><span class=\"versanumer\">9<\/span><\/a>Hans grimmd sundursl\u00edtur mig, og hann hatar mig; hann n\u00edstir t\u00f6nnum yfir m\u00e9r, minn m\u00f3tst\u00f6\u00f0uma\u00f0ur starir \u00e1 mig me\u00f0 s\u00ednum augum.<a name=\"10\"><span class=\"versanumer\">10<\/span><\/a>\u00deeir sperra upp munninn \u00e1 m\u00f3ti m\u00e9r; h\u00e1\u00f0uglega gefa \u00feeir m\u00e9r kinnhesta, og gj\u00f6ra samdr\u00e1tt m\u00f3ti m\u00e9r.<a name=\"11\"><span class=\"versanumer\">11<\/span><\/a>Gu\u00f0 gaf mig \u00e1 vald hinna rangl\u00e1tu og l\u00e9t mig komast \u00ed hendur hinna \u00f3gu\u00f0legu.<a name=\"12\"><span class=\"versanumer\">12<\/span><\/a>Eg haf\u00f0i hags\u00e6ld, en hann steypti m\u00e9r, t\u00f3k um h\u00e1lsinn \u00e1 m\u00e9r og \u00ed sundurmuldi mig, og gj\u00f6r\u00f0i mig a\u00f0 s\u00ednu skotm\u00e1li.<a name=\"13\"><span class=\"versanumer\">13<\/span><\/a>Hans skeyti umkringdu mig, hann sundurskar m\u00edn n\u00fdru v\u00e6g\u00f0arlaust, hann \u00fathellti m\u00ednu galli \u00e1 j\u00f6r\u00f0ina.<a name=\"14\"><span class=\"versanumer\">14<\/span><\/a>Hann s\u00e6r\u00f0i mig s\u00e1r \u00ed s\u00e1r, og hlj\u00f3p \u00e1 mig sem str\u00ed\u00f0shetja.<a name=\"15\"><span class=\"versanumer\">15<\/span><\/a>\u00de\u00e1 sauma\u00f0i eg sekk um m\u00edna h\u00fa\u00f0, og huldi mitt h\u00f6fu\u00f0 me\u00f0 dufti.<a name=\"16\"><span class=\"versanumer\">16<\/span><\/a>Mitt andlit \u00fer\u00fatna\u00f0i af gr\u00e1ti, og dau\u00f0ans skuggi breiddist yfir m\u00edn augnalok.<a name=\"17\"><span class=\"versanumer\">17<\/span><\/a>\u00de\u00f3 er ekkert rangl\u00e6ti \u00ed minni hendi, og m\u00edn b\u00e6n er hrein.<a name=\"18\"><span class=\"versanumer\">18<\/span><\/a>\u00de\u00fa j\u00f6r\u00f0! hyl ekki mitt bl\u00f3\u00f0! og ekkert pl\u00e1ss s\u00e9 hvar mitt hr\u00f3p felist!<a name=\"19\"><span class=\"versanumer\">19<\/span><\/a>Sj\u00e1! enn \u00fe\u00e1 er minn vottur \u00e1 himnum og minn talsma\u00f0ur \u00ed h\u00e6\u00f0inni.<a name=\"20\"><span class=\"versanumer\">20<\/span><\/a>M\u00ednir vinir gj\u00f6ra gys a\u00f0 m\u00e9r, mitt auga sn\u00fdr s\u00e9r til Gu\u00f0s me\u00f0 gr\u00e1ti.<a name=\"21\"><span class=\"versanumer\">21<\/span><\/a>\u00c6 a\u00f0 ma\u00f0urinn g\u00e6ti gengi\u00f0 \u00ed r\u00e9tt vi\u00f0 Gu\u00f0, eins og mannsins barn vi\u00f0 sinn stallbr\u00f3\u00f0ur!<a name=\"22\"><span class=\"versanumer\">22<\/span><\/a>\u00dev\u00ed \u00feau f\u00e1u \u00e1r eru senn \u00e1 enda; svo fer eg \u00fe\u00e1 lei\u00f0, sem eg kem ekki aftur.<\/p>\n<div class=\"footnoteVidey\">V. 7. og 8. og flg. v: H\u00e9r um br\u00fakast, eins og v\u00ed\u00f0ar, \u00feessi or\u00f0: \u00fe\u00fa, hann, \u00feeir, og mi\u00f0a \u00fe\u00f3 \u00f6ll til ens sama.<\/div>\n","protected":false},"excerpt":{"rendered":"<p>Job svarar. 1\u00de\u00e1 svara\u00f0i Job og sag\u00f0i:2margt \u00feessh\u00e1ttar hefi eg heyrt; lei\u00f0inlegir huggarar eru\u00f0 \u00fe\u00e9r allir saman.3Skulu \u00f3nytjuor\u00f0 engan enda hafa? e\u00f0a hva\u00f0 dirf\u00f0i \u00feig til a\u00f0 tala svona?4Eg g\u00e6ti l\u00edka tala\u00f0 eins og \u00fe\u00e9r; eg vildi \u00fe\u00e9r v\u00e6ru\u00f0 \u00ed m\u00ednum sporum! Eg g\u00e6ti og samanhr\u00faga\u00f0 or\u00f0um \u00e1 m\u00f3ti y\u00f0ur og hrist yfir y\u00f0ur h\u00f6fu\u00f0i\u00f0;5eg mundi styrkja y\u00f0ur me\u00f0 munni m\u00ednum, og minna vara me\u00f0aumkun mundi lina y\u00f0ar \u00fej\u00e1ningu. 6\u00de\u00f3 eg tali, sv\u00edar ekki m\u00edn p\u00edna; og \u00fe\u00f3 eg \u00feegi\u2014\u00e6tla h\u00fan yfirgefi mig?7Vissulega \u00f6r\u00fereytti hann mig; \u00fe\u00fa ey\u00f0ilag\u00f0ir allt mitt h\u00fas.8\u00de\u00fa hefir gj\u00f6rt mig hrukk\u00f3ttan, og \u00fea\u00f0 vitnar m\u00f3ti m\u00e9r; <a href=\"https:\/\/biblian.is\/videy\/jobsbok-16-kafli\/\"> [&#8230;]<\/a><\/p>\n","protected":false},"author":1,"featured_media":0,"parent":0,"menu_order":0,"comment_status":"open","ping_status":"open","template":"bibliukaflar.php","meta":{"footnotes":""},"class_list":["post-21301","page","type-page","status-publish","hentry"],"_links":{"self":[{"href":"https:\/\/biblian.is\/videy\/wp-json\/wp\/v2\/pages\/21301","targetHints":{"allow":["GET"]}}],"collection":[{"href":"https:\/\/biblian.is\/videy\/wp-json\/wp\/v2\/pages"}],"about":[{"href":"https:\/\/biblian.is\/videy\/wp-json\/wp\/v2\/types\/page"}],"author":[{"embeddable":true,"href":"https:\/\/biblian.is\/videy\/wp-json\/wp\/v2\/users\/1"}],"replies":[{"embeddable":true,"href":"https:\/\/biblian.is\/videy\/wp-json\/wp\/v2\/comments?post=21301"}],"version-history":[{"count":0,"href":"https:\/\/biblian.is\/videy\/wp-json\/wp\/v2\/pages\/21301\/revisions"}],"wp:attachment":[{"href":"https:\/\/biblian.is\/videy\/wp-json\/wp\/v2\/media?parent=21301"}],"curies":[{"name":"wp","href":"https:\/\/api.w.org\/{rel}","templated":true}]}}