{"id":21300,"date":"2018-01-02T01:01:17","date_gmt":"2018-01-02T01:01:17","guid":{"rendered":"http:\/\/biblian.is\/videy\/jobsbok-15-kafli\/"},"modified":"2018-01-02T01:01:17","modified_gmt":"2018-01-02T01:01:17","slug":"jobsbok-15-kafli","status":"publish","type":"page","link":"https:\/\/biblian.is\/videy\/jobsbok-15-kafli\/","title":{"rendered":"Jobsb\u00f3k 15. kafli"},"content":{"rendered":"<div class=\"fyrirsognVidey\">El\u00edfas svarar.<\/div>\n<p><a name=\"1\"><span class=\"versanumer\">1<\/span><\/a>\u00de\u00e1 svara\u00f0i El\u00edfas af Teman og sag\u00f0i:<a name=\"2\"><span class=\"versanumer\">2<\/span><\/a>\u00c1 s\u00e1 vitri ma\u00f0ur a\u00f0 svara me\u00f0 \u00feekkingu sem er a\u00f0eins varagustur, og fylla sitt brj\u00f3st me\u00f0 vindi?<a name=\"3\"><span class=\"versanumer\">3<\/span><\/a><span class='VideyAth'>(\u00c1 hann)<\/span> a\u00f0 str\u00ed\u00f0a me\u00f0 or\u00f0um sem ekkert kve\u00f0ur a\u00f0, og me\u00f0 tali sem ekkert sto\u00f0ar hann?<a name=\"4\"><span class=\"versanumer\">4<\/span><\/a>J\u00e1, \u00fe\u00fa gj\u00f6rir gu\u00f0s\u00f3ttann a\u00f0 engu, og f\u00e6kkar b\u00e6num til Gu\u00f0s.<a name=\"5\"><span class=\"versanumer\">5<\/span><\/a>\u00deinn eigin munnur pr\u00e9dikar <span class='VideyAth'>(kennir)<\/span> \u00feitt rangl\u00e6ti, \u00fe\u00f3 a\u00f0 \u00fe\u00fa veljir or\u00f0f\u00e6ri hinna sl\u00e6gu.<a name=\"6\"><span class=\"versanumer\">6<\/span><\/a>\u00deinn munnur d\u00e6mir \u00feig, en eg ekki; \u00fe\u00ednar varir vitna \u00e1 m\u00f3ti \u00fe\u00e9r.<a name=\"7\"><span class=\"versanumer\">7<\/span><\/a>Ert \u00fe\u00fa s\u00e1 fyrst f\u00e6ddi ma\u00f0ur, og ert\u00fa getinn fyrr en h\u00e6\u00f0irnar?<a name=\"8\"><span class=\"versanumer\">8<\/span><\/a>Hefur \u00fe\u00fa hl\u00fdtt \u00e1 \u00ed Gu\u00f0s leynda r\u00e1\u00f0i? e\u00f0a hefir \u00fe\u00fa dregi\u00f0 a\u00f0 \u00fe\u00e9r allra speki?<a name=\"9\"><span class=\"versanumer\">9<\/span><\/a>Hva\u00f0 veist\u00fa sem v\u00e9r ei skyldum vita? Hva\u00f0 \u00feekkir \u00fe\u00fa sem skyldi vera oss \u00f3kunnugt?<a name=\"10\"><span class=\"versanumer\">10<\/span><\/a>Til eru gr\u00e1h\u00e6r\u00f0ir menn og \u00f6ldungar vor \u00e1 me\u00f0al, eldri en fa\u00f0ir \u00feinn.<a name=\"11\"><span class=\"versanumer\">11<\/span><\/a>Metur \u00fe\u00fa l\u00edtils Gu\u00f0s huggun og \u00feau bl\u00ed\u00f0u or\u00f0 til \u00fe\u00edn?<a name=\"12\"><span class=\"versanumer\">12<\/span><\/a>Hvar fyrir hr\u00edfur \u00feitt hjarta \u00feig, og hv\u00ed tindra \u00fe\u00edn augu,<a name=\"13\"><span class=\"versanumer\">13<\/span><\/a>a\u00f0 \u00fe\u00fa geisar svo gegn Gu\u00f0i, og framber sl\u00edk or\u00f0 af \u00fe\u00ednum v\u00f6rum?<a name=\"14\"><span class=\"versanumer\">14<\/span><\/a>Hva\u00f0 er ma\u00f0urinn a\u00f0 hann skyldi vera hreinn? e\u00f0a a\u00f0 s\u00e1 skyldi vera r\u00e9ttl\u00e1tur sem er f\u00e6ddur af kvinnu?<a name=\"15\"><span class=\"versanumer\">15<\/span><\/a>Sj\u00e1 \u00fe\u00fa! hann \u00e6tlar ei upp \u00e1 s\u00edna heil\u00f6gu og himnarnir eru ekki hreinir fyrir hans augum.<a name=\"16\"><span class=\"versanumer\">16<\/span><\/a>Enn s\u00ed\u00f0ur s\u00e1 vi\u00f0urstyggilegi og sv\u00edvir\u00f0ilegi, ma\u00f0urinn, sem drekkur \u00ed sig rangl\u00e6ti\u00f0 eins og vatn.<a name=\"17\"><span class=\"versanumer\">17<\/span><\/a>Eg vil fr\u00e6\u00f0a \u00feig, heyr \u00fe\u00fa mig! og \u00fea\u00f0 sem eg hefi reynt vil eg segja \u00fe\u00e9r,<a name=\"18\"><span class=\"versanumer\">18<\/span><\/a>\u00fea\u00f0 sem \u00feeir v\u00edsu kunngj\u00f6r\u00f0u og duldu ekki, <span class='VideyAth'>(erft)<\/span> fr\u00e1 \u00feeirra fe\u00f0rum.<a name=\"19\"><span class=\"versanumer\">19<\/span><\/a>Hv\u00f6rjum einum var landi\u00f0 gefi\u00f0, og enginn \u00fatlendur \u00ferengdi s\u00e9r inn me\u00f0al \u00feeirra.<a name=\"20\"><span class=\"versanumer\">20<\/span><\/a>Alla s\u00edna daga pl\u00e1gar s\u00e1 \u00f3gu\u00f0legi sig sj\u00e1lfan, og f\u00e1 \u00e1r eru t\u00fdrarannum \u00e6tlu\u00f0.<a name=\"21\"><span class=\"versanumer\">21<\/span><\/a>Skelfingar hlj\u00f3\u00f0 er fyrir hans eyrum; jafnvel \u00ed fri\u00f0i yfirfellur ey\u00f0ileggjarinn hann.<a name=\"22\"><span class=\"versanumer\">22<\/span><\/a>Hann tr\u00fair \u00fev\u00ed ekki, a\u00f0 hann geti komist undan myrkrinu <span class='VideyAth'>(\u00f3g\u00e6funni)<\/span> og s\u00e9r allssta\u00f0ar framundan s\u00e9r sver\u00f0.<a name=\"23\"><span class=\"versanumer\">23<\/span><\/a>Hann flakkar um kring eftir brau\u00f0i hvar sem \u00fea\u00f0 er; hann veit a\u00f0 myrkursins dagur er honum rei\u00f0ub\u00fainn.<a name=\"24\"><span class=\"versanumer\">24<\/span><\/a>Angist og ney\u00f0 skelfa hann, \u00fe\u00e6r bera hann ofurli\u00f0a, sem konungur \u00fatb\u00fainn til bardaga.<a name=\"25\"><span class=\"versanumer\">25<\/span><\/a>Af \u00fev\u00ed hann \u00fatr\u00e9tti s\u00edna h\u00f6nd gegn Gu\u00f0i, og gj\u00f6r\u00f0i, me\u00f0 \u00ferj\u00f3sku, uppreisn m\u00f3ti \u00feeim alm\u00e1ttuga;<a name=\"26\"><span class=\"versanumer\">26<\/span><\/a>gj\u00f6r\u00f0i \u00e1r\u00e1s \u00e1 hann me\u00f0 <span class='VideyAth'>(h\u00e1u)<\/span> h\u00f6f\u00f0i og me\u00f0 \u00feykkri skjaldarbungu.<a name=\"27\"><span class=\"versanumer\">27<\/span><\/a>\u00dev\u00ed hans andlit er \u00feaki\u00f0 spiki, og hans lendar me\u00f0 fitu,<a name=\"28\"><span class=\"versanumer\">28<\/span><\/a>\u00fear fyrir b\u00fdr hann \u00ed \u00feeim st\u00f6\u00f0um sem \u00e6tla\u00f0ar eru til ey\u00f0ileggingar; \u00ed h\u00fasum, sem enginn b\u00fdr \u00ed, og sem skj\u00f3tt umbreytast \u00ed grj\u00f3thr\u00fagu.<a name=\"29\"><span class=\"versanumer\">29<\/span><\/a>Hann mun ekki ver\u00f0a r\u00edkur, og hans g\u00f3ss ekki var\u00f0veitast; og hans velmegan mun ekki \u00fatbrei\u00f0ast \u00ed landinu.<a name=\"30\"><span class=\"versanumer\">30<\/span><\/a>Hann mun ekki undan myrkrinu sleppa; loginn mun sv\u00ed\u00f0a hans ungu greinir, og hann mun hverfa fyrir Gu\u00f0s anda <span class='VideyAth'>(\u00e1bl\u00e6stri)<\/span>.<a name=\"31\"><span class=\"versanumer\">31<\/span><\/a>Hann rei\u00f0i sig ekki \u00e1 h\u00e9g\u00f3mann, hann ver\u00f0ur t\u00e6ldur,<a name=\"32\"><span class=\"versanumer\">32<\/span><\/a>\u00fev\u00ed h\u00e9g\u00f3minn skal ver\u00f0a hans ver\u00f0kaup. Fyrir t\u00edmann f\u00e6r hann enda, og hans greinir bl\u00f3mgast ei meir.<a name=\"33\"><span class=\"versanumer\">33<\/span><\/a>Eins og v\u00ednvi\u00f0urinn mun hann hrifsa af s\u00e9r s\u00far v\u00ednber; sem vi\u00f0smj\u00f6rsvi\u00f0urinn, missa s\u00edn bl\u00f3mstur,<a name=\"34\"><span class=\"versanumer\">34<\/span><\/a>\u00fev\u00ed hr\u00e6snaranna h\u00f3pur ver\u00f0ur einmana, og eldurinn ey\u00f0ir tjaldb\u00fa\u00f0um \u00feeirra sem taka m\u00fatur.<a name=\"35\"><span class=\"versanumer\">35<\/span><\/a>\u00deeir ganga \u00feunga\u00f0ir me\u00f0 \u00f3lukku og f\u00e6\u00f0a rangl\u00e6ti, og \u00feeirra b\u00fakur undirb\u00fdr svik.<\/p>\n<div class=\"footnoteVidey\"><\/div>\n","protected":false},"excerpt":{"rendered":"<p>El\u00edfas svarar. 1\u00de\u00e1 svara\u00f0i El\u00edfas af Teman og sag\u00f0i:2\u00c1 s\u00e1 vitri ma\u00f0ur a\u00f0 svara me\u00f0 \u00feekkingu sem er a\u00f0eins varagustur, og fylla sitt brj\u00f3st me\u00f0 vindi?3(\u00c1 hann) a\u00f0 str\u00ed\u00f0a me\u00f0 or\u00f0um sem ekkert kve\u00f0ur a\u00f0, og me\u00f0 tali sem ekkert sto\u00f0ar hann?4J\u00e1, \u00fe\u00fa gj\u00f6rir gu\u00f0s\u00f3ttann a\u00f0 engu, og f\u00e6kkar b\u00e6num til Gu\u00f0s.5\u00deinn eigin munnur pr\u00e9dikar (kennir) \u00feitt rangl\u00e6ti, \u00fe\u00f3 a\u00f0 \u00fe\u00fa veljir or\u00f0f\u00e6ri hinna sl\u00e6gu.6\u00deinn munnur d\u00e6mir \u00feig, en eg ekki; \u00fe\u00ednar varir vitna \u00e1 m\u00f3ti \u00fe\u00e9r.7Ert \u00fe\u00fa s\u00e1 fyrst f\u00e6ddi ma\u00f0ur, og ert\u00fa getinn fyrr en h\u00e6\u00f0irnar?8Hefur \u00fe\u00fa hl\u00fdtt \u00e1 \u00ed Gu\u00f0s leynda r\u00e1\u00f0i? e\u00f0a hefir \u00fe\u00fa dregi\u00f0 a\u00f0 <a href=\"https:\/\/biblian.is\/videy\/jobsbok-15-kafli\/\"> [&#8230;]<\/a><\/p>\n","protected":false},"author":1,"featured_media":0,"parent":0,"menu_order":0,"comment_status":"open","ping_status":"open","template":"bibliukaflar.php","meta":{"footnotes":""},"class_list":["post-21300","page","type-page","status-publish","hentry"],"_links":{"self":[{"href":"https:\/\/biblian.is\/videy\/wp-json\/wp\/v2\/pages\/21300","targetHints":{"allow":["GET"]}}],"collection":[{"href":"https:\/\/biblian.is\/videy\/wp-json\/wp\/v2\/pages"}],"about":[{"href":"https:\/\/biblian.is\/videy\/wp-json\/wp\/v2\/types\/page"}],"author":[{"embeddable":true,"href":"https:\/\/biblian.is\/videy\/wp-json\/wp\/v2\/users\/1"}],"replies":[{"embeddable":true,"href":"https:\/\/biblian.is\/videy\/wp-json\/wp\/v2\/comments?post=21300"}],"version-history":[{"count":0,"href":"https:\/\/biblian.is\/videy\/wp-json\/wp\/v2\/pages\/21300\/revisions"}],"wp:attachment":[{"href":"https:\/\/biblian.is\/videy\/wp-json\/wp\/v2\/media?parent=21300"}],"curies":[{"name":"wp","href":"https:\/\/api.w.org\/{rel}","templated":true}]}}