{"id":21299,"date":"2018-01-02T01:01:17","date_gmt":"2018-01-02T01:01:17","guid":{"rendered":"http:\/\/biblian.is\/videy\/jobsbok-14-kafli\/"},"modified":"2018-01-02T01:01:17","modified_gmt":"2018-01-02T01:01:17","slug":"jobsbok-14-kafli","status":"publish","type":"page","link":"https:\/\/biblian.is\/videy\/jobsbok-14-kafli\/","title":{"rendered":"Jobsb\u00f3k 14. kafli"},"content":{"rendered":"<div class=\"fyrirsognVidey\">Sama tala.<\/div>\n<p><a name=\"1\"><span class=\"versanumer\">1<\/span><\/a>Ma\u00f0urinn af kvinnunni f\u00e6ddur lifir stutta stund og mettast af \u00f3r\u00f3semi.<a name=\"2\"><span class=\"versanumer\">2<\/span><\/a>Hann sprettur upp sem gras og f\u00f6lnar. Hann fl\u00fdr sem skuggi, og sta\u00f0n\u00e6mist ekki.<a name=\"3\"><span class=\"versanumer\">3<\/span><\/a>Og \u00fe\u00fa starir \u00e1 \u00fev\u00edl\u00edkan einn, og dregur mig fyrir r\u00e9ttinn me\u00f0 \u00fe\u00e9r!<a name=\"4\"><span class=\"versanumer\">4<\/span><\/a>Hv\u00f6r gj\u00f6rir hreinan \u00far \u00f3hreinum? Ekki einn einasti.<a name=\"5\"><span class=\"versanumer\">5<\/span><\/a>S\u00e9u hans dagar \u00e1kvar\u00f0a\u00f0ir, og hans m\u00e1na\u00f0atala fastsett hj\u00e1 \u00fe\u00e9r, hafir \u00fe\u00fa afm\u00e6lt hans t\u00ed\u00f0, sem hann getur ekki yfirkomist,<a name=\"6\"><span class=\"versanumer\">6<\/span><\/a>\u00fe\u00e1 v\u00edk \u00fe\u00fa fr\u00e1 honum svo hann geti fengi\u00f0 hv\u00edld, \u00feanga\u00f0 til hann, sem daglaunara langar eftir s\u00ednum <span class='VideyAth'>(dau\u00f0a)<\/span>degi.<a name=\"7\"><span class=\"versanumer\">7<\/span><\/a>\u00dev\u00ed tr\u00e9\u00f0 hefir von \u00feegar \u00fea\u00f0 er upph\u00f6ggvi\u00f0, a\u00f0 \u00fea\u00f0 aftur geti vaxi\u00f0; og a\u00f0 \u00fea\u00f0 vanti ei greinir.<a name=\"8\"><span class=\"versanumer\">8<\/span><\/a>\u00de\u00f3 \u00feess r\u00f3t eldist \u00ed j\u00f6r\u00f0inni, og \u00feess stofn deyi \u00ed duftinu,<a name=\"9\"><span class=\"versanumer\">9<\/span><\/a>svo gr\u00e6nkar \u00fea\u00f0 aftur af vatnsins dampa, og f\u00e6r greinir eins og n\u00fd planta.<a name=\"10\"><span class=\"versanumer\">10<\/span><\/a>En deyi ma\u00f0urinn liggur hann m\u00e1ttlaus; uppgefi ma\u00f0urinn andann, hvar er hann \u00fe\u00e1?<a name=\"11\"><span class=\"versanumer\">11<\/span><\/a>Vatni\u00f0 hleypur burt \u00far hafinu; \u00e1in minnkar og ver\u00f0ur \u00feurr.<a name=\"12\"><span class=\"versanumer\">12<\/span><\/a>Svolei\u00f0is leggst ma\u00f0urinn fyrir og stendur ekki upp; \u00feanga\u00f0 til himnarnir eru ekki meir, vaknar hann ekki og ver\u00f0ur ekki vakinn meir af s\u00ednum svefni.<a name=\"13\"><span class=\"versanumer\">13<\/span><\/a>\u00c6 a\u00f0 \u00fe\u00fa vildir geyma mig \u00ed gr\u00f6finni, og fela mig, \u00feanga\u00f0 til \u00fe\u00edn rei\u00f0i sn\u00fdr s\u00e9r! \u00f3! a\u00f0 \u00fe\u00fa vildir taka vissan t\u00edma fyrir mig, og \u00fe\u00e1 aftur minnast m\u00edn.<a name=\"14\"><span class=\"versanumer\">14<\/span><\/a>\u00deegar ma\u00f0urinn deyr mun hann \u00fe\u00e1 lifna vi\u00f0 aftur? \u00fe\u00e1 mundi eg b\u00ed\u00f0a alla m\u00edna str\u00ed\u00f0sdaga, \u00feanga\u00f0 til m\u00edn lausn k\u00e6mi,<a name=\"15\"><span class=\"versanumer\">15<\/span><\/a>\u00fe\u00e1 mundir \u00fe\u00fa kalla, og eg skyldi svara; \u00fe\u00fa mundir hafa yndi af \u00fe\u00ednum handaverkum.<a name=\"16\"><span class=\"versanumer\">16<\/span><\/a>En n\u00fa telur \u00fe\u00fa m\u00edn spor! g\u00e1ir \u00fe\u00fa ekki a\u00f0 m\u00ednum syndum?<a name=\"17\"><span class=\"versanumer\">17<\/span><\/a>M\u00ednar syndir eru forsigla\u00f0ar \u00ed einum bagga; og \u00fe\u00fa hefir b\u00e6tt nokkru vi\u00f0 m\u00edna sekt.<a name=\"18\"><span class=\"versanumer\">18<\/span><\/a>Fjall sem dettur um koll liggur \u00fear sannarlega. Kletturinn steypist ni\u00f0ur fr\u00e1 s\u00ednum sta\u00f0.<a name=\"19\"><span class=\"versanumer\">19<\/span><\/a>Vatni\u00f0 holar steininn, og \u00feess straumur, burtskolar jar\u00f0arinnar dufti, svolei\u00f0is gj\u00f6rir \u00fe\u00fa a\u00f0 engu mannanna von.<a name=\"20\"><span class=\"versanumer\">20<\/span><\/a>\u00dev\u00ed \u00fe\u00fa ber hann fullkomlega ofurli\u00f0a, og hann fer burt; \u00fe\u00fa sn\u00fdr vi\u00f0 hans andliti, og rekur hann burt.<a name=\"21\"><span class=\"versanumer\">21<\/span><\/a>S\u00e9u hans b\u00f6rn hei\u00f0ru\u00f0, hann veit \u00fea\u00f0 ekki; s\u00e9u \u00feau fyrirlitin, hann fr\u00e9ttir \u00fea\u00f0 ekki.<a name=\"22\"><span class=\"versanumer\">22<\/span><\/a>Hans eigi\u00f0 hold finnur a\u00f0eins til eigin p\u00ednu, og hans s\u00e1l \u00ed honum kennir til eigin sorgar.<\/p>\n<div class=\"footnoteVidey\"><\/div>\n","protected":false},"excerpt":{"rendered":"<p>Sama tala. 1Ma\u00f0urinn af kvinnunni f\u00e6ddur lifir stutta stund og mettast af \u00f3r\u00f3semi.2Hann sprettur upp sem gras og f\u00f6lnar. Hann fl\u00fdr sem skuggi, og sta\u00f0n\u00e6mist ekki.3Og \u00fe\u00fa starir \u00e1 \u00fev\u00edl\u00edkan einn, og dregur mig fyrir r\u00e9ttinn me\u00f0 \u00fe\u00e9r!4Hv\u00f6r gj\u00f6rir hreinan \u00far \u00f3hreinum? Ekki einn einasti.5S\u00e9u hans dagar \u00e1kvar\u00f0a\u00f0ir, og hans m\u00e1na\u00f0atala fastsett hj\u00e1 \u00fe\u00e9r, hafir \u00fe\u00fa afm\u00e6lt hans t\u00ed\u00f0, sem hann getur ekki yfirkomist,6\u00fe\u00e1 v\u00edk \u00fe\u00fa fr\u00e1 honum svo hann geti fengi\u00f0 hv\u00edld, \u00feanga\u00f0 til hann, sem daglaunara langar eftir s\u00ednum (dau\u00f0a)degi.7\u00dev\u00ed tr\u00e9\u00f0 hefir von \u00feegar \u00fea\u00f0 er upph\u00f6ggvi\u00f0, a\u00f0 \u00fea\u00f0 aftur geti vaxi\u00f0; og a\u00f0 \u00fea\u00f0 vanti ei greinir.8\u00de\u00f3 <a href=\"https:\/\/biblian.is\/videy\/jobsbok-14-kafli\/\"> [&#8230;]<\/a><\/p>\n","protected":false},"author":1,"featured_media":0,"parent":0,"menu_order":0,"comment_status":"open","ping_status":"open","template":"bibliukaflar.php","meta":{"footnotes":""},"class_list":["post-21299","page","type-page","status-publish","hentry"],"_links":{"self":[{"href":"https:\/\/biblian.is\/videy\/wp-json\/wp\/v2\/pages\/21299","targetHints":{"allow":["GET"]}}],"collection":[{"href":"https:\/\/biblian.is\/videy\/wp-json\/wp\/v2\/pages"}],"about":[{"href":"https:\/\/biblian.is\/videy\/wp-json\/wp\/v2\/types\/page"}],"author":[{"embeddable":true,"href":"https:\/\/biblian.is\/videy\/wp-json\/wp\/v2\/users\/1"}],"replies":[{"embeddable":true,"href":"https:\/\/biblian.is\/videy\/wp-json\/wp\/v2\/comments?post=21299"}],"version-history":[{"count":0,"href":"https:\/\/biblian.is\/videy\/wp-json\/wp\/v2\/pages\/21299\/revisions"}],"wp:attachment":[{"href":"https:\/\/biblian.is\/videy\/wp-json\/wp\/v2\/media?parent=21299"}],"curies":[{"name":"wp","href":"https:\/\/api.w.org\/{rel}","templated":true}]}}