{"id":21298,"date":"2018-01-02T01:01:17","date_gmt":"2018-01-02T01:01:17","guid":{"rendered":"http:\/\/biblian.is\/videy\/jobsbok-13-kafli\/"},"modified":"2018-01-02T01:01:17","modified_gmt":"2018-01-02T01:01:17","slug":"jobsbok-13-kafli","status":"publish","type":"page","link":"https:\/\/biblian.is\/videy\/jobsbok-13-kafli\/","title":{"rendered":"Jobsb\u00f3k 13. kafli"},"content":{"rendered":"<div class=\"fyrirsognVidey\">Job talar ennfremur.<\/div>\n<p><a name=\"1\"><span class=\"versanumer\">1<\/span><\/a>Sj\u00e1! allt \u00feetta hefir mitt auga sko\u00f0a\u00f0, mitt eyra hefir heyrt og skili\u00f0 \u00fea\u00f0.<a name=\"2\"><span class=\"versanumer\">2<\/span><\/a>\u00dea\u00f0 sem \u00fe\u00e9r viti\u00f0, \u00fea\u00f0 veit eg l\u00edka; m\u00e9r skj\u00e1tlar ekki meir en y\u00f0ur.<a name=\"3\"><span class=\"versanumer\">3<\/span><\/a>En eg vildi gjarnan tala vi\u00f0 hinn alm\u00e1ttuga, og mig langar til a\u00f0 ganga \u00ed r\u00e9tt vi\u00f0 Gu\u00f0.<a name=\"4\"><span class=\"versanumer\">4<\/span><\/a>\u00dev\u00ed sannarlega samanvefi\u00f0 \u00fe\u00e9r lygar; \u00f3n\u00fdtir l\u00e6knarar eru\u00f0 \u00fe\u00e9r allir saman.<a name=\"5\"><span class=\"versanumer\">5<\/span><\/a>\u00d3! a\u00f0 \u00fe\u00e9r vildu\u00f0 allir \u00feegja, \u00fea\u00f0 mundi ver\u00f0a y\u00f0ur a\u00f0 visku.<a name=\"6\"><span class=\"versanumer\">6<\/span><\/a>Heyri\u00f0, k\u00e6ru! m\u00edna v\u00f6rn, og taki\u00f0 eftir minna vara a\u00f0findni.<a name=\"7\"><span class=\"versanumer\">7<\/span><\/a>Vilji\u00f0 \u00fe\u00e9r tala Gu\u00f0i til varnar, \u00fea\u00f0 sem rangt er? vilji\u00f0 \u00fe\u00e9r fyrir hann br\u00faka sl\u00e6gsmuni?<a name=\"8\"><span class=\"versanumer\">8<\/span><\/a>Vilji\u00f0 \u00fe\u00e9r fara \u00ed manngreinar\u00e1lit, taka hans m\u00e1lsta\u00f0?<a name=\"9\"><span class=\"versanumer\">9<\/span><\/a>\u00c6tla y\u00f0ur ver\u00f0i \u00fea\u00f0 a\u00f0 g\u00f3\u00f0u, \u00feegar hann rannsakar y\u00f0ur? e\u00f0ur hugsi\u00f0 \u00fe\u00e9r a\u00f0 draga hann \u00e1 t\u00e1lar, eins og menn eru dregnir \u00e1 t\u00e1lar?<a name=\"10\"><span class=\"versanumer\">10<\/span><\/a>Hann mun vissulega straffa y\u00f0ur ef a\u00f0 \u00fe\u00e9r fari\u00f0 \u00ed manngreinar\u00e1lit me\u00f0 launung.<a name=\"11\"><span class=\"versanumer\">11<\/span><\/a>Mun ekki hans h\u00e1tign skelfa y\u00f0ur? og hans skelfing falla yfir y\u00f0ur?<a name=\"12\"><span class=\"versanumer\">12<\/span><\/a>Y\u00f0ar \u00feankar eru l\u00edkir \u00f6sku; y\u00f0ar v\u00edgi munu ver\u00f0a sem leirv\u00edgi.<a name=\"13\"><span class=\"versanumer\">13<\/span><\/a>\u00deegi\u00f0 \u00ed minni \u00e1heyrn, a\u00f0 eg megi tala, og l\u00e1ti\u00f0 svo hitta mig hva\u00f0 sem vill.<a name=\"14\"><span class=\"versanumer\">14<\/span><\/a>Hv\u00ed skal eg naga mitt hold me\u00f0 eigin t\u00f6nnum, og bera mitt l\u00edf \u00ed minni hendi?<a name=\"15\"><span class=\"versanumer\">15<\/span><\/a>Sj\u00e1! l\u00e1ti\u00f0 hann sl\u00e1 mig \u00ed hel; eg hefi enga von; en eg vil sanna fyrir hans augs\u00fdn a\u00f0 m\u00ednir vegir eru r\u00e9ttir.<a name=\"16\"><span class=\"versanumer\">16<\/span><\/a>\u00deetta skal og ver\u00f0a m\u00e9r til frelsis, \u00fev\u00ed enginn hr\u00e6snari kemur fyrir hans auglit.<a name=\"17\"><span class=\"versanumer\">17<\/span><\/a>Svo taki\u00f0 n\u00fa eftir m\u00ednu tali og hneigi\u00f0 y\u00f0ar eyru a\u00f0 m\u00ednu forsvari.<a name=\"18\"><span class=\"versanumer\">18<\/span><\/a>Sj\u00e1i\u00f0 k\u00e6ru! eg hefi reglulega framf\u00e6rt mitt m\u00e1lefni, eg veit a\u00f0 eg ver\u00f0 fr\u00edkenndur.<a name=\"19\"><span class=\"versanumer\">19<\/span><\/a>\u00de\u00f3\u2014hv\u00f6r er s\u00e1 sem gengur \u00ed r\u00e9tt vi\u00f0 mig? n\u00fa ver\u00f0 eg a\u00f0 \u00feegja og uppgefa andann.<a name=\"20\"><span class=\"versanumer\">20<\/span><\/a>Eg bi\u00f0 a\u00f0eins um tvennt; <span class='VideyAth'>(synjir \u00fe\u00fa m\u00e9r ekki um \u00fea\u00f0)<\/span>, \u00fe\u00e1 mun eg koma fram fyrir \u00feig.<a name=\"21\"><span class=\"versanumer\">21<\/span><\/a>L\u00e1t \u00fe\u00edna h\u00f6nd vera langt fr\u00e1 m\u00e9r, og \u00fe\u00edna skelfingu ekki hr\u00e6\u00f0a mig!<a name=\"22\"><span class=\"versanumer\">22<\/span><\/a>Kalla\u00f0u svo, og eg skal svara, ellegar eg mun tala og svara \u00fe\u00fa m\u00e9r.<a name=\"23\"><span class=\"versanumer\">23<\/span><\/a>Hv\u00f6rsu margar eru m\u00ednar misgj\u00f6r\u00f0ir og syndir? l\u00e1ttu mig vita m\u00edna yfirtro\u00f0slu og synd?<a name=\"24\"><span class=\"versanumer\">24<\/span><\/a>Hvar fyrir byrgir \u00fe\u00fa \u00feitt andlit og heldur mig fyrir \u00feinn \u00f3vin?<a name=\"25\"><span class=\"versanumer\">25<\/span><\/a>Viltu fordjarfa skeki\u00f0 laufbla\u00f0, og ofs\u00e6kja \u00feurrt str\u00e1;<a name=\"26\"><span class=\"versanumer\">26<\/span><\/a>\u00fe\u00fa uppskrifar harmkv\u00e6li m\u00f3ti m\u00e9r, og l\u00e6tur mig erfa m\u00ednar ungd\u00f3mssyndir,<a name=\"27\"><span class=\"versanumer\">27<\/span><\/a>og setur m\u00ednar f\u00e6tur \u00ed stokk, og a\u00f0g\u00e6tir alla m\u00edna vegu, og sl\u00e6r hring \u00ed kringum m\u00ednar iljar, <span class='VideyAth'>(sem eg ei kemst \u00fat yfir)<\/span>.<a name=\"28\"><span class=\"versanumer\">28<\/span><\/a>Og eg <span class='VideyAth'>(Job)<\/span> eldist \u00fe\u00f3 sem hr\u00e6i\u00f0, sem fat \u00fea\u00f0 er m\u00f6lurinn uppetur.<\/p>\n<div class=\"footnoteVidey\"><\/div>\n","protected":false},"excerpt":{"rendered":"<p>Job talar ennfremur. 1Sj\u00e1! allt \u00feetta hefir mitt auga sko\u00f0a\u00f0, mitt eyra hefir heyrt og skili\u00f0 \u00fea\u00f0.2\u00dea\u00f0 sem \u00fe\u00e9r viti\u00f0, \u00fea\u00f0 veit eg l\u00edka; m\u00e9r skj\u00e1tlar ekki meir en y\u00f0ur.3En eg vildi gjarnan tala vi\u00f0 hinn alm\u00e1ttuga, og mig langar til a\u00f0 ganga \u00ed r\u00e9tt vi\u00f0 Gu\u00f0.4\u00dev\u00ed sannarlega samanvefi\u00f0 \u00fe\u00e9r lygar; \u00f3n\u00fdtir l\u00e6knarar eru\u00f0 \u00fe\u00e9r allir saman.5\u00d3! a\u00f0 \u00fe\u00e9r vildu\u00f0 allir \u00feegja, \u00fea\u00f0 mundi ver\u00f0a y\u00f0ur a\u00f0 visku.6Heyri\u00f0, k\u00e6ru! m\u00edna v\u00f6rn, og taki\u00f0 eftir minna vara a\u00f0findni.7Vilji\u00f0 \u00fe\u00e9r tala Gu\u00f0i til varnar, \u00fea\u00f0 sem rangt er? vilji\u00f0 \u00fe\u00e9r fyrir hann br\u00faka sl\u00e6gsmuni?8Vilji\u00f0 \u00fe\u00e9r fara \u00ed manngreinar\u00e1lit, taka hans m\u00e1lsta\u00f0?9\u00c6tla y\u00f0ur <a href=\"https:\/\/biblian.is\/videy\/jobsbok-13-kafli\/\"> [&#8230;]<\/a><\/p>\n","protected":false},"author":1,"featured_media":0,"parent":0,"menu_order":0,"comment_status":"open","ping_status":"open","template":"bibliukaflar.php","meta":{"footnotes":""},"class_list":["post-21298","page","type-page","status-publish","hentry"],"_links":{"self":[{"href":"https:\/\/biblian.is\/videy\/wp-json\/wp\/v2\/pages\/21298","targetHints":{"allow":["GET"]}}],"collection":[{"href":"https:\/\/biblian.is\/videy\/wp-json\/wp\/v2\/pages"}],"about":[{"href":"https:\/\/biblian.is\/videy\/wp-json\/wp\/v2\/types\/page"}],"author":[{"embeddable":true,"href":"https:\/\/biblian.is\/videy\/wp-json\/wp\/v2\/users\/1"}],"replies":[{"embeddable":true,"href":"https:\/\/biblian.is\/videy\/wp-json\/wp\/v2\/comments?post=21298"}],"version-history":[{"count":0,"href":"https:\/\/biblian.is\/videy\/wp-json\/wp\/v2\/pages\/21298\/revisions"}],"wp:attachment":[{"href":"https:\/\/biblian.is\/videy\/wp-json\/wp\/v2\/media?parent=21298"}],"curies":[{"name":"wp","href":"https:\/\/api.w.org\/{rel}","templated":true}]}}