{"id":21295,"date":"2018-01-02T01:01:17","date_gmt":"2018-01-02T01:01:17","guid":{"rendered":"http:\/\/biblian.is\/videy\/jobsbok-10-kafli\/"},"modified":"2018-01-02T01:01:17","modified_gmt":"2018-01-02T01:01:17","slug":"jobsbok-10-kafli","status":"publish","type":"page","link":"https:\/\/biblian.is\/videy\/jobsbok-10-kafli\/","title":{"rendered":"Jobsb\u00f3k 10. kafli"},"content":{"rendered":"<div class=\"fyrirsognVidey\">Jobs harmakl\u00f6gun.<\/div>\n<p><a name=\"1\"><span class=\"versanumer\">1<\/span><\/a>Minni s\u00e1l lei\u00f0ist l\u00edfi\u00f0, \u00fev\u00ed vil eg l\u00e1ta lausa m\u00edna harmakl\u00f6gun, eg vil tala um raunir minnar s\u00e1lar.<a name=\"2\"><span class=\"versanumer\">2<\/span><\/a>Eg segi vi\u00f0 Gu\u00f0: \u00e1l\u00edttu mig \u00f3gu\u00f0legan! l\u00e1ttu mig vita hvar um \u00fe\u00fa \u00fer\u00e1ttar vi\u00f0 mig.<a name=\"3\"><span class=\"versanumer\">3<\/span><\/a>S\u00fdnist \u00fe\u00e9r \u00fea\u00f0 gott a\u00f0 \u00fe\u00fa mis\u00feyrmir og \u00fatsk\u00fafar verki \u00feinna handa, og ert hli\u00f0hollur vi\u00f0 r\u00e1\u00f0 hinna \u00f3gu\u00f0legu?<a name=\"4\"><span class=\"versanumer\">4<\/span><\/a>\u00c6tla \u00fe\u00fa hafir holdleg augu? s\u00e9r \u00fe\u00fa eins og ma\u00f0urinn s\u00e9r <span class='VideyAth'>a)<\/span>?<a name=\"5\"><span class=\"versanumer\">5<\/span><\/a>Eru \u00fe\u00ednir dagar eins og mannsins dagar? eru, eins og mannsins dagar, \u00fe\u00edn \u00e1r?<a name=\"6\"><span class=\"versanumer\">6<\/span><\/a>a\u00f0 \u00fe\u00fa spyr eftir m\u00ednum misgj\u00f6r\u00f0um og leitar a\u00f0 m\u00ednum syndum,<a name=\"7\"><span class=\"versanumer\">7<\/span><\/a>\u00fe\u00f3 \u00fe\u00fa vitir a\u00f0 eg hefi ekki breytt \u00f3gu\u00f0lega, og a\u00f0 \u00fear er enginn sem geti frelsa\u00f0 \u00far \u00feinni hendi.<br \/><a name=\"8\"><span class=\"versanumer\">8<\/span><\/a>\u00de\u00ednar hendur hafa skapa\u00f0 og mynda\u00f0 mig \u00e1 alla vegu, og \u00fe\u00f3 viltu tort\u00edna m\u00e9r,<a name=\"9\"><span class=\"versanumer\">9<\/span><\/a>minnstu \u00feess \u00fe\u00f3: a\u00f0 \u00fe\u00fa mynda\u00f0ir mig sem leir, og vilt \u00fe\u00fa \u00fe\u00e1 gj\u00f6ra mig aftur a\u00f0 dufti?<a name=\"10\"><span class=\"versanumer\">10<\/span><\/a>Hefir \u00fe\u00fa ekki hellt m\u00e9r sem mj\u00f3lk, og hleypt mig sem ost?<a name=\"11\"><span class=\"versanumer\">11<\/span><\/a>Holdi og h\u00f6rundi kl\u00e6ddir \u00fe\u00fa mig, og me\u00f0 beinum og sinum samfestir \u00fe\u00fa mig.<a name=\"12\"><span class=\"versanumer\">12<\/span><\/a>L\u00edf og n\u00e1\u00f0 veittir \u00fe\u00fa m\u00e9r, og \u00fe\u00edn umsj\u00f3n var\u00f0veitti minn andardr\u00e1tt.<a name=\"13\"><span class=\"versanumer\">13<\/span><\/a>En \u00feessir hlutir <span class='VideyAth'>b)<\/span> voru faldir \u00ed \u00fe\u00ednu hjarta, eg veit \u00feeir voru \u00fe\u00e9r \u00ed sinni.<a name=\"14\"><span class=\"versanumer\">14<\/span><\/a>Ef a\u00f0 eg syndga\u00f0i \u00fe\u00e1 g\u00e1\u00f0ir \u00fe\u00fa a\u00f0 m\u00e9r, og fr\u00edkenndir mig ekki fyrir m\u00ednum misgj\u00f6r\u00f0um.<a name=\"15\"><span class=\"versanumer\">15<\/span><\/a>Breytti eg \u00f3gu\u00f0lega, \u00fe\u00e1 vei m\u00e9r! og \u00fe\u00f3 eg v\u00e6ri r\u00e9ttl\u00e1tur, voga\u00f0i eg samt ekki a\u00f0 upplyfta m\u00ednu h\u00f6f\u00f0i, mettur af forsm\u00e1n, og vottur a\u00f0 eigin ves\u00e6ld.<a name=\"16\"><span class=\"versanumer\">16<\/span><\/a>Ef eg reisti mig upp, \u00fe\u00e1 rakst\u00fa mig \u00e1 fl\u00f3tta sem lj\u00f3n; aftur og aftur s\u00fdnir \u00fe\u00fa \u00e1 m\u00e9r ofbeldi.<a name=\"17\"><span class=\"versanumer\">17<\/span><\/a>\u00de\u00fa framlei\u00f0ir n\u00fd vitni \u00e1 m\u00f3ti m\u00e9r, og her\u00f0ir \u00e1 \u00feinni rei\u00f0i vi\u00f0 mig. H\u00e9r eftir herfylkir \u00fe\u00fa \u00e1 m\u00f3ti m\u00e9r.<a name=\"18\"><span class=\"versanumer\">18<\/span><\/a>Hv\u00ed \u00fatleiddir \u00fe\u00fa mig af m\u00f3\u00f0url\u00edfi? \u00e6! a\u00f0 eg hef\u00f0i uppgefi\u00f0 andann, og a\u00f0 ekkert auga hef\u00f0i s\u00e9\u00f0 mig.<a name=\"19\"><span class=\"versanumer\">19<\/span><\/a>Eg mundi \u00fe\u00e1 vera sem eg hef\u00f0i aldrei veri\u00f0 til, fr\u00e1 m\u00f3\u00f0url\u00edfi fluttur til grafarinnar.<a name=\"20\"><span class=\"versanumer\">20<\/span><\/a>Mundu ei m\u00ednir f\u00e1u dagar snart vera \u00e1 enda? slepptu m\u00e9r, a\u00f0 eg geti l\u00edti\u00f0 eitt endurn\u00e6rt mig;<a name=\"21\"><span class=\"versanumer\">21<\/span><\/a>fyrr en eg fer burt <span class='VideyAth'>(og kem ei aftur)<\/span> \u00ed myrkursins og dau\u00f0ans skugga land.<a name=\"22\"><span class=\"versanumer\">22<\/span><\/a>Land dimmt sem myrkur dau\u00f0ans skugga, hvar engin or\u00f0a er, \u00fea\u00f0 sem geisar eins og myrkur.<\/p>\n<div class=\"footnoteVidey\">V. 4. a. Ekki betur en menn sj\u00e1.  V. 13. b. Sem eg n\u00fa reyni.<\/div>\n","protected":false},"excerpt":{"rendered":"<p>Jobs harmakl\u00f6gun. 1Minni s\u00e1l lei\u00f0ist l\u00edfi\u00f0, \u00fev\u00ed vil eg l\u00e1ta lausa m\u00edna harmakl\u00f6gun, eg vil tala um raunir minnar s\u00e1lar.2Eg segi vi\u00f0 Gu\u00f0: \u00e1l\u00edttu mig \u00f3gu\u00f0legan! l\u00e1ttu mig vita hvar um \u00fe\u00fa \u00fer\u00e1ttar vi\u00f0 mig.3S\u00fdnist \u00fe\u00e9r \u00fea\u00f0 gott a\u00f0 \u00fe\u00fa mis\u00feyrmir og \u00fatsk\u00fafar verki \u00feinna handa, og ert hli\u00f0hollur vi\u00f0 r\u00e1\u00f0 hinna \u00f3gu\u00f0legu?4\u00c6tla \u00fe\u00fa hafir holdleg augu? s\u00e9r \u00fe\u00fa eins og ma\u00f0urinn s\u00e9r a)?5Eru \u00fe\u00ednir dagar eins og mannsins dagar? eru, eins og mannsins dagar, \u00fe\u00edn \u00e1r?6a\u00f0 \u00fe\u00fa spyr eftir m\u00ednum misgj\u00f6r\u00f0um og leitar a\u00f0 m\u00ednum syndum,7\u00fe\u00f3 \u00fe\u00fa vitir a\u00f0 eg hefi ekki breytt \u00f3gu\u00f0lega, og a\u00f0 \u00fear er enginn <a href=\"https:\/\/biblian.is\/videy\/jobsbok-10-kafli\/\"> [&#8230;]<\/a><\/p>\n","protected":false},"author":1,"featured_media":0,"parent":0,"menu_order":0,"comment_status":"open","ping_status":"open","template":"bibliukaflar.php","meta":{"footnotes":""},"class_list":["post-21295","page","type-page","status-publish","hentry"],"_links":{"self":[{"href":"https:\/\/biblian.is\/videy\/wp-json\/wp\/v2\/pages\/21295","targetHints":{"allow":["GET"]}}],"collection":[{"href":"https:\/\/biblian.is\/videy\/wp-json\/wp\/v2\/pages"}],"about":[{"href":"https:\/\/biblian.is\/videy\/wp-json\/wp\/v2\/types\/page"}],"author":[{"embeddable":true,"href":"https:\/\/biblian.is\/videy\/wp-json\/wp\/v2\/users\/1"}],"replies":[{"embeddable":true,"href":"https:\/\/biblian.is\/videy\/wp-json\/wp\/v2\/comments?post=21295"}],"version-history":[{"count":0,"href":"https:\/\/biblian.is\/videy\/wp-json\/wp\/v2\/pages\/21295\/revisions"}],"wp:attachment":[{"href":"https:\/\/biblian.is\/videy\/wp-json\/wp\/v2\/media?parent=21295"}],"curies":[{"name":"wp","href":"https:\/\/api.w.org\/{rel}","templated":true}]}}