{"id":21294,"date":"2018-01-02T01:01:17","date_gmt":"2018-01-02T01:01:17","guid":{"rendered":"http:\/\/biblian.is\/videy\/jobsbok-9-kafli\/"},"modified":"2018-01-02T01:01:17","modified_gmt":"2018-01-02T01:01:17","slug":"jobsbok-9-kafli","status":"publish","type":"page","link":"https:\/\/biblian.is\/videy\/jobsbok-9-kafli\/","title":{"rendered":"Jobsb\u00f3k 9. kafli"},"content":{"rendered":"<div class=\"fyrirsognVidey\">Jobs svar.<\/div>\n<p><a name=\"1\"><span class=\"versanumer\">1<\/span><\/a>En Job svara\u00f0i og sag\u00f0i:<a name=\"2\"><span class=\"versanumer\">2<\/span><\/a>sannarlega veit eg a\u00f0 \u00fea\u00f0 er svo, og hv\u00f6rnig mundi ma\u00f0urinn vera r\u00e9ttl\u00e1tur fyrir Gu\u00f0i?<a name=\"3\"><span class=\"versanumer\">3<\/span><\/a>\u00de\u00f3knist honum a\u00f0 ganga \u00ed r\u00e9tt vi\u00f0 hann, getur ma\u00f0urinn ekki svara\u00f0 einu <span class='VideyAth'>(or\u00f0i)<\/span> til \u00fe\u00fasund.<a name=\"4\"><span class=\"versanumer\">4<\/span><\/a>Hann er vitur \u00ed hjarta og m\u00e1ttugur \u00ed krafti;<a name=\"5\"><span class=\"versanumer\">5<\/span><\/a>hv\u00f6r \u00ferj\u00f3ska\u00f0ist vi\u00f0 hann og haf\u00f0i fri\u00f0? vi\u00f0 hann sem flytur fj\u00f6llin, svo \u00feau vita ekki af, sem umveltir \u00feeim \u00ed sinni rei\u00f0i.<a name=\"6\"><span class=\"versanumer\">6<\/span><\/a>Hann, sem \u00feokar j\u00f6r\u00f0unni \u00far sta\u00f0, svo hennar sto\u00f0ir bifast,<a name=\"7\"><span class=\"versanumer\">7<\/span><\/a>hann b\u00fd\u00f0ur s\u00f3linni a\u00f0 h\u00fan renni ei upp, og innsiglar stj\u00f6rnurnar <span class='VideyAth'>(l\u00e6tur \u00fe\u00e6r ei sj\u00e1st)<\/span>;<a name=\"8\"><span class=\"versanumer\">8<\/span><\/a>hann einn \u00fatbrei\u00f0ir himininn og gengur \u00e1 hafsins \u00f6ldum;<a name=\"9\"><span class=\"versanumer\">9<\/span><\/a>hann skapa\u00f0i Vagnstirni\u00f0, Freyjurokk, <span class='VideyAth'>(Orion)<\/span> Sj\u00f6stirni\u00f0, og su\u00f0ursins leynih\u00fas,<a name=\"10\"><span class=\"versanumer\">10<\/span><\/a>hann gj\u00f6rir mikla hluti sem eru \u00f3rannsakanlegir og d\u00e1semdarverk, \u00f3teljandi.<a name=\"11\"><span class=\"versanumer\">11<\/span><\/a>Sj\u00e1! hann gengur framhj\u00e1 m\u00e9r, og eg s\u00e9 hann ekki, hann fer \u00e1fram gagnvart m\u00e9r, og eg ver\u00f0 ei var vi\u00f0 hann.<a name=\"12\"><span class=\"versanumer\">12<\/span><\/a>Sj\u00e1! vilji hann taka eitthva\u00f0, hv\u00f6r bannar honum \u00fea\u00f0? Hv\u00f6r mun segja vi\u00f0 hann: hva\u00f0 gj\u00f6rir \u00fe\u00fa?<a name=\"13\"><span class=\"versanumer\">13<\/span><\/a>Gu\u00f0 kallar ei aftur s\u00edna rei\u00f0i, honum ver\u00f0a stallbr\u00e6\u00f0ur hins drambl\u00e1ta a\u00f0 l\u00fata.<a name=\"14\"><span class=\"versanumer\">14<\/span><\/a>Hv\u00f6rnig mundi eg \u00fe\u00e1 geta svara\u00f0 honum? hv\u00f6rnig vali\u00f0 m\u00edn or\u00f0 m\u00f3ti honum?<a name=\"15\"><span class=\"versanumer\">15<\/span><\/a>\u00dev\u00ed \u00fe\u00f3 eg v\u00e6ri r\u00e9ttl\u00e1tur mundi eg ekki svara; heldur mundi eg bi\u00f0ja minn d\u00f3mara um n\u00e1\u00f0.<a name=\"16\"><span class=\"versanumer\">16<\/span><\/a>\u00de\u00f3 eg hr\u00f3pa\u00f0i og hann svara\u00f0i m\u00e9r, mundi eg samt ekki tr\u00faa, a\u00f0 hann sneri s\u00ednum eyrum til minnar raustar.<a name=\"17\"><span class=\"versanumer\">17<\/span><\/a>\u00dev\u00ed hann sundurmer mig me\u00f0 stormi, og margfaldar m\u00edn s\u00e1r \u00e1n orsaka.<a name=\"18\"><span class=\"versanumer\">18<\/span><\/a>Hann leyfir m\u00e9r ekki a\u00f0 draga andann, heldur mettar mig me\u00f0 beiskju.<a name=\"19\"><span class=\"versanumer\">19<\/span><\/a>S\u00e9 um kraft hins sterka spurt, sj\u00e1! h\u00e9r er eg <span class='VideyAth'>(segir hann)<\/span>, e\u00f0a um r\u00e9tt, hv\u00f6r mun stefna m\u00e9r? <span class='VideyAth'>(segir Drottinn)<\/span>.<a name=\"20\"><span class=\"versanumer\">20<\/span><\/a>\u00de\u00f3 eg hef\u00f0i r\u00e9tt, minn munnur mundi ford\u00e6ma mig, \u00fe\u00f3 eg v\u00e6ri algj\u00f6r, mundi hann fella mig.<a name=\"21\"><span class=\"versanumer\">21<\/span><\/a>R\u00e1\u00f0vandur er eg; mundi eg ei \u00feekkja sj\u00e1lfan mig? eg forsm\u00e1i mitt l\u00edf.<a name=\"22\"><span class=\"versanumer\">22<\/span><\/a>\u00deetta eina segi eg \u00fev\u00ed: hann afm\u00e1ir \u00feann r\u00e1\u00f0vanda me\u00f0 \u00feeim \u00f3gu\u00f0lega.<a name=\"23\"><span class=\"versanumer\">23<\/span><\/a>Sl\u00e1i svipan sn\u00f6gglega, \u00fe\u00e1 mun hann hl\u00e6ja a\u00f0 reynslu hinna saklausu.<a name=\"24\"><span class=\"versanumer\">24<\/span><\/a>J\u00f6r\u00f0in er gefin \u00ed vald hinum <span class='VideyAth'>(vondu)<\/span> \u00f3gu\u00f0legu, hann byrgir aftur augu hennar d\u00f3menda. S\u00e9 \u00fea\u00f0 ei hann, hv\u00f6r er \u00fea\u00f0 \u00fe\u00e1?<a name=\"25\"><span class=\"versanumer\">25<\/span><\/a>M\u00ednir dagar li\u00f0u li\u00f0legar \u00e1fram en hlaupari <span class='VideyAth'>(hleypur)<\/span>, \u00feeir hlupu burt \u00e1n \u00feess a\u00f0 sj\u00e1 hi\u00f0 g\u00f3\u00f0a,<a name=\"26\"><span class=\"versanumer\">26<\/span><\/a>\u00feeir eru farnir \u00e1 flj\u00f3tum skipum, eins og \u00f6rnin sem fl\u00fdgur eftir \u00e6ti;<a name=\"27\"><span class=\"versanumer\">27<\/span><\/a>\u00feegar eg segi: eg vil gleyma minni kv\u00f6rtun; eg vil afleggja minn sorgarsvip og endurn\u00e6ra mig.<a name=\"28\"><span class=\"versanumer\">28<\/span><\/a>\u00de\u00e1 m\u00e1 eg hr\u00e6\u00f0ast alla m\u00edna  \u00fej\u00e1ningu, \u00fev\u00ed eg veit a\u00f0 \u00fe\u00fa munt ekki d\u00e6ma mig saklausan.<a name=\"29\"><span class=\"versanumer\">29<\/span><\/a>L\u00e1t mig \u00fe\u00e1 vera sekan, hv\u00ed vil eg gj\u00f6ra m\u00e9r \u00f3mak til einkis?<a name=\"30\"><span class=\"versanumer\">30<\/span><\/a>\u00de\u00f3 a\u00f0 eg lauga\u00f0i mig \u00ed snj\u00f3vatni, og hreinsa\u00f0i m\u00ednar hendur me\u00f0 s\u00e1pu,<a name=\"31\"><span class=\"versanumer\">31<\/span><\/a>d\u00fdfir \u00fe\u00fa m\u00e9r ni\u00f0ur \u00ed for\u00e6\u00f0i\u00f0, svo a\u00f0 m\u00edn f\u00f6t ver\u00f0a m\u00e9r a\u00f0 vi\u00f0urstygg\u00f0;<a name=\"32\"><span class=\"versanumer\">32<\/span><\/a>\u00fev\u00ed hann er ekki ma\u00f0ur, eins og eg, a\u00f0 eg geti svara\u00f0 honum, a\u00f0 vi\u00f0 getum gengi\u00f0 saman fram fyrir r\u00e9ttinn.<a name=\"33\"><span class=\"versanumer\">33<\/span><\/a>\u00dear er enginn sem geti skori\u00f0 \u00far \u00fer\u00e6tum milli okkar, sem geti lagt h\u00f6nd \u00e1 oss b\u00e1\u00f0a.<a name=\"34\"><span class=\"versanumer\">34<\/span><\/a>Hann taki sinn v\u00f6nd fr\u00e1 m\u00e9r og hans skelfing \u00e1reiti mig ekki,<a name=\"35\"><span class=\"versanumer\">35<\/span><\/a>\u00fe\u00e1 vil eg tala og ekki skelfast fyrir honum. \u00dev\u00ed \u00fea\u00f0 er ekki svo, eins og \u00fe\u00e9r hugsi\u00f0, \u00fea\u00f0 veit eg me\u00f0 sj\u00e1lfum m\u00e9r.<\/p>\n<div class=\"footnoteVidey\"><\/div>\n","protected":false},"excerpt":{"rendered":"<p>Jobs svar. 1En Job svara\u00f0i og sag\u00f0i:2sannarlega veit eg a\u00f0 \u00fea\u00f0 er svo, og hv\u00f6rnig mundi ma\u00f0urinn vera r\u00e9ttl\u00e1tur fyrir Gu\u00f0i?3\u00de\u00f3knist honum a\u00f0 ganga \u00ed r\u00e9tt vi\u00f0 hann, getur ma\u00f0urinn ekki svara\u00f0 einu (or\u00f0i) til \u00fe\u00fasund.4Hann er vitur \u00ed hjarta og m\u00e1ttugur \u00ed krafti;5hv\u00f6r \u00ferj\u00f3ska\u00f0ist vi\u00f0 hann og haf\u00f0i fri\u00f0? vi\u00f0 hann sem flytur fj\u00f6llin, svo \u00feau vita ekki af, sem umveltir \u00feeim \u00ed sinni rei\u00f0i.6Hann, sem \u00feokar j\u00f6r\u00f0unni \u00far sta\u00f0, svo hennar sto\u00f0ir bifast,7hann b\u00fd\u00f0ur s\u00f3linni a\u00f0 h\u00fan renni ei upp, og innsiglar stj\u00f6rnurnar (l\u00e6tur \u00fe\u00e6r ei sj\u00e1st);8hann einn \u00fatbrei\u00f0ir himininn og gengur \u00e1 hafsins \u00f6ldum;9hann skapa\u00f0i Vagnstirni\u00f0, Freyjurokk, <a href=\"https:\/\/biblian.is\/videy\/jobsbok-9-kafli\/\"> [&#8230;]<\/a><\/p>\n","protected":false},"author":1,"featured_media":0,"parent":0,"menu_order":0,"comment_status":"open","ping_status":"open","template":"bibliukaflar.php","meta":{"footnotes":""},"class_list":["post-21294","page","type-page","status-publish","hentry"],"_links":{"self":[{"href":"https:\/\/biblian.is\/videy\/wp-json\/wp\/v2\/pages\/21294","targetHints":{"allow":["GET"]}}],"collection":[{"href":"https:\/\/biblian.is\/videy\/wp-json\/wp\/v2\/pages"}],"about":[{"href":"https:\/\/biblian.is\/videy\/wp-json\/wp\/v2\/types\/page"}],"author":[{"embeddable":true,"href":"https:\/\/biblian.is\/videy\/wp-json\/wp\/v2\/users\/1"}],"replies":[{"embeddable":true,"href":"https:\/\/biblian.is\/videy\/wp-json\/wp\/v2\/comments?post=21294"}],"version-history":[{"count":0,"href":"https:\/\/biblian.is\/videy\/wp-json\/wp\/v2\/pages\/21294\/revisions"}],"wp:attachment":[{"href":"https:\/\/biblian.is\/videy\/wp-json\/wp\/v2\/media?parent=21294"}],"curies":[{"name":"wp","href":"https:\/\/api.w.org\/{rel}","templated":true}]}}