{"id":21293,"date":"2018-01-02T01:01:17","date_gmt":"2018-01-02T01:01:17","guid":{"rendered":"http:\/\/biblian.is\/videy\/jobsbok-8-kafli\/"},"modified":"2018-01-02T01:01:17","modified_gmt":"2018-01-02T01:01:17","slug":"jobsbok-8-kafli","status":"publish","type":"page","link":"https:\/\/biblian.is\/videy\/jobsbok-8-kafli\/","title":{"rendered":"Jobsb\u00f3k 8. kafli"},"content":{"rendered":"<div class=\"fyrirsognVidey\">Tala Bildads.<\/div>\n<p><a name=\"1\"><span class=\"versanumer\">1<\/span><\/a>\u00de\u00e1 svara\u00f0i Bildad fr\u00e1 Sua og sag\u00f0i:<a name=\"2\"><span class=\"versanumer\">2<\/span><\/a>\u00e6tlar \u00fe\u00fa lengi a\u00f0 tala svona? og hv\u00f6rsu lengi skal tal \u00fe\u00edns munns \u00e1fram fara sem megnt stormvi\u00f0ri?<a name=\"3\"><span class=\"versanumer\">3<\/span><\/a>\u00c6tla a\u00f0 Gu\u00f0 haggi r\u00e9ttinum? mun s\u00e1 alm\u00e1ttugi raska r\u00e9ttv\u00edsinni?<a name=\"4\"><span class=\"versanumer\">4<\/span><\/a>Hafi \u00fe\u00ednir synir syndga\u00f0 m\u00f3ti honum, \u00fe\u00e1 hefir hann \u00fatsk\u00fafa\u00f0 \u00feeim fyrir \u00feeirra yfirtro\u00f0slur.<a name=\"5\"><span class=\"versanumer\">5<\/span><\/a>En \u00feegar \u00fe\u00fa <span class='VideyAth'>(\u00ed t\u00edma)<\/span> leitar Gu\u00f0s, og bi\u00f0ur \u00feann alm\u00e1ttuga um n\u00e1\u00f0,<a name=\"6\"><span class=\"versanumer\">6<\/span><\/a>og \u00feegar \u00fe\u00fa ert hreinn og einl\u00e6gur, \u00fe\u00e1 mun hann sn\u00faa s\u00e9r til \u00fe\u00edn, og gj\u00f6ra lukkulegan \u00feinn r\u00e9ttl\u00e1ta b\u00fasta\u00f0.<a name=\"7\"><span class=\"versanumer\">7<\/span><\/a>Og \u00fea\u00f0 sem \u00fe\u00fa \u00e1ttir \u00e1\u00f0ur mun s\u00fdnast l\u00edti\u00f0, og seinni t\u00edminn skal veita \u00fe\u00e9r n\u00e6sta miki\u00f0.<a name=\"8\"><span class=\"versanumer\">8<\/span><\/a>Spyr \u00fe\u00f3, k\u00e6ri! \u00fe\u00e1 fyrri kynsl\u00f3\u00f0, og undirb\u00fa \u00feig til a\u00f0 taka eftir \u00fev\u00ed sem forfe\u00f0urnir hafa \u00fatgrunda\u00f0.<a name=\"9\"><span class=\"versanumer\">9<\/span><\/a><span class='VideyAth'>(\u00dev\u00ed v\u00e9r ur\u00f0um til \u00ed g\u00e6r og vitum ekkert, skuggi eru vorir dagar \u00e1 j\u00f6r\u00f0unni)<\/span>.<a name=\"10\"><span class=\"versanumer\">10<\/span><\/a>\u00deeir munu kenna \u00fe\u00e9r og segja \u00fe\u00e9r \u00fea\u00f0 <span class='VideyAth'>(og \u00feeirra tal kemur fr\u00e1 hjartanu)<\/span>.<a name=\"11\"><span class=\"versanumer\">11<\/span><\/a>Getur papp\u00edrsjurtin vaxi\u00f0 \u00e1n v\u00e6tu? e\u00f0a sefi\u00f0 \u00e1n vatns?<a name=\"12\"><span class=\"versanumer\">12<\/span><\/a>Me\u00f0an \u00fea\u00f0 enn n\u00fa er \u00ed gr\u00f3\u00f0ri, og \u00fe\u00f3 \u00fev\u00ed s\u00e9 ekki upprykkt, mun \u00fea\u00f0 upp\u00feorna fyrr en allt gras,<a name=\"13\"><span class=\"versanumer\">13<\/span><\/a>svo eru vegir allra \u00feeirra sem gleyma Gu\u00f0i og von hr\u00e6snarans mun tapast.<a name=\"14\"><span class=\"versanumer\">14<\/span><\/a>\u00dev\u00ed hans athvarf ver\u00f0ur burtteki\u00f0 og sem k\u00f3ngul\u00f3arvefur er hans traust;<a name=\"15\"><span class=\"versanumer\">15<\/span><\/a>hann rei\u00f0ir sig \u00e1 sitt h\u00fas, en \u00fea\u00f0 stendur ekki, hann heldur s\u00e9r til \u00feess, en \u00fea\u00f0 stendur ekki fast.<a name=\"16\"><span class=\"versanumer\">16<\/span><\/a>Hann gr\u00e6nkar \u00e1 m\u00f3ti s\u00f3linni, og \u00fatbrei\u00f0ir s\u00ednar greinir yfir allan gar\u00f0inn;<a name=\"17\"><span class=\"versanumer\">17<\/span><\/a>hans r\u00e6tur fl\u00e6kjast um sorphauga, og lenda \u00ed gr\u00fdttum jar\u00f0veg.<a name=\"18\"><span class=\"versanumer\">18<\/span><\/a>\u00deegar honum \u00fe\u00e1 ver\u00f0ur upprykkt fr\u00e1 s\u00ednum sta\u00f0, \u00fe\u00e1 mun s\u00e1 sta\u00f0ur afneita honum og segja: eg s\u00e1 \u00feig ekki.<a name=\"19\"><span class=\"versanumer\">19<\/span><\/a>Sj\u00e1! \u00feetta er gle\u00f0i hans vega! og a\u00f0rir munu \u00fear uppvaxa af j\u00f6r\u00f0unni.<a name=\"20\"><span class=\"versanumer\">20<\/span><\/a>Sj\u00e1! Gu\u00f0 \u00fatsk\u00fafar ekki \u00feeim r\u00e1\u00f0vanda og tekur ekki \u00ed h\u00f6nd \u00feeirra vondu;<a name=\"21\"><span class=\"versanumer\">21<\/span><\/a>en hann mun fylla \u00feinn munn me\u00f0 hl\u00e1tri, og \u00fe\u00ednar varir me\u00f0 fagna\u00f0arhr\u00f3pi.<a name=\"22\"><span class=\"versanumer\">22<\/span><\/a>\u00de\u00ednir \u00f3vinir skulu \u00feekjast me\u00f0 sk\u00f6mm, og tjaldb\u00fa\u00f0 hinna \u00f3gu\u00f0legu skal ekki framar finnast.<\/p>\n<div class=\"footnoteVidey\"><\/div>\n","protected":false},"excerpt":{"rendered":"<p>Tala Bildads. 1\u00de\u00e1 svara\u00f0i Bildad fr\u00e1 Sua og sag\u00f0i:2\u00e6tlar \u00fe\u00fa lengi a\u00f0 tala svona? og hv\u00f6rsu lengi skal tal \u00fe\u00edns munns \u00e1fram fara sem megnt stormvi\u00f0ri?3\u00c6tla a\u00f0 Gu\u00f0 haggi r\u00e9ttinum? mun s\u00e1 alm\u00e1ttugi raska r\u00e9ttv\u00edsinni?4Hafi \u00fe\u00ednir synir syndga\u00f0 m\u00f3ti honum, \u00fe\u00e1 hefir hann \u00fatsk\u00fafa\u00f0 \u00feeim fyrir \u00feeirra yfirtro\u00f0slur.5En \u00feegar \u00fe\u00fa (\u00ed t\u00edma) leitar Gu\u00f0s, og bi\u00f0ur \u00feann alm\u00e1ttuga um n\u00e1\u00f0,6og \u00feegar \u00fe\u00fa ert hreinn og einl\u00e6gur, \u00fe\u00e1 mun hann sn\u00faa s\u00e9r til \u00fe\u00edn, og gj\u00f6ra lukkulegan \u00feinn r\u00e9ttl\u00e1ta b\u00fasta\u00f0.7Og \u00fea\u00f0 sem \u00fe\u00fa \u00e1ttir \u00e1\u00f0ur mun s\u00fdnast l\u00edti\u00f0, og seinni t\u00edminn skal veita \u00fe\u00e9r n\u00e6sta miki\u00f0.8Spyr \u00fe\u00f3, k\u00e6ri! \u00fe\u00e1 fyrri kynsl\u00f3\u00f0, <a href=\"https:\/\/biblian.is\/videy\/jobsbok-8-kafli\/\"> [&#8230;]<\/a><\/p>\n","protected":false},"author":1,"featured_media":0,"parent":0,"menu_order":0,"comment_status":"open","ping_status":"open","template":"bibliukaflar.php","meta":{"footnotes":""},"class_list":["post-21293","page","type-page","status-publish","hentry"],"_links":{"self":[{"href":"https:\/\/biblian.is\/videy\/wp-json\/wp\/v2\/pages\/21293","targetHints":{"allow":["GET"]}}],"collection":[{"href":"https:\/\/biblian.is\/videy\/wp-json\/wp\/v2\/pages"}],"about":[{"href":"https:\/\/biblian.is\/videy\/wp-json\/wp\/v2\/types\/page"}],"author":[{"embeddable":true,"href":"https:\/\/biblian.is\/videy\/wp-json\/wp\/v2\/users\/1"}],"replies":[{"embeddable":true,"href":"https:\/\/biblian.is\/videy\/wp-json\/wp\/v2\/comments?post=21293"}],"version-history":[{"count":0,"href":"https:\/\/biblian.is\/videy\/wp-json\/wp\/v2\/pages\/21293\/revisions"}],"wp:attachment":[{"href":"https:\/\/biblian.is\/videy\/wp-json\/wp\/v2\/media?parent=21293"}],"curies":[{"name":"wp","href":"https:\/\/api.w.org\/{rel}","templated":true}]}}