{"id":21291,"date":"2018-01-02T01:01:17","date_gmt":"2018-01-02T01:01:17","guid":{"rendered":"http:\/\/biblian.is\/videy\/jobsbok-6-kafli\/"},"modified":"2018-01-02T01:01:17","modified_gmt":"2018-01-02T01:01:17","slug":"jobsbok-6-kafli","status":"publish","type":"page","link":"https:\/\/biblian.is\/videy\/jobsbok-6-kafli\/","title":{"rendered":"Jobsb\u00f3k 6. kafli"},"content":{"rendered":"<div class=\"fyrirsognVidey\">Job svarar.<\/div>\n<p><a name=\"1\"><span class=\"versanumer\">1<\/span><\/a>En Job svara\u00f0i og sag\u00f0i: \u00f3! a\u00f0 m\u00edn sorg v\u00e6ri vegin,<a name=\"2\"><span class=\"versanumer\">2<\/span><\/a>og m\u00edn \u00f3lukka l\u00edka l\u00f6g\u00f0 \u00e1 metask\u00e1lina!<a name=\"3\"><span class=\"versanumer\">3<\/span><\/a>H\u00fan mundi reynast \u00feyngri en hafsins sandur; \u00fev\u00ed voru m\u00edn or\u00f0 svo sv\u00e6sin,<a name=\"4\"><span class=\"versanumer\">4<\/span><\/a>af \u00fev\u00ed a\u00f0 skeyti hins Alm\u00e1ttuga hafa hitt mig; mitt hjarta drekkur \u00feeirra eitur; Gu\u00f0s skelfingar hertygjast \u00e1 m\u00f3ti m\u00e9r.<a name=\"5\"><span class=\"versanumer\">5<\/span><\/a>Mun sk\u00f3garins asninn rymja upp yfir grasinu, e\u00f0a uxinn gaula upp yfir s\u00ednu f\u00f3\u00f0ri?<a name=\"6\"><span class=\"versanumer\">6<\/span><\/a>Ver\u00f0ur \u00fea\u00f0 brag\u00f0lausa eti\u00f0 \u00e1n salts? e\u00f0a er nokkur smekkur \u00feess hv\u00edta \u00ed egginu.<a name=\"7\"><span class=\"versanumer\">7<\/span><\/a>\u00dea\u00f0 sem m\u00edn s\u00e1l veigra\u00f0i s\u00e9r vi\u00f0 a\u00f0 snerta, \u00fea\u00f0 er m\u00e9r bo\u00f0i\u00f0 sem lei\u00f0 f\u00e6\u00f0a.<a name=\"8\"><span class=\"versanumer\">8<\/span><\/a>\u00d3! a\u00f0 \u00fea\u00f0 m\u00e6tti ske sem eg girnist! og Gu\u00f0 vildi veita m\u00e9r m\u00edna l\u00f6ngun.<a name=\"9\"><span class=\"versanumer\">9<\/span><\/a>\u00d3! a\u00f0 Gu\u00f0 vildi sundurmerja mig, \u00fatr\u00e9tta s\u00edna h\u00f6nd og afsn\u00ed\u00f0a mig.<a name=\"10\"><span class=\"versanumer\">10<\/span><\/a>\u00dea\u00f0 v\u00e6ri \u00fe\u00f3 m\u00edn huggun, og \u00fear af skyldi eg gle\u00f0jast \u00ed minni v\u00e6g\u00f0arlausu kv\u00f6l, a\u00f0 eg hefi samt ekki \u00f3hl\u00fd\u00f0nast or\u00f0um hins heilaga.<a name=\"11\"><span class=\"versanumer\">11<\/span><\/a>Hv\u00f6r er minn m\u00e1ttur a\u00f0 eg skyldi vona, og hv\u00f6r m\u00edn kj\u00f6r, a\u00f0 eg skyldi hafa langlundarge\u00f0?<a name=\"12\"><span class=\"versanumer\">12<\/span><\/a>Er \u00fe\u00e1 minn kraftur steinsins kraftur? er mitt hold af eiri?<a name=\"13\"><span class=\"versanumer\">13<\/span><\/a>Sj\u00e1! fyrir mig er engin hj\u00e1lp eftir! og fr\u00e1 m\u00e9r er burtrekin \u00f6ll li\u00f0semd.<a name=\"14\"><span class=\"versanumer\">14<\/span><\/a>S\u00e1 aumi \u00e1 me\u00f0aumkun a\u00f0 s\u00ednum vin, annars yfirgefur Gu\u00f0s \u00f3ttinn hann.<a name=\"15\"><span class=\"versanumer\">15<\/span><\/a>M\u00ednir br\u00e6\u00f0ur hafa brug\u00f0ist m\u00e9r eins og l\u00e6kur <span class='VideyAth'>(\u00e1 sumri)<\/span>, sem \u00feornar \u00feegar mest \u00e1 liggur, \u00feeir fara fram eins og fjallrennsli,<a name=\"16\"><span class=\"versanumer\">16<\/span><\/a>sem eru sv\u00f6rt af klaka, hvar vi\u00f0 mikill snj\u00f3r hefur blandast.<a name=\"17\"><span class=\"versanumer\">17<\/span><\/a>Undir eins og leysingin er \u00fati hverfa \u00feau, \u00feegar hitnar <span class='VideyAth'>(\u00ed ve\u00f0rinu)<\/span> afm\u00e1st \u00feau af s\u00ednum sta\u00f0.<a name=\"18\"><span class=\"versanumer\">18<\/span><\/a>Lestirnar beygja af lei\u00f0 til \u00feeirra; \u00fe\u00e6r fara inn \u00ed \u00f6r\u00e6fin <span class='VideyAth'>(til einkis)<\/span> og tort\u00ednast.<a name=\"19\"><span class=\"versanumer\">19<\/span><\/a>A\u00f0 \u00feeim svipast lestirnar fr\u00e1 Tema, \u00feeir sem fer\u00f0ast fr\u00e1 Sabeu treysta \u00e1 \u00feau.<a name=\"20\"><span class=\"versanumer\">20<\/span><\/a>\u00deeir sneypast af \u00fev\u00ed a\u00f0 \u00feeir reiddu sig \u00e1 \u00feau, \u00feeir koma a\u00f0 \u00feeim og skammast s\u00edn.<a name=\"21\"><span class=\"versanumer\">21<\/span><\/a>Svolei\u00f0is eru \u00fe\u00e9r n\u00fa  m\u00e9r sem ekkert; \u00fe\u00e9r sj\u00e1i\u00f0 m\u00edna eymd og hr\u00e6\u00f0ist.<a name=\"22\"><span class=\"versanumer\">22<\/span><\/a>Hefi eg sagt: f\u00e6ri\u00f0 hinga\u00f0! e\u00f0a gefi\u00f0 nokku\u00f0 af y\u00f0ar eigum fyrir m\u00edna skuld?<a name=\"23\"><span class=\"versanumer\">23<\/span><\/a>Frelsi\u00f0 mig af hendi \u00f3vinarins, og losi\u00f0 mig \u00far hendi t\u00fdrannans.<br \/><a name=\"24\"><span class=\"versanumer\">24<\/span><\/a>Kenni\u00f0 m\u00e9r! eg skal \u00feegja, og segi\u00f0 m\u00e9r \u00ed hv\u00f6rju m\u00e9r hefir \u00e1 or\u00f0i\u00f0.<a name=\"25\"><span class=\"versanumer\">25<\/span><\/a>Hv\u00f6rsu styrkjandi er tal hins einl\u00e6ga? en hva\u00f0 munu y\u00f0ar \u00e1t\u00f6lur sto\u00f0a?<a name=\"26\"><span class=\"versanumer\">26<\/span><\/a>A\u00f0 finna a\u00f0 or\u00f0um, er y\u00f0ar s\u00fdslan, tal hins sorgbitna fer \u00fat \u00ed ve\u00f0ur og vind.<a name=\"27\"><span class=\"versanumer\">27<\/span><\/a>Sannarlega yfirfalli\u00f0 \u00fe\u00e9r hinn f\u00f6\u00f0urlausa, og grafi\u00f0 gr\u00f6f y\u00f0ar stallbr\u00f3\u00f0ur,<a name=\"28\"><span class=\"versanumer\">28<\/span><\/a>sko\u00f0i\u00f0 mig a\u00f0eins, og \u00fe\u00e9r munu\u00f0 strax sj\u00e1, hv\u00f6rt eg l\u00fdg.<a name=\"29\"><span class=\"versanumer\">29<\/span><\/a>Hverfi\u00f0 til baka, k\u00e6ru! veri\u00f0 a\u00f0eins ekki rangl\u00e1tir! Hverfi\u00f0 til baka, en n\u00fa mun mitt m\u00e1lefni reynast r\u00e9tt.<a name=\"30\"><span class=\"versanumer\">30<\/span><\/a>\u00c6tla rangl\u00e6ti s\u00e9 \u00e1 minni tungu? nei! \u00e6tla minn g\u00f3mur \u00feekki ekki \u00fea\u00f0 sem biturt er!<\/p>\n<div class=\"footnoteVidey\"><\/div>\n","protected":false},"excerpt":{"rendered":"<p>Job svarar. 1En Job svara\u00f0i og sag\u00f0i: \u00f3! a\u00f0 m\u00edn sorg v\u00e6ri vegin,2og m\u00edn \u00f3lukka l\u00edka l\u00f6g\u00f0 \u00e1 metask\u00e1lina!3H\u00fan mundi reynast \u00feyngri en hafsins sandur; \u00fev\u00ed voru m\u00edn or\u00f0 svo sv\u00e6sin,4af \u00fev\u00ed a\u00f0 skeyti hins Alm\u00e1ttuga hafa hitt mig; mitt hjarta drekkur \u00feeirra eitur; Gu\u00f0s skelfingar hertygjast \u00e1 m\u00f3ti m\u00e9r.5Mun sk\u00f3garins asninn rymja upp yfir grasinu, e\u00f0a uxinn gaula upp yfir s\u00ednu f\u00f3\u00f0ri?6Ver\u00f0ur \u00fea\u00f0 brag\u00f0lausa eti\u00f0 \u00e1n salts? e\u00f0a er nokkur smekkur \u00feess hv\u00edta \u00ed egginu.7\u00dea\u00f0 sem m\u00edn s\u00e1l veigra\u00f0i s\u00e9r vi\u00f0 a\u00f0 snerta, \u00fea\u00f0 er m\u00e9r bo\u00f0i\u00f0 sem lei\u00f0 f\u00e6\u00f0a.8\u00d3! a\u00f0 \u00fea\u00f0 m\u00e6tti ske sem eg girnist! og Gu\u00f0 <a href=\"https:\/\/biblian.is\/videy\/jobsbok-6-kafli\/\"> [&#8230;]<\/a><\/p>\n","protected":false},"author":1,"featured_media":0,"parent":0,"menu_order":0,"comment_status":"open","ping_status":"open","template":"bibliukaflar.php","meta":{"footnotes":""},"class_list":["post-21291","page","type-page","status-publish","hentry"],"_links":{"self":[{"href":"https:\/\/biblian.is\/videy\/wp-json\/wp\/v2\/pages\/21291","targetHints":{"allow":["GET"]}}],"collection":[{"href":"https:\/\/biblian.is\/videy\/wp-json\/wp\/v2\/pages"}],"about":[{"href":"https:\/\/biblian.is\/videy\/wp-json\/wp\/v2\/types\/page"}],"author":[{"embeddable":true,"href":"https:\/\/biblian.is\/videy\/wp-json\/wp\/v2\/users\/1"}],"replies":[{"embeddable":true,"href":"https:\/\/biblian.is\/videy\/wp-json\/wp\/v2\/comments?post=21291"}],"version-history":[{"count":0,"href":"https:\/\/biblian.is\/videy\/wp-json\/wp\/v2\/pages\/21291\/revisions"}],"wp:attachment":[{"href":"https:\/\/biblian.is\/videy\/wp-json\/wp\/v2\/media?parent=21291"}],"curies":[{"name":"wp","href":"https:\/\/api.w.org\/{rel}","templated":true}]}}