{"id":21290,"date":"2018-01-02T01:01:17","date_gmt":"2018-01-02T01:01:17","guid":{"rendered":"http:\/\/biblian.is\/videy\/jobsbok-5-kafli\/"},"modified":"2018-01-02T01:01:17","modified_gmt":"2018-01-02T01:01:17","slug":"jobsbok-5-kafli","status":"publish","type":"page","link":"https:\/\/biblian.is\/videy\/jobsbok-5-kafli\/","title":{"rendered":"Jobsb\u00f3k 5. kafli"},"content":{"rendered":"<div class=\"fyrirsognVidey\">Sama efni.<\/div>\n<p><a name=\"1\"><span class=\"versanumer\">1<\/span><\/a>Kalla \u00fe\u00fa, \u00e6tla nokkur svari \u00fe\u00e9r? og til hv\u00f6rs af \u00feeim heil\u00f6gu viltu leita?<a name=\"2\"><span class=\"versanumer\">2<\/span><\/a>Sannarlega drepur rei\u00f0in heimskingjann, og \u00f6fundin \u00feann f\u00e1v\u00edsa.<a name=\"3\"><span class=\"versanumer\">3<\/span><\/a>Eg s\u00e1 heimskingjann f\u00e1 dj\u00fapar r\u00e6tur, og eg form\u00e6lti hans h\u00fasi skyndilega;<a name=\"4\"><span class=\"versanumer\">4<\/span><\/a>langt fr\u00e1 bjargr\u00e6\u00f0i voru hans b\u00f6rn, \u00feau voru sundurtro\u00f0in fyrir r\u00e9tti, og enginn bjarga\u00f0i \u00feeim.<a name=\"5\"><span class=\"versanumer\">5<\/span><\/a>Hinn hungra\u00f0i upp\u00e1t hans uppskeru, j\u00e1, allt a\u00f0 \u00feyrnunum svipti hann henni burt. \u00deeir \u00feyrstu uppsvelgdu hans eigur,<a name=\"6\"><span class=\"versanumer\">6<\/span><\/a>\u00fev\u00ed rangl\u00e6ti\u00f0 vex ekki upp \u00far moldinni, og eymdin sprettur ekki upp af j\u00f6r\u00f0unni.<a name=\"7\"><span class=\"versanumer\">7<\/span><\/a>En ma\u00f0urinn f\u00e6\u00f0ist til eymdanna, eins og fuglsins ungar til a\u00f0 flj\u00faga upp \u00ed loftinu.<a name=\"8\"><span class=\"versanumer\">8<\/span><\/a>Eg mundi leita Gu\u00f0s, og \u00e1 Gu\u00f0s d\u00f3m leggja mitt m\u00e1lefni,<a name=\"9\"><span class=\"versanumer\">9<\/span><\/a>hans, sem gj\u00f6rir mikla hluti, er ei ver\u00f0a rannsaka\u00f0ir, d\u00e1semdarverk, sem ei ver\u00f0ur t\u00f6lu \u00e1 komi\u00f0,<a name=\"10\"><span class=\"versanumer\">10<\/span><\/a>hans, sem gefur regn \u00e1 j\u00f6r\u00f0u, og sendir vatn yfir vellina;<a name=\"11\"><span class=\"versanumer\">11<\/span><\/a>sem setur \u00fe\u00e1 l\u00e1gu h\u00e1tt og gle\u00f0ur af \u00feeim sem ganga \u00ed sorgarb\u00faningi.<a name=\"12\"><span class=\"versanumer\">12<\/span><\/a>Til hans sem gj\u00f6rir a\u00f0 engu r\u00e1\u00f0abrugg hinna sl\u00e6gu, svo a\u00f0 \u00feeirra h\u00f6ndur geta ei framkv\u00e6mt \u00fe\u00e1 sni\u00f0ugu hugsan,<a name=\"13\"><span class=\"versanumer\">13<\/span><\/a>sem fangar \u00fe\u00e1 sni\u00f0ugu \u00ed \u00feeirra sl\u00e6g\u00f0, svo a\u00f0 r\u00e1\u00f0 hinna k\u00e6nu kollsteypast.<a name=\"14\"><span class=\"versanumer\">14<\/span><\/a>\u00c1 daginn reka \u00feeir sig \u00e1 myrkri\u00f0 og \u00fereifa fyrir s\u00e9r, eins og \u00e1 n\u00f3ttu, um mi\u00f0jan dag.<a name=\"15\"><span class=\"versanumer\">15<\/span><\/a>Og hann frelsar \u00feann f\u00e1t\u00e6ka fr\u00e1 sver\u00f0i, fr\u00e1 gini \u00feeirra og fr\u00e1 hendi \u00feeirra sterku.<a name=\"16\"><span class=\"versanumer\">16<\/span><\/a>\u00deannig er von fyrir hinn au\u00f0vir\u00f0ilega, og rangl\u00e6ti\u00f0 m\u00e1 halda s\u00ednum munni. <br \/><a name=\"17\"><span class=\"versanumer\">17<\/span><\/a>Sj\u00e1! s\u00e6ll er s\u00e1 ma\u00f0ur sem Gu\u00f0 hirtir, met ei l\u00edtils hirtingu hins Alm\u00e1ttuga.<a name=\"18\"><span class=\"versanumer\">18<\/span><\/a>\u00dev\u00ed hann l\u00e6tur manninn kenna til, en bindur um; hann s\u00e6rir, en hans h\u00f6nd l\u00e6knar <span class='VideyAth'>(l\u00edka)<\/span>.<a name=\"19\"><span class=\"versanumer\">19<\/span><\/a>Hann mun frelsa \u00feig \u00far sex h\u00e6ttum, og \u00ed \u00feeirri sj\u00f6undu skal \u00f3lukkan ekki n\u00e1 til \u00fe\u00edn.<a name=\"20\"><span class=\"versanumer\">20<\/span><\/a>\u00cd d\u00fdrt\u00ed\u00f0inni mun hann frelsa \u00feig fr\u00e1 dau\u00f0anum, og \u00ed str\u00ed\u00f0inu fr\u00e1 sver\u00f0sins h\u00f6nd <span class='VideyAth'>(ofbeldi)<\/span>.<a name=\"21\"><span class=\"versanumer\">21<\/span><\/a>Fyrir tungunnar svipu skaltu vera falinn, og ekki \u00f3ttast ey\u00f0ileggingu, \u00fe\u00e1 h\u00fan kemur.<a name=\"22\"><span class=\"versanumer\">22<\/span><\/a>\u00de\u00fa skalt geta hlegi\u00f0 a\u00f0 ey\u00f0ileggingu og hungri, og ekki hr\u00e6\u00f0ast villud\u00fdrin \u00ed landinu.<a name=\"23\"><span class=\"versanumer\">23<\/span><\/a>\u00dev\u00ed vi\u00f0 steina akursins muntu hafa s\u00e1ttm\u00e1la, og sk\u00f3garins villud\u00fdr munu hafa fri\u00f0 vi\u00f0 \u00feig;<a name=\"24\"><span class=\"versanumer\">24<\/span><\/a>\u00fe\u00fa skalt reyna a\u00f0 fri\u00f0ur er \u00ed \u00fe\u00ednum tjaldb\u00fa\u00f0um; \u00fe\u00fa munt koma til \u00fe\u00edns b\u00fasta\u00f0ar, og \u00fe\u00edn von ekki breg\u00f0ast.<a name=\"25\"><span class=\"versanumer\">25<\/span><\/a>\u00de\u00fa munt reyna a\u00f0 \u00feitt s\u00e1\u00f0 margfaldast, og ni\u00f0jar \u00fe\u00ednir sem gras \u00e1 j\u00f6r\u00f0u?<a name=\"26\"><span class=\"versanumer\">26<\/span><\/a>Sem \u00f6ldungur munt \u00fe\u00fa ni\u00f0urst\u00edga \u00ed gr\u00f6fina, eins og kornbindini\u00f0 er \u00e1 s\u00ednum t\u00edma l\u00e1ti\u00f0 \u00ed hl\u00f6\u00f0una.<a name=\"27\"><span class=\"versanumer\">27<\/span><\/a>Sj\u00e1! \u00feetta h\u00f6fum v\u00e9r \u00fatgrunda\u00f0, svona er \u00fea\u00f0; heyr \u00fe\u00fa \u00fea\u00f0, og set \u00fea\u00f0 vel \u00e1 \u00feig.<\/p>\n<div class=\"footnoteVidey\"><\/div>\n","protected":false},"excerpt":{"rendered":"<p>Sama efni. 1Kalla \u00fe\u00fa, \u00e6tla nokkur svari \u00fe\u00e9r? og til hv\u00f6rs af \u00feeim heil\u00f6gu viltu leita?2Sannarlega drepur rei\u00f0in heimskingjann, og \u00f6fundin \u00feann f\u00e1v\u00edsa.3Eg s\u00e1 heimskingjann f\u00e1 dj\u00fapar r\u00e6tur, og eg form\u00e6lti hans h\u00fasi skyndilega;4langt fr\u00e1 bjargr\u00e6\u00f0i voru hans b\u00f6rn, \u00feau voru sundurtro\u00f0in fyrir r\u00e9tti, og enginn bjarga\u00f0i \u00feeim.5Hinn hungra\u00f0i upp\u00e1t hans uppskeru, j\u00e1, allt a\u00f0 \u00feyrnunum svipti hann henni burt. \u00deeir \u00feyrstu uppsvelgdu hans eigur,6\u00fev\u00ed rangl\u00e6ti\u00f0 vex ekki upp \u00far moldinni, og eymdin sprettur ekki upp af j\u00f6r\u00f0unni.7En ma\u00f0urinn f\u00e6\u00f0ist til eymdanna, eins og fuglsins ungar til a\u00f0 flj\u00faga upp \u00ed loftinu.8Eg mundi leita Gu\u00f0s, og \u00e1 Gu\u00f0s d\u00f3m leggja <a href=\"https:\/\/biblian.is\/videy\/jobsbok-5-kafli\/\"> [&#8230;]<\/a><\/p>\n","protected":false},"author":1,"featured_media":0,"parent":0,"menu_order":0,"comment_status":"open","ping_status":"open","template":"bibliukaflar.php","meta":{"footnotes":""},"class_list":["post-21290","page","type-page","status-publish","hentry"],"_links":{"self":[{"href":"https:\/\/biblian.is\/videy\/wp-json\/wp\/v2\/pages\/21290","targetHints":{"allow":["GET"]}}],"collection":[{"href":"https:\/\/biblian.is\/videy\/wp-json\/wp\/v2\/pages"}],"about":[{"href":"https:\/\/biblian.is\/videy\/wp-json\/wp\/v2\/types\/page"}],"author":[{"embeddable":true,"href":"https:\/\/biblian.is\/videy\/wp-json\/wp\/v2\/users\/1"}],"replies":[{"embeddable":true,"href":"https:\/\/biblian.is\/videy\/wp-json\/wp\/v2\/comments?post=21290"}],"version-history":[{"count":0,"href":"https:\/\/biblian.is\/videy\/wp-json\/wp\/v2\/pages\/21290\/revisions"}],"wp:attachment":[{"href":"https:\/\/biblian.is\/videy\/wp-json\/wp\/v2\/media?parent=21290"}],"curies":[{"name":"wp","href":"https:\/\/api.w.org\/{rel}","templated":true}]}}