{"id":21289,"date":"2018-01-02T01:01:11","date_gmt":"2018-01-02T01:01:11","guid":{"rendered":"http:\/\/biblian.is\/videy\/jobsbok-4-kafli\/"},"modified":"2018-01-02T01:01:11","modified_gmt":"2018-01-02T01:01:11","slug":"jobsbok-4-kafli","status":"publish","type":"page","link":"https:\/\/biblian.is\/videy\/jobsbok-4-kafli\/","title":{"rendered":"Jobsb\u00f3k 4. kafli"},"content":{"rendered":"<div class=\"fyrirsognVidey\">El\u00edfas talar.<\/div>\n<p><a name=\"1\"><span class=\"versanumer\">1<\/span><\/a>\u00de\u00e1 svara\u00f0i El\u00edfas fr\u00e1 Teman og sag\u00f0i:<a name=\"2\"><span class=\"versanumer\">2<\/span><\/a>m\u00e1 tala or\u00f0 vi\u00f0 \u00feig? er \u00fe\u00e9r \u00fea\u00f0 til ama? og hv\u00f6r getur \u00fe\u00f3 haldi\u00f0 s\u00e9r fr\u00e1 a\u00f0 tala?<a name=\"3\"><span class=\"versanumer\">3<\/span><\/a>Sj\u00e1! \u00fe\u00fa hefir upp\u00f6rva\u00f0 marga, og \u00fereyttar hendur hefir \u00fe\u00fa styrkt.<a name=\"4\"><span class=\"versanumer\">4<\/span><\/a>\u00deitt tal hefir reist \u00e1 f\u00e6tur \u00fe\u00e1 f\u00f6llnu, og \u00feeim skj\u00e1lfandi knj\u00e1m hefir \u00fe\u00fa gefi\u00f0 m\u00e1tt.<a name=\"5\"><span class=\"versanumer\">5<\/span><\/a>En n\u00fa \u00feegar r\u00f6\u00f0in kemur a\u00f0 \u00fe\u00e9r, \u00fe\u00e1 missir \u00fe\u00fa hug; \u00feegar \u00fea\u00f0 <span class='VideyAth'>(illa)<\/span> hittir \u00feig, \u00fe\u00e1 skelfist \u00fe\u00fa.<a name=\"6\"><span class=\"versanumer\">6<\/span><\/a>Er \u00feetta \u00fe\u00edn gu\u00f0hr\u00e6\u00f0sla, \u00feitt tr\u00fana\u00f0artraust, \u00feetta \u00fe\u00edn von, og \u00fe\u00edn r\u00e1\u00f0vendni?<a name=\"7\"><span class=\"versanumer\">7<\/span><\/a>Heyr\u00f0u k\u00e6ri! hugsa\u00f0u \u00feig um: hv\u00f6r saklaus hefir nokkurn t\u00edma tort\u00ednst? og hvar hafa hinir hreinskilnu veri\u00f0 afm\u00e1\u00f0ir?<a name=\"8\"><span class=\"versanumer\">8<\/span><\/a>eins og eg hefi s\u00e9\u00f0, a\u00f0 \u00feeir sem pl\u00e6g\u00f0u rangindi, og s\u00e1\u00f0u vol\u00e6\u00f0i, uppsk\u00e1ru einmitt hi\u00f0 sama;<a name=\"9\"><span class=\"versanumer\">9<\/span><\/a>fyrir Gu\u00f0s anda tort\u00edndust \u00feeir, og af anda hans nasa voru \u00feeir ey\u00f0ilag\u00f0ir.<a name=\"10\"><span class=\"versanumer\">10<\/span><\/a>Grenjan lj\u00f3nsins, og hins grimma lj\u00f3nsins, er ni\u00f0ur\u00fe\u00f6ggu\u00f0, og lj\u00f3nsunganna t\u00f6nnur ver\u00f0a sundurbrotnar.<a name=\"11\"><span class=\"versanumer\">11<\/span><\/a>Hi\u00f0 sterka lj\u00f3n drepst, af \u00fev\u00ed \u00fea\u00f0 vantar br\u00e1\u00f0, og ungar lj\u00f3nsinnunnar tv\u00edstrast.<a name=\"12\"><span class=\"versanumer\">12<\/span><\/a>Ennfremur\u2014eitt or\u00f0 er heimuglega til m\u00edn komi\u00f0, og mitt eyra hefir numi\u00f0 \u00fea\u00f0 l\u00e1ga hlj\u00f3\u00f0,<a name=\"13\"><span class=\"versanumer\">13<\/span><\/a>\u00feegar eg hugleiddi s\u00fdnina \u00e1 n\u00f3ttunni; um \u00fea\u00f0 leyti sem dj\u00fapur svefn kemur yfir menn,<a name=\"14\"><span class=\"versanumer\">14<\/span><\/a>\u00fe\u00e1 kom \u00f3tti og skelfing yfir mig og \u00f6ll m\u00edn bein n\u00f6tru\u00f0u,<a name=\"15\"><span class=\"versanumer\">15<\/span><\/a>og \u00fe\u00e1 andinn kom fyrir mitt auglit, reistu sig h\u00e1rin \u00e1 m\u00ednum l\u00edkama.<a name=\"16\"><span class=\"versanumer\">16<\/span><\/a>\u00dear st\u00f3\u00f0 hann, fyrir m\u00ednum augum\u2014eg \u00feekkti ekki myndina, hlj\u00f3tt var, og eg heyr\u00f0i raust, sem sag\u00f0i:<a name=\"17\"><span class=\"versanumer\">17<\/span><\/a>mundi ma\u00f0urinn vera r\u00e9ttl\u00e1tur fyrir Gu\u00f0i, ellegar nokkur hreinn fyrir Skaparanum?<a name=\"18\"><span class=\"versanumer\">18<\/span><\/a>Sj\u00e1! hann m\u00e1 ei \u00e6tla upp \u00e1 s\u00edna \u00fe\u00e9nara, brest finnur hann hj\u00e1 s\u00ednum englum <span class='VideyAth'>(sendibo\u00f0um)<\/span>.<a name=\"19\"><span class=\"versanumer\">19<\/span><\/a>Hv\u00f6rsu miklu framar hj\u00e1 \u00feeim sem b\u00faa \u00ed leirh\u00fasum, hv\u00f6rra grundv\u00f6llur a\u00f0 er ryk, \u00feeir ey\u00f0ast sem af m\u00f6l,<a name=\"20\"><span class=\"versanumer\">20<\/span><\/a>\u00e1 einum degi fr\u00e1 morgni til kv\u00f6lds sundurmolast \u00feeir, og fyrr en vi\u00f0 er liti\u00f0, tort\u00ednast \u00feeir gj\u00f6rsamlega.<a name=\"21\"><span class=\"versanumer\">21<\/span><\/a>Jafnvel \u00feeir ypparlegustu me\u00f0al \u00feeirra, \u00e6tla \u00feeir tort\u00ednist ekki? \u00feeir deyja, en ekki me\u00f0 v\u00edsd\u00f3mi.<\/p>\n<div class=\"footnoteVidey\"><\/div>\n","protected":false},"excerpt":{"rendered":"<p>El\u00edfas talar. 1\u00de\u00e1 svara\u00f0i El\u00edfas fr\u00e1 Teman og sag\u00f0i:2m\u00e1 tala or\u00f0 vi\u00f0 \u00feig? er \u00fe\u00e9r \u00fea\u00f0 til ama? og hv\u00f6r getur \u00fe\u00f3 haldi\u00f0 s\u00e9r fr\u00e1 a\u00f0 tala?3Sj\u00e1! \u00fe\u00fa hefir upp\u00f6rva\u00f0 marga, og \u00fereyttar hendur hefir \u00fe\u00fa styrkt.4\u00deitt tal hefir reist \u00e1 f\u00e6tur \u00fe\u00e1 f\u00f6llnu, og \u00feeim skj\u00e1lfandi knj\u00e1m hefir \u00fe\u00fa gefi\u00f0 m\u00e1tt.5En n\u00fa \u00feegar r\u00f6\u00f0in kemur a\u00f0 \u00fe\u00e9r, \u00fe\u00e1 missir \u00fe\u00fa hug; \u00feegar \u00fea\u00f0 (illa) hittir \u00feig, \u00fe\u00e1 skelfist \u00fe\u00fa.6Er \u00feetta \u00fe\u00edn gu\u00f0hr\u00e6\u00f0sla, \u00feitt tr\u00fana\u00f0artraust, \u00feetta \u00fe\u00edn von, og \u00fe\u00edn r\u00e1\u00f0vendni?7Heyr\u00f0u k\u00e6ri! hugsa\u00f0u \u00feig um: hv\u00f6r saklaus hefir nokkurn t\u00edma tort\u00ednst? og hvar hafa hinir hreinskilnu veri\u00f0 afm\u00e1\u00f0ir?8eins og eg <a href=\"https:\/\/biblian.is\/videy\/jobsbok-4-kafli\/\"> [&#8230;]<\/a><\/p>\n","protected":false},"author":1,"featured_media":0,"parent":0,"menu_order":0,"comment_status":"open","ping_status":"open","template":"bibliukaflar.php","meta":{"footnotes":""},"class_list":["post-21289","page","type-page","status-publish","hentry"],"_links":{"self":[{"href":"https:\/\/biblian.is\/videy\/wp-json\/wp\/v2\/pages\/21289","targetHints":{"allow":["GET"]}}],"collection":[{"href":"https:\/\/biblian.is\/videy\/wp-json\/wp\/v2\/pages"}],"about":[{"href":"https:\/\/biblian.is\/videy\/wp-json\/wp\/v2\/types\/page"}],"author":[{"embeddable":true,"href":"https:\/\/biblian.is\/videy\/wp-json\/wp\/v2\/users\/1"}],"replies":[{"embeddable":true,"href":"https:\/\/biblian.is\/videy\/wp-json\/wp\/v2\/comments?post=21289"}],"version-history":[{"count":0,"href":"https:\/\/biblian.is\/videy\/wp-json\/wp\/v2\/pages\/21289\/revisions"}],"wp:attachment":[{"href":"https:\/\/biblian.is\/videy\/wp-json\/wp\/v2\/media?parent=21289"}],"curies":[{"name":"wp","href":"https:\/\/api.w.org\/{rel}","templated":true}]}}