{"id":21288,"date":"2018-01-02T01:01:11","date_gmt":"2018-01-02T01:01:11","guid":{"rendered":"http:\/\/biblian.is\/videy\/jobsbok-3-kafli\/"},"modified":"2018-01-02T01:01:11","modified_gmt":"2018-01-02T01:01:11","slug":"jobsbok-3-kafli","status":"publish","type":"page","link":"https:\/\/biblian.is\/videy\/jobsbok-3-kafli\/","title":{"rendered":"Jobsb\u00f3k 3. kafli"},"content":{"rendered":"<div class=\"fyrirsognVidey\">Jobs harmakl\u00f6gun.<\/div>\n<p><a name=\"1\"><span class=\"versanumer\">1<\/span><\/a>Eftir \u00fea\u00f0 upplauk Job s\u00ednum munni, og b\u00f6lva\u00f0i s\u00ednum f\u00e6\u00f0ingardegi.<a name=\"2\"><span class=\"versanumer\">2<\/span><\/a>Og Job tala\u00f0i og sag\u00f0i:<a name=\"3\"><span class=\"versanumer\">3<\/span><\/a>fyrirfarist s\u00e1 dagur \u00e1 hv\u00f6rjum eg em f\u00e6ddur, og s\u00fa n\u00f3tt \u00e1 hv\u00f6rri sagt var: sveinbarn er geti\u00f0.<a name=\"4\"><span class=\"versanumer\">4<\/span><\/a>S\u00e1 dagur ver\u00f0i a\u00f0 myrkri, Gu\u00f0 gefi honum engan gaum ofan a\u00f0, ekki sk\u00edni nokku\u00f0 lj\u00f3s ni\u00f0ur \u00e1 hann!<a name=\"5\"><span class=\"versanumer\">5<\/span><\/a>dimma og dau\u00f0ans skuggi taki hann, \u00feykk sk\u00fd byrgi hann,<a name=\"6\"><span class=\"versanumer\">6<\/span><\/a>dagsins skelfing hr\u00e6\u00f0i hann, og n\u00f3ttina nefnil: \u00e1 hv\u00f6rri eg var getinn, myrkri\u00f0 taki hana! h\u00fan gle\u00f0ji sig ekki meir me\u00f0al \u00e1rsins daga, h\u00fan komi ekki framar \u00ed t\u00f6lu m\u00e1na\u00f0anna.<a name=\"7\"><span class=\"versanumer\">7<\/span><\/a>Sj\u00e1! s\u00fa n\u00f3tt s\u00e9 einmana <span class='VideyAth'>(\u00f3frj\u00f3vs\u00f6m)<\/span>! Ekkert fagna\u00f0arhr\u00f3p heyrist \u00e1 henni.<a name=\"8\"><span class=\"versanumer\">8<\/span><\/a>Dagsins s\u00e6ringarmenn form\u00e6li henni, \u00feeir sem kunna a\u00f0 vekja kr\u00f3k\u00f3d\u00edl <span class='VideyAth'>(Leviatan)<\/span>!<a name=\"9\"><span class=\"versanumer\">9<\/span><\/a>Stj\u00f6rnurnar formyrkvist \u00ed hennar r\u00f6kkri; h\u00fan v\u00e6nti lj\u00f3ss, en forgefins, og h\u00fan sj\u00e1i ekki morgunro\u00f0ans geisla!<a name=\"10\"><span class=\"versanumer\">10<\/span><\/a>af \u00fev\u00ed h\u00fan l\u00e6sti ei fyrir m\u00e9r dyrum m\u00f3\u00f0url\u00edfsins, og f\u00f3l ekki eymdina fyrir m\u00ednum augum.<a name=\"11\"><span class=\"versanumer\">11<\/span><\/a>Hv\u00ed d\u00f3 eg ekki \u00ed m\u00f3\u00f0urkvi\u00f0i? hv\u00ed uppgaf eg ekki andann strax sem eg var kominn af m\u00f3\u00f0url\u00edfi?<a name=\"12\"><span class=\"versanumer\">12<\/span><\/a>Hvar fyrir var eg kn\u00e9settur? hvar fyrir voru brj\u00f3st til rei\u00f0u sem eg gat sogi\u00f0?<a name=\"13\"><span class=\"versanumer\">13<\/span><\/a>\u00dev\u00ed annars l\u00e6gi eg n\u00fa og v\u00e6ri kyrr,<a name=\"14\"><span class=\"versanumer\">14<\/span><\/a>sv\u00e6fi og hef\u00f0i hv\u00edld, me\u00f0 k\u00f3ngunum og jar\u00f0arinnar stj\u00f3rnendum, sem byggja greftrunarborgir,<a name=\"15\"><span class=\"versanumer\">15<\/span><\/a>ellegar me\u00f0al h\u00f6f\u00f0ingja sem \u00e1ttu gull og fylltu s\u00edn h\u00fas me\u00f0 silfri,<a name=\"16\"><span class=\"versanumer\">16<\/span><\/a>e\u00f0a eg v\u00e6ri ei til, eins og falinn \u00f3t\u00edmab\u00e6r bur\u00f0ur, eins og \u00feau ungb\u00f6rn sem ekki hafa s\u00e9\u00f0 lj\u00f3si\u00f0.<a name=\"17\"><span class=\"versanumer\">17<\/span><\/a>\u00dear <span class='VideyAth'>(\u00ed gr\u00f6finni)<\/span> h\u00e6tta \u00feeir \u00f3gu\u00f0legu a\u00f0 geisa, og \u00fear hv\u00edlast \u00feeir \u00f6rmagna,<a name=\"18\"><span class=\"versanumer\">18<\/span><\/a>l\u00edka hafa bandingjarnir \u00fear r\u00f3, \u00feeir heyra ekki undir\u00ferykkjarans raust.<a name=\"19\"><span class=\"versanumer\">19<\/span><\/a>\u00dear eru sm\u00e1ir og st\u00f3rir, og \u00fer\u00e6llinn er fr\u00ed fyrir s\u00ednum herra.<a name=\"20\"><span class=\"versanumer\">20<\/span><\/a>Hvar fyrir gefur Gu\u00f0 lj\u00f3si\u00f0 \u00feeim ves\u00e6la? hvar fyrir l\u00edfi\u00f0 \u00feeim sorgbitnu?<a name=\"21\"><span class=\"versanumer\">21<\/span><\/a>\u00feeim sem b\u00ed\u00f0a eftir dau\u00f0anum, en til einkis, sem leita hans me\u00f0 meiri gr\u00e6\u00f0gi heldur en \u00feeir leita a\u00f0 huldu f\u00e9.<a name=\"22\"><span class=\"versanumer\">22<\/span><\/a>\u00deeim, sem mundu gle\u00f0jast og fagna ef \u00feeir fyndu gr\u00f6fina?<a name=\"23\"><span class=\"versanumer\">23<\/span><\/a>Hv\u00ed \u00feeim manni, sem engin \u00farr\u00e6\u00f0i hefir, sem Gu\u00f0 hefir inniloka\u00f0 svo hann kemst hv\u00f6rgi.<a name=\"24\"><span class=\"versanumer\">24<\/span><\/a>\u00dev\u00ed fyrr en eg smakka mitt brau\u00f0, koma m\u00edn andv\u00f6rp, og mitt kvein \u00fathellist sem vatn.<a name=\"25\"><span class=\"versanumer\">25<\/span><\/a>\u00dev\u00ed hv\u00f6r s\u00fa skelfing, sem eg \u00f3tta\u00f0ist, er yfir mig komin, og \u00fea\u00f0 sem m\u00e9r ofbau\u00f0, \u00fea\u00f0 hittir mig.<a name=\"26\"><span class=\"versanumer\">26<\/span><\/a>Aldrei er eg r\u00f3legur, aldrei kyrr, aldrei hv\u00edlist eg, \u00f3r\u00f3i er \u00e1vallt yfir m\u00e9r.<\/p>\n<div class=\"footnoteVidey\"><\/div>\n","protected":false},"excerpt":{"rendered":"<p>Jobs harmakl\u00f6gun. 1Eftir \u00fea\u00f0 upplauk Job s\u00ednum munni, og b\u00f6lva\u00f0i s\u00ednum f\u00e6\u00f0ingardegi.2Og Job tala\u00f0i og sag\u00f0i:3fyrirfarist s\u00e1 dagur \u00e1 hv\u00f6rjum eg em f\u00e6ddur, og s\u00fa n\u00f3tt \u00e1 hv\u00f6rri sagt var: sveinbarn er geti\u00f0.4S\u00e1 dagur ver\u00f0i a\u00f0 myrkri, Gu\u00f0 gefi honum engan gaum ofan a\u00f0, ekki sk\u00edni nokku\u00f0 lj\u00f3s ni\u00f0ur \u00e1 hann!5dimma og dau\u00f0ans skuggi taki hann, \u00feykk sk\u00fd byrgi hann,6dagsins skelfing hr\u00e6\u00f0i hann, og n\u00f3ttina nefnil: \u00e1 hv\u00f6rri eg var getinn, myrkri\u00f0 taki hana! h\u00fan gle\u00f0ji sig ekki meir me\u00f0al \u00e1rsins daga, h\u00fan komi ekki framar \u00ed t\u00f6lu m\u00e1na\u00f0anna.7Sj\u00e1! s\u00fa n\u00f3tt s\u00e9 einmana (\u00f3frj\u00f3vs\u00f6m)! Ekkert fagna\u00f0arhr\u00f3p heyrist \u00e1 henni.8Dagsins s\u00e6ringarmenn <a href=\"https:\/\/biblian.is\/videy\/jobsbok-3-kafli\/\"> [&#8230;]<\/a><\/p>\n","protected":false},"author":1,"featured_media":0,"parent":0,"menu_order":0,"comment_status":"open","ping_status":"open","template":"bibliukaflar.php","meta":{"footnotes":""},"class_list":["post-21288","page","type-page","status-publish","hentry"],"_links":{"self":[{"href":"https:\/\/biblian.is\/videy\/wp-json\/wp\/v2\/pages\/21288","targetHints":{"allow":["GET"]}}],"collection":[{"href":"https:\/\/biblian.is\/videy\/wp-json\/wp\/v2\/pages"}],"about":[{"href":"https:\/\/biblian.is\/videy\/wp-json\/wp\/v2\/types\/page"}],"author":[{"embeddable":true,"href":"https:\/\/biblian.is\/videy\/wp-json\/wp\/v2\/users\/1"}],"replies":[{"embeddable":true,"href":"https:\/\/biblian.is\/videy\/wp-json\/wp\/v2\/comments?post=21288"}],"version-history":[{"count":0,"href":"https:\/\/biblian.is\/videy\/wp-json\/wp\/v2\/pages\/21288\/revisions"}],"wp:attachment":[{"href":"https:\/\/biblian.is\/videy\/wp-json\/wp\/v2\/media?parent=21288"}],"curies":[{"name":"wp","href":"https:\/\/api.w.org\/{rel}","templated":true}]}}