{"id":21287,"date":"2018-01-02T01:01:11","date_gmt":"2018-01-02T01:01:11","guid":{"rendered":"http:\/\/biblian.is\/videy\/jobsbok-2-kafli\/"},"modified":"2018-01-02T01:01:11","modified_gmt":"2018-01-02T01:01:11","slug":"jobsbok-2-kafli","status":"publish","type":"page","link":"https:\/\/biblian.is\/videy\/jobsbok-2-kafli\/","title":{"rendered":"Jobsb\u00f3k 2. kafli"},"content":{"rendered":"<div class=\"fyrirsognVidey\">Jobs veiki og m\u00f3tl\u00e6ti.<\/div>\n<p><a name=\"1\"><span class=\"versanumer\">1<\/span><\/a>Og \u00fea\u00f0 bar til eitt sinn, \u00fe\u00e1 Gu\u00f0s b\u00f6rn gengu fram fyrir Drottin, a\u00f0 Satan kom og me\u00f0 \u00feeim, til a\u00f0 ganga fram fyrir Drottin.<a name=\"2\"><span class=\"versanumer\">2<\/span><\/a>\u00de\u00e1 spur\u00f0i Drottinn Satan: hva\u00f0an komstu? Satan svara\u00f0i Drottni og sag\u00f0i: eg hefi fari\u00f0 um alla j\u00f6r\u00f0ina og liti\u00f0 eftir.<a name=\"3\"><span class=\"versanumer\">3<\/span><\/a>Og Drottinn sag\u00f0i til Satans: hefir \u00fe\u00fa teki\u00f0 eftir m\u00ednum \u00fe\u00e9nara Job? hans l\u00edki er ekki \u00ed landinu, r\u00e1\u00f0vandur, hreinskilinn; hann \u00f3ttast Gu\u00f0 og for\u00f0ast hi\u00f0 illa, og enn \u00fe\u00e1 er hann sta\u00f0fastur \u00ed sinni gu\u00f0r\u00e6kni, \u00fe\u00f3 \u00fe\u00fa hafir egnt mig m\u00f3ti honum, til a\u00f0 gj\u00f6ra honum tj\u00f3n, \u00e1n saka.<a name=\"4\"><span class=\"versanumer\">4<\/span><\/a>Satan ansa\u00f0i Drottni og sag\u00f0i: h\u00fa\u00f0 fyrir h\u00fa\u00f0, allt hva\u00f0 ma\u00f0urinn \u00e1, \u00fea\u00f0 gefur hann fyrir sitt l\u00edf.<a name=\"5\"><span class=\"versanumer\">5<\/span><\/a>En r\u00e9ttu \u00fat \u00fe\u00edna h\u00f6nd, og <span class='VideyAth'>(snertu)<\/span> kom \u00fe\u00fa vi\u00f0 hans bein og hold, hva\u00f0 gildir \u00fea\u00f0? hann mun opinberlega segja skili\u00f0 vi\u00f0 \u00feig.<a name=\"6\"><span class=\"versanumer\">6<\/span><\/a>Drottinn sag\u00f0i til Satans: sj\u00e1 \u00fe\u00fa! hann s\u00e9 \u00ed \u00feinni hendi, en spara \u00fe\u00f3 hans l\u00edf.<a name=\"7\"><span class=\"versanumer\">7<\/span><\/a>\u00de\u00e1 f\u00f3r Satan burt fr\u00e1 augliti Drottins, og sl\u00f3 Job me\u00f0 illum k\u00fdlum fr\u00e1 iljum allt til hvirfils.<a name=\"8\"><span class=\"versanumer\">8<\/span><\/a>Og Job t\u00f3k sk\u00f6fu, og sk\u00f3f sig me\u00f0 henni, og settist \u00ed \u00f6sku.<a name=\"9\"><span class=\"versanumer\">9<\/span><\/a>Og hans h\u00fasfreyja sag\u00f0i til hans: ertu enn n\u00fa sta\u00f0fastur \u00ed \u00feinni gu\u00f0r\u00e6kni? seg\u00f0u n\u00fa skili\u00f0 vi\u00f0 Gu\u00f0, og far\u00f0u a\u00f0 deyja.<a name=\"10\"><span class=\"versanumer\">10<\/span><\/a>Og hann svara\u00f0i henni: \u00fe\u00fa talar sem f\u00e1v\u00edsar konur tala. Fyrst v\u00e9r h\u00f6fum me\u00f0teki\u00f0 af Gu\u00f0i hi\u00f0 g\u00f3\u00f0a, skulum v\u00e9r \u00fe\u00e1 ekki og me\u00f0taka hi\u00f0 vonda? \u00cd \u00f6llu \u00feessu syndga\u00f0i Job ekki me\u00f0 s\u00ednum v\u00f6rum. <br \/><a name=\"11\"><span class=\"versanumer\">11<\/span><\/a>Og \u00fer\u00edr vinir Jobs fr\u00e9ttu alla \u00fe\u00e1 \u00f3lukku sem yfir hann var kominn, og \u00feeir komu hv\u00f6r fr\u00e1 s\u00ednum sta\u00f0. El\u00edfas fr\u00e1 Teman, Bildad fr\u00e1 S\u00faah, og Sofar fr\u00e1 Naema, og \u00feeim kom saman um, a\u00f0 fara og s\u00fdna honum me\u00f0aumkun og hugga hann,<a name=\"12\"><span class=\"versanumer\">12<\/span><\/a>og \u00fe\u00e1 \u00feeir upplyftu s\u00ednum augum \u00e1lengdar, \u00feekktu \u00feeir hann ekki, og \u00feeir h\u00f3fu upp s\u00edna raust og gr\u00e9tu, og \u00feeir sundurrifu, hv\u00f6r sinn m\u00f6ttul, og jusu \u00ed lofti\u00f0 moldu yfir h\u00f6fu\u00f0 s\u00e9r.<a name=\"13\"><span class=\"versanumer\">13<\/span><\/a>Og \u00feeir s\u00e1tu me\u00f0 honum \u00e1 j\u00f6r\u00f0u \u00ed sj\u00f6 daga og sj\u00f6 n\u00e6tur og enginn tala\u00f0i vi\u00f0 hann eitt or\u00f0, \u00fev\u00ed \u00feeir s\u00e1u a\u00f0 hans p\u00edna var harla mikil.<\/p>\n<div class=\"footnoteVidey\"><\/div>\n","protected":false},"excerpt":{"rendered":"<p>Jobs veiki og m\u00f3tl\u00e6ti. 1Og \u00fea\u00f0 bar til eitt sinn, \u00fe\u00e1 Gu\u00f0s b\u00f6rn gengu fram fyrir Drottin, a\u00f0 Satan kom og me\u00f0 \u00feeim, til a\u00f0 ganga fram fyrir Drottin.2\u00de\u00e1 spur\u00f0i Drottinn Satan: hva\u00f0an komstu? Satan svara\u00f0i Drottni og sag\u00f0i: eg hefi fari\u00f0 um alla j\u00f6r\u00f0ina og liti\u00f0 eftir.3Og Drottinn sag\u00f0i til Satans: hefir \u00fe\u00fa teki\u00f0 eftir m\u00ednum \u00fe\u00e9nara Job? hans l\u00edki er ekki \u00ed landinu, r\u00e1\u00f0vandur, hreinskilinn; hann \u00f3ttast Gu\u00f0 og for\u00f0ast hi\u00f0 illa, og enn \u00fe\u00e1 er hann sta\u00f0fastur \u00ed sinni gu\u00f0r\u00e6kni, \u00fe\u00f3 \u00fe\u00fa hafir egnt mig m\u00f3ti honum, til a\u00f0 gj\u00f6ra honum tj\u00f3n, \u00e1n saka.4Satan ansa\u00f0i Drottni og <a href=\"https:\/\/biblian.is\/videy\/jobsbok-2-kafli\/\"> [&#8230;]<\/a><\/p>\n","protected":false},"author":1,"featured_media":0,"parent":0,"menu_order":0,"comment_status":"open","ping_status":"open","template":"bibliukaflar.php","meta":{"footnotes":""},"class_list":["post-21287","page","type-page","status-publish","hentry"],"_links":{"self":[{"href":"https:\/\/biblian.is\/videy\/wp-json\/wp\/v2\/pages\/21287","targetHints":{"allow":["GET"]}}],"collection":[{"href":"https:\/\/biblian.is\/videy\/wp-json\/wp\/v2\/pages"}],"about":[{"href":"https:\/\/biblian.is\/videy\/wp-json\/wp\/v2\/types\/page"}],"author":[{"embeddable":true,"href":"https:\/\/biblian.is\/videy\/wp-json\/wp\/v2\/users\/1"}],"replies":[{"embeddable":true,"href":"https:\/\/biblian.is\/videy\/wp-json\/wp\/v2\/comments?post=21287"}],"version-history":[{"count":0,"href":"https:\/\/biblian.is\/videy\/wp-json\/wp\/v2\/pages\/21287\/revisions"}],"wp:attachment":[{"href":"https:\/\/biblian.is\/videy\/wp-json\/wp\/v2\/media?parent=21287"}],"curies":[{"name":"wp","href":"https:\/\/api.w.org\/{rel}","templated":true}]}}