{"id":21286,"date":"2018-01-02T01:01:11","date_gmt":"2018-01-02T01:01:11","guid":{"rendered":"http:\/\/biblian.is\/videy\/jobsbok-1-kafli\/"},"modified":"2018-01-02T01:01:11","modified_gmt":"2018-01-02T01:01:11","slug":"jobsbok-1-kafli","status":"publish","type":"page","link":"https:\/\/biblian.is\/videy\/jobsbok-1-kafli\/","title":{"rendered":"Jobsb\u00f3k 1. kafli"},"content":{"rendered":"<div class=\"fyrirsognVidey\">Job er l\u00fdst.<\/div>\n<p><a name=\"1\"><span class=\"versanumer\">1<\/span><\/a>Ma\u00f0ur nokkur var \u00ed landinu Us <span class='VideyAth'>a)<\/span>. Hann h\u00e9t Job, hann var ma\u00f0ur r\u00e1\u00f0vandur og hreinskilinn, \u00f3tta\u00f0ist Gu\u00f0 og for\u00f0a\u00f0ist illt.<a name=\"2\"><span class=\"versanumer\">2<\/span><\/a>Hann \u00e1tti sj\u00f6 sonu og \u00ferj\u00e1r d\u00e6tur,<a name=\"3\"><span class=\"versanumer\">3<\/span><\/a>og hans f\u00e9na\u00f0ur var sj\u00f6 \u00fe\u00fasund sau\u00f0a, \u00ferj\u00fa \u00fe\u00fasund \u00falfalda, og fimm hundru\u00f0 p\u00f6r nauta, og fimm hundru\u00f0 \u00f6snur, og mj\u00f6g m\u00f6rg hj\u00fa. S\u00e1 sami ma\u00f0ur var hinn r\u00edkasti \u00e1 me\u00f0al allra austursins sona.<a name=\"4\"><span class=\"versanumer\">4<\/span><\/a>En synir hans voru vanir \u00fev\u00ed a\u00f0 hafa heimbo\u00f0 hv\u00f6r \u00ed s\u00ednu h\u00fasi, \u00e1 s\u00ednum afm\u00e6lisdegi, \u00feeir bu\u00f0u \u00fe\u00e1 s\u00ednum \u00feremur systrum a\u00f0 eta og drekka me\u00f0 s\u00e9r.<a name=\"5\"><span class=\"versanumer\">5<\/span><\/a>En \u00fe\u00e1 \u00feessir veisludagar voru li\u00f0nir, var \u00fea\u00f0 si\u00f0ur Jobs, a\u00f0 hann sendi, og helga\u00f0i \u00feau, \u00fe. e. b\u00f6rnin, f\u00f3r snemma \u00e1 f\u00e6tur, og offra\u00f0i eins m\u00f6rgum brennif\u00f3rnum og b\u00f6rnin voru m\u00f6rg; \u00fev\u00ed Job hugsa\u00f0i: ske m\u00e1 a\u00f0 b\u00f6rn m\u00edn hafi syndga\u00f0 og gleymt Gu\u00f0i. \u00deetta gj\u00f6r\u00f0i Job \u00e1vallt.<a name=\"6\"><span class=\"versanumer\">6<\/span><\/a>En \u00fea\u00f0 bar til einn dag, \u00fe\u00e1 Gu\u00f0s b\u00f6rn gengu fram fyrir Drottin, a\u00f0 <span class='VideyAth'>(m\u00f3tpartur)<\/span> Satan kom og me\u00f0 \u00feeim.<a name=\"7\"><span class=\"versanumer\">7<\/span><\/a>Og Drottinn innti til vi\u00f0 Satan og spur\u00f0i: hva\u00f0an komstu? en Satan svara\u00f0i og sag\u00f0i: eg hefi fari\u00f0 og liti\u00f0 eftir \u00f6llu \u00e1 j\u00f6r\u00f0unni.<a name=\"8\"><span class=\"versanumer\">8<\/span><\/a>\u00de\u00e1 sag\u00f0i Drottinn vi\u00f0 Satan: t\u00f3kstu eftir m\u00ednum \u00fe\u00e9nara Job. \u00dear er enginn sem hann \u00e1 j\u00f6r\u00f0unni, r\u00e1\u00f0vandur og hreinskilinn, sem \u00f3ttast Gu\u00f0 og for\u00f0ast hi\u00f0 illa.<a name=\"9\"><span class=\"versanumer\">9<\/span><\/a>Satan ansa\u00f0i Drottni og sag\u00f0i: \u00e6tla Job \u00f3ttist Gu\u00f0 fyrir ekkert?<a name=\"10\"><span class=\"versanumer\">10<\/span><\/a>Hefir \u00fe\u00fa ekki var\u00f0veitt hann og hans h\u00fas \u00e1 allar hli\u00f0ar, og allt hva\u00f0 hann \u00e1? Hans handaverk hefir \u00fe\u00fa blessa\u00f0 og hans f\u00e9na\u00f0ur fyllir landi\u00f0.<a name=\"11\"><span class=\"versanumer\">11<\/span><\/a>En r\u00e9ttu n\u00fa \u00fat \u00fe\u00edna h\u00f6nd, og kom vi\u00f0 allt sem hann \u00e1; hva\u00f0 um gildir; hann mun opinberlega segja skili\u00f0 vi\u00f0 \u00feig.<a name=\"12\"><span class=\"versanumer\">12<\/span><\/a>Og Drottinn sag\u00f0i til Satans: sj\u00e1! allt hva\u00f0 hann \u00e1, \u00fea\u00f0 s\u00e9 \u00fe\u00e9r \u00ed hendi, legg \u00fe\u00fa a\u00f0eins ekki h\u00f6nd \u00e1 hann! \u00fear eftir gekk Satan \u00fat fr\u00e1 Drottins augs\u00fdn.<a name=\"13\"><span class=\"versanumer\">13<\/span><\/a>Og \u00fea\u00f0 ske\u00f0i \u00feann dag, sem synir og d\u00e6tur Jobs \u00e1tu og drukku v\u00edn \u00ed h\u00fasi s\u00edns frumgetna br\u00f3\u00f0urs,<a name=\"14\"><span class=\"versanumer\">14<\/span><\/a>a\u00f0 fregn kom til Jobs sem sag\u00f0i: nautin dr\u00f3gu pl\u00f3g, og \u00f6snurnar voru \u00e1 beit \u00ed haganum \u00fear hj\u00e1,<a name=\"15\"><span class=\"versanumer\">15<\/span><\/a>\u00fe\u00e1 gj\u00f6r\u00f0u \u00feeir Sabear \u00e1r\u00e1s, og r\u00e6ndu \u00feeim, og \u00feeir dr\u00e1pu sveinana me\u00f0 beittum sver\u00f0um, en eg komst einn undan til a\u00f0 f\u00e6ra \u00fe\u00e9r \u00feessar fr\u00e9ttir.<a name=\"16\"><span class=\"versanumer\">16<\/span><\/a>Me\u00f0an \u00feessi enn n\u00fa var a\u00f0 tala, kom annar og sag\u00f0i: Gu\u00f0s eldur <span class='VideyAth'>(elding)<\/span> kom ni\u00f0ur af himni og kveikti \u00ed f\u00e9nu og sveinunum og fort\u00e6r\u00f0i \u00feeim, en eg komst einn undan til a\u00f0 segja \u00fe\u00e9r \u00feetta.<a name=\"17\"><span class=\"versanumer\">17<\/span><\/a>\u00deessi var ei h\u00e6ttur a\u00f0 segja fr\u00e1, \u00feegar einn kom enn og sag\u00f0i: Kaldeumenn komu \u00ed \u00feremur flokkum, yfirf\u00e9llu \u00falfaldana og r\u00e6ndu \u00feeim, og dr\u00e1pu sveinana me\u00f0 beittum sver\u00f0um. Eg einn slapp til a\u00f0 kunngj\u00f6ra \u00fe\u00e9r \u00feetta.<a name=\"18\"><span class=\"versanumer\">18<\/span><\/a>Me\u00f0an \u00feessi enn n\u00fa tala\u00f0i, kom enn einn og sag\u00f0i: \u00fe\u00ednir synir og d\u00e6tur \u00e1tu og drukku v\u00edn \u00ed h\u00fasi s\u00edns frumgetna br\u00f3\u00f0urs.<a name=\"19\"><span class=\"versanumer\">19<\/span><\/a>Og sj\u00e1! \u00fear kom mikill stormur fr\u00e1 ey\u00f0im\u00f6rkinni, og lenti \u00e1 h\u00fassins fj\u00f3rum hornum, svo \u00fea\u00f0 datt ofan \u00e1 \u00fe\u00edn b\u00f6rn og \u00feau d\u00f3u, eg aleinn komst burt til a\u00f0 segja \u00fe\u00e9r \u00feetta.<a name=\"20\"><span class=\"versanumer\">20<\/span><\/a>\u00de\u00e1 st\u00f3\u00f0 Job upp og sundurreif s\u00edn kl\u00e6\u00f0i, og klippti af s\u00e9r h\u00e1ri\u00f0, fleyg\u00f0i s\u00e9r ni\u00f0ur \u00e1 j\u00f6r\u00f0ina og ba\u00f0 og sag\u00f0i:<a name=\"21\"><span class=\"versanumer\">21<\/span><\/a>nakinn kom eg af m\u00f3\u00f0url\u00edfi, nakinn mun eg aftur h\u00e9\u00f0an fara. Drottinn gaf, Drottinn t\u00f3k, lofa\u00f0 veri Drottins nafn!<a name=\"22\"><span class=\"versanumer\">22<\/span><\/a>\u00cd \u00f6llu \u00feessu syndga\u00f0i Job ekki, og ekki \u00e1taldi hann Gu\u00f0 f\u00e1v\u00edslega.<\/p>\n<div class=\"footnoteVidey\">V. 1. a. 1 Msb. 22,21.<\/div>\n","protected":false},"excerpt":{"rendered":"<p>Job er l\u00fdst. 1Ma\u00f0ur nokkur var \u00ed landinu Us a). Hann h\u00e9t Job, hann var ma\u00f0ur r\u00e1\u00f0vandur og hreinskilinn, \u00f3tta\u00f0ist Gu\u00f0 og for\u00f0a\u00f0ist illt.2Hann \u00e1tti sj\u00f6 sonu og \u00ferj\u00e1r d\u00e6tur,3og hans f\u00e9na\u00f0ur var sj\u00f6 \u00fe\u00fasund sau\u00f0a, \u00ferj\u00fa \u00fe\u00fasund \u00falfalda, og fimm hundru\u00f0 p\u00f6r nauta, og fimm hundru\u00f0 \u00f6snur, og mj\u00f6g m\u00f6rg hj\u00fa. S\u00e1 sami ma\u00f0ur var hinn r\u00edkasti \u00e1 me\u00f0al allra austursins sona.4En synir hans voru vanir \u00fev\u00ed a\u00f0 hafa heimbo\u00f0 hv\u00f6r \u00ed s\u00ednu h\u00fasi, \u00e1 s\u00ednum afm\u00e6lisdegi, \u00feeir bu\u00f0u \u00fe\u00e1 s\u00ednum \u00feremur systrum a\u00f0 eta og drekka me\u00f0 s\u00e9r.5En \u00fe\u00e1 \u00feessir veisludagar voru li\u00f0nir, var \u00fea\u00f0 si\u00f0ur Jobs, a\u00f0 <a href=\"https:\/\/biblian.is\/videy\/jobsbok-1-kafli\/\"> [&#8230;]<\/a><\/p>\n","protected":false},"author":1,"featured_media":0,"parent":0,"menu_order":0,"comment_status":"open","ping_status":"open","template":"bibliukaflar.php","meta":{"footnotes":""},"class_list":["post-21286","page","type-page","status-publish","hentry"],"_links":{"self":[{"href":"https:\/\/biblian.is\/videy\/wp-json\/wp\/v2\/pages\/21286","targetHints":{"allow":["GET"]}}],"collection":[{"href":"https:\/\/biblian.is\/videy\/wp-json\/wp\/v2\/pages"}],"about":[{"href":"https:\/\/biblian.is\/videy\/wp-json\/wp\/v2\/types\/page"}],"author":[{"embeddable":true,"href":"https:\/\/biblian.is\/videy\/wp-json\/wp\/v2\/users\/1"}],"replies":[{"embeddable":true,"href":"https:\/\/biblian.is\/videy\/wp-json\/wp\/v2\/comments?post=21286"}],"version-history":[{"count":0,"href":"https:\/\/biblian.is\/videy\/wp-json\/wp\/v2\/pages\/21286\/revisions"}],"wp:attachment":[{"href":"https:\/\/biblian.is\/videy\/wp-json\/wp\/v2\/media?parent=21286"}],"curies":[{"name":"wp","href":"https:\/\/api.w.org\/{rel}","templated":true}]}}