{"id":21285,"date":"2018-01-02T01:01:11","date_gmt":"2018-01-02T01:01:11","guid":{"rendered":"http:\/\/biblian.is\/videy\/esterarbok-10-kafli\/"},"modified":"2018-01-02T01:01:11","modified_gmt":"2018-01-02T01:01:11","slug":"esterarbok-10-kafli","status":"publish","type":"page","link":"https:\/\/biblian.is\/videy\/esterarbok-10-kafli\/","title":{"rendered":"Esterarb\u00f3k 10. kafli"},"content":{"rendered":"<div class=\"fyrirsognVidey\">Um Mardokeus makt og mikilleika.<\/div>\n<p><a name=\"1\"><span class=\"versanumer\">1<\/span><\/a>Og Assverus k\u00f3ngur lag\u00f0i skatt, b\u00e6\u00f0i \u00e1 landi\u00f0 og sj\u00e1varins eyjar.<a name=\"2\"><span class=\"versanumer\">2<\/span><\/a>En um alla gj\u00f6rninga hans veldis og maktar, og fr\u00e1sagan um \u00fe\u00e1 st\u00f3ru vegsemd sem k\u00f3ngurinn veitti Mardokeus, er a\u00f0 finna skrifa\u00f0 \u00ed Pers\u00edu- og Med\u00eduk\u00f3nga ann\u00e1lab\u00f3kum.<a name=\"3\"><span class=\"versanumer\">3<\/span><\/a>\u00dev\u00ed Mardokeus Gy\u00f0ingur gekk n\u00e6stur Assverus k\u00f3ngi, og var \u00ed miklu \u00e1liti \u00e1 me\u00f0al Gy\u00f0inga, og vins\u00e6ll hj\u00e1 \u00f6llum fj\u00f6lda sinna br\u00e6\u00f0ra, sem leitu\u00f0u heilla sinni \u00fej\u00f3\u00f0, og lag\u00f0i li\u00f0syr\u00f0i \u00f6llu s\u00ednu \u00e6ttf\u00f3lki.<\/p>\n<div class=\"footnoteVidey\"><\/div>\n","protected":false},"excerpt":{"rendered":"<p>Um Mardokeus makt og mikilleika. 1Og Assverus k\u00f3ngur lag\u00f0i skatt, b\u00e6\u00f0i \u00e1 landi\u00f0 og sj\u00e1varins eyjar.2En um alla gj\u00f6rninga hans veldis og maktar, og fr\u00e1sagan um \u00fe\u00e1 st\u00f3ru vegsemd sem k\u00f3ngurinn veitti Mardokeus, er a\u00f0 finna skrifa\u00f0 \u00ed Pers\u00edu- og Med\u00eduk\u00f3nga ann\u00e1lab\u00f3kum.3\u00dev\u00ed Mardokeus Gy\u00f0ingur gekk n\u00e6stur Assverus k\u00f3ngi, og var \u00ed miklu \u00e1liti \u00e1 me\u00f0al Gy\u00f0inga, og vins\u00e6ll hj\u00e1 \u00f6llum fj\u00f6lda sinna br\u00e6\u00f0ra, sem leitu\u00f0u heilla sinni \u00fej\u00f3\u00f0, og lag\u00f0i li\u00f0syr\u00f0i \u00f6llu s\u00ednu \u00e6ttf\u00f3lki.<\/p>\n","protected":false},"author":1,"featured_media":0,"parent":0,"menu_order":0,"comment_status":"open","ping_status":"open","template":"bibliukaflar.php","meta":{"footnotes":""},"class_list":["post-21285","page","type-page","status-publish","hentry"],"_links":{"self":[{"href":"https:\/\/biblian.is\/videy\/wp-json\/wp\/v2\/pages\/21285","targetHints":{"allow":["GET"]}}],"collection":[{"href":"https:\/\/biblian.is\/videy\/wp-json\/wp\/v2\/pages"}],"about":[{"href":"https:\/\/biblian.is\/videy\/wp-json\/wp\/v2\/types\/page"}],"author":[{"embeddable":true,"href":"https:\/\/biblian.is\/videy\/wp-json\/wp\/v2\/users\/1"}],"replies":[{"embeddable":true,"href":"https:\/\/biblian.is\/videy\/wp-json\/wp\/v2\/comments?post=21285"}],"version-history":[{"count":0,"href":"https:\/\/biblian.is\/videy\/wp-json\/wp\/v2\/pages\/21285\/revisions"}],"wp:attachment":[{"href":"https:\/\/biblian.is\/videy\/wp-json\/wp\/v2\/media?parent=21285"}],"curies":[{"name":"wp","href":"https:\/\/api.w.org\/{rel}","templated":true}]}}