{"id":21284,"date":"2018-01-02T01:01:11","date_gmt":"2018-01-02T01:01:11","guid":{"rendered":"http:\/\/biblian.is\/videy\/esterarbok-9-kafli\/"},"modified":"2018-01-02T01:01:11","modified_gmt":"2018-01-02T01:01:11","slug":"esterarbok-9-kafli","status":"publish","type":"page","link":"https:\/\/biblian.is\/videy\/esterarbok-9-kafli\/","title":{"rendered":"Esterarb\u00f3k 9. kafli"},"content":{"rendered":"<div class=\"fyrirsognVidey\">Gy\u00f0ingar hefna s\u00edn \u00e1 \u00f3vinum s\u00ednum, innsetja h\u00e1t\u00ed\u00f0ina p\u00farim.<\/div>\n<p><a name=\"1\"><span class=\"versanumer\">1<\/span><\/a>\u00c1 \u00ferett\u00e1nda degi \u00feess t\u00f3lfta m\u00e1na\u00f0ar, sem er m\u00e1nu\u00f0urinn adar, \u00e1 hv\u00f6rjum degi or\u00f0 og skipan k\u00f3ngsins framkv\u00e6mdist; einmitt \u00feann dag, \u00fe\u00e1 \u00f3vinir Gy\u00f0inga \u00e6tlu\u00f0u s\u00e9r a\u00f0 yfirfalla \u00fe\u00e1 \u00f3vara, og \u00fea\u00f0 f\u00f3r svo a\u00f0 Gy\u00f0ingum var sagt a\u00f0 r\u00e1\u00f0ast \u00e1 s\u00edna \u00f3vini:<a name=\"2\"><span class=\"versanumer\">2<\/span><\/a>\u00fe\u00e1 samans\u00f6fnu\u00f0ust Gy\u00f0ingar \u00ed borgum s\u00ednum um \u00f6ll l\u00f6nd Assverus k\u00f3ngs, til a\u00f0 leggja h\u00f6nd \u00e1 \u00fe\u00e1 er \u00feeim leitu\u00f0u tj\u00f3ns, og enginn gat sta\u00f0ist \u00feeim \u00e1 m\u00f3ti, \u00fev\u00ed a\u00f0 \u00f3tti fyrir \u00feeim var kominn yfir allt f\u00f3lk.<a name=\"3\"><span class=\"versanumer\">3<\/span><\/a>Og allir h\u00f6fu\u00f0smenn landsins, l\u00e9nsherrar og landstj\u00f3rnarar og emb\u00e6ttismenn k\u00f3ngsins, veittu Gy\u00f0ingum li\u00f0, \u00fev\u00ed a\u00f0 \u00f3tti fyrir Mardokeus var yfir \u00fe\u00e1 kominn.<a name=\"4\"><span class=\"versanumer\">4<\/span><\/a>\u00dev\u00ed Mardokeus var mikill or\u00f0inn \u00ed h\u00fasi k\u00f3ngsins og hans rikti f\u00f3r um \u00f6ll l\u00f6nd, \u00fev\u00ed ma\u00f0urinn Mardokeus var\u00f0 \u00e6 meiri og meiri;<a name=\"5\"><span class=\"versanumer\">5<\/span><\/a>og Gy\u00f0ingar unnu \u00e1 \u00f3vinum s\u00ednum me\u00f0 sver\u00f0i, dr\u00e1pu \u00fe\u00e1 og tort\u00edndu \u00feeim, og breyttu eftir ge\u00f0\u00feekkni vi\u00f0 s\u00edna hatursmenn.<a name=\"6\"><span class=\"versanumer\">6<\/span><\/a>Og \u00ed h\u00f6fu\u00f0borginni S\u00fasan dr\u00e1pu og deyddu Gy\u00f0ingar fimm hundru\u00f0 manns.<a name=\"7\"><span class=\"versanumer\">7<\/span><\/a>Og \u00fear a\u00f0 auki dr\u00e1pu \u00feeir einnig Parsandata og Dalfon.<a name=\"8\"><span class=\"versanumer\">8<\/span><\/a>Og Aspata og P\u00f3rata og Adalia og Aridata;<a name=\"9\"><span class=\"versanumer\">9<\/span><\/a>einnig Parmasta og Arissai og Aridai og Va\u00edesata;<a name=\"10\"><span class=\"versanumer\">10<\/span><\/a>t\u00edu sonu Amans, sonar Medata, \u00f3vinar Gy\u00f0inga, en ei l\u00f6g\u00f0u \u00feeir h\u00f6nd \u00e1 g\u00f3ss \u00feeirra.<a name=\"11\"><span class=\"versanumer\">11<\/span><\/a>Og \u00e1 \u00feessum sama degi kom tala \u00feeirra drepnu \u00ed borginni S\u00fasam fyrir konung.<a name=\"12\"><span class=\"versanumer\">12<\/span><\/a>Og konungurinn sag\u00f0i vi\u00f0 Ester Drottningu: Gy\u00f0ingar hafa n\u00fa \u00ed borginni S\u00fasan r\u00e1\u00f0i\u00f0 af d\u00f6gum og drepi\u00f0 fimm hundru\u00f0 manns, og 10 sonu Amans; hva\u00f0 munu \u00feeir \u00e1 \u00f6\u00f0rum st\u00f6\u00f0um gj\u00f6rt hafa \u00ed k\u00f3ngsins l\u00f6ndum? hv\u00f6rs krefst \u00fe\u00fa fremur? \u00fea\u00f0 skal \u00fe\u00e9r veitt ver\u00f0a; e\u00f0a hv\u00f6rs bei\u00f0ist \u00fe\u00fa enn fremur?<a name=\"13\"><span class=\"versanumer\">13<\/span><\/a>Og Ester svara\u00f0i: ef konungi er \u00fea\u00f0 ei \u00e1 m\u00f3ti, \u00fe\u00e1 leyfi hann Gy\u00f0ingum a\u00f0 gj\u00f6ra \u00ed borginni S\u00fasan \u00e1 morgun, eins og \u00feeir hafa \u00ed dag gj\u00f6rt, og a\u00f0 \u00feeir hengi upp \u00e1 tr\u00e9\u00f0 \u00fe\u00e1 t\u00edu sonu Amans.<a name=\"14\"><span class=\"versanumer\">14<\/span><\/a>Og konungurinn bau\u00f0 a\u00f0 svo skyldi vera; og \u00feessi skipan var gefin \u00ed borginni S\u00fasan, og Amans t\u00edu synir voru upphengdir.<a name=\"15\"><span class=\"versanumer\">15<\/span><\/a>Og Gy\u00f0ingar s\u00f6fnu\u00f0ust l\u00edka saman \u00ed S\u00fasan \u00e1 fj\u00f3rt\u00e1nda degi adarsm\u00e1na\u00f0ar, og dr\u00e1pu \u00ferj\u00fa hundru\u00f0 manns \u00ed S\u00fasan, en ei r\u00e6ntu \u00feeir fj\u00e1rmunum \u00feeirra;<a name=\"16\"><span class=\"versanumer\">16<\/span><\/a>en a\u00f0rir Gy\u00f0ingar \u00ed l\u00f6ndum k\u00f3ngsins samans\u00f6fnu\u00f0ust og v\u00f6r\u00f0u l\u00edf sitt og fengu r\u00f3 fyrir \u00f3vinum s\u00ednum, og dr\u00e1pu sj\u00f6t\u00edu og fimm \u00fe\u00fasundir \u00f3vina sinna, en \u00e1 eignir \u00feeirra l\u00f6g\u00f0u \u00feeir ekki h\u00f6nd.<a name=\"17\"><span class=\"versanumer\">17<\/span><\/a>\u00deetta ske\u00f0i \u00e1 \u00ferett\u00e1nda degi adarsm\u00e1na\u00f0ar, en hv\u00edld t\u00f3ku \u00feeir \u00e1 fj\u00f3rt\u00e1nda degi sama m\u00e1na\u00f0ar, og gj\u00f6r\u00f0u \u00feann dag a\u00f0 veislu og gle\u00f0i degi.<a name=\"18\"><span class=\"versanumer\">18<\/span><\/a>En Gy\u00f0ingar \u00ed sta\u00f0num S\u00fasan komu saman b\u00e6\u00f0i \u00e1 \u00ferett\u00e1nda og fj\u00f3rt\u00e1nda degi, en hv\u00edldust \u00e1 \u00feeim fimmt\u00e1nda, \u00e1 hv\u00f6rjum \u00feeir og h\u00e9ldu s\u00e9r gle\u00f0i- og veisludag.<a name=\"19\"><span class=\"versanumer\">19<\/span><\/a>\u00dev\u00ed gj\u00f6ra Gy\u00f0ingar, sem b\u00faa \u00e1 landsbygg\u00f0inni og sm\u00e1b\u00e6jum og kaupt\u00fanum, \u00feann fj\u00f3rt\u00e1nda dag adarsm\u00e1na\u00f0ar a\u00f0 gle\u00f0i og veislu og h\u00e1t\u00ed\u00f0ardegi s\u00ednum; og senda \u00fe\u00e1 hv\u00f6rjir \u00f6\u00f0rum matgjafir;<a name=\"20\"><span class=\"versanumer\">20<\/span><\/a>og Mardokeus skr\u00e1setti \u00feessa gj\u00f6rninga, og sendi br\u00e9f til allra Gy\u00f0inga \u00ed \u00f6llum l\u00f6ndum Assverus k\u00f3ngs b\u00e6\u00f0i n\u00e6r og fj\u00e6r,<a name=\"21\"><span class=\"versanumer\">21<\/span><\/a>a\u00f0 \u00feeir \u00e1rlega skyldu halda h\u00e1t\u00ed\u00f0 \u00feann fj\u00f3rt\u00e1nda og fimmt\u00e1nda dag adarsm\u00e1na\u00f0ar,<a name=\"22\"><span class=\"versanumer\">22<\/span><\/a>\u00fe\u00e1 daga, \u00e1 hv\u00f6rjum Gy\u00f0ingar h\u00f6f\u00f0u fengi\u00f0 r\u00f3 fyrir s\u00ednum \u00f3vinum, og \u00ed \u00feeim sama m\u00e1nu\u00f0i, \u00e1 hv\u00f6rjum h\u00f6rmung \u00feeirra snerist \u00ed f\u00f6gnu\u00f0 og sorg \u00ed gle\u00f0idag, og a\u00f0 \u00feeir skyldu halda s\u00e9r \u00fe\u00e1, fyrir gle\u00f0i og veisludaga, og senda \u00fe\u00e1 hv\u00f6r \u00f6\u00f0rum matgjafir og f\u00e1t\u00e6kum \u00f6lmusu;<a name=\"23\"><span class=\"versanumer\">23<\/span><\/a>og Gy\u00f0ingar vi\u00f0t\u00f3ku a\u00f0 gj\u00f6ra \u00fea\u00f0 sem \u00feeir h\u00f6f\u00f0u uppbyrja\u00f0, og \u00fea\u00f0 sem Mardokeus haf\u00f0i \u00feeim skrifa\u00f0.<a name=\"24\"><span class=\"versanumer\">24<\/span><\/a>Aman sonur Medata Agag\u00edta, \u00f3vinur allra Gy\u00f0inga, haf\u00f0i hugsa\u00f0 upp r\u00e1\u00f0, nl. a\u00f0 afm\u00e1 alla Gy\u00f0inga og kasta p\u00far \u00fe. e. hlutfalli, a\u00f0 afm\u00e1 og tort\u00edna \u00feeim,<a name=\"25\"><span class=\"versanumer\">25<\/span><\/a>og \u00fe\u00e1 h\u00fan <span class='VideyAth'>(Ester)<\/span> gekk fyrir konunginn, skipa\u00f0i hann me\u00f0 br\u00e9fi, a\u00f0 hinn vondi \u00e1setningur, sem hann <span class='VideyAth'>(Aman)<\/span> haf\u00f0i Gy\u00f0ingum fyrirhuga\u00f0, skyldi koma honum \u00ed koll, og hann og synir hans voru hengdir \u00e1 tr\u00e9.<a name=\"26\"><span class=\"versanumer\">26<\/span><\/a>\u00deess vegna k\u00f6llu\u00f0u \u00feeir \u00feessa daga P\u00farim, af nafninu p\u00far <span class='VideyAth'>(hlutfall)<\/span>; \u00fear fyrir eftir \u00f6llum or\u00f0um \u00feessa br\u00e9fs, og af \u00fev\u00ed er \u00feeir sj\u00e1lfir s\u00e9\u00f0 h\u00f6f\u00f0u og fyrir \u00fe\u00e1 haf\u00f0i komi\u00f0,<a name=\"27\"><span class=\"versanumer\">27<\/span><\/a>fastsettu Gy\u00f0ingar og h\u00e9tu fyrir sig og s\u00edna eftirkomendur og alla \u00fe\u00e1 er saml\u00f6gu\u00f0ust \u00feeim, a\u00f0 ei yr\u00f0i yfirtro\u00f0i\u00f0, a\u00f0 halda \u00e1rlega h\u00e1t\u00ed\u00f0 b\u00e1\u00f0a \u00feessa daga, samkv\u00e6mt \u00fev\u00ed sem skrifa\u00f0 og \u00e1kvar\u00f0a\u00f0 var,<a name=\"28\"><span class=\"versanumer\">28<\/span><\/a>og a\u00f0 \u00feessir tveir dagar skyldi ei gleymast heldur \u00ed s\u00e9rhv\u00f6rjum \u00e6ttli\u00f0 \u00feeirra og \u00ed s\u00e9rhv\u00f6rri \u00e6tt ver\u00f0a haldnir h\u00e1t\u00ed\u00f0legir, \u00ed \u00f6llum l\u00f6ndum og borgum; og \u00feessir p\u00far\u00edmdagar skyldu ei undir lok l\u00ed\u00f0a \u00e1 me\u00f0al Gy\u00f0ingal\u00fd\u00f0s, og minning \u00feeirra ei \u00ed gleymsku falla \u00e1 me\u00f0al ni\u00f0ja \u00feeirra.<a name=\"29\"><span class=\"versanumer\">29<\/span><\/a>Og Ester drottning, d\u00f3ttir Abihails, og Mardokeus Gy\u00f0ingur, skrifu\u00f0u me\u00f0 \u00f6llum myndugleika, til a\u00f0 sta\u00f0festa \u00feetta anna\u00f0 br\u00e9f um purim <span class='VideyAth'>(p\u00farimsh\u00e1t\u00ed\u00f0)<\/span>.<a name=\"30\"><span class=\"versanumer\">30<\/span><\/a>Og menn sendu br\u00e9fin til allra Gy\u00f0inga \u00ed l\u00f6ndum Assverus k\u00f3ngs, <span class='VideyAth'>(sem voru)<\/span> hundra\u00f0 og tuttugu og sj\u00f6, me\u00f0 fri\u00f0ar og einl\u00e6gnis <span class='VideyAth'>(sannleiks)<\/span> or\u00f0um,<a name=\"31\"><span class=\"versanumer\">31<\/span><\/a>til a\u00f0 sta\u00f0festa \u00feessa p\u00farimsdaga \u00e1 fastsettum t\u00edma, eins og Mardokeus Gy\u00f0ingur og Ester drottning h\u00f6f\u00f0u \u00e1kvar\u00f0a\u00f0 \u00feeim, og sem \u00feeir h\u00f6f\u00f0u undirgengist og fastsett fyrir sig og ni\u00f0ja s\u00edna, \u00feessa gj\u00f6rninga f\u00f6stunnar og \u00feeirra hr\u00f3ps <span class='VideyAth'>a)<\/span>.<\/p>\n<div class=\"footnoteVidey\">V. 31. a. \u00de\u00e1 \u00feeir f\u00f6stu\u00f0u og gr\u00e1tb\u00e6ndu Gu\u00f0 \u00ed h\u00e1skanum, hafa \u00feeir gj\u00f6rt Gu\u00f0i heit.<\/div>\n","protected":false},"excerpt":{"rendered":"<p>Gy\u00f0ingar hefna s\u00edn \u00e1 \u00f3vinum s\u00ednum, innsetja h\u00e1t\u00ed\u00f0ina p\u00farim. 1\u00c1 \u00ferett\u00e1nda degi \u00feess t\u00f3lfta m\u00e1na\u00f0ar, sem er m\u00e1nu\u00f0urinn adar, \u00e1 hv\u00f6rjum degi or\u00f0 og skipan k\u00f3ngsins framkv\u00e6mdist; einmitt \u00feann dag, \u00fe\u00e1 \u00f3vinir Gy\u00f0inga \u00e6tlu\u00f0u s\u00e9r a\u00f0 yfirfalla \u00fe\u00e1 \u00f3vara, og \u00fea\u00f0 f\u00f3r svo a\u00f0 Gy\u00f0ingum var sagt a\u00f0 r\u00e1\u00f0ast \u00e1 s\u00edna \u00f3vini:2\u00fe\u00e1 samans\u00f6fnu\u00f0ust Gy\u00f0ingar \u00ed borgum s\u00ednum um \u00f6ll l\u00f6nd Assverus k\u00f3ngs, til a\u00f0 leggja h\u00f6nd \u00e1 \u00fe\u00e1 er \u00feeim leitu\u00f0u tj\u00f3ns, og enginn gat sta\u00f0ist \u00feeim \u00e1 m\u00f3ti, \u00fev\u00ed a\u00f0 \u00f3tti fyrir \u00feeim var kominn yfir allt f\u00f3lk.3Og allir h\u00f6fu\u00f0smenn landsins, l\u00e9nsherrar og landstj\u00f3rnarar og emb\u00e6ttismenn k\u00f3ngsins, veittu Gy\u00f0ingum <a href=\"https:\/\/biblian.is\/videy\/esterarbok-9-kafli\/\"> [&#8230;]<\/a><\/p>\n","protected":false},"author":1,"featured_media":0,"parent":0,"menu_order":0,"comment_status":"open","ping_status":"open","template":"bibliukaflar.php","meta":{"footnotes":""},"class_list":["post-21284","page","type-page","status-publish","hentry"],"_links":{"self":[{"href":"https:\/\/biblian.is\/videy\/wp-json\/wp\/v2\/pages\/21284","targetHints":{"allow":["GET"]}}],"collection":[{"href":"https:\/\/biblian.is\/videy\/wp-json\/wp\/v2\/pages"}],"about":[{"href":"https:\/\/biblian.is\/videy\/wp-json\/wp\/v2\/types\/page"}],"author":[{"embeddable":true,"href":"https:\/\/biblian.is\/videy\/wp-json\/wp\/v2\/users\/1"}],"replies":[{"embeddable":true,"href":"https:\/\/biblian.is\/videy\/wp-json\/wp\/v2\/comments?post=21284"}],"version-history":[{"count":0,"href":"https:\/\/biblian.is\/videy\/wp-json\/wp\/v2\/pages\/21284\/revisions"}],"wp:attachment":[{"href":"https:\/\/biblian.is\/videy\/wp-json\/wp\/v2\/media?parent=21284"}],"curies":[{"name":"wp","href":"https:\/\/api.w.org\/{rel}","templated":true}]}}