{"id":21283,"date":"2018-01-02T01:01:11","date_gmt":"2018-01-02T01:01:11","guid":{"rendered":"http:\/\/biblian.is\/videy\/esterarbok-8-kafli\/"},"modified":"2018-01-02T01:01:11","modified_gmt":"2018-01-02T01:01:11","slug":"esterarbok-8-kafli","status":"publish","type":"page","link":"https:\/\/biblian.is\/videy\/esterarbok-8-kafli\/","title":{"rendered":"Esterarb\u00f3k 8. kafli"},"content":{"rendered":"<div class=\"fyrirsognVidey\">Gy\u00f0ingar f\u00e1 leyfi hj\u00e1 k\u00f3nginum til a\u00f0 taka hefnd \u00e1 \u00f3vinum s\u00ednum.<\/div>\n<p><a name=\"1\"><span class=\"versanumer\">1<\/span><\/a>\u00c1 \u00feessum sama degi gaf Assverus k\u00f3ngur Ester drottningu h\u00fas Amans, \u00f3vinar Gy\u00f0inganna; og Mardokeus kom fyrir konunginn, \u00fev\u00ed Ester haf\u00f0i sagt honum, hv\u00f6rsu hann v\u00e6ri s\u00e9r vandabundinn.<a name=\"2\"><span class=\"versanumer\">2<\/span><\/a>Og k\u00f3ngurinn dr\u00f3 af hendi s\u00e9r fingurgull sitt, sem hann haf\u00f0i teki\u00f0 af Aman, og gaf \u00fea\u00f0 Mardokeus; og Ester setti Mardokeus yfir Amans h\u00fas.<a name=\"3\"><span class=\"versanumer\">3<\/span><\/a>Og Ester tala\u00f0i enn fremur vi\u00f0 k\u00f3nginn og f\u00e9ll honum til f\u00f3ta og ba\u00f0 gr\u00e1tandi, a\u00f0 hann vildi \u00f3n\u00fdta illsku Amans Agagitans, og \u00e1form \u00fea\u00f0 er hann haf\u00f0i upphugsa\u00f0, Gy\u00f0ingum til tj\u00f3ns.<a name=\"4\"><span class=\"versanumer\">4<\/span><\/a>Og k\u00f3ngurinn r\u00e9tti a\u00f0 Ester ena gulllegu sp\u00edru; \u00fe\u00e1 st\u00f3\u00f0 Ester upp og gekk fyrir konunginum,<a name=\"5\"><span class=\"versanumer\">5<\/span><\/a>og m\u00e6lti: ef konunginum \u00fea\u00f0 \u00fe\u00f3knast, og hafi eg n\u00e1\u00f0 fundi\u00f0 hj\u00e1 honum, og s\u00e9 konunginum \u00fea\u00f0 ei \u00f3ge\u00f0fellt, og ef eg \u00fe\u00f3knast honum: \u00fe\u00e1 s\u00e9 skrifa\u00f0, til a\u00f0 afturkalla r\u00e1\u00f0agj\u00f6r\u00f0 Amans sonar Ham-Medata Agagita, sem hann skrifa\u00f0i, svo a\u00f0 Gy\u00f0ingaf\u00f3lk yr\u00f0i \u00ed \u00f6llum l\u00f6ndum konungsins, afm\u00e1\u00f0.<a name=\"6\"><span class=\"versanumer\">6<\/span><\/a>\u00dev\u00ed hv\u00f6rnig f\u00e6 eg horft \u00e1 \u00f3lukku \u00fe\u00e1 er koma mun yfir mitt f\u00f3lk? e\u00f0a hv\u00f6rnig get eg horft \u00e1 \u00fea\u00f0, a\u00f0 \u00e6tt m\u00edn ey\u00f0ileggist?<a name=\"7\"><span class=\"versanumer\">7<\/span><\/a>Og Assverus konungur sag\u00f0i vi\u00f0 Ester drottningu og Gy\u00f0inginn Mardokeus: sj\u00e1! eg hefi n\u00fa gefi\u00f0 Ester h\u00fas Amans, en hann sj\u00e1lfur er \u00e1 g\u00e1lga hengdur, fyrir \u00fea\u00f0, a\u00f0 hann lag\u00f0i hendur \u00e1 Gy\u00f0inga.<a name=\"8\"><span class=\"versanumer\">8<\/span><\/a>En skrifi\u00f0 n\u00fa um Gy\u00f0inga \u00fea\u00f0 sem ykkur l\u00edkar \u00ed k\u00f3ngsins nafni og innsigli\u00f0 me\u00f0 k\u00f3ngsins hring, \u00fev\u00ed allt sem \u00ed k\u00f3ngsins nafni er skrifa\u00f0 og me\u00f0 hans hring innsigla\u00f0, ver\u00f0ur ei afturkalla\u00f0;<a name=\"9\"><span class=\"versanumer\">9<\/span><\/a>\u00fe\u00e1 voru strax kalla\u00f0ir skrifarar konungsins, \u00e1 tuttugasta og \u00feri\u00f0ja degi \u00feri\u00f0ja m\u00e1na\u00f0ar, sem er m\u00e1nu\u00f0urinn sivan, og var \u00fe\u00e1 skrifa\u00f0, allt eins og Mardokeus bau\u00f0 til Gy\u00f0inga, til h\u00f6f\u00f0ingjanna, til hir\u00f0stj\u00f3ranna og h\u00f6fu\u00f0smannanna \u00ed l\u00f6ndunum, fr\u00e1 Ind\u00edalandi og allt til M\u00f3rlands, er var hundra\u00f0 og tuttugu og sj\u00f6 l\u00f6nd, og hv\u00f6rju landi var skrifa\u00f0 eftir \u00feess skrift, og hv\u00f6rju f\u00f3lki eftir \u00feess tungum\u00e1li og Gy\u00f0ingum einnig eftir skrift og tungum\u00e1li \u00feeirra.<a name=\"10\"><span class=\"versanumer\">10<\/span><\/a>Og hann <span class='VideyAth'>(Mardokeus)<\/span> skrifa\u00f0i undir nafni Assverus k\u00f3ngs, og innsigla\u00f0i me\u00f0 hring konungsins, og sendi br\u00e9fin me\u00f0 hlaupurum, \u00e1 hestum, r\u00ed\u00f0andi \u00e1 g\u00e6\u00f0ingum, m\u00falum, kaplasonum.<a name=\"11\"><span class=\"versanumer\">11<\/span><\/a>Konungurinn leyf\u00f0i Gy\u00f0ingum a\u00f0 samansafnast hvar sem \u00feeir v\u00e6ru \u00ed st\u00f6\u00f0unum, til a\u00f0 verja l\u00edf sitt, og a\u00f0 afm\u00e1, drepa og dey\u00f0a alla makt \u00feess f\u00f3lks og lands sem s\u00fdndi \u00feeim fjandskap, \u00feeirra b\u00f6rnum og kvinnum, og \u00feeirra eignum r\u00e6na,<a name=\"12\"><span class=\"versanumer\">12<\/span><\/a>\u00e1 einum degi \u00ed \u00f6llum l\u00f6ndum Assverus k\u00f3ngs, \u00e1 \u00ferett\u00e1nda degi \u00feess t\u00f3lfta m\u00e1na\u00f0ar, sem er m\u00e1nu\u00f0urinn adar.<a name=\"13\"><span class=\"versanumer\">13<\/span><\/a>Og innihald br\u00e9fsins, me\u00f0 hv\u00f6rju gefin var skipan um \u00f6ll l\u00f6nd, var kunngj\u00f6rt \u00f6llum \u00fej\u00f3\u00f0um, a\u00f0 Gy\u00f0ingar skyldu vi\u00f0b\u00fanir vera \u00e1 \u00feeim tiltekna degi a\u00f0 hefna s\u00edn \u00e1 \u00f3vinum s\u00ednum.<a name=\"14\"><span class=\"versanumer\">14<\/span><\/a>Og hlaupararnir \u00e1 g\u00e6\u00f0ingunum og m\u00fald\u00fdrum r\u00ed\u00f0andi, f\u00f3ru eftir skipan k\u00f3ngsins, sem mest og hra\u00f0ast \u00feeir m\u00e1ttu; og \u00feessi skipan var \u00e1 S\u00fasan sloti \u00fatgefin.<a name=\"15\"><span class=\"versanumer\">15<\/span><\/a>Og Mardokeus gekk \u00fat fr\u00e1 konunginum \u00edkl\u00e6ddur bl\u00e1um og hv\u00edtum k\u00f3nglegum kl\u00e6\u00f0um, og berandi m\u00f6ttul \u00far l\u00edni og purpura og st\u00f3ra gullk\u00f3r\u00f3nu \u00e1 h\u00f6f\u00f0i s\u00e9r: og \u00ed borginni S\u00fasan var\u00f0 gle\u00f0i mikil og f\u00f6gnu\u00f0ur;<a name=\"16\"><span class=\"versanumer\">16<\/span><\/a>og lj\u00f3s upprann Gy\u00f0ingum, og f\u00f6gnu\u00f0ur, gle\u00f0i og s\u00e6md.<a name=\"17\"><span class=\"versanumer\">17<\/span><\/a>Og \u00ed \u00f6llum l\u00f6ndum og \u00f6llum borgum, og svo langt sem or\u00f0 og skipan konungsins n\u00e1\u00f0i, var gle\u00f0i og una\u00f0semd me\u00f0al Gy\u00f0inga, gestabo\u00f0 og h\u00e1t\u00ed\u00f0isdagur, svo margir af landanna innb\u00faum gj\u00f6r\u00f0ust Gy\u00f0ingar, \u00fev\u00ed \u00f3tti fyrir Gy\u00f0ingum var kominn yfir \u00fe\u00e1.<\/p>\n<div class=\"footnoteVidey\"><\/div>\n","protected":false},"excerpt":{"rendered":"<p>Gy\u00f0ingar f\u00e1 leyfi hj\u00e1 k\u00f3nginum til a\u00f0 taka hefnd \u00e1 \u00f3vinum s\u00ednum. 1\u00c1 \u00feessum sama degi gaf Assverus k\u00f3ngur Ester drottningu h\u00fas Amans, \u00f3vinar Gy\u00f0inganna; og Mardokeus kom fyrir konunginn, \u00fev\u00ed Ester haf\u00f0i sagt honum, hv\u00f6rsu hann v\u00e6ri s\u00e9r vandabundinn.2Og k\u00f3ngurinn dr\u00f3 af hendi s\u00e9r fingurgull sitt, sem hann haf\u00f0i teki\u00f0 af Aman, og gaf \u00fea\u00f0 Mardokeus; og Ester setti Mardokeus yfir Amans h\u00fas.3Og Ester tala\u00f0i enn fremur vi\u00f0 k\u00f3nginn og f\u00e9ll honum til f\u00f3ta og ba\u00f0 gr\u00e1tandi, a\u00f0 hann vildi \u00f3n\u00fdta illsku Amans Agagitans, og \u00e1form \u00fea\u00f0 er hann haf\u00f0i upphugsa\u00f0, Gy\u00f0ingum til tj\u00f3ns.4Og k\u00f3ngurinn r\u00e9tti a\u00f0 Ester ena <a href=\"https:\/\/biblian.is\/videy\/esterarbok-8-kafli\/\"> [&#8230;]<\/a><\/p>\n","protected":false},"author":1,"featured_media":0,"parent":0,"menu_order":0,"comment_status":"open","ping_status":"open","template":"bibliukaflar.php","meta":{"footnotes":""},"class_list":["post-21283","page","type-page","status-publish","hentry"],"_links":{"self":[{"href":"https:\/\/biblian.is\/videy\/wp-json\/wp\/v2\/pages\/21283","targetHints":{"allow":["GET"]}}],"collection":[{"href":"https:\/\/biblian.is\/videy\/wp-json\/wp\/v2\/pages"}],"about":[{"href":"https:\/\/biblian.is\/videy\/wp-json\/wp\/v2\/types\/page"}],"author":[{"embeddable":true,"href":"https:\/\/biblian.is\/videy\/wp-json\/wp\/v2\/users\/1"}],"replies":[{"embeddable":true,"href":"https:\/\/biblian.is\/videy\/wp-json\/wp\/v2\/comments?post=21283"}],"version-history":[{"count":0,"href":"https:\/\/biblian.is\/videy\/wp-json\/wp\/v2\/pages\/21283\/revisions"}],"wp:attachment":[{"href":"https:\/\/biblian.is\/videy\/wp-json\/wp\/v2\/media?parent=21283"}],"curies":[{"name":"wp","href":"https:\/\/api.w.org\/{rel}","templated":true}]}}