{"id":21281,"date":"2018-01-02T01:01:11","date_gmt":"2018-01-02T01:01:11","guid":{"rendered":"http:\/\/biblian.is\/videy\/esterarbok-6-kafli\/"},"modified":"2018-01-02T01:01:11","modified_gmt":"2018-01-02T01:01:11","slug":"esterarbok-6-kafli","status":"publish","type":"page","link":"https:\/\/biblian.is\/videy\/esterarbok-6-kafli\/","title":{"rendered":"Esterarb\u00f3k 6. kafli"},"content":{"rendered":"<div class=\"fyrirsognVidey\">Mardokeus f\u00e6r s\u00e6md af konunginum.<\/div>\n<p><a name=\"1\"><span class=\"versanumer\">1<\/span><\/a>En \u00feessa s\u00f6mu n\u00f3tt gat konungurinn ekki sofi\u00f0, og sag\u00f0i a\u00f0 koma me\u00f0 ann\u00e1la og minnisb\u00e6kur; og \u00fe\u00e1 veri\u00f0 var a\u00f0 lesa \u00fe\u00e6r fyrir konunginum,<a name=\"2\"><span class=\"versanumer\">2<\/span><\/a>\u00fe\u00e1 hittist \u00e1 \u00fea\u00f0 sem skrifa\u00f0 var, hv\u00f6rnig Mardokeus hef\u00f0i sagt fr\u00e1 \u00feeim tveimur herbergissveinum k\u00f3ngsins me\u00f0al dyravaktaranna Bigtan og Teres, sem h\u00f6f\u00f0u \u00e6tla\u00f0 s\u00e9r a\u00f0 leggja h\u00f6nd \u00e1 Assverus k\u00f3ng.<a name=\"3\"><span class=\"versanumer\">3<\/span><\/a>Og k\u00f3ngurinn sag\u00f0i: hv\u00f6rja \u00e6ru og upphef\u00f0 h\u00f6fum v\u00e9r veitt Mardokeus fyrir \u00feetta? \u00fe\u00e1 s\u00f6g\u00f0u sm\u00e1sveinar k\u00f3ngsins, er \u00fej\u00f3nu\u00f0u honum: ekkert hefur hann fengi\u00f0 fyrir \u00fea\u00f0.<a name=\"4\"><span class=\"versanumer\">4<\/span><\/a>Og k\u00f3ngurinn sag\u00f0i: hv\u00f6r er \u00ed forgar\u00f0inum? \u00fev\u00ed Aman var kominn \u00ed \u00feann ytri forgar\u00f0 k\u00f3ngs h\u00fassins, a\u00f0 hann a\u00f0spyr\u00f0i k\u00f3nginn: hv\u00f6rt hengja m\u00e6tti Mardokeus \u00e1 tr\u00e9 \u00fea\u00f0, er hann haf\u00f0i reist handa honum.<a name=\"5\"><span class=\"versanumer\">5<\/span><\/a>Og sm\u00e1sveinar k\u00f3ngsins s\u00f6g\u00f0u: sj\u00e1! Aman stendur \u00ed forgar\u00f0inum; \u00fe\u00e1 sag\u00f0i k\u00f3ngurinn: l\u00e1ti\u00f0 hann koma inn hinga\u00f0.<a name=\"6\"><span class=\"versanumer\">6<\/span><\/a>Og sem Aman var inn kominn, sag\u00f0i k\u00f3ngurinn vi\u00f0 hann: hva\u00f0 skal \u00feeim manni gj\u00f6ra er k\u00f3ngurinn vill hei\u00f0ur s\u00fdna? En Aman hugsa\u00f0i me\u00f0 sj\u00e1lfum s\u00e9r: hv\u00f6rjum mun k\u00f3ngurinn vilja fremur hei\u00f0ur s\u00fdna en m\u00e9r?<a name=\"7\"><span class=\"versanumer\">7<\/span><\/a>Og Aman sag\u00f0i vi\u00f0 k\u00f3nginn: s\u00e1 ma\u00f0ur sem konungurinn vill s\u00fdna hei\u00f0ur,<a name=\"8\"><span class=\"versanumer\">8<\/span><\/a>s\u00e9 s\u00f3ttur og \u00edkl\u00e6ddur \u00feeim konunglega skr\u00fa\u00f0a, sem k\u00f3ngurinn er vanur a\u00f0 bera, og \u00e1 \u00feeim hesti sem k\u00f3ngurinn er vanur a\u00f0 r\u00ed\u00f0a, og k\u00f3ngleg k\u00f3r\u00f3na s\u00e9 sett \u00e1 hans h\u00f6fu\u00f0.<a name=\"9\"><span class=\"versanumer\">9<\/span><\/a>Og skr\u00fa\u00f0inn og hesturinn s\u00e9 hv\u00f6rttveggja \u00ed hendur fengi\u00f0 einum af \u00feeim \u00e6\u00f0stu h\u00f6f\u00f0ingjum k\u00f3ngsins, og menn \u00edkl\u00e6\u00f0i \u00feann mann er k\u00f3ngurinn vill hei\u00f0ur s\u00fdna, og lei\u00f0i hestinn undir honum um str\u00e6ti borgarinnar, og \u00fathr\u00f3pi fyrir honum: \u00feannig skal fara me\u00f0 \u00feann mann er k\u00f3ngurinn vill gjarnsamlega hei\u00f0ur s\u00fdna.<a name=\"10\"><span class=\"versanumer\">10<\/span><\/a>\u00de\u00e1 sag\u00f0i k\u00f3ngurinn vi\u00f0 Aman: tak skj\u00f3tlega skr\u00fa\u00f0ann og hestinn, samkv\u00e6mt or\u00f0um \u00fe\u00ednum, og gj\u00f6r eins og \u00fe\u00fa hefir m\u00e6lt, vi\u00f0 Gy\u00f0inginn Mardokeus, sem h\u00e9r situr \u00ed k\u00f3ngsportinu, og l\u00e1t ekkert vanta af \u00f6llu \u00fev\u00ed sem \u00fe\u00fa tala\u00f0 hefir.<a name=\"11\"><span class=\"versanumer\">11<\/span><\/a>\u00de\u00e1 t\u00f3k Aman b\u00e6\u00f0i skr\u00fa\u00f0ann og hestinn og \u00edkl\u00e6ddi Mardokeus og leiddi hann <span class='VideyAth'>(hestinn)<\/span> um str\u00e6ti borgarinnar og hr\u00f3pa\u00f0i fyrir honum: \u00feannig skal vi\u00f0 \u00feann mann gj\u00f6ra sem k\u00f3ngurinn vill hei\u00f0ur s\u00fdna.<a name=\"12\"><span class=\"versanumer\">12<\/span><\/a>Og Mardokeus kom aftur \u00ed konungsporti\u00f0, en Aman f\u00f3r sem skj\u00f3tast heim \u00ed sitt h\u00fas hryggur og me\u00f0 huldu h\u00f6f\u00f0i.<a name=\"13\"><span class=\"versanumer\">13<\/span><\/a>Og hann sag\u00f0i konu sinni Seres og \u00f6llum vinum s\u00ednum fr\u00e1 \u00f6llu \u00fev\u00ed sem fyrir hann haf\u00f0i komi\u00f0; \u00fe\u00e1 s\u00f6g\u00f0u vi\u00f0 hann \u00feeir hyggnu <span class='VideyAth'>(vinir)<\/span> og kona hans, Seres: ef Mardokeus er af Gy\u00f0inga\u00e6tt fyrir hv\u00f6rjum \u00fe\u00fa ert farinn a\u00f0 falla, \u00fe\u00e1 megnar \u00fe\u00fa ekkert \u00e1 m\u00f3ti honum, heldur muntu hlj\u00f3ta a\u00f0 falla fyrir honum.<a name=\"14\"><span class=\"versanumer\">14<\/span><\/a>En \u00e1 me\u00f0an \u00feeir voru enn n\u00fa a\u00f0 tala \u00feetta vi\u00f0 hann, \u00fe\u00e1 komu \u00feanga\u00f0 herbergissveinar k\u00f3ngsins og h\u00f6f\u00f0u hra\u00f0a \u00e1 s\u00e9r a\u00f0 s\u00e6kja Aman, a\u00f0 hann k\u00e6mi til gestabo\u00f0s \u00feess sem Ester haf\u00f0i gj\u00f6ra l\u00e1ti\u00f0.<\/p>\n<div class=\"footnoteVidey\"><\/div>\n","protected":false},"excerpt":{"rendered":"<p>Mardokeus f\u00e6r s\u00e6md af konunginum. 1En \u00feessa s\u00f6mu n\u00f3tt gat konungurinn ekki sofi\u00f0, og sag\u00f0i a\u00f0 koma me\u00f0 ann\u00e1la og minnisb\u00e6kur; og \u00fe\u00e1 veri\u00f0 var a\u00f0 lesa \u00fe\u00e6r fyrir konunginum,2\u00fe\u00e1 hittist \u00e1 \u00fea\u00f0 sem skrifa\u00f0 var, hv\u00f6rnig Mardokeus hef\u00f0i sagt fr\u00e1 \u00feeim tveimur herbergissveinum k\u00f3ngsins me\u00f0al dyravaktaranna Bigtan og Teres, sem h\u00f6f\u00f0u \u00e6tla\u00f0 s\u00e9r a\u00f0 leggja h\u00f6nd \u00e1 Assverus k\u00f3ng.3Og k\u00f3ngurinn sag\u00f0i: hv\u00f6rja \u00e6ru og upphef\u00f0 h\u00f6fum v\u00e9r veitt Mardokeus fyrir \u00feetta? \u00fe\u00e1 s\u00f6g\u00f0u sm\u00e1sveinar k\u00f3ngsins, er \u00fej\u00f3nu\u00f0u honum: ekkert hefur hann fengi\u00f0 fyrir \u00fea\u00f0.4Og k\u00f3ngurinn sag\u00f0i: hv\u00f6r er \u00ed forgar\u00f0inum? \u00fev\u00ed Aman var kominn \u00ed \u00feann ytri forgar\u00f0 k\u00f3ngs <a href=\"https:\/\/biblian.is\/videy\/esterarbok-6-kafli\/\"> [&#8230;]<\/a><\/p>\n","protected":false},"author":1,"featured_media":0,"parent":0,"menu_order":0,"comment_status":"open","ping_status":"open","template":"bibliukaflar.php","meta":{"footnotes":""},"class_list":["post-21281","page","type-page","status-publish","hentry"],"_links":{"self":[{"href":"https:\/\/biblian.is\/videy\/wp-json\/wp\/v2\/pages\/21281","targetHints":{"allow":["GET"]}}],"collection":[{"href":"https:\/\/biblian.is\/videy\/wp-json\/wp\/v2\/pages"}],"about":[{"href":"https:\/\/biblian.is\/videy\/wp-json\/wp\/v2\/types\/page"}],"author":[{"embeddable":true,"href":"https:\/\/biblian.is\/videy\/wp-json\/wp\/v2\/users\/1"}],"replies":[{"embeddable":true,"href":"https:\/\/biblian.is\/videy\/wp-json\/wp\/v2\/comments?post=21281"}],"version-history":[{"count":0,"href":"https:\/\/biblian.is\/videy\/wp-json\/wp\/v2\/pages\/21281\/revisions"}],"wp:attachment":[{"href":"https:\/\/biblian.is\/videy\/wp-json\/wp\/v2\/media?parent=21281"}],"curies":[{"name":"wp","href":"https:\/\/api.w.org\/{rel}","templated":true}]}}