{"id":21279,"date":"2018-01-02T01:01:11","date_gmt":"2018-01-02T01:01:11","guid":{"rendered":"http:\/\/biblian.is\/videy\/esterarbok-4-kafli\/"},"modified":"2018-01-02T01:01:11","modified_gmt":"2018-01-02T01:01:11","slug":"esterarbok-4-kafli","status":"publish","type":"page","link":"https:\/\/biblian.is\/videy\/esterarbok-4-kafli\/","title":{"rendered":"Esterarb\u00f3k 4. kafli"},"content":{"rendered":"<div class=\"fyrirsognVidey\">Segir fr\u00e1 hrygg\u00f0 Gy\u00f0inga \u00fat af \u00feeirri grimmu skipan, er Assverus k\u00f3ngur l\u00e9t \u00fatgefa.<\/div>\n<p><a name=\"1\"><span class=\"versanumer\">1<\/span><\/a>\u00de\u00e1 Mardokeus var\u00f0 \u00e1skynja alls \u00feess er ske\u00f0 var, \u00fe\u00e1 reif hann kl\u00e6\u00f0i s\u00edn og \u00edf\u00e6r\u00f0i sig sekk og \u00f6sku, og gekk \u00fat \u00ed mi\u00f0ja borgina og gr\u00e9t h\u00e1st\u00f6fum og aumlega,<a name=\"2\"><span class=\"versanumer\">2<\/span><\/a>og kom fyrir k\u00f3ngsporti\u00f0, \u00fev\u00ed engum leyf\u00f0ist a\u00f0 ganga inn um \u00fea\u00f0 konunglega port, er sekk var \u00ed kl\u00e6ddur.<a name=\"3\"><span class=\"versanumer\">3<\/span><\/a>Og \u00ed \u00f6llum \u00feeim l\u00f6ndum og borgum, hvar or\u00f0 og skipan konungsins var augl\u00fdst, var\u00f0 mikill harmur \u00e1 me\u00f0al Gy\u00f0inga, og margir f\u00f6stu\u00f0u, gr\u00e9tu og syrg\u00f0u, og l\u00e1gu \u00ed sekk og \u00f6sku.<a name=\"4\"><span class=\"versanumer\">4<\/span><\/a>\u00de\u00e1 komu \u00fej\u00f3nustust\u00falkur og herbergissveinar Esters og augl\u00fdstu henni \u00feetta, \u00fe\u00e1 var\u00f0 Drottningin mj\u00f6g \u00f3ttaslegin, og sendi Mardokeus kl\u00e6\u00f0i er hann skyldi \u00edf\u00e6ra sig og fara \u00far sekknum, en hann vildi ei taka vi\u00f0 \u00feeim.<a name=\"5\"><span class=\"versanumer\">5<\/span><\/a>\u00de\u00e1 kalla\u00f0i Ester Hatak til s\u00edn, einn af herbergissveinum k\u00f3ngsins, er henni \u00e1tti a\u00f0 \u00fej\u00f3na, og bau\u00f0 honum, \u00e1hr\u00e6randi Mardokeus, a\u00f0 fr\u00e9tta hva\u00f0 \u00e1gengi og \u00fev\u00ed hann l\u00e9ti svo.<a name=\"6\"><span class=\"versanumer\">6<\/span><\/a>\u00de\u00e1 gekk Hatak \u00fat til Mardokeus, \u00e1 \u00fea\u00f0 str\u00e6ti borgarinnar, er var fyrir utan konungsporti\u00f0,<a name=\"7\"><span class=\"versanumer\">7<\/span><\/a>og Mardokeus sag\u00f0i honum allt sem honum var til handa komi\u00f0, og fr\u00e1 \u00feeirri summu silfurs, er Aman haf\u00f0i sagt a\u00f0 hann vildi vega inn \u00ed k\u00f3ngsins fj\u00e1rhirslu sakir Gy\u00f0inga, svo hann fengi \u00feeim fyrirfari\u00f0,<a name=\"8\"><span class=\"versanumer\">8<\/span><\/a>og hann f\u00e9kk honum \u00fatskrift af \u00feeirri l\u00f6gm\u00e1lsskr\u00e1, er \u00fat var gefin \u00ed Susan, a\u00f0 \u00fe\u00e1 <span class='VideyAth'>(Gy\u00f0ingana)<\/span> skyldi ey\u00f0ileggja, til \u00feess a\u00f0 hann s\u00fdndi Ester hana, og bo\u00f0a\u00f0i og by\u00f0i henni a\u00f0 ganga fyrir konunginn, og bi\u00f0ja hann v\u00e6g\u00f0ar, og leita n\u00e1\u00f0ar hj\u00e1 honum, fyrir sitt f\u00f3lk.<a name=\"9\"><span class=\"versanumer\">9<\/span><\/a>Og \u00fe\u00e1 Hatak kom aftur og kunngj\u00f6r\u00f0i Ester or\u00f0 Mardokeus,<a name=\"10\"><span class=\"versanumer\">10<\/span><\/a>sag\u00f0i Ester vi\u00f0 Hatak, og skipa\u00f0i honum <span class='VideyAth'>(a\u00f0 fara aftur)<\/span> til Mardokeus <span class='VideyAth'>(og segja)<\/span>:<a name=\"11\"><span class=\"versanumer\">11<\/span><\/a>\u00f6llum \u00fej\u00f3num k\u00f3ngsins og f\u00f3lkinu, \u00ed k\u00f3ngsins landi, er kunnugt, a\u00f0 hv\u00f6r s\u00e1 ma\u00f0ur e\u00f0ur kvinna, sem gengur fyrir konunginn inn \u00ed \u00feann innri forgar\u00f0, \u00e1n \u00feess a\u00f0 vera kalla\u00f0ur, skal strax deyja, nema konungurinn r\u00e9tti a\u00f0 honum s\u00edna gulllegu veldissp\u00edru <span class='VideyAth'>(sem merki til \u00feess)<\/span> a\u00f0 hann megi l\u00edfinu halda, en \u00ed \u00ferj\u00e1t\u00edu daga hefi eg ei veri\u00f0 k\u00f6llu\u00f0 inn fyrir konunginn.<a name=\"12\"><span class=\"versanumer\">12<\/span><\/a>Og \u00feessi or\u00f0 Esters voru s\u00f6g\u00f0 Mardokeus.<a name=\"13\"><span class=\"versanumer\">13<\/span><\/a>\u00de\u00e1 skipa\u00f0i Mardokeus a\u00f0 segja Ester: ekki skalt \u00fe\u00fa hugsa a\u00f0 \u00fe\u00fa frelsir l\u00edf \u00feitt fremur en allir Gy\u00f0ingar, fyrir \u00fea\u00f0 a\u00f0 \u00fe\u00fa ert \u00ed h\u00fasi k\u00f3ngsins.<a name=\"14\"><span class=\"versanumer\">14<\/span><\/a>Og \u00fe\u00f3 \u00fe\u00fa \u00e1 \u00feessum t\u00edma \u00feegir, \u00fe\u00e1 mun Gy\u00f0ingum samt koma frelsun og hj\u00e1lp \u00far einhv\u00f6rjum \u00f6\u00f0rum sta\u00f0, en \u00fe\u00fa og h\u00fas f\u00f6\u00f0ur \u00fe\u00edns mun fyrirfarast, og hv\u00f6r veit nema \u00fe\u00fa sakir \u00feessa atviks, s\u00e9rt til r\u00edkis komin.<a name=\"15\"><span class=\"versanumer\">15<\/span><\/a>\u00de\u00e1 bau\u00f0 Ester a\u00f0 segja Mardokeus:<a name=\"16\"><span class=\"versanumer\">16<\/span><\/a>Far \u00fe\u00fa og samankalla alla Gy\u00f0inga, sem n\u00fa eru \u00ed S\u00fasan, og fasti\u00f0 \u00feannig m\u00edn vegna, a\u00f0 \u00fe\u00e9r \u00ed \u00ferj\u00e1 daga hv\u00f6rki eti\u00f0 n\u00e9 drekki\u00f0, hv\u00f6rki dag n\u00e9 n\u00f3tt; eg og \u00fej\u00f3nustumeyjar m\u00ednar skulum einnig fasta, og eftir \u00fea\u00f0 skal eg ganga inn fyrir konunginn, \u00fe\u00f3tt l\u00f6gin banni \u00fea\u00f0; ef eg dey, \u00fe\u00e1 dey eg.<a name=\"17\"><span class=\"versanumer\">17<\/span><\/a>Mardokeus gekk \u00fe\u00e1 burt, og gj\u00f6r\u00f0i allt sem Ester haf\u00f0i bo\u00f0i\u00f0 honum.<\/p>\n<div class=\"footnoteVidey\"><\/div>\n","protected":false},"excerpt":{"rendered":"<p>Segir fr\u00e1 hrygg\u00f0 Gy\u00f0inga \u00fat af \u00feeirri grimmu skipan, er Assverus k\u00f3ngur l\u00e9t \u00fatgefa. 1\u00de\u00e1 Mardokeus var\u00f0 \u00e1skynja alls \u00feess er ske\u00f0 var, \u00fe\u00e1 reif hann kl\u00e6\u00f0i s\u00edn og \u00edf\u00e6r\u00f0i sig sekk og \u00f6sku, og gekk \u00fat \u00ed mi\u00f0ja borgina og gr\u00e9t h\u00e1st\u00f6fum og aumlega,2og kom fyrir k\u00f3ngsporti\u00f0, \u00fev\u00ed engum leyf\u00f0ist a\u00f0 ganga inn um \u00fea\u00f0 konunglega port, er sekk var \u00ed kl\u00e6ddur.3Og \u00ed \u00f6llum \u00feeim l\u00f6ndum og borgum, hvar or\u00f0 og skipan konungsins var augl\u00fdst, var\u00f0 mikill harmur \u00e1 me\u00f0al Gy\u00f0inga, og margir f\u00f6stu\u00f0u, gr\u00e9tu og syrg\u00f0u, og l\u00e1gu \u00ed sekk og \u00f6sku.4\u00de\u00e1 komu \u00fej\u00f3nustust\u00falkur og herbergissveinar Esters og <a href=\"https:\/\/biblian.is\/videy\/esterarbok-4-kafli\/\"> [&#8230;]<\/a><\/p>\n","protected":false},"author":1,"featured_media":0,"parent":0,"menu_order":0,"comment_status":"open","ping_status":"open","template":"bibliukaflar.php","meta":{"footnotes":""},"class_list":["post-21279","page","type-page","status-publish","hentry"],"_links":{"self":[{"href":"https:\/\/biblian.is\/videy\/wp-json\/wp\/v2\/pages\/21279","targetHints":{"allow":["GET"]}}],"collection":[{"href":"https:\/\/biblian.is\/videy\/wp-json\/wp\/v2\/pages"}],"about":[{"href":"https:\/\/biblian.is\/videy\/wp-json\/wp\/v2\/types\/page"}],"author":[{"embeddable":true,"href":"https:\/\/biblian.is\/videy\/wp-json\/wp\/v2\/users\/1"}],"replies":[{"embeddable":true,"href":"https:\/\/biblian.is\/videy\/wp-json\/wp\/v2\/comments?post=21279"}],"version-history":[{"count":0,"href":"https:\/\/biblian.is\/videy\/wp-json\/wp\/v2\/pages\/21279\/revisions"}],"wp:attachment":[{"href":"https:\/\/biblian.is\/videy\/wp-json\/wp\/v2\/media?parent=21279"}],"curies":[{"name":"wp","href":"https:\/\/api.w.org\/{rel}","templated":true}]}}