{"id":21278,"date":"2018-01-02T01:01:11","date_gmt":"2018-01-02T01:01:11","guid":{"rendered":"http:\/\/biblian.is\/videy\/esterarbok-3-kafli\/"},"modified":"2018-01-02T01:01:11","modified_gmt":"2018-01-02T01:01:11","slug":"esterarbok-3-kafli","status":"publish","type":"page","link":"https:\/\/biblian.is\/videy\/esterarbok-3-kafli\/","title":{"rendered":"Esterarb\u00f3k 3. kafli"},"content":{"rendered":"<div class=\"fyrirsognVidey\">Metor\u00f0agirnd Amans og heift vi\u00f0 Gy\u00f0inga.<\/div>\n<p><a name=\"1\"><span class=\"versanumer\">1<\/span><\/a>Eftir a\u00f0 \u00feetta var ske\u00f0, gj\u00f6r\u00f0i Assverus k\u00f3ngur Aman son Ham-Medata, Agagita, mikinn, og h\u00f3f hann upp til tignar, og setti s\u00e6ti hans upp fyrir allra h\u00f6f\u00f0ingja s\u00e6tin, \u00feeirra er me\u00f0 honum v\u00f3ru.<a name=\"2\"><span class=\"versanumer\">2<\/span><\/a>Og allir \u00fej\u00f3nar k\u00f3ngsins er voru \u00ed k\u00f3ngsportinu, f\u00e9llu \u00e1 kn\u00e9 og lutu Aman, \u00fev\u00ed konungurinn haf\u00f0i bo\u00f0i\u00f0 \u00feannig honum til handa; en Mardokeus beyg\u00f0i hv\u00f6rki kn\u00e9 s\u00edn fyrir honum n\u00e9 laut honum.<a name=\"3\"><span class=\"versanumer\">3<\/span><\/a>\u00de\u00e1 s\u00f6g\u00f0u k\u00f3ngssveinar \u00feeir, er voru \u00ed k\u00f3ngsportinu vi\u00f0 Mardokeus: \u00fev\u00ed yfirtre\u00f0ur \u00fe\u00fa k\u00f3ngsins bo\u00f0?<a name=\"4\"><span class=\"versanumer\">4<\/span><\/a>Og \u00fe\u00e1 \u00feeir h\u00f6f\u00f0u \u00edtreka\u00f0 \u00feetta daglega vi\u00f0 hann, en hann vildi ei hl\u00fd\u00f0a \u00feeim, \u00fe\u00e1 l\u00e9tu \u00feeir Aman vita \u00feetta, svo \u00feeir s\u00e6ju, hv\u00f6rt Mardokeus st\u00e6\u00f0i vi\u00f0 or\u00f0 s\u00edn, \u00fev\u00ed hann haf\u00f0i sagt \u00feeim, a\u00f0 hann v\u00e6ri Gy\u00f0ingur.<a name=\"5\"><span class=\"versanumer\">5<\/span><\/a>Og \u00fe\u00e1 Aman s\u00e1, a\u00f0 Mardokeus beyg\u00f0i ei kn\u00e9 fyrir s\u00e9r, og vildi ei heldur l\u00fata s\u00e9r, \u00fe\u00e1 reiddist hann st\u00f3rlega,<a name=\"6\"><span class=\"versanumer\">6<\/span><\/a>en honum \u00fe\u00f3tti einkisvert a\u00f0 leggja h\u00f6nd \u00e1 Mardokeus einann, \u00fev\u00ed \u00feeir h\u00f6f\u00f0u sagt Aman fr\u00e1 f\u00f3lki Mardokeus, heldur hugsa\u00f0i hann s\u00e9r a\u00f0 afm\u00e1 Mardokeus f\u00f3lk, alla \u00fe\u00e1 Gy\u00f0inga er voru um allt r\u00edki Assverus k\u00f3ngs.<br \/><a name=\"7\"><span class=\"versanumer\">7<\/span><\/a>\u00cd fyrsta m\u00e1nu\u00f0i, \u00fea\u00f0 er \u00ed m\u00e1nu\u00f0inum n\u00edsan, \u00e1 t\u00f3lfta \u00e1ri r\u00edkisstj\u00f3rnar Assverus k\u00f3ngs, var pur, \u00fe. e. hlutfalli kasta\u00f0, \u00ed augs\u00fdn Amans, fr\u00e1 einum degi til annars og fr\u00e1 m\u00e1nu\u00f0inum allt til \u00feess t\u00f3lfta m\u00e1na\u00f0ar, sem er m\u00e1nu\u00f0urinn adar.<a name=\"8\"><span class=\"versanumer\">8<\/span><\/a>Og Aman sag\u00f0i vi\u00f0 Assverus k\u00f3ng: h\u00e9r er f\u00f3lk \u00fatdreift \u00e1 me\u00f0al allra \u00fej\u00f3\u00f0a og \u00ed \u00f6llum l\u00f6ndum \u00fe\u00edns r\u00edkis, og l\u00f6g \u00feess eru \u00f6\u00f0ruv\u00edsi en allra annarra \u00fej\u00f3\u00f0a, og \u00fea\u00f0 breytir ei eftir k\u00f3ngsins l\u00f6gum, og \u00fea\u00f0 er ei hollt fyrir konunginn, a\u00f0 l\u00e1ta \u00fea\u00f0 svo <span class='VideyAth'>(vera)<\/span>.<a name=\"9\"><span class=\"versanumer\">9<\/span><\/a>\u00de\u00f3knist \u00fev\u00ed konunginum, \u00fe\u00e1 skipi hann skriflega a\u00f0 drepa \u00fea\u00f0, og svo skal eg vega t\u00edu \u00fe\u00fasund v\u00e6ttir silfurs \u00ed h\u00f6nd \u00feeirra manna, sem verki\u00f0 vinna, a\u00f0 \u00fea\u00f0 lagt ver\u00f0i \u00ed konungsins fj\u00e1rhirslu.<a name=\"10\"><span class=\"versanumer\">10<\/span><\/a>\u00de\u00e1 dr\u00f3 konungurinn sinn hring af hendi s\u00e9r, og f\u00e9kk hann Aman, syni Ham-Medata, Agagitanum, \u00f3vini Gy\u00f0inganna,<a name=\"11\"><span class=\"versanumer\">11<\/span><\/a>og konungurinn sag\u00f0i vi\u00f0 Aman: \u00fea\u00f0 silfur skal vera \u00fe\u00e9r gefi\u00f0, og \u00fear a\u00f0 auk f\u00f3lki\u00f0, a\u00f0 \u00fe\u00fa gj\u00f6rir vi\u00f0 \u00fea\u00f0 hva\u00f0 \u00fe\u00e9r l\u00edst. <br \/><a name=\"12\"><span class=\"versanumer\">12<\/span><\/a>\u00de\u00e1 voru \u00e1 \u00ferett\u00e1nda degi \u00feess fyrsta m\u00e1na\u00f0ar samankalla\u00f0ir skrifarar konungsins, og var \u00fe\u00e1 skrifa\u00f0 til konungsins h\u00f6f\u00f0ingja \u00fea\u00f0, sem Aman skipa\u00f0i, einnig til l\u00e9nsherranna \u00ed hv\u00f6rju landi, og til h\u00f6f\u00f0ingja s\u00e9rhv\u00f6rrar \u00fej\u00f3\u00f0ar \u00ed \u00f6llum l\u00f6ndunum, eftir skrift og tungum\u00e1li s\u00e9rhv\u00f6rs f\u00f3lks, undir nafni Assverus k\u00f3ngs, og \u00fea\u00f0 innsigla\u00f0 me\u00f0 konungsins hring.<a name=\"13\"><span class=\"versanumer\">13<\/span><\/a>Og \u00feessi br\u00e9f voru send me\u00f0 hlaupurum um \u00f6ll konungsins l\u00f6nd, a\u00f0 ey\u00f0ileggjast, drepast og myr\u00f0ast skyldu allir, b\u00e6\u00f0i ungir og gamlir, Gy\u00f0ingar, b\u00e6\u00f0i b\u00f6rn og konur \u00e1 einum degi, \u00e1 \u00ferett\u00e1nda degi \u00feess t\u00f3lfta m\u00e1na\u00f0ar, sem er m\u00e1nu\u00f0urinn adar; og r\u00e6na skyldi einnig fj\u00e1rmunum \u00feeirra.<a name=\"14\"><span class=\"versanumer\">14<\/span><\/a>Br\u00e9fsefni\u00f0 var: a\u00f0 skipa skyldi \u00f6llum l\u00f6ndum a\u00f0 birta \u00feetta \u00f6llu f\u00f3lki, svo \u00fea\u00f0 vi\u00f0b\u00fai\u00f0 v\u00e6ri \u00e1 einum og sama degi.<a name=\"15\"><span class=\"versanumer\">15<\/span><\/a>Og hlaupararnir f\u00f3ru eftir skipan k\u00f3ngsins, me\u00f0 hra\u00f0a af sta\u00f0; og \u00feetta bo\u00f0 var \u00fatgefi\u00f0 \u00e1 slotinu Susan, og k\u00f3ngurinn og Aman s\u00e1tu og drukku, en borgin Susan var \u00ed uppn\u00e1mi.<\/p>\n<div class=\"footnoteVidey\"><\/div>\n","protected":false},"excerpt":{"rendered":"<p>Metor\u00f0agirnd Amans og heift vi\u00f0 Gy\u00f0inga. 1Eftir a\u00f0 \u00feetta var ske\u00f0, gj\u00f6r\u00f0i Assverus k\u00f3ngur Aman son Ham-Medata, Agagita, mikinn, og h\u00f3f hann upp til tignar, og setti s\u00e6ti hans upp fyrir allra h\u00f6f\u00f0ingja s\u00e6tin, \u00feeirra er me\u00f0 honum v\u00f3ru.2Og allir \u00fej\u00f3nar k\u00f3ngsins er voru \u00ed k\u00f3ngsportinu, f\u00e9llu \u00e1 kn\u00e9 og lutu Aman, \u00fev\u00ed konungurinn haf\u00f0i bo\u00f0i\u00f0 \u00feannig honum til handa; en Mardokeus beyg\u00f0i hv\u00f6rki kn\u00e9 s\u00edn fyrir honum n\u00e9 laut honum.3\u00de\u00e1 s\u00f6g\u00f0u k\u00f3ngssveinar \u00feeir, er voru \u00ed k\u00f3ngsportinu vi\u00f0 Mardokeus: \u00fev\u00ed yfirtre\u00f0ur \u00fe\u00fa k\u00f3ngsins bo\u00f0?4Og \u00fe\u00e1 \u00feeir h\u00f6f\u00f0u \u00edtreka\u00f0 \u00feetta daglega vi\u00f0 hann, en hann vildi ei hl\u00fd\u00f0a \u00feeim, \u00fe\u00e1 <a href=\"https:\/\/biblian.is\/videy\/esterarbok-3-kafli\/\"> [&#8230;]<\/a><\/p>\n","protected":false},"author":1,"featured_media":0,"parent":0,"menu_order":0,"comment_status":"open","ping_status":"open","template":"bibliukaflar.php","meta":{"footnotes":""},"class_list":["post-21278","page","type-page","status-publish","hentry"],"_links":{"self":[{"href":"https:\/\/biblian.is\/videy\/wp-json\/wp\/v2\/pages\/21278","targetHints":{"allow":["GET"]}}],"collection":[{"href":"https:\/\/biblian.is\/videy\/wp-json\/wp\/v2\/pages"}],"about":[{"href":"https:\/\/biblian.is\/videy\/wp-json\/wp\/v2\/types\/page"}],"author":[{"embeddable":true,"href":"https:\/\/biblian.is\/videy\/wp-json\/wp\/v2\/users\/1"}],"replies":[{"embeddable":true,"href":"https:\/\/biblian.is\/videy\/wp-json\/wp\/v2\/comments?post=21278"}],"version-history":[{"count":0,"href":"https:\/\/biblian.is\/videy\/wp-json\/wp\/v2\/pages\/21278\/revisions"}],"wp:attachment":[{"href":"https:\/\/biblian.is\/videy\/wp-json\/wp\/v2\/media?parent=21278"}],"curies":[{"name":"wp","href":"https:\/\/api.w.org\/{rel}","templated":true}]}}