{"id":21277,"date":"2018-01-02T01:01:11","date_gmt":"2018-01-02T01:01:11","guid":{"rendered":"http:\/\/biblian.is\/videy\/esterarbok-2-kafli\/"},"modified":"2018-01-02T01:01:11","modified_gmt":"2018-01-02T01:01:11","slug":"esterarbok-2-kafli","status":"publish","type":"page","link":"https:\/\/biblian.is\/videy\/esterarbok-2-kafli\/","title":{"rendered":"Esterarb\u00f3k 2. kafli"},"content":{"rendered":"<div class=\"fyrirsognVidey\">F\u00e1t\u00e6k Gy\u00f0ingast\u00falka, a\u00f0 nafni Ester, f\u00f6\u00f0ur og m\u00f3\u00f0urlaus, ver\u00f0ur drottning \u00ed sta\u00f0inn fyrir Vasti.<\/div>\n<p><a name=\"1\"><span class=\"versanumer\">1<\/span><\/a>Eftir a\u00f0 \u00feetta var ske\u00f0, og Assverus konungi var runnin rei\u00f0in, \u00fe\u00e1 minntist hann Vasti, b\u00e6\u00f0i hva\u00f0 h\u00fan gj\u00f6rt haf\u00f0i og l\u00edka hv\u00f6r d\u00f3mur haf\u00f0i yfir hana gengi\u00f0.<a name=\"2\"><span class=\"versanumer\">2<\/span><\/a>\u00de\u00e1 s\u00f6g\u00f0u k\u00f3ngsins \u00fe\u00e9narar, er honum \u00fej\u00f3nu\u00f0u: leiti menn eftir ungum st\u00falkum, fr\u00ed\u00f0um, handa konunginum,<a name=\"3\"><span class=\"versanumer\">3<\/span><\/a>og setji konungurinn til menn um \u00f6ll l\u00f6nd r\u00edkis s\u00edns, sem samansafni \u00f6llum ungum v\u00e6num meyjum \u00e1 sloti\u00f0 S\u00fasan, \u00ed kvennastofuna, undir umsj\u00e1 herbergissveins k\u00f3ngsins, Hegai, sem g\u00e6ti kvennanna, og gefi hann \u00feeim skart \u00feeirra <span class='VideyAth'>a)<\/span>.<a name=\"4\"><span class=\"versanumer\">4<\/span><\/a>Og hv\u00f6r s\u00fa mey, sem konunginum \u00fe\u00f3knast, ver\u00f0i drottning \u00ed sta\u00f0 Vasti. \u00deetta f\u00e9ll konunginum vel \u00ed ge\u00f0 og hann gj\u00f6r\u00f0i svo.<a name=\"5\"><span class=\"versanumer\">5<\/span><\/a>En \u00e1 slotinu S\u00fasan var ma\u00f0ur nokkur af Gy\u00f0ingaf\u00f3lki, er h\u00e9t Mardokeus, sonur Jairs, sonar S\u00edme\u00ed, sonar K\u00eds, Benjam\u00edn\u00edti,<a name=\"6\"><span class=\"versanumer\">6<\/span><\/a>sem fluttur haf\u00f0i veri\u00f0 fr\u00e1 Jer\u00fasalem, \u00fe\u00e1 J\u00fadak\u00f3ngur Jek\u00f3n\u00eda var hertekinn, s\u00e1 sem Nab\u00f3g\u00f3d\u00f3n\u00f3sor k\u00f3ngur flutti til Babel;<a name=\"7\"><span class=\"versanumer\">7<\/span><\/a>og hann var f\u00f3stri Hadassa, sem er sama og Ester, d\u00f3ttur f\u00f6\u00f0urbr\u00f3\u00f0ur s\u00edns, \u00fev\u00ed h\u00fan var f\u00f6\u00f0ur- og m\u00f3\u00f0urlaus, og b\u00e6\u00f0i falleg og v\u00e6n st\u00falka; og \u00fe\u00e1 fa\u00f0ir hennar og m\u00f3\u00f0ir \u00f6ndu\u00f0ust, \u00fe\u00e1 t\u00f3k Mardokeus hana \u00ed d\u00f3ttur sta\u00f0.<a name=\"8\"><span class=\"versanumer\">8<\/span><\/a>\u00de\u00e1 \u00feetta bo\u00f0 og skipan konungsins var augl\u00fdst, og safna\u00f0 saman m\u00f6rgum ungum meyjum \u00e1 sloti\u00f0 S\u00fasan, undir var\u00f0veislu Hegai, \u00fe\u00e1 var Ester og tekin til konungsh\u00fassins, undir var\u00f0veislu Hegai, kvennavaktara.<a name=\"9\"><span class=\"versanumer\">9<\/span><\/a>Og s\u00fa unga st\u00falka ge\u00f0ja\u00f0ist honum og h\u00fan fann n\u00e1\u00f0 \u00ed hans augum, \u00fev\u00ed fl\u00fdtti hann s\u00e9r me\u00f0 hennar hreinsanir, og me\u00f0 \u00fea\u00f0 a\u00f0 gefa henni hennar hluta, og hann f\u00e9kk henni sj\u00f6 fr\u00ed\u00f0ar ungmeyjar \u00far konungsh\u00fasinu og valdi henni og \u00feernum hennar \u00feann besta sta\u00f0 \u00ed kvennasalnum.<a name=\"10\"><span class=\"versanumer\">10<\/span><\/a>Ester sag\u00f0i ekki fr\u00e1 f\u00f3lki s\u00ednu e\u00f0a \u00e6tt sinni, \u00fev\u00ed Mardokeus haf\u00f0i sagt henni, a\u00f0 opinbera \u00fea\u00f0 engum.<a name=\"11\"><span class=\"versanumer\">11<\/span><\/a>Og Mardokeus gekk daglega \u00ed fordyr kvennab\u00farsins, til a\u00f0 fr\u00e9tta hv\u00f6rt Ester <span class='VideyAth'>(li\u00f0i)<\/span> vel, og hva\u00f0 um hana yr\u00f0i.<a name=\"12\"><span class=\"versanumer\">12<\/span><\/a>Og \u00fe\u00e1 r\u00f6\u00f0in kom a\u00f0 hv\u00f6rri st\u00falku, a\u00f0 h\u00fan gengi fyrir Assverus k\u00f3ng, a\u00f0 li\u00f0num t\u00f3lf m\u00e1nu\u00f0um eftir kvennal\u00f6gunum; \u00fev\u00ed svo langan t\u00edma \u00fatheimtu \u00feeirra hreinsanir, nefnilega: sex m\u00e1nu\u00f0i me\u00f0 balsami og myrru, og a\u00f0ra sex m\u00e1nu\u00f0i me\u00f0 d\u00fdr\u00f0legum smyrslum, og <span class='VideyAth'>(\u00f6\u00f0ru)<\/span>, sem vi\u00f0v\u00e9k kvennahreinsunum,<a name=\"13\"><span class=\"versanumer\">13<\/span><\/a>\u00fe\u00e1 gekk meyjan fyrir konunginn; allt sem h\u00fan ba\u00f0 um, var henni fengi\u00f0, a\u00f0 \u00fea\u00f0 gengi me\u00f0 henni fr\u00e1 kvennab\u00farinu til konungshallarinnar.<a name=\"14\"><span class=\"versanumer\">14<\/span><\/a>Um kv\u00f6ldi\u00f0 gekk s\u00fa sama inn og a\u00f0 morgni f\u00f3r h\u00fan fr\u00e1 honum aftur inn \u00ed anna\u00f0 kvennab\u00far undir var\u00f0veislu Saasgasar, hv\u00f6r e\u00f0 var herbergissveinn konungs, og sem geymdi frillanna; og \u00feessi <span class='VideyAth'>(mey)<\/span> m\u00e1tti ei aftur koma til k\u00f3ngsins nema konunginum \u00fe\u00f3kna\u00f0ist, og l\u00e9ti kalla \u00e1 hana me\u00f0 nafni.<a name=\"15\"><span class=\"versanumer\">15<\/span><\/a>Og \u00fe\u00e1 r\u00f6\u00f0in kom a\u00f0 Ester d\u00f3ttir Abihails f\u00f6\u00f0urbr\u00f3\u00f0urs Mardokeus, sem hann haf\u00f0i teki\u00f0 s\u00e9r \u00ed d\u00f3ttur sta\u00f0, a\u00f0 h\u00fan gengi fyrir konunginn, \u00fe\u00e1 ba\u00f0 h\u00fan einkis, nema \u00feess, sem Hegai herbergissveinn konungs og kvennavaktari sag\u00f0i; og Ester fann n\u00e1\u00f0, hj\u00e1 \u00f6llum er hana s\u00e1u,<a name=\"16\"><span class=\"versanumer\">16<\/span><\/a>og Ester var tekin handa Assverus k\u00f3ngi inn \u00ed hans konunglega h\u00fas, \u00ed t\u00edunda m\u00e1nu\u00f0i er kallast tebet, \u00e1 sj\u00f6unda \u00e1ri hans r\u00edkisstj\u00f3rnar.<a name=\"17\"><span class=\"versanumer\">17<\/span><\/a>Og konungurinn elska\u00f0i Ester meir en allar kvinnur, og h\u00fan fann n\u00e1\u00f0 og miskunn hj\u00e1 honum fremur \u00f6llum ungum meyjum, og hann setti \u00e1 h\u00f6fu\u00f0 henni \u00fe\u00e1 k\u00f3nglegu k\u00f3r\u00f3nu, og gj\u00f6r\u00f0i hana a\u00f0 drottningu \u00ed sta\u00f0 Vasti;<a name=\"18\"><span class=\"versanumer\">18<\/span><\/a>og konungurinn gj\u00f6r\u00f0i \u00f6llum h\u00f6f\u00f0ingjum s\u00ednum og \u00fe\u00e9nurum st\u00f3rt gestabo\u00f0, Esters gestabo\u00f0, og gaf l\u00f6ndunum hv\u00edld, og \u00fatb\u00fdtti konunglegum g\u00e1fum <span class='VideyAth'>a)<\/span>.<a name=\"19\"><span class=\"versanumer\">19<\/span><\/a>Og \u00fe\u00e1 ungmeyjunum var \u00ed anna\u00f0 sinn samansafna\u00f0, sat Mardokeus \u00ed konungsportinu.<a name=\"20\"><span class=\"versanumer\">20<\/span><\/a>Ester haf\u00f0i enn ei geti\u00f0 um \u00e6tt s\u00edna, n\u00e9 sitt f\u00f3lk, \u00fev\u00ed Mardokeus haf\u00f0i svo bo\u00f0i\u00f0 henni; og Ester breytti eftir or\u00f0um hans eins og \u00fe\u00e1 h\u00fan var \u00ed f\u00f3stri hans. <br \/><a name=\"21\"><span class=\"versanumer\">21<\/span><\/a>En \u00e1 sama t\u00edma, sem Mardokeus sat \u00ed k\u00f3ngsportinu, \u00fe\u00e1 ur\u00f0u tveir herbergissveinar k\u00f3ngsins, Bigtan og Teres, me\u00f0al \u00feeirra, sem geymdu dyranna, rei\u00f0ir, og \u00e1settu s\u00e9r a\u00f0 leggja h\u00f6nd \u00e1 Assverus k\u00f3ng.<a name=\"22\"><span class=\"versanumer\">22<\/span><\/a>\u00deessa var\u00f0 Mardokeus \u00e1skynja, og kunngj\u00f6r\u00f0i <span class='VideyAth'>(\u00fea\u00f0)<\/span> Ester drottningu, en Ester sag\u00f0i konungi fr\u00e1 \u00ed nafni Mardokeus.<a name=\"23\"><span class=\"versanumer\">23<\/span><\/a>Og \u00fe\u00e1 \u00feetta var rannsaka\u00f0, fannst \u00fea\u00f0 satt a\u00f0 vera, og \u00feeir voru b\u00e1\u00f0ir hengdir \u00e1 tr\u00e9, og \u00feetta var rita\u00f0 \u00ed minnisb\u00f3k, konungi \u00e1sj\u00e1anda.<\/p>\n<div class=\"footnoteVidey\">V. 4. a. Eiginl: \u00fea\u00f0 sem \u00fearf til \u00feeirra hreinsunar, hebr: gefi \u00feeirra hreinsanir.  V. 18. a. Hebr. eftir k\u00f3ngsins h\u00f6nd.<\/div>\n","protected":false},"excerpt":{"rendered":"<p>F\u00e1t\u00e6k Gy\u00f0ingast\u00falka, a\u00f0 nafni Ester, f\u00f6\u00f0ur og m\u00f3\u00f0urlaus, ver\u00f0ur drottning \u00ed sta\u00f0inn fyrir Vasti. 1Eftir a\u00f0 \u00feetta var ske\u00f0, og Assverus konungi var runnin rei\u00f0in, \u00fe\u00e1 minntist hann Vasti, b\u00e6\u00f0i hva\u00f0 h\u00fan gj\u00f6rt haf\u00f0i og l\u00edka hv\u00f6r d\u00f3mur haf\u00f0i yfir hana gengi\u00f0.2\u00de\u00e1 s\u00f6g\u00f0u k\u00f3ngsins \u00fe\u00e9narar, er honum \u00fej\u00f3nu\u00f0u: leiti menn eftir ungum st\u00falkum, fr\u00ed\u00f0um, handa konunginum,3og setji konungurinn til menn um \u00f6ll l\u00f6nd r\u00edkis s\u00edns, sem samansafni \u00f6llum ungum v\u00e6num meyjum \u00e1 sloti\u00f0 S\u00fasan, \u00ed kvennastofuna, undir umsj\u00e1 herbergissveins k\u00f3ngsins, Hegai, sem g\u00e6ti kvennanna, og gefi hann \u00feeim skart \u00feeirra a).4Og hv\u00f6r s\u00fa mey, sem konunginum \u00fe\u00f3knast, ver\u00f0i drottning \u00ed <a href=\"https:\/\/biblian.is\/videy\/esterarbok-2-kafli\/\"> [&#8230;]<\/a><\/p>\n","protected":false},"author":1,"featured_media":0,"parent":0,"menu_order":0,"comment_status":"open","ping_status":"open","template":"bibliukaflar.php","meta":{"footnotes":""},"class_list":["post-21277","page","type-page","status-publish","hentry"],"_links":{"self":[{"href":"https:\/\/biblian.is\/videy\/wp-json\/wp\/v2\/pages\/21277","targetHints":{"allow":["GET"]}}],"collection":[{"href":"https:\/\/biblian.is\/videy\/wp-json\/wp\/v2\/pages"}],"about":[{"href":"https:\/\/biblian.is\/videy\/wp-json\/wp\/v2\/types\/page"}],"author":[{"embeddable":true,"href":"https:\/\/biblian.is\/videy\/wp-json\/wp\/v2\/users\/1"}],"replies":[{"embeddable":true,"href":"https:\/\/biblian.is\/videy\/wp-json\/wp\/v2\/comments?post=21277"}],"version-history":[{"count":0,"href":"https:\/\/biblian.is\/videy\/wp-json\/wp\/v2\/pages\/21277\/revisions"}],"wp:attachment":[{"href":"https:\/\/biblian.is\/videy\/wp-json\/wp\/v2\/media?parent=21277"}],"curies":[{"name":"wp","href":"https:\/\/api.w.org\/{rel}","templated":true}]}}