{"id":21276,"date":"2018-01-02T01:01:11","date_gmt":"2018-01-02T01:01:11","guid":{"rendered":"http:\/\/biblian.is\/videy\/esterarbok-1-kafli\/"},"modified":"2018-01-02T01:01:11","modified_gmt":"2018-01-02T01:01:11","slug":"esterarbok-1-kafli","status":"publish","type":"page","link":"https:\/\/biblian.is\/videy\/esterarbok-1-kafli\/","title":{"rendered":"Esterarb\u00f3k 1. kafli"},"content":{"rendered":"<div class=\"fyrirsognVidey\">Assverus konungur gj\u00f6rir miki\u00f0 heimbo\u00f0. Rekur fr\u00e1 s\u00e9r drottningu s\u00edna Vasti.<\/div>\n<p><a name=\"1\"><span class=\"versanumer\">1<\/span><\/a>Og \u00fea\u00f0 ske\u00f0i \u00e1 d\u00f6gum Assverus, <span class='VideyAth'>(\u00feessi Assverus r\u00edkti fr\u00e1 Ind\u00edalandi og allt til M\u00f3rlands, yfir hundra\u00f0 og tuttugu og sj\u00f6 l\u00f6ndum)<\/span>.<a name=\"2\"><span class=\"versanumer\">2<\/span><\/a>\u00c1 \u00feeim t\u00edma, er hann haf\u00f0i r\u00f3 \u00e1 s\u00ednu konunglega h\u00e1s\u00e6ti \u00ed slotinu S\u00fasan,<a name=\"3\"><span class=\"versanumer\">3<\/span><\/a>a\u00f0 hann gj\u00f6r\u00f0i, \u00e1 \u00feri\u00f0ja \u00e1ri s\u00edns konungd\u00f3ms, gestabo\u00f0 \u00f6llum h\u00f6f\u00f0ingjum s\u00ednum og \u00fe\u00e9nurum; og \u00feeir voldugustu \u00ed Pers\u00eda og Med\u00edalandi, \u00feeir \u00e6\u00f0stu h\u00f6f\u00f0ingjar \u00ed h\u00e9ru\u00f0unum <span class='VideyAth'>(st\u00f3\u00f0u)<\/span> frammi fyrir honum.<a name=\"4\"><span class=\"versanumer\">4<\/span><\/a>\u00de\u00e1 hann l\u00e9t sj\u00e1 \u00feann mikla r\u00edkd\u00f3m s\u00edns k\u00f3ngsr\u00edkis og d\u00fdr\u00f0 sinnar h\u00e1tignar \u00ed marga daga, nefnilega: hundra\u00f0 og \u00e1ttat\u00edu daga.<a name=\"5\"><span class=\"versanumer\">5<\/span><\/a>A\u00f0 \u00feessum d\u00f6gum li\u00f0num gj\u00f6r\u00f0i konungurinn <span class='VideyAth'>(anna\u00f0)<\/span> gestabo\u00f0 \u00f6llum \u00feeim m\u00f6nnum er voru \u00ed slotinu S\u00fasan, b\u00e6\u00f0i st\u00f3rum og sm\u00e1um <span class='VideyAth'>(h\u00e1um og l\u00e1gum)<\/span>, er vara\u00f0i \u00ed sj\u00f6 daga \u00ed forgar\u00f0inum hj\u00e1 aldingar\u00f0inum vi\u00f0 k\u00f3ngsh\u00f6llina.<a name=\"6\"><span class=\"versanumer\">6<\/span><\/a>\u00dear h\u00e9ngu hv\u00edt, gr\u00e6n og bl\u00e1 tj\u00f6ld, bundin saman vi\u00f0 me\u00f0 d\u00fdrm\u00e6tu l\u00edni og skarlatssn\u00farum, fest \u00ed silfurhringa \u00e1 marmarast\u00f3lpum; bekkirnir voru \u00far gulli og silfri, en g\u00f3lfi\u00f0 var lagt me\u00f0 rau\u00f0um, bl\u00e1um, hv\u00edtum og sv\u00f6rtum marmarasteinum.<a name=\"7\"><span class=\"versanumer\">7<\/span><\/a>\u00cd alls h\u00e1ttar gullkerum voru drykkirnir innbornir, og v\u00edn konungsins var yfirgn\u00e6fanlegt, eftir r\u00edkd\u00f3mi konungsins <span class='VideyAth'>b)<\/span>,<a name=\"8\"><span class=\"versanumer\">8<\/span><\/a>og a\u00f0 engum var haldi\u00f0 hve miki\u00f0 hv\u00f6r skyldi drekka, \u00fev\u00ed k\u00f3ngurinn haf\u00f0i bo\u00f0i\u00f0 \u00f6llum frammist\u00f6\u00f0um\u00f6nnum \u00ed s\u00ednu h\u00fasi, a\u00f0 l\u00e1ta hv\u00f6rn gj\u00f6ra eftir eigin vild.<a name=\"9\"><span class=\"versanumer\">9<\/span><\/a>Og Vasti drottning gj\u00f6r\u00f0i og gestabo\u00f0 konum \u00ed \u00fev\u00ed k\u00f3nglega h\u00fasi Assverus k\u00f3ngs.<br \/><a name=\"10\"><span class=\"versanumer\">10<\/span><\/a>Og \u00e1 \u00feeim sj\u00f6unda degi, \u00fe\u00e1 Assverus k\u00f3ngur var gla\u00f0ur af v\u00edni, bau\u00f0 hann, Nehuman, Bista, Harb\u00f3na, Bigta, Abagta, Setar og Karkas, \u00feessum sj\u00f6 herbergjasveinum s\u00ednum, er \u00fej\u00f3nu\u00f0u Assverus konungi,<a name=\"11\"><span class=\"versanumer\">11<\/span><\/a>a\u00f0 s\u00e6kja Vasti drottningu, og lei\u00f0a hana inn fyrir konunginn, og skyldi h\u00fan hafa r\u00edkisins k\u00f3r\u00f3nu \u00e1 h\u00f6f\u00f0i s\u00e9r, svo hann l\u00e9ti f\u00f3lki\u00f0 og h\u00f6f\u00f0ingjana sj\u00e1 fegur\u00f0 hennar, \u00fev\u00ed h\u00fan var fr\u00ed\u00f0 s\u00fdnum.<a name=\"12\"><span class=\"versanumer\">12<\/span><\/a>En Vasti drottning vildi ei koma, eftir \u00feeim or\u00f0um konungsins er herbergjasveinar k\u00f3ngsins b\u00e1ru henni; \u00fe\u00e1 reiddist konungurinn \u00e1kaflega og grimmd brann honum \u00ed brj\u00f3sti.<a name=\"13\"><span class=\"versanumer\">13<\/span><\/a>Og konungurinn sag\u00f0i vi\u00f0 hina v\u00edsu sem best vissu t\u00edmana <span class='VideyAth'>(\u00fev\u00ed konungleg m\u00e1lefni d\u00e6mast af \u00feeim hyggnustu, \u00ed l\u00f6gum og r\u00e9tti)<\/span>;<a name=\"14\"><span class=\"versanumer\">14<\/span><\/a>og \u00fe\u00e1 sem n\u00e6stir honum voru, \u00fe\u00e1 sj\u00f6 h\u00f6f\u00f0ingja Persanna og Medanna: Karsena, Setar, Admata, Tarsis, Meres, Marsena og Memutan, hv\u00f6rjir sj\u00e1 m\u00e1ttu konungsins auglit, og h\u00f6f\u00f0u \u00e6\u00f0stu s\u00e6ti \u00ed r\u00edkinu:<a name=\"15\"><span class=\"versanumer\">15<\/span><\/a>hv\u00f6rjum d\u00f3mi <span class='VideyAth'>(m\u00e6lti hann)<\/span> skal Vasti drottning d\u00e6mast, fyrir \u00fea\u00f0 h\u00fan ei hl\u00fdddi or\u00f0sending Assverus k\u00f3ngs fyrir millig\u00f6ngu herbergissveina hans?<a name=\"16\"><span class=\"versanumer\">16<\/span><\/a>\u00de\u00e1 sag\u00f0i Mem\u00fakan <span class='VideyAth'>(\u00ed \u00e1heyrn)<\/span> konungsins og h\u00f6f\u00f0ingjanna: Vasti drottning hefir ei einasta broti\u00f0 \u00e1 m\u00f3ti konunginum, heldur einnig \u00e1 m\u00f3ti \u00f6llum h\u00f6f\u00f0ingjum og m\u00f3ti \u00f6llum \u00feeim \u00fej\u00f3\u00f0um, sem eru \u00ed l\u00f6ndum Assverus k\u00f3ngs.<a name=\"17\"><span class=\"versanumer\">17<\/span><\/a>\u00dev\u00ed \u00feessi breytni drottningarinnar mun \u00fatberast til allra kvenna, svo \u00fe\u00e6r munu s\u00fdna fyrirlitning m\u00f6nnum s\u00ednum, upp \u00ed opin augu \u00feeirra; og munu svo segja: Assverus konungur brau\u00f0 drottningu sinni Vasti a\u00f0 koma fyrir sig, en h\u00fan kom ekki.<a name=\"18\"><span class=\"versanumer\">18<\/span><\/a>Svo munu h\u00f6f\u00f0ingjakonurnar \u00ed Pers\u00edu og Med\u00edu segja vi\u00f0 alla k\u00f3ngsins h\u00f6f\u00f0ingja, n\u00e6r \u00fe\u00e6r spyrja hva\u00f0 drottningin hefir gj\u00f6rt, svo \u00fea\u00f0 mun olla fyrirlitningu og rei\u00f0i;<a name=\"19\"><span class=\"versanumer\">19<\/span><\/a>s\u00e9 \u00fea\u00f0 n\u00fa k\u00f3ngsins g\u00f3\u00f0ur vilji, \u00fe\u00e1 l\u00e1ti hann konunglegt bo\u00f0 \u00fatganga, sem skrifa\u00f0 s\u00e9 \u00ed l\u00f6g Persanna og Medanna, hv\u00f6rt \u00fe\u00e1 \u00f3rj\u00fafanlegt er, a\u00f0 Vasti drottning skuli ei framar koma fram fyrir Assverus k\u00f3ng, og a\u00f0 konungurinn gefi r\u00edki hennar \u00feeirri, sem henni s\u00e9 n\u00e6st og henni betri.<a name=\"20\"><span class=\"versanumer\">20<\/span><\/a>Og \u00fe\u00e1 \u00feetta k\u00f3ngsins br\u00e9f, sem sami\u00f0 ver\u00f0ur, heyrist um allt hans r\u00edki <span class='VideyAth'>(sem mj\u00f6g er st\u00f3rt)<\/span> munu allar konur hafa menn s\u00edna \u00ed hei\u00f0ri, hv\u00f6rt \u00feeir eiga a\u00f0 s\u00e9r meira e\u00f0ur minna.<a name=\"21\"><span class=\"versanumer\">21<\/span><\/a>\u00deetta ge\u00f0ja\u00f0ist b\u00e6\u00f0i konunginum og h\u00f6f\u00f0ingjunum, og konungurinn breytti eftir r\u00e1\u00f0i Memukans.<a name=\"22\"><span class=\"versanumer\">22<\/span><\/a>\u00de\u00e1 voru br\u00e9fin send \u00fat um \u00f6ll k\u00f3ngsins l\u00f6nd, \u00ed s\u00e9rhv\u00f6rt land skrifa\u00f0, eftir \u00feess lands skrift, og til s\u00e9rhv\u00f6rs f\u00f3lks eftir \u00feess tungum\u00e1li, a\u00f0 hv\u00f6r ma\u00f0ur v\u00e6ri h\u00fasb\u00f3ndi \u00ed h\u00fasi s\u00ednu; og hann l\u00e9t tala <span class='VideyAth'>(\u00feetta)<\/span> eftir tungum\u00e1li <span class='VideyAth'>(s\u00e9rhv\u00f6rs)<\/span> s\u00edns f\u00f3lks.<\/p>\n<div class=\"footnoteVidey\">V. 7. b. (Hebr. eftir h\u00f6nd k\u00f3ngsins).  V. 13. Vissu t\u00edmana: austurlanda mesta speki var haldin stj\u00f6rnulistin, og s\u00e1 sem hana kunni var \u00fev\u00ed haldinn vitrastur.<\/div>\n","protected":false},"excerpt":{"rendered":"<p>Assverus konungur gj\u00f6rir miki\u00f0 heimbo\u00f0. Rekur fr\u00e1 s\u00e9r drottningu s\u00edna Vasti. 1Og \u00fea\u00f0 ske\u00f0i \u00e1 d\u00f6gum Assverus, (\u00feessi Assverus r\u00edkti fr\u00e1 Ind\u00edalandi og allt til M\u00f3rlands, yfir hundra\u00f0 og tuttugu og sj\u00f6 l\u00f6ndum).2\u00c1 \u00feeim t\u00edma, er hann haf\u00f0i r\u00f3 \u00e1 s\u00ednu konunglega h\u00e1s\u00e6ti \u00ed slotinu S\u00fasan,3a\u00f0 hann gj\u00f6r\u00f0i, \u00e1 \u00feri\u00f0ja \u00e1ri s\u00edns konungd\u00f3ms, gestabo\u00f0 \u00f6llum h\u00f6f\u00f0ingjum s\u00ednum og \u00fe\u00e9nurum; og \u00feeir voldugustu \u00ed Pers\u00eda og Med\u00edalandi, \u00feeir \u00e6\u00f0stu h\u00f6f\u00f0ingjar \u00ed h\u00e9ru\u00f0unum (st\u00f3\u00f0u) frammi fyrir honum.4\u00de\u00e1 hann l\u00e9t sj\u00e1 \u00feann mikla r\u00edkd\u00f3m s\u00edns k\u00f3ngsr\u00edkis og d\u00fdr\u00f0 sinnar h\u00e1tignar \u00ed marga daga, nefnilega: hundra\u00f0 og \u00e1ttat\u00edu daga.5A\u00f0 \u00feessum d\u00f6gum li\u00f0num gj\u00f6r\u00f0i konungurinn <a href=\"https:\/\/biblian.is\/videy\/esterarbok-1-kafli\/\"> [&#8230;]<\/a><\/p>\n","protected":false},"author":1,"featured_media":0,"parent":0,"menu_order":0,"comment_status":"open","ping_status":"open","template":"bibliukaflar.php","meta":{"footnotes":""},"class_list":["post-21276","page","type-page","status-publish","hentry"],"_links":{"self":[{"href":"https:\/\/biblian.is\/videy\/wp-json\/wp\/v2\/pages\/21276","targetHints":{"allow":["GET"]}}],"collection":[{"href":"https:\/\/biblian.is\/videy\/wp-json\/wp\/v2\/pages"}],"about":[{"href":"https:\/\/biblian.is\/videy\/wp-json\/wp\/v2\/types\/page"}],"author":[{"embeddable":true,"href":"https:\/\/biblian.is\/videy\/wp-json\/wp\/v2\/users\/1"}],"replies":[{"embeddable":true,"href":"https:\/\/biblian.is\/videy\/wp-json\/wp\/v2\/comments?post=21276"}],"version-history":[{"count":0,"href":"https:\/\/biblian.is\/videy\/wp-json\/wp\/v2\/pages\/21276\/revisions"}],"wp:attachment":[{"href":"https:\/\/biblian.is\/videy\/wp-json\/wp\/v2\/media?parent=21276"}],"curies":[{"name":"wp","href":"https:\/\/api.w.org\/{rel}","templated":true}]}}